{"id":8841,"date":"2024-09-13T15:35:00","date_gmt":"2024-09-13T14:35:00","guid":{"rendered":"https:\/\/www.oadc.cz\/?page_id=8841"},"modified":"2024-09-13T15:48:10","modified_gmt":"2024-09-13T14:48:10","slug":"evropska-obchodni-akademie-decin-oficialni-pripravne-centrum-cambridge-english","status":"publish","type":"page","link":"https:\/\/www.oadc.cz\/index.php\/evropska-obchodni-akademie-decin-oficialni-pripravne-centrum-cambridge-english\/","title":{"rendered":"Evropsk\u00e1 obchodn\u00ed akademie, D\u011b\u010d\u00edn &#8211; ofici\u00e1ln\u00ed p\u0159\u00edpravn\u00e9 centrum Cambridge English"},"content":{"rendered":"\t\t<div data-elementor-type=\"wp-page\" data-elementor-id=\"8841\" class=\"elementor elementor-8841\" data-elementor-post-type=\"page\">\n\t\t\t\t<div class=\"elementor-element elementor-element-10646aa e-flex e-con-boxed e-con e-parent\" data-id=\"10646aa\" data-element_type=\"container\" data-settings=\"{&quot;content_width&quot;:&quot;boxed&quot;}\" data-core-v316-plus=\"true\">\n\t\t\t\t\t<div class=\"e-con-inner\">\n\t\t\t\t<div class=\"elementor-element elementor-element-d46e8bd elementor-widget elementor-widget-text-editor\" data-id=\"d46e8bd\" data-element_type=\"widget\" data-widget_type=\"text-editor.default\">\n\t\t\t\t<div class=\"elementor-widget-container\">\n\t\t\t<style>\/*! elementor - v3.19.0 - 26-02-2024 *\/\n.elementor-widget-text-editor.elementor-drop-cap-view-stacked .elementor-drop-cap{background-color:#69727d;color:#fff}.elementor-widget-text-editor.elementor-drop-cap-view-framed .elementor-drop-cap{color:#69727d;border:3px solid;background-color:transparent}.elementor-widget-text-editor:not(.elementor-drop-cap-view-default) .elementor-drop-cap{margin-top:8px}.elementor-widget-text-editor:not(.elementor-drop-cap-view-default) .elementor-drop-cap-letter{width:1em;height:1em}.elementor-widget-text-editor .elementor-drop-cap{float:left;text-align:center;line-height:1;font-size:50px}.elementor-widget-text-editor .elementor-drop-cap-letter{display:inline-block}<\/style>\t\t\t\t<p><span style=\"font-weight: 400;\">Evropsk\u00e1 obchodn\u00ed akademie v D\u011b\u010d\u00edn\u011b je ofici\u00e1ln\u00edm p\u0159\u00edpravn\u00fdm centrem Cambridge English a partnerskou \u0161kolou Evropsk\u00e9ho centra jazykov\u00fdch zkou\u0161ek. Na\u0161i studenti tak maj\u00ed v r\u00e1mci studia mo\u017enost nejen z\u00edskat vysokou jazykovou \u00farove\u0148 tohoto sv\u011btov\u00e9ho jazyka, ale podpo\u0159\u00edme je tak\u00e9 v jejich \u00fasil\u00ed p\u0159i p\u0159\u00edprav\u011b k jazykov\u00fdm zkou\u0161k\u00e1m a umo\u017en\u00edme jim slo\u017eit je ve zn\u00e1m\u00e9m prost\u0159ed\u00ed jejich \u0161koly.\u00a0<\/span><\/p><h3><b>Co jsou zkou\u0161ky Cambridge English<\/b><\/h3><p><span style=\"font-weight: 400;\">Jedn\u00e1 se o presti\u017en\u00ed mezin\u00e1rodn\u00ed jazykov\u00e9 zkou\u0161ky z angli\u010dtiny, vyv\u00edjen\u00e9 jednou z nejstar\u0161\u00edch a nejzn\u00e1m\u011bj\u0161\u00edch akademick\u00fdch instituc\u00ed na sv\u011bt\u011b, Cambridge Assessment English. Certifik\u00e1ty slou\u017e\u00ed jako doklad o jazykov\u00e9 kvalifikaci uzn\u00e1van\u00e9 komer\u010dn\u00edmi, akademick\u00fdmi i st\u00e1tn\u00edmi institucemi na cel\u00e9m sv\u011bt\u011b. U zkou\u0161ek prokazuj\u00ed kandid\u00e1ti vyv\u00e1\u017eenou znalost jazyka ve \u010dty\u0159ech dovednostech\u00a0<\/span><\/p><ul><li style=\"font-weight: 400;\" aria-level=\"1\"><span style=\"font-weight: 400;\">porozum\u011bn\u00ed \u010dten\u00e9mu textu a pr\u00e1ci s jazykem,\u00a0<\/span><\/li><li style=\"font-weight: 400;\" aria-level=\"1\"><span style=\"font-weight: 400;\">poslech,\u00a0<\/span><\/li><li style=\"font-weight: 400;\" aria-level=\"1\"><span style=\"font-weight: 400;\">mluven\u00fd projev,<\/span><\/li><li style=\"font-weight: 400;\" aria-level=\"1\"><span style=\"font-weight: 400;\">p\u00edsemn\u00fd projev (psan\u00ed souvisl\u00e9ho textu v zadan\u00e9m form\u00e1tu).<\/span><\/li><\/ul><p><span style=\"font-weight: 400;\">Zkou\u0161ky mohou prob\u00edhat v pap\u00edrov\u00e9 nebo po\u010d\u00edta\u010dov\u00e9 form\u011b. Pr\u016fb\u011bh zkou\u0161ek \u0159\u00edd\u00ed a na dodr\u017eov\u00e1n\u00ed p\u0159\u00edsn\u00fdch standard\u016f dohl\u00ed\u017e\u00ed speci\u00e1ln\u011b vy\u0161kolen\u00fd zkou\u0161kov\u00fd t\u00fdm licencovan\u00e9ho zkou\u0161kov\u00e9ho centra. Hodnocen\u00ed p\u00edsemn\u00fdch \u010d\u00e1st\u00ed prob\u00edh\u00e1 v Cambridge, mluven\u00fd projev je hodnocen speci\u00e1ln\u011b vy\u0161kolen\u00fdmi a certifikovan\u00fdmi examin\u00e1tory.\u00a0<\/span><\/p><h3><b>K \u010demu je jazykov\u00fd certifik\u00e1t<\/b><\/h3><p><span style=\"font-weight: 400;\">Jazykov\u00fd certifik\u00e1t p\u0159in\u00e1\u0161\u00ed sv\u00e9mu dr\u017eiteli mnoh\u00e9 v\u00fdhody. N\u011bkter\u00e9 vysok\u00e9 \u0161koly za n\u011bj p\u0159idaj\u00ed bonusov\u00e9 body u p\u0159ij\u00edma\u010dek \u010di rovnou kredity nam\u00edsto povinn\u00e9 zkou\u0161ky z angli\u010dtiny, je vstupenkou na zahrani\u010dn\u00ed studium \u010di st\u00e1\u017e, v\u00fdznamnou polo\u017ekou v \u017eivotopise uchaze\u010de \u00a0 \u00a0 \u00a0 \u00a0 o kvalifikovanou pr\u00e1ci \u010di brig\u00e1du v zahrani\u010d\u00ed, podm\u00ednkou pro v\u00fdkon n\u011bkter\u00fdch funkc\u00ed ve st\u00e1tn\u00ed spr\u00e1v\u011b atd.<\/span><\/p><p><span style=\"font-weight: 400;\">Na Evropsk\u00e9 obchodn\u00ed akademii j\u00edm lze nahradit profilovou maturitn\u00ed zkou\u0161ku z jazyka.<\/span><\/p><h3><b>Kdo je Evropsk\u00e9 centrum jazykov\u00fdch zkou\u0161ek<\/b><\/h3><p><span style=\"font-weight: 400;\">Evropsk\u00e9 centrum jazykov\u00fdch zkou\u0161ek (<\/span><a href=\"http:\/\/www.elec.eu\/\"><span style=\"font-weight: 400;\">www.elec.eu<\/span><\/a><span style=\"font-weight: 400;\">) je platinov\u00e9 zkou\u0161kov\u00e9 centrum s celorepublikovou p\u016fsobnost\u00ed, dlouholetou tradic\u00ed a zku\u0161enost\u00ed. Pat\u0159\u00ed mezi jedno ze t\u0159\u00ed nejv\u011bt\u0161\u00edch zkou\u0161kov\u00fdch center v \u010cR. Partnersk\u00fdm \u0161kol\u00e1m, anga\u017eovan\u00fdm vyu\u010duj\u00edc\u00edm i jednotliv\u00fdm kandid\u00e1t\u016fm nab\u00edz\u00ed \u0161irok\u00fd rozsah kvalifikovan\u00fdch slu\u017eeb.<\/span><\/p>\t\t\t\t\t\t<\/div>\n\t\t\t\t<\/div>\n\t\t\t\t\t<\/div>\n\t\t\t\t<\/div>\n\t\t\t\t<\/div>\n\t\t","protected":false},"excerpt":{"rendered":"<p>Evropsk\u00e1 obchodn\u00ed akademie v D\u011b\u010d\u00edn\u011b je ofici\u00e1ln\u00edm p\u0159\u00edpravn\u00fdm centrem Cambridge English a partnerskou \u0161kolou Evropsk\u00e9ho centra jazykov\u00fdch zkou\u0161ek. Na\u0161i studenti tak maj\u00ed v r\u00e1mci studia mo\u017enost nejen z\u00edskat vysokou jazykovou \u00farove\u0148 tohoto sv\u011btov\u00e9ho jazyka, ale podpo\u0159\u00edme je tak\u00e9 v jejich \u00fasil\u00ed p\u0159i p\u0159\u00edprav\u011b k jazykov\u00fdm zkou\u0161k\u00e1m a umo\u017en\u00edme jim slo\u017eit je ve zn\u00e1m\u00e9m prost\u0159ed\u00ed jejich [&hellip;]<\/p>\n","protected":false},"author":2,"featured_media":1853,"parent":0,"menu_order":0,"comment_status":"closed","ping_status":"closed","template":"template-parts\/template-homepage.php","meta":{"footnotes":""},"yoast_head":"<!-- This site is optimized with the Yoast SEO plugin v22.1 - https:\/\/yoast.com\/wordpress\/plugins\/seo\/ -->\n<title>Evropsk\u00e1 obchodn\u00ed akademie, D\u011b\u010d\u00edn - ofici\u00e1ln\u00ed p\u0159\u00edpravn\u00e9 centrum Cambridge English - Evropsk\u00e1 obchodn\u00ed akademie<\/title>\n<meta name=\"robots\" content=\"index, follow, max-snippet:-1, max-image-preview:large, max-video-preview:-1\" \/>\n<link rel=\"canonical\" href=\"https:\/\/www.oadc.cz\/index.php\/evropska-obchodni-akademie-decin-oficialni-pripravne-centrum-cambridge-english\/\" \/>\n<meta property=\"og:locale\" content=\"cs_CZ\" \/>\n<meta property=\"og:type\" content=\"article\" \/>\n<meta property=\"og:title\" content=\"Evropsk\u00e1 obchodn\u00ed akademie, D\u011b\u010d\u00edn - ofici\u00e1ln\u00ed p\u0159\u00edpravn\u00e9 centrum Cambridge English - Evropsk\u00e1 obchodn\u00ed akademie\" \/>\n<meta property=\"og:description\" content=\"Evropsk\u00e1 obchodn\u00ed akademie v D\u011b\u010d\u00edn\u011b je ofici\u00e1ln\u00edm p\u0159\u00edpravn\u00fdm centrem Cambridge English a partnerskou \u0161kolou Evropsk\u00e9ho centra jazykov\u00fdch zkou\u0161ek. Na\u0161i studenti tak maj\u00ed v r\u00e1mci studia mo\u017enost nejen z\u00edskat vysokou jazykovou \u00farove\u0148 tohoto sv\u011btov\u00e9ho jazyka, ale podpo\u0159\u00edme je tak\u00e9 v jejich \u00fasil\u00ed p\u0159i p\u0159\u00edprav\u011b k jazykov\u00fdm zkou\u0161k\u00e1m a umo\u017en\u00edme jim slo\u017eit je ve zn\u00e1m\u00e9m prost\u0159ed\u00ed jejich [&hellip;]\" \/>\n<meta property=\"og:url\" content=\"https:\/\/www.oadc.cz\/index.php\/evropska-obchodni-akademie-decin-oficialni-pripravne-centrum-cambridge-english\/\" \/>\n<meta property=\"og:site_name\" content=\"Evropsk\u00e1 obchodn\u00ed akademie\" \/>\n<meta property=\"article:publisher\" content=\"https:\/\/www.facebook.com\/eoadc\" \/>\n<meta property=\"article:modified_time\" content=\"2024-09-13T14:48:10+00:00\" \/>\n<meta property=\"og:image\" content=\"https:\/\/www.oadc.cz\/wp-content\/uploads\/2021\/02\/CAMBRIDGE-ctverec1-1.jpg\" \/>\n\t<meta property=\"og:image:width\" content=\"600\" \/>\n\t<meta property=\"og:image:height\" content=\"381\" \/>\n\t<meta property=\"og:image:type\" content=\"image\/jpeg\" \/>\n<meta name=\"twitter:card\" content=\"summary_large_image\" \/>\n<meta name=\"twitter:label1\" content=\"Odhadovan\u00e1 doba \u010dten\u00ed\" \/>\n\t<meta name=\"twitter:data1\" content=\"2 minuty\" \/>\n<script type=\"application\/ld+json\" class=\"yoast-schema-graph\">{\"@context\":\"https:\/\/schema.org\",\"@graph\":[{\"@type\":\"WebPage\",\"@id\":\"https:\/\/www.oadc.cz\/index.php\/evropska-obchodni-akademie-decin-oficialni-pripravne-centrum-cambridge-english\/\",\"url\":\"https:\/\/www.oadc.cz\/index.php\/evropska-obchodni-akademie-decin-oficialni-pripravne-centrum-cambridge-english\/\",\"name\":\"Evropsk\u00e1 obchodn\u00ed akademie, D\u011b\u010d\u00edn - ofici\u00e1ln\u00ed p\u0159\u00edpravn\u00e9 centrum Cambridge English - Evropsk\u00e1 obchodn\u00ed akademie\",\"isPartOf\":{\"@id\":\"https:\/\/www.oadc.cz\/#website\"},\"datePublished\":\"2024-09-13T14:35:00+00:00\",\"dateModified\":\"2024-09-13T14:48:10+00:00\",\"breadcrumb\":{\"@id\":\"https:\/\/www.oadc.cz\/index.php\/evropska-obchodni-akademie-decin-oficialni-pripravne-centrum-cambridge-english\/#breadcrumb\"},\"inLanguage\":\"cs\",\"potentialAction\":[{\"@type\":\"ReadAction\",\"target\":[\"https:\/\/www.oadc.cz\/index.php\/evropska-obchodni-akademie-decin-oficialni-pripravne-centrum-cambridge-english\/\"]}]},{\"@type\":\"BreadcrumbList\",\"@id\":\"https:\/\/www.oadc.cz\/index.php\/evropska-obchodni-akademie-decin-oficialni-pripravne-centrum-cambridge-english\/#breadcrumb\",\"itemListElement\":[{\"@type\":\"ListItem\",\"position\":1,\"name\":\"Dom\u016f\",\"item\":\"https:\/\/www.oadc.cz\/\"},{\"@type\":\"ListItem\",\"position\":2,\"name\":\"Evropsk\u00e1 obchodn\u00ed akademie, D\u011b\u010d\u00edn &#8211; ofici\u00e1ln\u00ed p\u0159\u00edpravn\u00e9 centrum Cambridge English\"}]},{\"@type\":\"WebSite\",\"@id\":\"https:\/\/www.oadc.cz\/#website\",\"url\":\"https:\/\/www.oadc.cz\/\",\"name\":\"Evropsk\u00e1 obchodn\u00ed akademie\",\"description\":\"st\u0159edn\u00ed odborn\u00e1 \u0161kola v D\u011b\u010d\u00edn\u011b\",\"publisher\":{\"@id\":\"https:\/\/www.oadc.cz\/#organization\"},\"potentialAction\":[{\"@type\":\"SearchAction\",\"target\":{\"@type\":\"EntryPoint\",\"urlTemplate\":\"https:\/\/www.oadc.cz\/?s={search_term_string}\"},\"query-input\":\"required name=search_term_string\"}],\"inLanguage\":\"cs\"},{\"@type\":\"Organization\",\"@id\":\"https:\/\/www.oadc.cz\/#organization\",\"name\":\"Evropsk\u00e1 Obchodn\u00ed Akademie\",\"url\":\"https:\/\/www.oadc.cz\/\",\"logo\":{\"@type\":\"ImageObject\",\"inLanguage\":\"cs\",\"@id\":\"https:\/\/www.oadc.cz\/#\/schema\/logo\/image\/\",\"url\":\"https:\/\/www.oadc.cz\/wp-content\/uploads\/2020\/12\/EOA-logo_upr.png\",\"contentUrl\":\"https:\/\/www.oadc.cz\/wp-content\/uploads\/2020\/12\/EOA-logo_upr.png\",\"width\":850,\"height\":632,\"caption\":\"Evropsk\u00e1 Obchodn\u00ed Akademie\"},\"image\":{\"@id\":\"https:\/\/www.oadc.cz\/#\/schema\/logo\/image\/\"},\"sameAs\":[\"https:\/\/www.facebook.com\/eoadc\",\"https:\/\/www.instagram.com\/eoa.dc\/\"]}]}<\/script>\n<!-- \/ Yoast SEO plugin. -->","yoast_head_json":{"title":"Evropsk\u00e1 obchodn\u00ed akademie, D\u011b\u010d\u00edn - ofici\u00e1ln\u00ed p\u0159\u00edpravn\u00e9 centrum Cambridge English - Evropsk\u00e1 obchodn\u00ed akademie","robots":{"index":"index","follow":"follow","max-snippet":"max-snippet:-1","max-image-preview":"max-image-preview:large","max-video-preview":"max-video-preview:-1"},"canonical":"https:\/\/www.oadc.cz\/index.php\/evropska-obchodni-akademie-decin-oficialni-pripravne-centrum-cambridge-english\/","og_locale":"cs_CZ","og_type":"article","og_title":"Evropsk\u00e1 obchodn\u00ed akademie, D\u011b\u010d\u00edn - ofici\u00e1ln\u00ed p\u0159\u00edpravn\u00e9 centrum Cambridge English - Evropsk\u00e1 obchodn\u00ed akademie","og_description":"Evropsk\u00e1 obchodn\u00ed akademie v D\u011b\u010d\u00edn\u011b je ofici\u00e1ln\u00edm p\u0159\u00edpravn\u00fdm centrem Cambridge English a partnerskou \u0161kolou Evropsk\u00e9ho centra jazykov\u00fdch zkou\u0161ek. Na\u0161i studenti tak maj\u00ed v r\u00e1mci studia mo\u017enost nejen z\u00edskat vysokou jazykovou \u00farove\u0148 tohoto sv\u011btov\u00e9ho jazyka, ale podpo\u0159\u00edme je tak\u00e9 v jejich \u00fasil\u00ed p\u0159i p\u0159\u00edprav\u011b k jazykov\u00fdm zkou\u0161k\u00e1m a umo\u017en\u00edme jim slo\u017eit je ve zn\u00e1m\u00e9m prost\u0159ed\u00ed jejich [&hellip;]","og_url":"https:\/\/www.oadc.cz\/index.php\/evropska-obchodni-akademie-decin-oficialni-pripravne-centrum-cambridge-english\/","og_site_name":"Evropsk\u00e1 obchodn\u00ed akademie","article_publisher":"https:\/\/www.facebook.com\/eoadc","article_modified_time":"2024-09-13T14:48:10+00:00","og_image":[{"width":600,"height":381,"url":"https:\/\/www.oadc.cz\/wp-content\/uploads\/2021\/02\/CAMBRIDGE-ctverec1-1.jpg","type":"image\/jpeg"}],"twitter_card":"summary_large_image","twitter_misc":{"Odhadovan\u00e1 doba \u010dten\u00ed":"2 minuty"},"schema":{"@context":"https:\/\/schema.org","@graph":[{"@type":"WebPage","@id":"https:\/\/www.oadc.cz\/index.php\/evropska-obchodni-akademie-decin-oficialni-pripravne-centrum-cambridge-english\/","url":"https:\/\/www.oadc.cz\/index.php\/evropska-obchodni-akademie-decin-oficialni-pripravne-centrum-cambridge-english\/","name":"Evropsk\u00e1 obchodn\u00ed akademie, D\u011b\u010d\u00edn - ofici\u00e1ln\u00ed p\u0159\u00edpravn\u00e9 centrum Cambridge English - Evropsk\u00e1 obchodn\u00ed akademie","isPartOf":{"@id":"https:\/\/www.oadc.cz\/#website"},"datePublished":"2024-09-13T14:35:00+00:00","dateModified":"2024-09-13T14:48:10+00:00","breadcrumb":{"@id":"https:\/\/www.oadc.cz\/index.php\/evropska-obchodni-akademie-decin-oficialni-pripravne-centrum-cambridge-english\/#breadcrumb"},"inLanguage":"cs","potentialAction":[{"@type":"ReadAction","target":["https:\/\/www.oadc.cz\/index.php\/evropska-obchodni-akademie-decin-oficialni-pripravne-centrum-cambridge-english\/"]}]},{"@type":"BreadcrumbList","@id":"https:\/\/www.oadc.cz\/index.php\/evropska-obchodni-akademie-decin-oficialni-pripravne-centrum-cambridge-english\/#breadcrumb","itemListElement":[{"@type":"ListItem","position":1,"name":"Dom\u016f","item":"https:\/\/www.oadc.cz\/"},{"@type":"ListItem","position":2,"name":"Evropsk\u00e1 obchodn\u00ed akademie, D\u011b\u010d\u00edn &#8211; ofici\u00e1ln\u00ed p\u0159\u00edpravn\u00e9 centrum Cambridge English"}]},{"@type":"WebSite","@id":"https:\/\/www.oadc.cz\/#website","url":"https:\/\/www.oadc.cz\/","name":"Evropsk\u00e1 obchodn\u00ed akademie","description":"st\u0159edn\u00ed odborn\u00e1 \u0161kola v D\u011b\u010d\u00edn\u011b","publisher":{"@id":"https:\/\/www.oadc.cz\/#organization"},"potentialAction":[{"@type":"SearchAction","target":{"@type":"EntryPoint","urlTemplate":"https:\/\/www.oadc.cz\/?s={search_term_string}"},"query-input":"required name=search_term_string"}],"inLanguage":"cs"},{"@type":"Organization","@id":"https:\/\/www.oadc.cz\/#organization","name":"Evropsk\u00e1 Obchodn\u00ed Akademie","url":"https:\/\/www.oadc.cz\/","logo":{"@type":"ImageObject","inLanguage":"cs","@id":"https:\/\/www.oadc.cz\/#\/schema\/logo\/image\/","url":"https:\/\/www.oadc.cz\/wp-content\/uploads\/2020\/12\/EOA-logo_upr.png","contentUrl":"https:\/\/www.oadc.cz\/wp-content\/uploads\/2020\/12\/EOA-logo_upr.png","width":850,"height":632,"caption":"Evropsk\u00e1 Obchodn\u00ed Akademie"},"image":{"@id":"https:\/\/www.oadc.cz\/#\/schema\/logo\/image\/"},"sameAs":["https:\/\/www.facebook.com\/eoadc","https:\/\/www.instagram.com\/eoa.dc\/"]}]}},"_links":{"self":[{"href":"https:\/\/www.oadc.cz\/index.php\/wp-json\/wp\/v2\/pages\/8841"}],"collection":[{"href":"https:\/\/www.oadc.cz\/index.php\/wp-json\/wp\/v2\/pages"}],"about":[{"href":"https:\/\/www.oadc.cz\/index.php\/wp-json\/wp\/v2\/types\/page"}],"author":[{"embeddable":true,"href":"https:\/\/www.oadc.cz\/index.php\/wp-json\/wp\/v2\/users\/2"}],"replies":[{"embeddable":true,"href":"https:\/\/www.oadc.cz\/index.php\/wp-json\/wp\/v2\/comments?post=8841"}],"version-history":[{"count":4,"href":"https:\/\/www.oadc.cz\/index.php\/wp-json\/wp\/v2\/pages\/8841\/revisions"}],"predecessor-version":[{"id":8845,"href":"https:\/\/www.oadc.cz\/index.php\/wp-json\/wp\/v2\/pages\/8841\/revisions\/8845"}],"wp:featuredmedia":[{"embeddable":true,"href":"https:\/\/www.oadc.cz\/index.php\/wp-json\/wp\/v2\/media\/1853"}],"wp:attachment":[{"href":"https:\/\/www.oadc.cz\/index.php\/wp-json\/wp\/v2\/media?parent=8841"}],"curies":[{"name":"wp","href":"https:\/\/api.w.org\/{rel}","templated":true}]}}