{"id":819,"date":"2021-01-04T13:11:56","date_gmt":"2021-01-04T12:11:56","guid":{"rendered":"http:\/\/oadc.dchosting.cz\/?page_id=819"},"modified":"2021-01-19T13:23:21","modified_gmt":"2021-01-19T12:23:21","slug":"gdpr-a-cookies","status":"publish","type":"page","link":"https:\/\/www.oadc.cz\/index.php\/gdpr-a-cookies\/","title":{"rendered":"GDPR a Cookies"},"content":{"rendered":"\t\t<div data-elementor-type=\"wp-page\" data-elementor-id=\"819\" class=\"elementor elementor-819\" data-elementor-post-type=\"page\">\n\t\t\t\t\t\t<section class=\"elementor-section elementor-top-section elementor-element elementor-element-712db76 elementor-section-content-middle elementor-section-boxed elementor-section-height-default elementor-section-height-default\" data-id=\"712db76\" data-element_type=\"section\">\n\t\t\t\t\t\t<div class=\"elementor-container elementor-column-gap-no\">\n\t\t\t\t\t<div class=\"elementor-column elementor-col-100 elementor-top-column elementor-element elementor-element-261277f\" data-id=\"261277f\" data-element_type=\"column\">\n\t\t\t<div class=\"elementor-widget-wrap elementor-element-populated\">\n\t\t\t\t\t\t<div class=\"elementor-element elementor-element-fa57a1c elementor-widget elementor-widget-heading\" data-id=\"fa57a1c\" data-element_type=\"widget\" data-widget_type=\"heading.default\">\n\t\t\t\t<div class=\"elementor-widget-container\">\n\t\t\t<style>\/*! elementor - v3.19.0 - 26-02-2024 *\/\n.elementor-heading-title{padding:0;margin:0;line-height:1}.elementor-widget-heading .elementor-heading-title[class*=elementor-size-]>a{color:inherit;font-size:inherit;line-height:inherit}.elementor-widget-heading .elementor-heading-title.elementor-size-small{font-size:15px}.elementor-widget-heading .elementor-heading-title.elementor-size-medium{font-size:19px}.elementor-widget-heading .elementor-heading-title.elementor-size-large{font-size:29px}.elementor-widget-heading .elementor-heading-title.elementor-size-xl{font-size:39px}.elementor-widget-heading .elementor-heading-title.elementor-size-xxl{font-size:59px}<\/style><h4 class=\"elementor-heading-title elementor-size-default\">GDPR a Prohl\u00e1\u0161en\u00ed o cookies<\/h4>\t\t<\/div>\n\t\t\t\t<\/div>\n\t\t\t\t<div class=\"elementor-element elementor-element-01d430a elementor-widget elementor-widget-text-editor\" data-id=\"01d430a\" data-element_type=\"widget\" data-widget_type=\"text-editor.default\">\n\t\t\t\t<div class=\"elementor-widget-container\">\n\t\t\t<style>\/*! elementor - v3.19.0 - 26-02-2024 *\/\n.elementor-widget-text-editor.elementor-drop-cap-view-stacked .elementor-drop-cap{background-color:#69727d;color:#fff}.elementor-widget-text-editor.elementor-drop-cap-view-framed .elementor-drop-cap{color:#69727d;border:3px solid;background-color:transparent}.elementor-widget-text-editor:not(.elementor-drop-cap-view-default) .elementor-drop-cap{margin-top:8px}.elementor-widget-text-editor:not(.elementor-drop-cap-view-default) .elementor-drop-cap-letter{width:1em;height:1em}.elementor-widget-text-editor .elementor-drop-cap{float:left;text-align:center;line-height:1;font-size:50px}.elementor-widget-text-editor .elementor-drop-cap-letter{display:inline-block}<\/style>\t\t\t\t<div id=\"art_item_dc_layout\"><div class=\"article\"><header class=\"content-header\"><div class=\"row\"><div class=\"columns\"><div class=\"centered\"><table class=\"contentpaneopen\"><tbody><tr><td valign=\"top\"><h3><strong>Obecn\u00e9 na\u0159\u00edzen\u00ed o ochran\u011b osobn\u00edch \u00fadaj\u016f<\/strong><\/h3><p>Evropsk\u00e1 obchodn\u00ed akademie, (d\u00e1le jen \u201e\u0160kola\u201c) t\u00edmto informuje v\u0161echny sv\u00e9 st\u00e1vaj\u00edc\u00ed z\u00e1kazn\u00edky o tom, \u017ee dne 25. 5. 2018 nabude \u00fa\u010dinnosti Na\u0159\u00edzen\u00ed Evropsk\u00e9ho parlamentu a Rady \u010d. 2016\/679 ze dne 27. 4. 2016 o ochran\u011b fyzick\u00fdch osob v souvislosti se zpracov\u00e1n\u00edm osobn\u00edch \u00fadaj\u016f a o voln\u00e9m pohybu t\u011bchto \u00fadaj\u016f a o zru\u0161en\u00ed sm\u011brnice 95\/46\/ES (d\u00e1le jen \u201eobecn\u00e9 na\u0159\u00edzen\u00ed o ochran\u011b osobn\u00edch \u00fadaj\u016f\u201c), na z\u00e1klad\u011b kter\u00e9ho bude \u0160kola jako spr\u00e1vce osobn\u00edch \u00fadaj\u016f v souvislosti s existenc\u00ed smluvn\u00edho vztahu nakl\u00e1dat\u00a0<strong>s n\u00e1sleduj\u00edc\u00edmi osobn\u00edmi \u00fadaji:<\/strong>\u00a0Jm\u00e9no, p\u0159\u00edjmen\u00ed, trval\u00e9 bydli\u0161t\u011b, datum narozen\u00ed, rodn\u00e9 \u010d\u00edslo, telefonn\u00ed \u010d\u00edslo.\u00a0<\/p><p><strong>Osobn\u00ed \u00fadaje v\u0161ech z\u00e1kazn\u00edk\u016f bude Spole\u010dnost zpracov\u00e1vat v souladu s ustanoven\u00edm \u010dl\u00e1nku 6 odst. 1 p\u00edsm. b) obecn\u00e9ho na\u0159\u00edzen\u00ed o ochran\u011b osobn\u00edch \u00fadaj\u016f, tedy z d\u016fvodu nezbytnosti pln\u011bn\u00ed smlouvy.<\/strong>\u00a0<\/p><\/td><\/tr><\/tbody><\/table><h3>Z\u00e1sady pou\u017e\u00edv\u00e1n\u00ed soubor\u016f cookies<\/h3><\/div><\/div><\/div><\/header><\/div><\/div><div class=\"row \"><div class=\"columns small-12 medium-12 large-12\"><div class=\" \">\u00a0<\/div><\/div><\/div><div class=\"row \"><div class=\"columns small-12 medium-12 large-12\"><div class=\" \"><h3 class=\"Heading2PRK\">1. OBECN\u011a O COOKIES<\/h3><p class=\"Heading2PRK\">1.1\u00a0\u00a0\u00a0\u00a0\u00a0\u00a0\u00a0\u00a0\u00a0Na\u0161e internetov\u00e9 str\u00e1nky pou\u017e\u00edvaj\u00ed soubory cookies. Cookie je mal\u00fd textov\u00fd soubor, kter\u00fd si v\u00e1\u0161 webov\u00fd prohl\u00ed\u017ee\u010d p\u0159i prohl\u00ed\u017een\u00ed webov\u00fdch str\u00e1nek ukl\u00e1d\u00e1 na pevn\u00fd disk va\u0161eho koncov\u00e9ho za\u0159\u00edzen\u00ed. Soubory cookies v\u00e1m zjednodu\u0161uj\u00ed a zrychluj\u00ed pr\u00e1ci s na\u0161imi internetov\u00fdmi str\u00e1nkami, jeliko\u017e si pamatuj\u00ed va\u0161e preference (nap\u0159. p\u0159ihla\u0161ovac\u00ed \u00fadaje nebo jazyk). Soubory cookies tak\u00e9 umo\u017e\u0148uj\u00ed lep\u0161\u00ed vyu\u017eit\u00ed na\u0161ich internetov\u00fdch str\u00e1nek a p\u0159izp\u016fsoben\u00ed jejich obsahu va\u0161\u00edm z\u00e1jm\u016fm a pot\u0159eb\u00e1m.<\/p><p class=\"Heading2PRK\">1.2\u00a0\u00a0\u00a0\u00a0\u00a0\u00a0\u00a0\u00a0\u00a0Cookies m\u016f\u017eete blokovat nebo odstranit prost\u0159ednictv\u00edm sv\u00e9ho internetov\u00e9ho prohl\u00ed\u017ee\u010de nebo pomoc\u00ed softwaru t\u0159et\u00ed osoby. To v\u0161ak m\u016f\u017ee negativn\u011b ovlivnit funk\u010dnost n\u011bkter\u00fdch \u010d\u00e1st\u00ed dan\u00e9 webov\u00e9 str\u00e1nky.<\/p><h3>2. DRUHY COOKIES<\/h3><p class=\"Bodytext1PRK\">V z\u00e1vislosti na funkci a \u00fa\u010delu, za kter\u00fdmi jsou soubory cookies pou\u017e\u00edv\u00e1ny, se obvykle d\u011bl\u00ed takto:<\/p><p class=\"Heading2PRK\">2.1\u00a0\u00a0\u00a0\u00a0\u00a0\u00a0\u00a0\u00a0\u00a0Nezbytn\u00e9 soubory cookiesv\u00e1m umo\u017e\u0148uj\u00ed pohybovat se po na\u0161ich internetov\u00fdch str\u00e1nk\u00e1ch a vyu\u017e\u00edvat jejich z\u00e1kladn\u00edch funkc\u00ed. Tyto soubory cookies jsou pro vyu\u017e\u00edv\u00e1n\u00ed na\u0161ich internetov\u00fdch str\u00e1nek nezbytn\u00e9.<\/p><p class=\"Heading2PRK\">2.2\u00a0\u00a0\u00a0\u00a0\u00a0\u00a0\u00a0\u00a0\u00a0Funk\u010dn\u00ed cookiesse pou\u017e\u00edvaj\u00ed k zapamatov\u00e1n\u00ed va\u0161ich preferenc\u00ed na na\u0161ich internetov\u00fdch str\u00e1nk\u00e1ch (nap\u0159\u00edklad jazyk nebo p\u0159ihla\u0161ovac\u00ed \u00fadaje).<\/p><p class=\"Heading2PRK\">2.3\u00a0\u00a0\u00a0\u00a0\u00a0\u00a0\u00a0\u00a0\u00a0Analytick\u00e9 a v\u00fdkonnostn\u00ed cookiesn\u00e1m umo\u017e\u0148uj\u00ed rozeznat a spo\u010d\u00edtat po\u010det u\u017eivatel\u016f a shroma\u017e\u010fovat informace o tom, jak jsou na\u0161e internetov\u00e9 str\u00e1nky pou\u017e\u00edv\u00e1ny. Tyto informace vyu\u017e\u00edv\u00e1me k tomu, abychom l\u00e9pe rozum\u011bli fungov\u00e1n\u00ed na\u0161ich internetov\u00fdch str\u00e1nek a mohli je zlep\u0161ovat.<\/p><p class=\"Heading2PRK\">2.4\u00a0\u00a0\u00a0\u00a0\u00a0\u00a0\u00a0\u00a0\u00a0Cookies pro c\u00edlenou reklamu a marketingzaznamen\u00e1vaj\u00ed va\u0161i n\u00e1v\u0161t\u011bvu na na\u0161ich internetov\u00fdch str\u00e1nk\u00e1ch, jin\u00e9 internetov\u00e9 str\u00e1nky, kter\u00e9 jste nav\u0161t\u00edvili a odkazy, kter\u00e9 jste pou\u017eili. Tyto informace pou\u017e\u00edv\u00e1me k zobrazov\u00e1n\u00ed reklamy, kter\u00e1 je p\u0159izp\u016fsobena va\u0161\u00edm preferenc\u00edm. N\u011bkte\u0159\u00ed na\u0161i partne\u0159i um\u00eds\u0165uj\u00ed na na\u0161e internetov\u00e9 str\u00e1nky sv\u00e9 cookies pro p\u0159izp\u016fsoben\u00ed zobrazovan\u00e9 reklamy.\u00a0<\/p><p class=\"Heading2PRK\">2.5\u00a0\u00a0\u00a0\u00a0\u00a0\u00a0\u00a0\u00a0\u00a0Cookies pro soci\u00e1ln\u00ed m\u00e9diaumo\u017e\u0148uj\u00ed sd\u00edlen\u00ed va\u0161ich aktivit webov\u00fdm str\u00e1nk\u00e1m soci\u00e1ln\u00edch m\u00e9di\u00ed typu Facebook a Twitter.<\/p><h3 class=\"Heading2PRK\">3. COOKIES, KTER\u00c9 POU\u017d\u00cdV\u00c1ME MY<\/h3><p class=\"Bodytext1PRK\">Na na\u0161ich str\u00e1nk\u00e1ch pou\u017e\u00edv\u00e1me tyto cookies:<\/p><p class=\"Heading2PRK\">3.1\u00a0\u00a0\u00a0\u00a0\u00a0\u00a0\u00a0\u00a0\u00a0Nezbytn\u00e9 soubory cookies<\/p><ol><li>PHPSESSID<\/li><li>cookiesMarketing<\/li><li>cookiesStatistics<\/li><\/ol><p class=\"Heading2PRK\">3.2\u00a0\u00a0\u00a0\u00a0\u00a0\u00a0\u00a0\u00a0\u00a0Analytick\u00e9 a v\u00fdkonnostn\u00ed cookies<\/p><p class=\"Heading4PRK\" align=\"left\">(a)\u00a0\u00a0\u00a0\u00a0\u00a0\u00a0\u00a0\u00a0\u00a0\u00a0\u00a0Google Analytics:\u00a0<br \/>Podrobn\u00e9 informace o slu\u017eb\u011b Google Analytics a ochran\u011b soukrom\u00ed (v\u010detn\u011b toho, jak m\u016f\u017eete kontrolovat, jak\u00e9 informace jsou zas\u00edl\u00e1ny spole\u010dnosti Google) najdete na adrese: <a href=\"https:\/\/support.google.com\/analytics\/answer\/6004245\" target=\"_blank\" rel=\"noopener\">https:\/\/support.google.com\/analytics\/answer\/6004245<\/a>.<\/p><p class=\"Heading4PRK\" align=\"left\">(b)\u00a0\u00a0\u00a0\u00a0\u00a0\u00a0\u00a0\u00a0\u00a0\u00a0HotJar: Podrobn\u00e9 informace o slu\u017eb\u011b HotJar najdete na adrese:\u00a0<a href=\"https:\/\/www.hotjar.com\/blog\/what-is-hotjar\">https:\/\/www.hotjar.com\/blog\/what-is-hotjar<\/a>\u00a0<\/p><h3 class=\"Heading4PRK\" align=\"left\">4. VYU\u017d\u00cdV\u00c1N\u00cd SOUBOR\u016e COOKIES<\/h3><p class=\"Heading2PRK\">4.1\u00a0\u00a0\u00a0\u00a0\u00a0\u00a0\u00a0\u00a0\u00a0Souhlas k vyu\u017e\u00edv\u00e1n\u00ed soubor\u016f cookies n\u00e1m poskytuje automaticky p\u0159i prvn\u00ed n\u00e1v\u0161t\u011bv\u011b na\u0161ich internetov\u00fdch str\u00e1nek. Souhlas ud\u011blujete na 12 m\u011bs\u00edc\u016f. Po uplynut\u00ed t\u00e9to doby v\u00e1m p\u0159i dal\u0161\u00ed n\u00e1v\u0161t\u011bv\u011b na\u0161ich internetov\u00fdch str\u00e1nek nahrajeme prost\u0159ednictv\u00edm va\u0161eho prohl\u00ed\u017ee\u010de nov\u00e9 cookies.<\/p><p class=\"Heading2PRK\">4.2\u00a0\u00a0\u00a0\u00a0\u00a0\u00a0\u00a0\u00a0\u00a0Souhlas s ukl\u00e1d\u00e1n\u00edm soubor\u016f cookies m\u016f\u017eete kdykoliv odvolat prost\u0159ednictv\u00edm nastaven\u00ed sv\u00e9ho internetov\u00e9ho prohl\u00ed\u017ee\u010de.\u00a0<\/p><p class=\"Heading2PRK\">4.3\u00a0\u00a0\u00a0\u00a0\u00a0\u00a0\u00a0\u00a0\u00a0Pokud chcete vymazat cookies ulo\u017een\u00e9 ve va\u0161em za\u0159\u00edzen\u00ed a zkonfigurovat sv\u016fj webov\u00fd prohl\u00ed\u017ee\u010d, aby cookies odm\u00edtal, m\u016f\u017eete tak u\u010dinit obvykle v menu \u201eMo\u017enosti\u201c, \u201eN\u00e1stroje\u201c nebo \u201ePreference\u201c prohl\u00ed\u017ee\u010de, kter\u00fd pou\u017e\u00edv\u00e1te k p\u0159\u00edstupu na na\u0161e str\u00e1nky. Podrobn\u011bj\u0161\u00ed informace o spr\u00e1v\u011b soubor\u016f cookies u nejb\u011b\u017en\u011bj\u0161\u00edch internetov\u00fdch prohl\u00ed\u017ee\u010d\u016f naleznete zde:<\/p><ul><li>Internet Explorer<br \/><a href=\"https:\/\/support.microsoft.com\/cs-cz\/kb\/278835\" target=\"_blank\" rel=\"noopener\">https:\/\/support.microsoft.com\/cs-cz\/kb\/278835<\/a>;<\/li><li>Firefox<br \/><a href=\"https:\/\/support.mozilla.org\/cs\/kb\/vymazani-cookies\" target=\"_blank\" rel=\"noopener\">https:\/\/support.mozilla.org\/cs\/kb\/vymazani-cookies<\/a>;<\/li><li>Chrome<br \/><a href=\"https:\/\/support.google.com\/chrome\/answer\/95647?co=GENIE.Platform%3DDesktop&amp;hl=cs\" target=\"_blank\" rel=\"noopener\">https:\/\/support.google.com\/chrome\/answer\/95647?co=GENIE.Platform%3DDesktop&amp;hl=cs<\/a>;<\/li><li>Opera<br \/><a href=\"https:\/\/www.opera.com\/help\/tutorials\/security\/privacy\/\" target=\"_blank\" rel=\"noopener\">https:\/\/www.opera.com\/help\/tutorials\/security\/privacy\/<\/a>;<\/li><li>Safari<br \/><a href=\"https:\/\/support.apple.com\/kb\/PH21411?locale=cs_CZ&amp;viewlocale=cs_CZ\" target=\"_blank\" rel=\"noopener\">https:\/\/support.apple.com\/kb\/PH21411?locale=cs_CZ&amp;viewlocale=cs_CZ<\/a>;<\/li><\/ul><p class=\"Heading3PRK\" align=\"left\">Safari pro iPad a iPhone<br \/><a href=\"https:\/\/support.apple.com\/cs-cz\/HT201265\" target=\"_blank\" rel=\"noopener\">https:\/\/support.apple.com\/cs-cz\/HT201265<\/a>.<\/p><p class=\"Heading2PRK\">4.4\u00a0\u00a0\u00a0\u00a0\u00a0\u00a0\u00a0\u00a0\u00a0Povolen\u00ed cookies v nastaven\u00ed internetov\u00e9ho prohl\u00ed\u017ee\u010de se pova\u017euje za souhlas se zpracov\u00e1n\u00edm osobn\u00edch \u00fadaj\u016f.<\/p><p class=\"Heading2PRK\">4.5\u00a0\u00a0\u00a0\u00a0\u00a0\u00a0\u00a0\u00a0\u00a0Chcete-li se dozv\u011bd\u011bt v\u00edce o druz\u00edch cookies a o jejich spr\u00e1v\u011b \u010di odstra\u0148ov\u00e1n\u00ed, nav\u0161tivte <a href=\"https:\/\/www.allaboutcookies.org\/\">www.allaboutcookies.org<\/a>.<\/p><\/div><\/div><\/div>\t\t\t\t\t\t<\/div>\n\t\t\t\t<\/div>\n\t\t\t\t\t<\/div>\n\t\t<\/div>\n\t\t\t\t\t<\/div>\n\t\t<\/section>\n\t\t\t\t<\/div>\n\t\t","protected":false},"excerpt":{"rendered":"<p>GDPR a Prohl\u00e1\u0161en\u00ed o cookies Obecn\u00e9 na\u0159\u00edzen\u00ed o ochran\u011b osobn\u00edch \u00fadaj\u016f Evropsk\u00e1 obchodn\u00ed akademie, (d\u00e1le jen \u201e\u0160kola\u201c) t\u00edmto informuje v\u0161echny sv\u00e9 st\u00e1vaj\u00edc\u00ed z\u00e1kazn\u00edky o tom, \u017ee dne 25. 5. 2018 nabude \u00fa\u010dinnosti Na\u0159\u00edzen\u00ed Evropsk\u00e9ho parlamentu a Rady \u010d. 2016\/679 ze dne 27. 4. 2016 o ochran\u011b fyzick\u00fdch osob v souvislosti se zpracov\u00e1n\u00edm osobn\u00edch \u00fadaj\u016f a [&hellip;]<\/p>\n","protected":false},"author":1,"featured_media":0,"parent":0,"menu_order":0,"comment_status":"closed","ping_status":"closed","template":"template-parts\/template-homepage.php","meta":{"footnotes":""},"yoast_head":"<!-- This site is optimized with the Yoast SEO plugin v22.1 - https:\/\/yoast.com\/wordpress\/plugins\/seo\/ -->\n<title>GDPR a Cookies - Evropsk\u00e1 obchodn\u00ed akademie<\/title>\n<meta name=\"robots\" content=\"index, follow, max-snippet:-1, max-image-preview:large, max-video-preview:-1\" \/>\n<link rel=\"canonical\" href=\"https:\/\/www.oadc.cz\/index.php\/gdpr-a-cookies\/\" \/>\n<meta property=\"og:locale\" content=\"cs_CZ\" \/>\n<meta property=\"og:type\" content=\"article\" \/>\n<meta property=\"og:title\" content=\"GDPR a Cookies - Evropsk\u00e1 obchodn\u00ed akademie\" \/>\n<meta property=\"og:description\" content=\"GDPR a Prohl\u00e1\u0161en\u00ed o cookies Obecn\u00e9 na\u0159\u00edzen\u00ed o ochran\u011b osobn\u00edch \u00fadaj\u016f Evropsk\u00e1 obchodn\u00ed akademie, (d\u00e1le jen \u201e\u0160kola\u201c) t\u00edmto informuje v\u0161echny sv\u00e9 st\u00e1vaj\u00edc\u00ed z\u00e1kazn\u00edky o tom, \u017ee dne 25. 5. 2018 nabude \u00fa\u010dinnosti Na\u0159\u00edzen\u00ed Evropsk\u00e9ho parlamentu a Rady \u010d. 2016\/679 ze dne 27. 4. 2016 o ochran\u011b fyzick\u00fdch osob v souvislosti se zpracov\u00e1n\u00edm osobn\u00edch \u00fadaj\u016f a [&hellip;]\" \/>\n<meta property=\"og:url\" content=\"https:\/\/www.oadc.cz\/index.php\/gdpr-a-cookies\/\" \/>\n<meta property=\"og:site_name\" content=\"Evropsk\u00e1 obchodn\u00ed akademie\" \/>\n<meta property=\"article:publisher\" content=\"https:\/\/www.facebook.com\/eoadc\" \/>\n<meta property=\"article:modified_time\" content=\"2021-01-19T12:23:21+00:00\" \/>\n<meta name=\"twitter:card\" content=\"summary_large_image\" \/>\n<meta name=\"twitter:label1\" content=\"Odhadovan\u00e1 doba \u010dten\u00ed\" \/>\n\t<meta name=\"twitter:data1\" content=\"5 minut\" \/>\n<script type=\"application\/ld+json\" class=\"yoast-schema-graph\">{\"@context\":\"https:\/\/schema.org\",\"@graph\":[{\"@type\":\"WebPage\",\"@id\":\"https:\/\/www.oadc.cz\/index.php\/gdpr-a-cookies\/\",\"url\":\"https:\/\/www.oadc.cz\/index.php\/gdpr-a-cookies\/\",\"name\":\"GDPR a Cookies - Evropsk\u00e1 obchodn\u00ed akademie\",\"isPartOf\":{\"@id\":\"https:\/\/www.oadc.cz\/#website\"},\"datePublished\":\"2021-01-04T12:11:56+00:00\",\"dateModified\":\"2021-01-19T12:23:21+00:00\",\"breadcrumb\":{\"@id\":\"https:\/\/www.oadc.cz\/index.php\/gdpr-a-cookies\/#breadcrumb\"},\"inLanguage\":\"cs\",\"potentialAction\":[{\"@type\":\"ReadAction\",\"target\":[\"https:\/\/www.oadc.cz\/index.php\/gdpr-a-cookies\/\"]}]},{\"@type\":\"BreadcrumbList\",\"@id\":\"https:\/\/www.oadc.cz\/index.php\/gdpr-a-cookies\/#breadcrumb\",\"itemListElement\":[{\"@type\":\"ListItem\",\"position\":1,\"name\":\"Dom\u016f\",\"item\":\"https:\/\/www.oadc.cz\/\"},{\"@type\":\"ListItem\",\"position\":2,\"name\":\"GDPR a Cookies\"}]},{\"@type\":\"WebSite\",\"@id\":\"https:\/\/www.oadc.cz\/#website\",\"url\":\"https:\/\/www.oadc.cz\/\",\"name\":\"Evropsk\u00e1 obchodn\u00ed akademie\",\"description\":\"st\u0159edn\u00ed odborn\u00e1 \u0161kola v D\u011b\u010d\u00edn\u011b\",\"publisher\":{\"@id\":\"https:\/\/www.oadc.cz\/#organization\"},\"potentialAction\":[{\"@type\":\"SearchAction\",\"target\":{\"@type\":\"EntryPoint\",\"urlTemplate\":\"https:\/\/www.oadc.cz\/?s={search_term_string}\"},\"query-input\":\"required name=search_term_string\"}],\"inLanguage\":\"cs\"},{\"@type\":\"Organization\",\"@id\":\"https:\/\/www.oadc.cz\/#organization\",\"name\":\"Evropsk\u00e1 Obchodn\u00ed Akademie\",\"url\":\"https:\/\/www.oadc.cz\/\",\"logo\":{\"@type\":\"ImageObject\",\"inLanguage\":\"cs\",\"@id\":\"https:\/\/www.oadc.cz\/#\/schema\/logo\/image\/\",\"url\":\"https:\/\/www.oadc.cz\/wp-content\/uploads\/2020\/12\/EOA-logo_upr.png\",\"contentUrl\":\"https:\/\/www.oadc.cz\/wp-content\/uploads\/2020\/12\/EOA-logo_upr.png\",\"width\":850,\"height\":632,\"caption\":\"Evropsk\u00e1 Obchodn\u00ed Akademie\"},\"image\":{\"@id\":\"https:\/\/www.oadc.cz\/#\/schema\/logo\/image\/\"},\"sameAs\":[\"https:\/\/www.facebook.com\/eoadc\",\"https:\/\/www.instagram.com\/eoa.dc\/\"]}]}<\/script>\n<!-- \/ Yoast SEO plugin. -->","yoast_head_json":{"title":"GDPR a Cookies - Evropsk\u00e1 obchodn\u00ed akademie","robots":{"index":"index","follow":"follow","max-snippet":"max-snippet:-1","max-image-preview":"max-image-preview:large","max-video-preview":"max-video-preview:-1"},"canonical":"https:\/\/www.oadc.cz\/index.php\/gdpr-a-cookies\/","og_locale":"cs_CZ","og_type":"article","og_title":"GDPR a Cookies - Evropsk\u00e1 obchodn\u00ed akademie","og_description":"GDPR a Prohl\u00e1\u0161en\u00ed o cookies Obecn\u00e9 na\u0159\u00edzen\u00ed o ochran\u011b osobn\u00edch \u00fadaj\u016f Evropsk\u00e1 obchodn\u00ed akademie, (d\u00e1le jen \u201e\u0160kola\u201c) t\u00edmto informuje v\u0161echny sv\u00e9 st\u00e1vaj\u00edc\u00ed z\u00e1kazn\u00edky o tom, \u017ee dne 25. 5. 2018 nabude \u00fa\u010dinnosti Na\u0159\u00edzen\u00ed Evropsk\u00e9ho parlamentu a Rady \u010d. 2016\/679 ze dne 27. 4. 2016 o ochran\u011b fyzick\u00fdch osob v souvislosti se zpracov\u00e1n\u00edm osobn\u00edch \u00fadaj\u016f a [&hellip;]","og_url":"https:\/\/www.oadc.cz\/index.php\/gdpr-a-cookies\/","og_site_name":"Evropsk\u00e1 obchodn\u00ed akademie","article_publisher":"https:\/\/www.facebook.com\/eoadc","article_modified_time":"2021-01-19T12:23:21+00:00","twitter_card":"summary_large_image","twitter_misc":{"Odhadovan\u00e1 doba \u010dten\u00ed":"5 minut"},"schema":{"@context":"https:\/\/schema.org","@graph":[{"@type":"WebPage","@id":"https:\/\/www.oadc.cz\/index.php\/gdpr-a-cookies\/","url":"https:\/\/www.oadc.cz\/index.php\/gdpr-a-cookies\/","name":"GDPR a Cookies - Evropsk\u00e1 obchodn\u00ed akademie","isPartOf":{"@id":"https:\/\/www.oadc.cz\/#website"},"datePublished":"2021-01-04T12:11:56+00:00","dateModified":"2021-01-19T12:23:21+00:00","breadcrumb":{"@id":"https:\/\/www.oadc.cz\/index.php\/gdpr-a-cookies\/#breadcrumb"},"inLanguage":"cs","potentialAction":[{"@type":"ReadAction","target":["https:\/\/www.oadc.cz\/index.php\/gdpr-a-cookies\/"]}]},{"@type":"BreadcrumbList","@id":"https:\/\/www.oadc.cz\/index.php\/gdpr-a-cookies\/#breadcrumb","itemListElement":[{"@type":"ListItem","position":1,"name":"Dom\u016f","item":"https:\/\/www.oadc.cz\/"},{"@type":"ListItem","position":2,"name":"GDPR a Cookies"}]},{"@type":"WebSite","@id":"https:\/\/www.oadc.cz\/#website","url":"https:\/\/www.oadc.cz\/","name":"Evropsk\u00e1 obchodn\u00ed akademie","description":"st\u0159edn\u00ed odborn\u00e1 \u0161kola v D\u011b\u010d\u00edn\u011b","publisher":{"@id":"https:\/\/www.oadc.cz\/#organization"},"potentialAction":[{"@type":"SearchAction","target":{"@type":"EntryPoint","urlTemplate":"https:\/\/www.oadc.cz\/?s={search_term_string}"},"query-input":"required name=search_term_string"}],"inLanguage":"cs"},{"@type":"Organization","@id":"https:\/\/www.oadc.cz\/#organization","name":"Evropsk\u00e1 Obchodn\u00ed Akademie","url":"https:\/\/www.oadc.cz\/","logo":{"@type":"ImageObject","inLanguage":"cs","@id":"https:\/\/www.oadc.cz\/#\/schema\/logo\/image\/","url":"https:\/\/www.oadc.cz\/wp-content\/uploads\/2020\/12\/EOA-logo_upr.png","contentUrl":"https:\/\/www.oadc.cz\/wp-content\/uploads\/2020\/12\/EOA-logo_upr.png","width":850,"height":632,"caption":"Evropsk\u00e1 Obchodn\u00ed Akademie"},"image":{"@id":"https:\/\/www.oadc.cz\/#\/schema\/logo\/image\/"},"sameAs":["https:\/\/www.facebook.com\/eoadc","https:\/\/www.instagram.com\/eoa.dc\/"]}]}},"_links":{"self":[{"href":"https:\/\/www.oadc.cz\/index.php\/wp-json\/wp\/v2\/pages\/819"}],"collection":[{"href":"https:\/\/www.oadc.cz\/index.php\/wp-json\/wp\/v2\/pages"}],"about":[{"href":"https:\/\/www.oadc.cz\/index.php\/wp-json\/wp\/v2\/types\/page"}],"author":[{"embeddable":true,"href":"https:\/\/www.oadc.cz\/index.php\/wp-json\/wp\/v2\/users\/1"}],"replies":[{"embeddable":true,"href":"https:\/\/www.oadc.cz\/index.php\/wp-json\/wp\/v2\/comments?post=819"}],"version-history":[{"count":10,"href":"https:\/\/www.oadc.cz\/index.php\/wp-json\/wp\/v2\/pages\/819\/revisions"}],"predecessor-version":[{"id":1535,"href":"https:\/\/www.oadc.cz\/index.php\/wp-json\/wp\/v2\/pages\/819\/revisions\/1535"}],"wp:attachment":[{"href":"https:\/\/www.oadc.cz\/index.php\/wp-json\/wp\/v2\/media?parent=819"}],"curies":[{"name":"wp","href":"https:\/\/api.w.org\/{rel}","templated":true}]}}