{"id":715,"date":"2020-12-28T19:18:26","date_gmt":"2020-12-28T18:18:26","guid":{"rendered":"http:\/\/oadc.dchosting.cz\/?page_id=715"},"modified":"2020-12-28T19:19:59","modified_gmt":"2020-12-28T18:19:59","slug":"tereza-horakova-2","status":"publish","type":"page","link":"https:\/\/www.oadc.cz\/index.php\/absolventi\/tereza-horakova-2\/","title":{"rendered":"Tereza Hor\u00e1kov\u00e1"},"content":{"rendered":"\t\t<div data-elementor-type=\"wp-page\" data-elementor-id=\"715\" class=\"elementor elementor-715\" data-elementor-post-type=\"page\">\n\t\t\t\t\t\t<section class=\"elementor-section elementor-top-section elementor-element elementor-element-68ecffd elementor-section-content-middle elementor-section-boxed elementor-section-height-default elementor-section-height-default\" data-id=\"68ecffd\" data-element_type=\"section\">\n\t\t\t\t\t\t<div class=\"elementor-container elementor-column-gap-no\">\n\t\t\t\t\t<div class=\"elementor-column elementor-col-100 elementor-top-column elementor-element elementor-element-868df3d\" data-id=\"868df3d\" data-element_type=\"column\">\n\t\t\t<div class=\"elementor-widget-wrap elementor-element-populated\">\n\t\t\t\t\t\t<div class=\"elementor-element elementor-element-0e10cbc elementor-widget elementor-widget-heading\" data-id=\"0e10cbc\" data-element_type=\"widget\" data-widget_type=\"heading.default\">\n\t\t\t\t<div class=\"elementor-widget-container\">\n\t\t\t<style>\/*! elementor - v3.19.0 - 26-02-2024 *\/\n.elementor-heading-title{padding:0;margin:0;line-height:1}.elementor-widget-heading .elementor-heading-title[class*=elementor-size-]>a{color:inherit;font-size:inherit;line-height:inherit}.elementor-widget-heading .elementor-heading-title.elementor-size-small{font-size:15px}.elementor-widget-heading .elementor-heading-title.elementor-size-medium{font-size:19px}.elementor-widget-heading .elementor-heading-title.elementor-size-large{font-size:29px}.elementor-widget-heading .elementor-heading-title.elementor-size-xl{font-size:39px}.elementor-widget-heading .elementor-heading-title.elementor-size-xxl{font-size:59px}<\/style><h4 class=\"elementor-heading-title elementor-size-default\">Tereza Hor\u00e1kov\u00e1<\/h4>\t\t<\/div>\n\t\t\t\t<\/div>\n\t\t\t\t<div class=\"elementor-element elementor-element-a7bbb25 elementor-widget elementor-widget-text-editor\" data-id=\"a7bbb25\" data-element_type=\"widget\" data-widget_type=\"text-editor.default\">\n\t\t\t\t<div class=\"elementor-widget-container\">\n\t\t\t<style>\/*! elementor - v3.19.0 - 26-02-2024 *\/\n.elementor-widget-text-editor.elementor-drop-cap-view-stacked .elementor-drop-cap{background-color:#69727d;color:#fff}.elementor-widget-text-editor.elementor-drop-cap-view-framed .elementor-drop-cap{color:#69727d;border:3px solid;background-color:transparent}.elementor-widget-text-editor:not(.elementor-drop-cap-view-default) .elementor-drop-cap{margin-top:8px}.elementor-widget-text-editor:not(.elementor-drop-cap-view-default) .elementor-drop-cap-letter{width:1em;height:1em}.elementor-widget-text-editor .elementor-drop-cap{float:left;text-align:center;line-height:1;font-size:50px}.elementor-widget-text-editor .elementor-drop-cap-letter{display:inline-block}<\/style>\t\t\t\t<p><strong>Technick\u00e1 univerzita Liberec<\/strong><\/p>\t\t\t\t\t\t<\/div>\n\t\t\t\t<\/div>\n\t\t\t\t<div class=\"elementor-element elementor-element-086c3d4 elementor-widget elementor-widget-text-editor\" data-id=\"086c3d4\" data-element_type=\"widget\" data-widget_type=\"text-editor.default\">\n\t\t\t\t<div class=\"elementor-widget-container\">\n\t\t\t\t\t\t\t<p>Jmenuji se Tereza Hor\u00e1kov\u00e1 a jsem hrdou absolventkou Evropsk\u00e9 obchodn\u00ed akademie se zam\u011b\u0159en\u00edm Evropsk\u00fd hospod\u00e1\u0159sk\u00fd asistent. Je to u\u017e 6 let, co jsem odmaturovala, rozt\u00e1hla k\u0159\u00eddla a odst\u011bhovala se do Liberce. Nyn\u00ed studuji doktor\u00e1t, pracuji v&nbsp;Kari\u00e9rov\u00e9m centru univerzity a k&nbsp;tomu v\u0161emu jsem tak\u00e9 v Libereck\u00e9m podnikatelsk\u00e9m inkub\u00e1toru a inova\u010dn\u00edm centru s n\u00e1zvem Lipo.Ink.<\/p>\n<p>V&nbsp;\u010dervnu tohoto roku jsem \u00fasp\u011b\u0161n\u011b dokon\u010dila navazuj\u00edc\u00ed studium na Technick\u00e9 univerzit\u011b v&nbsp;Liberci. B\u011bhem bakal\u00e1\u0159sk\u00e9ho studia jsem byla nap\u0159\u00edklad na studijn\u00edm pobytu v&nbsp;Loty\u0161sku v&nbsp;r\u00e1mci programu Erasmus. Tento v\u00fdjezd nebyl m\u00fdm prvn\u00edm, jeliko\u017e jsem ji\u017e na st\u0159edn\u00ed absolvovala 14denn\u00ed st\u00e1\u017e v&nbsp;Lond\u00fdn\u011b. Co se angli\u010dtiny t\u00fd\u010de, tak nejv\u00edce st\u00e1le \u010derp\u00e1m ze znalost\u00ed, kter\u00e9 jsem se nau\u010dila na na\u0161\u00ed obchodce a tak\u00e9 z&nbsp;film\u016f \u010di seri\u00e1l\u016f v&nbsp;p\u016fvodn\u00edm zn\u011bn\u00ed.<\/p>\n<p>Cht\u011bla bych v\u00e1m v\u0161em, co studujete pr\u00e1v\u011b na EOA, pop\u0159\u00e1t hlavn\u011b kur\u00e1\u017e a odhodl\u00e1n\u00ed. Nebojte se nezn\u00e1m\u00e9ho a vyu\u017eijte v\u0161ech p\u0159\u00edle\u017eitost\u00ed, co v\u00e1m \u0161kola a \u017eivot nab\u00eddne. U\u017e\u00edvejte si skv\u011bl\u00fdch kamar\u00e1d\u016f, jeliko\u017e po st\u0159edn\u00ed u\u017e na n\u011b nebudete m\u00edt tolik \u010dasu. J\u00e1 m\u00e1m ze st\u0159edn\u00ed \u0161koly \u010dty\u0159i kamar\u00e1dky, na kter\u00e9 ned\u00e1m dopustit a v\u017edy se na n\u011b mohu obr\u00e1tit. Po st\u0159edn\u00ed jsem si myslela, jak vystuduji vej\u0161ku a budu pracovat v&nbsp;obchodn\u00edm odd\u011blen\u00ed n\u011bjak\u00e9 firmy. A jsem \u00fapln\u011b n\u011bkde jinde. Tak\u017ee pokud st\u00e1le nev\u00edte, \u010d\u00edm chcete b\u00fdt a co chcete v budoucnu d\u011blat, nebojte se toho, v\u0161e se \u010dasem vyt\u0159\u00edb\u00ed a jist\u011b najdete to, co v\u00e1s bude bavit! St\u00e1le na sob\u011b pracujte a nezapome\u0148te si u toho u\u017e\u00edvat \u017eivota, na st\u0159edn\u00ed budete je\u0161t\u011b r\u00e1di vzpom\u00ednat. \ud83d\ude42<\/p>\t\t\t\t\t\t<\/div>\n\t\t\t\t<\/div>\n\t\t\t\t<div class=\"elementor-element elementor-element-90217c7 elementor-widget elementor-widget-gallery\" data-id=\"90217c7\" data-element_type=\"widget\" data-settings=\"{&quot;lazyload&quot;:&quot;yes&quot;,&quot;gallery_layout&quot;:&quot;grid&quot;,&quot;columns&quot;:4,&quot;columns_tablet&quot;:2,&quot;columns_mobile&quot;:1,&quot;gap&quot;:{&quot;unit&quot;:&quot;px&quot;,&quot;size&quot;:10,&quot;sizes&quot;:[]},&quot;gap_tablet&quot;:{&quot;unit&quot;:&quot;px&quot;,&quot;size&quot;:10,&quot;sizes&quot;:[]},&quot;gap_mobile&quot;:{&quot;unit&quot;:&quot;px&quot;,&quot;size&quot;:10,&quot;sizes&quot;:[]},&quot;link_to&quot;:&quot;file&quot;,&quot;aspect_ratio&quot;:&quot;3:2&quot;,&quot;overlay_background&quot;:&quot;yes&quot;,&quot;content_hover_animation&quot;:&quot;fade-in&quot;}\" data-widget_type=\"gallery.default\">\n\t\t\t\t<div class=\"elementor-widget-container\">\n\t\t\t<style>\/*! elementor-pro - v3.19.0 - 26-02-2024 *\/\n.elementor-gallery__container{min-height:1px}.elementor-gallery-item{position:relative;overflow:hidden;display:block;text-decoration:none;border:solid var(--image-border-width) var(--image-border-color);border-radius:var(--image-border-radius)}.elementor-gallery-item__content,.elementor-gallery-item__overlay{height:100%;width:100%;position:absolute;top:0;left:0}.elementor-gallery-item__overlay{mix-blend-mode:var(--overlay-mix-blend-mode);transition-duration:var(--overlay-transition-duration);transition-property:mix-blend-mode,transform,opacity,background-color}.elementor-gallery-item__image.e-gallery-image{transition-duration:var(--image-transition-duration);transition-property:filter,transform}.elementor-gallery-item__content{display:flex;flex-direction:column;justify-content:var(--content-justify-content,center);align-items:center;text-align:var(--content-text-align);padding:var(--content-padding)}.elementor-gallery-item__content>div{transition-duration:var(--content-transition-duration)}.elementor-gallery-item__content.elementor-gallery--sequenced-animation>div:nth-child(2){transition-delay:calc(var(--content-transition-delay) \/ 3)}.elementor-gallery-item__content.elementor-gallery--sequenced-animation>div:nth-child(3){transition-delay:calc(var(--content-transition-delay) \/ 3 * 2)}.elementor-gallery-item__content.elementor-gallery--sequenced-animation>div:nth-child(4){transition-delay:calc(var(--content-transition-delay) \/ 3 * 3)}.elementor-gallery-item__description{color:var(--description-text-color,#fff);width:100%}.elementor-gallery-item__title{color:var(--title-text-color,#fff);font-weight:700;width:100%}.elementor-gallery__titles-container{display:flex;flex-wrap:wrap;justify-content:var(--titles-container-justify-content,center);margin-bottom:20px}.elementor-gallery__titles-container:not(.e--pointer-framed) .elementor-item:after,.elementor-gallery__titles-container:not(.e--pointer-framed) .elementor-item:before{background-color:var(--galleries-pointer-bg-color-hover)}.elementor-gallery__titles-container:not(.e--pointer-framed) .elementor-item.elementor-item-active:after,.elementor-gallery__titles-container:not(.e--pointer-framed) .elementor-item.elementor-item-active:before{background-color:var(--galleries-pointer-bg-color-active)}.elementor-gallery__titles-container.e--pointer-framed .elementor-item:before{border-color:var(--galleries-pointer-bg-color-hover);border-width:var(--galleries-pointer-border-width)}.elementor-gallery__titles-container.e--pointer-framed .elementor-item:after{border-color:var(--galleries-pointer-bg-color-hover)}.elementor-gallery__titles-container.e--pointer-framed .elementor-item.elementor-item-active:after,.elementor-gallery__titles-container.e--pointer-framed .elementor-item.elementor-item-active:before{border-color:var(--galleries-pointer-bg-color-active)}.elementor-gallery__titles-container.e--pointer-framed.e--animation-draw .elementor-item:before{border-left-width:var(--galleries-pointer-border-width);border-bottom-width:var(--galleries-pointer-border-width);border-right-width:0;border-top-width:0}.elementor-gallery__titles-container.e--pointer-framed.e--animation-draw .elementor-item:after{border-left-width:0;border-bottom-width:0;border-right-width:var(--galleries-pointer-border-width);border-top-width:var(--galleries-pointer-border-width)}.elementor-gallery__titles-container.e--pointer-framed.e--animation-corners .elementor-item:before{border-left-width:var(--galleries-pointer-border-width);border-bottom-width:0;border-right-width:0;border-top-width:var(--galleries-pointer-border-width)}.elementor-gallery__titles-container.e--pointer-framed.e--animation-corners .elementor-item:after{border-left-width:0;border-bottom-width:var(--galleries-pointer-border-width);border-right-width:var(--galleries-pointer-border-width);border-top-width:0}.elementor-gallery__titles-container .e--pointer-double-line .elementor-item:after,.elementor-gallery__titles-container .e--pointer-double-line .elementor-item:before,.elementor-gallery__titles-container .e--pointer-overline .elementor-item:before,.elementor-gallery__titles-container .e--pointer-underline .elementor-item:after{height:var(--galleries-pointer-border-width)}.elementor-gallery-title{--space-between:10px;cursor:pointer;color:#6d7882;font-weight:500;position:relative;padding:7px 14px;transition:all .3s}.elementor-gallery-title--active{color:#495157}.elementor-gallery-title:not(:last-child){margin-right:var(--space-between)}.elementor-gallery-item__title+.elementor-gallery-item__description{margin-top:var(--description-margin-top)}.e-gallery-item.elementor-gallery-item{transition-property:all}.e-gallery-item.elementor-animated-content .elementor-animated-item--enter-from-bottom,.e-gallery-item.elementor-animated-content .elementor-animated-item--enter-from-left,.e-gallery-item.elementor-animated-content .elementor-animated-item--enter-from-right,.e-gallery-item.elementor-animated-content .elementor-animated-item--enter-from-top,.e-gallery-item:focus .elementor-gallery__item-overlay-bg,.e-gallery-item:focus .elementor-gallery__item-overlay-content,.e-gallery-item:focus .elementor-gallery__item-overlay-content__description,.e-gallery-item:focus .elementor-gallery__item-overlay-content__title,.e-gallery-item:hover .elementor-gallery__item-overlay-bg,.e-gallery-item:hover .elementor-gallery__item-overlay-content,.e-gallery-item:hover .elementor-gallery__item-overlay-content__description,.e-gallery-item:hover .elementor-gallery__item-overlay-content__title{opacity:1}a.elementor-item.elementor-gallery-title{color:var(--galleries-title-color-normal)}a.elementor-item.elementor-gallery-title.elementor-item-active,a.elementor-item.elementor-gallery-title.highlighted,a.elementor-item.elementor-gallery-title:focus,a.elementor-item.elementor-gallery-title:hover{color:var(--galleries-title-color-hover)}a.elementor-item.elementor-gallery-title.elementor-item-active{color:var(--gallery-title-color-active)}.e-con-inner>.elementor-widget-gallery,.e-con>.elementor-widget-gallery{width:var(--container-widget-width);--flex-grow:var(--container-widget-flex-grow)}<\/style>\t\t<div class=\"elementor-gallery__container\">\n\t\t\t\t\t\t\t<a class=\"e-gallery-item elementor-gallery-item elementor-animated-content\" href=\"https:\/\/www.oadc.cz\/wp-content\/uploads\/2020\/12\/Tereza-Horakova.png\" data-elementor-open-lightbox=\"yes\" data-elementor-lightbox-slideshow=\"90217c7\" data-elementor-lightbox-title=\"Tereza Hor\u00e1kov\u00e1\" data-e-action-hash=\"#elementor-action%3Aaction%3Dlightbox%26settings%3DeyJpZCI6NTkwLCJ1cmwiOiJodHRwczpcL1wvd3d3Lm9hZGMuY3pcL3dwLWNvbnRlbnRcL3VwbG9hZHNcLzIwMjBcLzEyXC9UZXJlemEtSG9yYWtvdmEucG5nIiwic2xpZGVzaG93IjoiOTAyMTdjNyJ9\">\n\t\t\t\t\t<div class=\"e-gallery-image elementor-gallery-item__image\" data-thumbnail=\"https:\/\/www.oadc.cz\/wp-content\/uploads\/2020\/12\/Tereza-Horakova-297x300.png\" data-width=\"297\" data-height=\"300\" aria-label=\"\" role=\"img\" ><\/div>\n\t\t\t\t\t\t\t\t\t\t\t<div class=\"elementor-gallery-item__overlay\"><\/div>\n\t\t\t\t\t\t\t\t\t\t\t\t\t\t<\/a>\n\t\t\t\t\t<\/div>\n\t\t\t<\/div>\n\t\t\t\t<\/div>\n\t\t\t\t\t<\/div>\n\t\t<\/div>\n\t\t\t\t\t<\/div>\n\t\t<\/section>\n\t\t\t\t<\/div>\n\t\t","protected":false},"excerpt":{"rendered":"<p>Tereza Hor\u00e1kov\u00e1 Technick\u00e1 univerzita Liberec Jmenuji se Tereza Hor\u00e1kov\u00e1 a jsem hrdou absolventkou Evropsk\u00e9 obchodn\u00ed akademie se zam\u011b\u0159en\u00edm Evropsk\u00fd hospod\u00e1\u0159sk\u00fd asistent. Je to u\u017e 6 let, co jsem odmaturovala, rozt\u00e1hla k\u0159\u00eddla a odst\u011bhovala se do Liberce. Nyn\u00ed studuji doktor\u00e1t, pracuji v&nbsp;Kari\u00e9rov\u00e9m centru univerzity a k&nbsp;tomu v\u0161emu jsem tak\u00e9 v Libereck\u00e9m podnikatelsk\u00e9m inkub\u00e1toru a inova\u010dn\u00edm centru [&hellip;]<\/p>\n","protected":false},"author":1,"featured_media":0,"parent":574,"menu_order":0,"comment_status":"closed","ping_status":"closed","template":"template-parts\/template-homepage.php","meta":{"footnotes":""},"yoast_head":"<!-- This site is optimized with the Yoast SEO plugin v22.1 - https:\/\/yoast.com\/wordpress\/plugins\/seo\/ -->\n<title>Tereza Hor\u00e1kov\u00e1 - Evropsk\u00e1 obchodn\u00ed akademie<\/title>\n<meta name=\"robots\" content=\"index, follow, max-snippet:-1, max-image-preview:large, max-video-preview:-1\" \/>\n<link rel=\"canonical\" href=\"https:\/\/www.oadc.cz\/index.php\/absolventi\/tereza-horakova-2\/\" \/>\n<meta property=\"og:locale\" content=\"cs_CZ\" \/>\n<meta property=\"og:type\" content=\"article\" \/>\n<meta property=\"og:title\" content=\"Tereza Hor\u00e1kov\u00e1 - Evropsk\u00e1 obchodn\u00ed akademie\" \/>\n<meta property=\"og:description\" content=\"Tereza Hor\u00e1kov\u00e1 Technick\u00e1 univerzita Liberec Jmenuji se Tereza Hor\u00e1kov\u00e1 a jsem hrdou absolventkou Evropsk\u00e9 obchodn\u00ed akademie se zam\u011b\u0159en\u00edm Evropsk\u00fd hospod\u00e1\u0159sk\u00fd asistent. Je to u\u017e 6 let, co jsem odmaturovala, rozt\u00e1hla k\u0159\u00eddla a odst\u011bhovala se do Liberce. Nyn\u00ed studuji doktor\u00e1t, pracuji v&nbsp;Kari\u00e9rov\u00e9m centru univerzity a k&nbsp;tomu v\u0161emu jsem tak\u00e9 v Libereck\u00e9m podnikatelsk\u00e9m inkub\u00e1toru a inova\u010dn\u00edm centru [&hellip;]\" \/>\n<meta property=\"og:url\" content=\"https:\/\/www.oadc.cz\/index.php\/absolventi\/tereza-horakova-2\/\" \/>\n<meta property=\"og:site_name\" content=\"Evropsk\u00e1 obchodn\u00ed akademie\" \/>\n<meta property=\"article:publisher\" content=\"https:\/\/www.facebook.com\/eoadc\" \/>\n<meta property=\"article:modified_time\" content=\"2020-12-28T18:19:59+00:00\" \/>\n<meta name=\"twitter:card\" content=\"summary_large_image\" \/>\n<meta name=\"twitter:label1\" content=\"Odhadovan\u00e1 doba \u010dten\u00ed\" \/>\n\t<meta name=\"twitter:data1\" content=\"2 minuty\" \/>\n<script type=\"application\/ld+json\" class=\"yoast-schema-graph\">{\"@context\":\"https:\/\/schema.org\",\"@graph\":[{\"@type\":\"WebPage\",\"@id\":\"https:\/\/www.oadc.cz\/index.php\/absolventi\/tereza-horakova-2\/\",\"url\":\"https:\/\/www.oadc.cz\/index.php\/absolventi\/tereza-horakova-2\/\",\"name\":\"Tereza Hor\u00e1kov\u00e1 - Evropsk\u00e1 obchodn\u00ed akademie\",\"isPartOf\":{\"@id\":\"https:\/\/www.oadc.cz\/#website\"},\"datePublished\":\"2020-12-28T18:18:26+00:00\",\"dateModified\":\"2020-12-28T18:19:59+00:00\",\"breadcrumb\":{\"@id\":\"https:\/\/www.oadc.cz\/index.php\/absolventi\/tereza-horakova-2\/#breadcrumb\"},\"inLanguage\":\"cs\",\"potentialAction\":[{\"@type\":\"ReadAction\",\"target\":[\"https:\/\/www.oadc.cz\/index.php\/absolventi\/tereza-horakova-2\/\"]}]},{\"@type\":\"BreadcrumbList\",\"@id\":\"https:\/\/www.oadc.cz\/index.php\/absolventi\/tereza-horakova-2\/#breadcrumb\",\"itemListElement\":[{\"@type\":\"ListItem\",\"position\":1,\"name\":\"Dom\u016f\",\"item\":\"https:\/\/www.oadc.cz\/\"},{\"@type\":\"ListItem\",\"position\":2,\"name\":\"Absolventi\",\"item\":\"https:\/\/www.oadc.cz\/index.php\/absolventi\/\"},{\"@type\":\"ListItem\",\"position\":3,\"name\":\"Tereza Hor\u00e1kov\u00e1\"}]},{\"@type\":\"WebSite\",\"@id\":\"https:\/\/www.oadc.cz\/#website\",\"url\":\"https:\/\/www.oadc.cz\/\",\"name\":\"Evropsk\u00e1 obchodn\u00ed akademie\",\"description\":\"st\u0159edn\u00ed odborn\u00e1 \u0161kola v D\u011b\u010d\u00edn\u011b\",\"publisher\":{\"@id\":\"https:\/\/www.oadc.cz\/#organization\"},\"potentialAction\":[{\"@type\":\"SearchAction\",\"target\":{\"@type\":\"EntryPoint\",\"urlTemplate\":\"https:\/\/www.oadc.cz\/?s={search_term_string}\"},\"query-input\":\"required name=search_term_string\"}],\"inLanguage\":\"cs\"},{\"@type\":\"Organization\",\"@id\":\"https:\/\/www.oadc.cz\/#organization\",\"name\":\"Evropsk\u00e1 Obchodn\u00ed Akademie\",\"url\":\"https:\/\/www.oadc.cz\/\",\"logo\":{\"@type\":\"ImageObject\",\"inLanguage\":\"cs\",\"@id\":\"https:\/\/www.oadc.cz\/#\/schema\/logo\/image\/\",\"url\":\"https:\/\/www.oadc.cz\/wp-content\/uploads\/2020\/12\/EOA-logo_upr.png\",\"contentUrl\":\"https:\/\/www.oadc.cz\/wp-content\/uploads\/2020\/12\/EOA-logo_upr.png\",\"width\":850,\"height\":632,\"caption\":\"Evropsk\u00e1 Obchodn\u00ed Akademie\"},\"image\":{\"@id\":\"https:\/\/www.oadc.cz\/#\/schema\/logo\/image\/\"},\"sameAs\":[\"https:\/\/www.facebook.com\/eoadc\",\"https:\/\/www.instagram.com\/eoa.dc\/\"]}]}<\/script>\n<!-- \/ Yoast SEO plugin. -->","yoast_head_json":{"title":"Tereza Hor\u00e1kov\u00e1 - Evropsk\u00e1 obchodn\u00ed akademie","robots":{"index":"index","follow":"follow","max-snippet":"max-snippet:-1","max-image-preview":"max-image-preview:large","max-video-preview":"max-video-preview:-1"},"canonical":"https:\/\/www.oadc.cz\/index.php\/absolventi\/tereza-horakova-2\/","og_locale":"cs_CZ","og_type":"article","og_title":"Tereza Hor\u00e1kov\u00e1 - Evropsk\u00e1 obchodn\u00ed akademie","og_description":"Tereza Hor\u00e1kov\u00e1 Technick\u00e1 univerzita Liberec Jmenuji se Tereza Hor\u00e1kov\u00e1 a jsem hrdou absolventkou Evropsk\u00e9 obchodn\u00ed akademie se zam\u011b\u0159en\u00edm Evropsk\u00fd hospod\u00e1\u0159sk\u00fd asistent. Je to u\u017e 6 let, co jsem odmaturovala, rozt\u00e1hla k\u0159\u00eddla a odst\u011bhovala se do Liberce. Nyn\u00ed studuji doktor\u00e1t, pracuji v&nbsp;Kari\u00e9rov\u00e9m centru univerzity a k&nbsp;tomu v\u0161emu jsem tak\u00e9 v Libereck\u00e9m podnikatelsk\u00e9m inkub\u00e1toru a inova\u010dn\u00edm centru [&hellip;]","og_url":"https:\/\/www.oadc.cz\/index.php\/absolventi\/tereza-horakova-2\/","og_site_name":"Evropsk\u00e1 obchodn\u00ed akademie","article_publisher":"https:\/\/www.facebook.com\/eoadc","article_modified_time":"2020-12-28T18:19:59+00:00","twitter_card":"summary_large_image","twitter_misc":{"Odhadovan\u00e1 doba \u010dten\u00ed":"2 minuty"},"schema":{"@context":"https:\/\/schema.org","@graph":[{"@type":"WebPage","@id":"https:\/\/www.oadc.cz\/index.php\/absolventi\/tereza-horakova-2\/","url":"https:\/\/www.oadc.cz\/index.php\/absolventi\/tereza-horakova-2\/","name":"Tereza Hor\u00e1kov\u00e1 - Evropsk\u00e1 obchodn\u00ed akademie","isPartOf":{"@id":"https:\/\/www.oadc.cz\/#website"},"datePublished":"2020-12-28T18:18:26+00:00","dateModified":"2020-12-28T18:19:59+00:00","breadcrumb":{"@id":"https:\/\/www.oadc.cz\/index.php\/absolventi\/tereza-horakova-2\/#breadcrumb"},"inLanguage":"cs","potentialAction":[{"@type":"ReadAction","target":["https:\/\/www.oadc.cz\/index.php\/absolventi\/tereza-horakova-2\/"]}]},{"@type":"BreadcrumbList","@id":"https:\/\/www.oadc.cz\/index.php\/absolventi\/tereza-horakova-2\/#breadcrumb","itemListElement":[{"@type":"ListItem","position":1,"name":"Dom\u016f","item":"https:\/\/www.oadc.cz\/"},{"@type":"ListItem","position":2,"name":"Absolventi","item":"https:\/\/www.oadc.cz\/index.php\/absolventi\/"},{"@type":"ListItem","position":3,"name":"Tereza Hor\u00e1kov\u00e1"}]},{"@type":"WebSite","@id":"https:\/\/www.oadc.cz\/#website","url":"https:\/\/www.oadc.cz\/","name":"Evropsk\u00e1 obchodn\u00ed akademie","description":"st\u0159edn\u00ed odborn\u00e1 \u0161kola v D\u011b\u010d\u00edn\u011b","publisher":{"@id":"https:\/\/www.oadc.cz\/#organization"},"potentialAction":[{"@type":"SearchAction","target":{"@type":"EntryPoint","urlTemplate":"https:\/\/www.oadc.cz\/?s={search_term_string}"},"query-input":"required name=search_term_string"}],"inLanguage":"cs"},{"@type":"Organization","@id":"https:\/\/www.oadc.cz\/#organization","name":"Evropsk\u00e1 Obchodn\u00ed Akademie","url":"https:\/\/www.oadc.cz\/","logo":{"@type":"ImageObject","inLanguage":"cs","@id":"https:\/\/www.oadc.cz\/#\/schema\/logo\/image\/","url":"https:\/\/www.oadc.cz\/wp-content\/uploads\/2020\/12\/EOA-logo_upr.png","contentUrl":"https:\/\/www.oadc.cz\/wp-content\/uploads\/2020\/12\/EOA-logo_upr.png","width":850,"height":632,"caption":"Evropsk\u00e1 Obchodn\u00ed Akademie"},"image":{"@id":"https:\/\/www.oadc.cz\/#\/schema\/logo\/image\/"},"sameAs":["https:\/\/www.facebook.com\/eoadc","https:\/\/www.instagram.com\/eoa.dc\/"]}]}},"_links":{"self":[{"href":"https:\/\/www.oadc.cz\/index.php\/wp-json\/wp\/v2\/pages\/715"}],"collection":[{"href":"https:\/\/www.oadc.cz\/index.php\/wp-json\/wp\/v2\/pages"}],"about":[{"href":"https:\/\/www.oadc.cz\/index.php\/wp-json\/wp\/v2\/types\/page"}],"author":[{"embeddable":true,"href":"https:\/\/www.oadc.cz\/index.php\/wp-json\/wp\/v2\/users\/1"}],"replies":[{"embeddable":true,"href":"https:\/\/www.oadc.cz\/index.php\/wp-json\/wp\/v2\/comments?post=715"}],"version-history":[{"count":4,"href":"https:\/\/www.oadc.cz\/index.php\/wp-json\/wp\/v2\/pages\/715\/revisions"}],"predecessor-version":[{"id":722,"href":"https:\/\/www.oadc.cz\/index.php\/wp-json\/wp\/v2\/pages\/715\/revisions\/722"}],"up":[{"embeddable":true,"href":"https:\/\/www.oadc.cz\/index.php\/wp-json\/wp\/v2\/pages\/574"}],"wp:attachment":[{"href":"https:\/\/www.oadc.cz\/index.php\/wp-json\/wp\/v2\/media?parent=715"}],"curies":[{"name":"wp","href":"https:\/\/api.w.org\/{rel}","templated":true}]}}