{"id":5050,"date":"2022-12-02T21:59:37","date_gmt":"2022-12-02T20:59:37","guid":{"rendered":"https:\/\/www.oadc.cz\/?page_id=5050"},"modified":"2022-12-02T22:04:35","modified_gmt":"2022-12-02T21:04:35","slug":"david-matza","status":"publish","type":"page","link":"https:\/\/www.oadc.cz\/index.php\/absolventi\/david-matza\/","title":{"rendered":"David Matza"},"content":{"rendered":"\t\t<div data-elementor-type=\"wp-page\" data-elementor-id=\"5050\" class=\"elementor elementor-5050\" data-elementor-post-type=\"page\">\n\t\t\t\t\t\t<section class=\"elementor-section elementor-top-section elementor-element elementor-element-433d495 elementor-section-content-middle elementor-section-boxed elementor-section-height-default elementor-section-height-default\" data-id=\"433d495\" data-element_type=\"section\">\n\t\t\t\t\t\t<div class=\"elementor-container elementor-column-gap-no\">\n\t\t\t\t\t<div class=\"elementor-column elementor-col-100 elementor-top-column elementor-element elementor-element-3fb5bab\" data-id=\"3fb5bab\" data-element_type=\"column\">\n\t\t\t<div class=\"elementor-widget-wrap elementor-element-populated\">\n\t\t\t\t\t\t<div class=\"elementor-element elementor-element-7ac6900 elementor-widget elementor-widget-heading\" data-id=\"7ac6900\" data-element_type=\"widget\" data-widget_type=\"heading.default\">\n\t\t\t\t<div class=\"elementor-widget-container\">\n\t\t\t<style>\/*! elementor - v3.19.0 - 26-02-2024 *\/\n.elementor-heading-title{padding:0;margin:0;line-height:1}.elementor-widget-heading .elementor-heading-title[class*=elementor-size-]>a{color:inherit;font-size:inherit;line-height:inherit}.elementor-widget-heading .elementor-heading-title.elementor-size-small{font-size:15px}.elementor-widget-heading .elementor-heading-title.elementor-size-medium{font-size:19px}.elementor-widget-heading .elementor-heading-title.elementor-size-large{font-size:29px}.elementor-widget-heading .elementor-heading-title.elementor-size-xl{font-size:39px}.elementor-widget-heading .elementor-heading-title.elementor-size-xxl{font-size:59px}<\/style><h4 class=\"elementor-heading-title elementor-size-default\">David Matza<\/h4>\t\t<\/div>\n\t\t\t\t<\/div>\n\t\t\t\t<div class=\"elementor-element elementor-element-c361210 elementor-widget elementor-widget-text-editor\" data-id=\"c361210\" data-element_type=\"widget\" data-widget_type=\"text-editor.default\">\n\t\t\t\t<div class=\"elementor-widget-container\">\n\t\t\t<style>\/*! elementor - v3.19.0 - 26-02-2024 *\/\n.elementor-widget-text-editor.elementor-drop-cap-view-stacked .elementor-drop-cap{background-color:#69727d;color:#fff}.elementor-widget-text-editor.elementor-drop-cap-view-framed .elementor-drop-cap{color:#69727d;border:3px solid;background-color:transparent}.elementor-widget-text-editor:not(.elementor-drop-cap-view-default) .elementor-drop-cap{margin-top:8px}.elementor-widget-text-editor:not(.elementor-drop-cap-view-default) .elementor-drop-cap-letter{width:1em;height:1em}.elementor-widget-text-editor .elementor-drop-cap{float:left;text-align:center;line-height:1;font-size:50px}.elementor-widget-text-editor .elementor-drop-cap-letter{display:inline-block}<\/style>\t\t\t\t<p class=\"MsoNormal\"><b><span style=\"font-size: 12pt; line-height: 107%; color: #222222; background-image: initial; background-position: initial; background-size: initial; background-repeat: initial; background-attachment: initial; background-origin: initial; background-clip: initial;\">Pedagog voln\u00e9ho \u010dasu\/Tren\u00e9r<\/span><\/b><\/p>\t\t\t\t\t\t<\/div>\n\t\t\t\t<\/div>\n\t\t\t\t<div class=\"elementor-element elementor-element-7375459 elementor-widget elementor-widget-text-editor\" data-id=\"7375459\" data-element_type=\"widget\" data-widget_type=\"text-editor.default\">\n\t\t\t\t<div class=\"elementor-widget-container\">\n\t\t\t\t\t\t\t<p>Ahoj, jmenuji se David Matza. Cel\u00fd m\u016fj \u017eivot se mot\u00e1m okolo sportu, a tak nen\u00ed divu, \u017ee jsem na EOA studoval Sportovn\u00ed marketing a management. U\u017e p\u0159i studiu na \u201eobchodce\u201c jsem nav\u00edc p\u016fsobil v\u00a0d\u011b\u010d\u00ednsk\u00e9m florbalov\u00e9m klubu jako tren\u00e9r ml\u00e1de\u017ee, co\u017e se s\u00a0m\u00fdm studijn\u00edm oborem skv\u011ble dopl\u0148ovalo. Sportovn\u00edmu zam\u011b\u0159en\u00ed jsem z\u016fstal v\u011brn\u00fd i po maturit\u011b, kdy jsem zam\u00ed\u0159il na PF UJEP a z\u00edskal zde titul bakal\u00e1\u0159 &#8211; u\u010ditelstv\u00ed v\u00a0oboru t\u011blesn\u00e1 v\u00fdchova a historie. Ihned po st\u00e1tnic\u00edch mi p\u0159i\u0161la nab\u00eddka pracovat v\u00a0D\u011b\u010d\u00ednsk\u00e9m dom\u011b d\u011bt\u00ed a ml\u00e1de\u017ee, pod kter\u00fdm funguje cel\u00fd florbalov\u00fd odd\u00edl, a takovou nab\u00eddku jsem nemohl odm\u00edtnout..<\/p><p>D\u016fm d\u011bt\u00ed a ml\u00e1de\u017ee je organizace nab\u00edzej\u00edc\u00ed volno\u010dasov\u00e9 vy\u017eit\u00ed pro d\u011bti a mladistv\u00e9. Krom\u011b pravideln\u00e9 \u010dinnosti (z\u00e1jmov\u00fdch krou\u017ek\u016f), organizuje v\u0161emo\u017en\u00e9 akce pro ve\u0159ejnost, vystoupen\u00ed, koncerty, t\u00e1bory, atd. Konkr\u00e9tn\u011b na\u0161e D\u011b\u010d\u00ednsk\u00e9 DDM sdru\u017euje na 2.500 klient\u016f.<\/p><p>Hlavn\u00ed n\u00e1pln\u00ed m\u00e9 pr\u00e1ce je pedagogick\u00e1 \u010dinnost a kompletn\u00ed obstar\u00e1v\u00e1n\u00ed pot\u0159eb dal\u0161\u00edch z\u00e1jmov\u00fdch \u00fatvar\u016f a jejich extern\u00edch vedouc\u00edch, kter\u00e9 m\u00e1m na starost. Jeliko\u017e mezi n\u011b pat\u0159\u00ed krou\u017eky jako historick\u00fd \u0161erm, krou\u017eek hasi\u010d\u016f, tane\u010dn\u00ed odd\u00edl, v\u00fdtvarn\u00fd ateli\u00e9r, lekce angli\u010dtiny \u010di in-line bruslen\u00ed je m\u00e1 pr\u00e1ce zna\u010dn\u011b rozmanit\u00e1.<\/p><p>Na pr\u00e1ci v\u00a0DDM m\u00e1m nejrad\u011bji pr\u00e1v\u011b jej\u00ed pestrost, jeden den tr\u00e9nuji d\u011bti florbal, druh\u00fd den d\u011bl\u00e1m stra\u0161idlo na poh\u00e1dkov\u00e9m lese, dal\u0161\u00ed zase organizuji jednu z olympi\u00e1d pro Z\u0160 \u010di S\u0160. Toto v\u0161e samoz\u0159ejm\u011b doprov\u00e1z\u00ed nezbytn\u00e1 administrativa.<\/p><p>V\u00a0praxi vyu\u017e\u00edv\u00e1m spoustu dovednost\u00ed, kter\u00e9 jsem nasb\u00edral p\u0159i studiu na EOA. Od pr\u00e1ce na PC kde na ka\u017edodenn\u00ed b\u00e1zi \u010derp\u00e1m z hodin p\u00edsemn\u00e9 elektronick\u00e9 komunikace, z hodin ICT a pr\u00e1ci mi v\u00fdrazn\u011b usnad\u0148uje psan\u00ed v\u0161emi deseti, je\u017e jsem se nau\u010dil tak\u00e9 na EOA. K tr\u00e9nov\u00e1n\u00ed \u010derp\u00e1m poznatky nap\u0159. z teorie sportovn\u00edho tr\u00e9ninku \u010di anatomie, a proto\u017ee m\u00e1m na starost klubov\u00e9 soci\u00e1ln\u00ed s\u00edt\u011b a pat\u0159\u00edm k u\u017e\u0161\u00edmu veden\u00ed klubu, vyu\u017e\u00edv\u00e1m i znalosti ze sportovn\u00edho marketingu a managementu \u010di projektov\u00e9ho \u0159\u00edzen\u00ed.<\/p><p>Pr\u00e1ce v\u00a0DDM m\u00e1 zv\u00fd\u0161en\u00e9 n\u00e1roky na organiza\u010dn\u00ed schopnosti. Na druhou stranu nab\u00edz\u00ed velkou m\u00edru volnosti a seberealizace. Vhodn\u00e1 je tak pro kreativn\u00ed a iniciativn\u00ed jedince.<\/p><p>Jse\u0161-li spor\u0165\u00e1k jako j\u00e1 a p\u016fsob\u00ed\u0161 ve sportovn\u00edm klubu, ur\u010dit\u011b jdi studovat Sportovn\u00ed marketing a management, nebude\u0161 litovat \ud83d\ude09<\/p>\t\t\t\t\t\t<\/div>\n\t\t\t\t<\/div>\n\t\t\t\t<div class=\"elementor-element elementor-element-f4a9768 elementor-widget elementor-widget-gallery\" data-id=\"f4a9768\" data-element_type=\"widget\" data-settings=\"{&quot;lazyload&quot;:&quot;yes&quot;,&quot;gallery_layout&quot;:&quot;grid&quot;,&quot;columns&quot;:4,&quot;columns_tablet&quot;:2,&quot;columns_mobile&quot;:1,&quot;gap&quot;:{&quot;unit&quot;:&quot;px&quot;,&quot;size&quot;:10,&quot;sizes&quot;:[]},&quot;gap_tablet&quot;:{&quot;unit&quot;:&quot;px&quot;,&quot;size&quot;:10,&quot;sizes&quot;:[]},&quot;gap_mobile&quot;:{&quot;unit&quot;:&quot;px&quot;,&quot;size&quot;:10,&quot;sizes&quot;:[]},&quot;link_to&quot;:&quot;file&quot;,&quot;aspect_ratio&quot;:&quot;3:2&quot;,&quot;overlay_background&quot;:&quot;yes&quot;,&quot;content_hover_animation&quot;:&quot;fade-in&quot;}\" data-widget_type=\"gallery.default\">\n\t\t\t\t<div class=\"elementor-widget-container\">\n\t\t\t<style>\/*! elementor-pro - v3.19.0 - 26-02-2024 *\/\n.elementor-gallery__container{min-height:1px}.elementor-gallery-item{position:relative;overflow:hidden;display:block;text-decoration:none;border:solid var(--image-border-width) var(--image-border-color);border-radius:var(--image-border-radius)}.elementor-gallery-item__content,.elementor-gallery-item__overlay{height:100%;width:100%;position:absolute;top:0;left:0}.elementor-gallery-item__overlay{mix-blend-mode:var(--overlay-mix-blend-mode);transition-duration:var(--overlay-transition-duration);transition-property:mix-blend-mode,transform,opacity,background-color}.elementor-gallery-item__image.e-gallery-image{transition-duration:var(--image-transition-duration);transition-property:filter,transform}.elementor-gallery-item__content{display:flex;flex-direction:column;justify-content:var(--content-justify-content,center);align-items:center;text-align:var(--content-text-align);padding:var(--content-padding)}.elementor-gallery-item__content>div{transition-duration:var(--content-transition-duration)}.elementor-gallery-item__content.elementor-gallery--sequenced-animation>div:nth-child(2){transition-delay:calc(var(--content-transition-delay) \/ 3)}.elementor-gallery-item__content.elementor-gallery--sequenced-animation>div:nth-child(3){transition-delay:calc(var(--content-transition-delay) \/ 3 * 2)}.elementor-gallery-item__content.elementor-gallery--sequenced-animation>div:nth-child(4){transition-delay:calc(var(--content-transition-delay) \/ 3 * 3)}.elementor-gallery-item__description{color:var(--description-text-color,#fff);width:100%}.elementor-gallery-item__title{color:var(--title-text-color,#fff);font-weight:700;width:100%}.elementor-gallery__titles-container{display:flex;flex-wrap:wrap;justify-content:var(--titles-container-justify-content,center);margin-bottom:20px}.elementor-gallery__titles-container:not(.e--pointer-framed) .elementor-item:after,.elementor-gallery__titles-container:not(.e--pointer-framed) .elementor-item:before{background-color:var(--galleries-pointer-bg-color-hover)}.elementor-gallery__titles-container:not(.e--pointer-framed) .elementor-item.elementor-item-active:after,.elementor-gallery__titles-container:not(.e--pointer-framed) .elementor-item.elementor-item-active:before{background-color:var(--galleries-pointer-bg-color-active)}.elementor-gallery__titles-container.e--pointer-framed .elementor-item:before{border-color:var(--galleries-pointer-bg-color-hover);border-width:var(--galleries-pointer-border-width)}.elementor-gallery__titles-container.e--pointer-framed .elementor-item:after{border-color:var(--galleries-pointer-bg-color-hover)}.elementor-gallery__titles-container.e--pointer-framed .elementor-item.elementor-item-active:after,.elementor-gallery__titles-container.e--pointer-framed .elementor-item.elementor-item-active:before{border-color:var(--galleries-pointer-bg-color-active)}.elementor-gallery__titles-container.e--pointer-framed.e--animation-draw .elementor-item:before{border-left-width:var(--galleries-pointer-border-width);border-bottom-width:var(--galleries-pointer-border-width);border-right-width:0;border-top-width:0}.elementor-gallery__titles-container.e--pointer-framed.e--animation-draw .elementor-item:after{border-left-width:0;border-bottom-width:0;border-right-width:var(--galleries-pointer-border-width);border-top-width:var(--galleries-pointer-border-width)}.elementor-gallery__titles-container.e--pointer-framed.e--animation-corners .elementor-item:before{border-left-width:var(--galleries-pointer-border-width);border-bottom-width:0;border-right-width:0;border-top-width:var(--galleries-pointer-border-width)}.elementor-gallery__titles-container.e--pointer-framed.e--animation-corners .elementor-item:after{border-left-width:0;border-bottom-width:var(--galleries-pointer-border-width);border-right-width:var(--galleries-pointer-border-width);border-top-width:0}.elementor-gallery__titles-container .e--pointer-double-line .elementor-item:after,.elementor-gallery__titles-container .e--pointer-double-line .elementor-item:before,.elementor-gallery__titles-container .e--pointer-overline .elementor-item:before,.elementor-gallery__titles-container .e--pointer-underline .elementor-item:after{height:var(--galleries-pointer-border-width)}.elementor-gallery-title{--space-between:10px;cursor:pointer;color:#6d7882;font-weight:500;position:relative;padding:7px 14px;transition:all .3s}.elementor-gallery-title--active{color:#495157}.elementor-gallery-title:not(:last-child){margin-right:var(--space-between)}.elementor-gallery-item__title+.elementor-gallery-item__description{margin-top:var(--description-margin-top)}.e-gallery-item.elementor-gallery-item{transition-property:all}.e-gallery-item.elementor-animated-content .elementor-animated-item--enter-from-bottom,.e-gallery-item.elementor-animated-content .elementor-animated-item--enter-from-left,.e-gallery-item.elementor-animated-content .elementor-animated-item--enter-from-right,.e-gallery-item.elementor-animated-content .elementor-animated-item--enter-from-top,.e-gallery-item:focus .elementor-gallery__item-overlay-bg,.e-gallery-item:focus .elementor-gallery__item-overlay-content,.e-gallery-item:focus .elementor-gallery__item-overlay-content__description,.e-gallery-item:focus .elementor-gallery__item-overlay-content__title,.e-gallery-item:hover .elementor-gallery__item-overlay-bg,.e-gallery-item:hover .elementor-gallery__item-overlay-content,.e-gallery-item:hover .elementor-gallery__item-overlay-content__description,.e-gallery-item:hover .elementor-gallery__item-overlay-content__title{opacity:1}a.elementor-item.elementor-gallery-title{color:var(--galleries-title-color-normal)}a.elementor-item.elementor-gallery-title.elementor-item-active,a.elementor-item.elementor-gallery-title.highlighted,a.elementor-item.elementor-gallery-title:focus,a.elementor-item.elementor-gallery-title:hover{color:var(--galleries-title-color-hover)}a.elementor-item.elementor-gallery-title.elementor-item-active{color:var(--gallery-title-color-active)}.e-con-inner>.elementor-widget-gallery,.e-con>.elementor-widget-gallery{width:var(--container-widget-width);--flex-grow:var(--container-widget-flex-grow)}<\/style>\t\t<div class=\"elementor-gallery__container\">\n\t\t\t\t\t\t\t<a class=\"e-gallery-item elementor-gallery-item elementor-animated-content\" href=\"https:\/\/www.oadc.cz\/wp-content\/uploads\/2022\/12\/David-Matza-1-scaled.jpg\" data-elementor-open-lightbox=\"yes\" data-elementor-lightbox-slideshow=\"f4a9768\" data-elementor-lightbox-title=\"David Matza 1\" data-e-action-hash=\"#elementor-action%3Aaction%3Dlightbox%26settings%3DeyJpZCI6NTAzOCwidXJsIjoiaHR0cHM6XC9cL3d3dy5vYWRjLmN6XC93cC1jb250ZW50XC91cGxvYWRzXC8yMDIyXC8xMlwvRGF2aWQtTWF0emEtMS1zY2FsZWQuanBnIiwic2xpZGVzaG93IjoiZjRhOTc2OCJ9\">\n\t\t\t\t\t<div class=\"e-gallery-image elementor-gallery-item__image\" data-thumbnail=\"https:\/\/www.oadc.cz\/wp-content\/uploads\/2022\/12\/David-Matza-1-300x300.jpg\" data-width=\"300\" data-height=\"300\" aria-label=\"David Matza\" role=\"img\" ><\/div>\n\t\t\t\t\t\t\t\t\t\t\t<div class=\"elementor-gallery-item__overlay\"><\/div>\n\t\t\t\t\t\t\t\t\t\t\t\t\t\t<\/a>\n\t\t\t\t\t<\/div>\n\t\t\t<\/div>\n\t\t\t\t<\/div>\n\t\t\t\t\t<\/div>\n\t\t<\/div>\n\t\t\t\t\t<\/div>\n\t\t<\/section>\n\t\t\t\t<\/div>\n\t\t","protected":false},"excerpt":{"rendered":"<p>David Matza Pedagog voln\u00e9ho \u010dasu\/Tren\u00e9r Ahoj, jmenuji se David Matza. Cel\u00fd m\u016fj \u017eivot se mot\u00e1m okolo sportu, a tak nen\u00ed divu, \u017ee jsem na EOA studoval Sportovn\u00ed marketing a management. U\u017e p\u0159i studiu na \u201eobchodce\u201c jsem nav\u00edc p\u016fsobil v&nbsp;d\u011b\u010d\u00ednsk\u00e9m florbalov\u00e9m klubu jako tren\u00e9r ml\u00e1de\u017ee, co\u017e se s&nbsp;m\u00fdm studijn\u00edm oborem skv\u011ble dopl\u0148ovalo. Sportovn\u00edmu zam\u011b\u0159en\u00ed jsem z\u016fstal [&hellip;]<\/p>\n","protected":false},"author":2,"featured_media":5039,"parent":574,"menu_order":0,"comment_status":"closed","ping_status":"closed","template":"template-parts\/template-homepage.php","meta":{"footnotes":""},"yoast_head":"<!-- This site is optimized with the Yoast SEO plugin v22.1 - https:\/\/yoast.com\/wordpress\/plugins\/seo\/ -->\n<title>David Matza - Evropsk\u00e1 obchodn\u00ed akademie<\/title>\n<meta name=\"robots\" content=\"index, follow, max-snippet:-1, max-image-preview:large, max-video-preview:-1\" \/>\n<link rel=\"canonical\" href=\"https:\/\/www.oadc.cz\/index.php\/absolventi\/david-matza\/\" \/>\n<meta property=\"og:locale\" content=\"cs_CZ\" \/>\n<meta property=\"og:type\" content=\"article\" \/>\n<meta property=\"og:title\" content=\"David Matza - Evropsk\u00e1 obchodn\u00ed akademie\" \/>\n<meta property=\"og:description\" content=\"David Matza Pedagog voln\u00e9ho \u010dasu\/Tren\u00e9r Ahoj, jmenuji se David Matza. Cel\u00fd m\u016fj \u017eivot se mot\u00e1m okolo sportu, a tak nen\u00ed divu, \u017ee jsem na EOA studoval Sportovn\u00ed marketing a management. U\u017e p\u0159i studiu na \u201eobchodce\u201c jsem nav\u00edc p\u016fsobil v&nbsp;d\u011b\u010d\u00ednsk\u00e9m florbalov\u00e9m klubu jako tren\u00e9r ml\u00e1de\u017ee, co\u017e se s&nbsp;m\u00fdm studijn\u00edm oborem skv\u011ble dopl\u0148ovalo. Sportovn\u00edmu zam\u011b\u0159en\u00ed jsem z\u016fstal [&hellip;]\" \/>\n<meta property=\"og:url\" content=\"https:\/\/www.oadc.cz\/index.php\/absolventi\/david-matza\/\" \/>\n<meta property=\"og:site_name\" content=\"Evropsk\u00e1 obchodn\u00ed akademie\" \/>\n<meta property=\"article:publisher\" content=\"https:\/\/www.facebook.com\/eoadc\" \/>\n<meta property=\"article:modified_time\" content=\"2022-12-02T21:04:35+00:00\" \/>\n<meta property=\"og:image\" content=\"https:\/\/www.oadc.cz\/wp-content\/uploads\/2022\/12\/David-Matza-1-n.jpg\" \/>\n\t<meta property=\"og:image:width\" content=\"1024\" \/>\n\t<meta property=\"og:image:height\" content=\"1024\" \/>\n\t<meta property=\"og:image:type\" content=\"image\/jpeg\" \/>\n<meta name=\"twitter:card\" content=\"summary_large_image\" \/>\n<meta name=\"twitter:label1\" content=\"Odhadovan\u00e1 doba \u010dten\u00ed\" \/>\n\t<meta name=\"twitter:data1\" content=\"3 minuty\" \/>\n<script type=\"application\/ld+json\" class=\"yoast-schema-graph\">{\"@context\":\"https:\/\/schema.org\",\"@graph\":[{\"@type\":\"WebPage\",\"@id\":\"https:\/\/www.oadc.cz\/index.php\/absolventi\/david-matza\/\",\"url\":\"https:\/\/www.oadc.cz\/index.php\/absolventi\/david-matza\/\",\"name\":\"David Matza - Evropsk\u00e1 obchodn\u00ed akademie\",\"isPartOf\":{\"@id\":\"https:\/\/www.oadc.cz\/#website\"},\"datePublished\":\"2022-12-02T20:59:37+00:00\",\"dateModified\":\"2022-12-02T21:04:35+00:00\",\"breadcrumb\":{\"@id\":\"https:\/\/www.oadc.cz\/index.php\/absolventi\/david-matza\/#breadcrumb\"},\"inLanguage\":\"cs\",\"potentialAction\":[{\"@type\":\"ReadAction\",\"target\":[\"https:\/\/www.oadc.cz\/index.php\/absolventi\/david-matza\/\"]}]},{\"@type\":\"BreadcrumbList\",\"@id\":\"https:\/\/www.oadc.cz\/index.php\/absolventi\/david-matza\/#breadcrumb\",\"itemListElement\":[{\"@type\":\"ListItem\",\"position\":1,\"name\":\"Dom\u016f\",\"item\":\"https:\/\/www.oadc.cz\/\"},{\"@type\":\"ListItem\",\"position\":2,\"name\":\"Absolventi\",\"item\":\"https:\/\/www.oadc.cz\/index.php\/absolventi\/\"},{\"@type\":\"ListItem\",\"position\":3,\"name\":\"David Matza\"}]},{\"@type\":\"WebSite\",\"@id\":\"https:\/\/www.oadc.cz\/#website\",\"url\":\"https:\/\/www.oadc.cz\/\",\"name\":\"Evropsk\u00e1 obchodn\u00ed akademie\",\"description\":\"st\u0159edn\u00ed odborn\u00e1 \u0161kola v D\u011b\u010d\u00edn\u011b\",\"publisher\":{\"@id\":\"https:\/\/www.oadc.cz\/#organization\"},\"potentialAction\":[{\"@type\":\"SearchAction\",\"target\":{\"@type\":\"EntryPoint\",\"urlTemplate\":\"https:\/\/www.oadc.cz\/?s={search_term_string}\"},\"query-input\":\"required name=search_term_string\"}],\"inLanguage\":\"cs\"},{\"@type\":\"Organization\",\"@id\":\"https:\/\/www.oadc.cz\/#organization\",\"name\":\"Evropsk\u00e1 Obchodn\u00ed Akademie\",\"url\":\"https:\/\/www.oadc.cz\/\",\"logo\":{\"@type\":\"ImageObject\",\"inLanguage\":\"cs\",\"@id\":\"https:\/\/www.oadc.cz\/#\/schema\/logo\/image\/\",\"url\":\"https:\/\/www.oadc.cz\/wp-content\/uploads\/2020\/12\/EOA-logo_upr.png\",\"contentUrl\":\"https:\/\/www.oadc.cz\/wp-content\/uploads\/2020\/12\/EOA-logo_upr.png\",\"width\":850,\"height\":632,\"caption\":\"Evropsk\u00e1 Obchodn\u00ed Akademie\"},\"image\":{\"@id\":\"https:\/\/www.oadc.cz\/#\/schema\/logo\/image\/\"},\"sameAs\":[\"https:\/\/www.facebook.com\/eoadc\",\"https:\/\/www.instagram.com\/eoa.dc\/\"]}]}<\/script>\n<!-- \/ Yoast SEO plugin. -->","yoast_head_json":{"title":"David Matza - Evropsk\u00e1 obchodn\u00ed akademie","robots":{"index":"index","follow":"follow","max-snippet":"max-snippet:-1","max-image-preview":"max-image-preview:large","max-video-preview":"max-video-preview:-1"},"canonical":"https:\/\/www.oadc.cz\/index.php\/absolventi\/david-matza\/","og_locale":"cs_CZ","og_type":"article","og_title":"David Matza - Evropsk\u00e1 obchodn\u00ed akademie","og_description":"David Matza Pedagog voln\u00e9ho \u010dasu\/Tren\u00e9r Ahoj, jmenuji se David Matza. Cel\u00fd m\u016fj \u017eivot se mot\u00e1m okolo sportu, a tak nen\u00ed divu, \u017ee jsem na EOA studoval Sportovn\u00ed marketing a management. U\u017e p\u0159i studiu na \u201eobchodce\u201c jsem nav\u00edc p\u016fsobil v&nbsp;d\u011b\u010d\u00ednsk\u00e9m florbalov\u00e9m klubu jako tren\u00e9r ml\u00e1de\u017ee, co\u017e se s&nbsp;m\u00fdm studijn\u00edm oborem skv\u011ble dopl\u0148ovalo. Sportovn\u00edmu zam\u011b\u0159en\u00ed jsem z\u016fstal [&hellip;]","og_url":"https:\/\/www.oadc.cz\/index.php\/absolventi\/david-matza\/","og_site_name":"Evropsk\u00e1 obchodn\u00ed akademie","article_publisher":"https:\/\/www.facebook.com\/eoadc","article_modified_time":"2022-12-02T21:04:35+00:00","og_image":[{"width":1024,"height":1024,"url":"https:\/\/www.oadc.cz\/wp-content\/uploads\/2022\/12\/David-Matza-1-n.jpg","type":"image\/jpeg"}],"twitter_card":"summary_large_image","twitter_misc":{"Odhadovan\u00e1 doba \u010dten\u00ed":"3 minuty"},"schema":{"@context":"https:\/\/schema.org","@graph":[{"@type":"WebPage","@id":"https:\/\/www.oadc.cz\/index.php\/absolventi\/david-matza\/","url":"https:\/\/www.oadc.cz\/index.php\/absolventi\/david-matza\/","name":"David Matza - Evropsk\u00e1 obchodn\u00ed akademie","isPartOf":{"@id":"https:\/\/www.oadc.cz\/#website"},"datePublished":"2022-12-02T20:59:37+00:00","dateModified":"2022-12-02T21:04:35+00:00","breadcrumb":{"@id":"https:\/\/www.oadc.cz\/index.php\/absolventi\/david-matza\/#breadcrumb"},"inLanguage":"cs","potentialAction":[{"@type":"ReadAction","target":["https:\/\/www.oadc.cz\/index.php\/absolventi\/david-matza\/"]}]},{"@type":"BreadcrumbList","@id":"https:\/\/www.oadc.cz\/index.php\/absolventi\/david-matza\/#breadcrumb","itemListElement":[{"@type":"ListItem","position":1,"name":"Dom\u016f","item":"https:\/\/www.oadc.cz\/"},{"@type":"ListItem","position":2,"name":"Absolventi","item":"https:\/\/www.oadc.cz\/index.php\/absolventi\/"},{"@type":"ListItem","position":3,"name":"David Matza"}]},{"@type":"WebSite","@id":"https:\/\/www.oadc.cz\/#website","url":"https:\/\/www.oadc.cz\/","name":"Evropsk\u00e1 obchodn\u00ed akademie","description":"st\u0159edn\u00ed odborn\u00e1 \u0161kola v D\u011b\u010d\u00edn\u011b","publisher":{"@id":"https:\/\/www.oadc.cz\/#organization"},"potentialAction":[{"@type":"SearchAction","target":{"@type":"EntryPoint","urlTemplate":"https:\/\/www.oadc.cz\/?s={search_term_string}"},"query-input":"required name=search_term_string"}],"inLanguage":"cs"},{"@type":"Organization","@id":"https:\/\/www.oadc.cz\/#organization","name":"Evropsk\u00e1 Obchodn\u00ed Akademie","url":"https:\/\/www.oadc.cz\/","logo":{"@type":"ImageObject","inLanguage":"cs","@id":"https:\/\/www.oadc.cz\/#\/schema\/logo\/image\/","url":"https:\/\/www.oadc.cz\/wp-content\/uploads\/2020\/12\/EOA-logo_upr.png","contentUrl":"https:\/\/www.oadc.cz\/wp-content\/uploads\/2020\/12\/EOA-logo_upr.png","width":850,"height":632,"caption":"Evropsk\u00e1 Obchodn\u00ed Akademie"},"image":{"@id":"https:\/\/www.oadc.cz\/#\/schema\/logo\/image\/"},"sameAs":["https:\/\/www.facebook.com\/eoadc","https:\/\/www.instagram.com\/eoa.dc\/"]}]}},"_links":{"self":[{"href":"https:\/\/www.oadc.cz\/index.php\/wp-json\/wp\/v2\/pages\/5050"}],"collection":[{"href":"https:\/\/www.oadc.cz\/index.php\/wp-json\/wp\/v2\/pages"}],"about":[{"href":"https:\/\/www.oadc.cz\/index.php\/wp-json\/wp\/v2\/types\/page"}],"author":[{"embeddable":true,"href":"https:\/\/www.oadc.cz\/index.php\/wp-json\/wp\/v2\/users\/2"}],"replies":[{"embeddable":true,"href":"https:\/\/www.oadc.cz\/index.php\/wp-json\/wp\/v2\/comments?post=5050"}],"version-history":[{"count":5,"href":"https:\/\/www.oadc.cz\/index.php\/wp-json\/wp\/v2\/pages\/5050\/revisions"}],"predecessor-version":[{"id":5055,"href":"https:\/\/www.oadc.cz\/index.php\/wp-json\/wp\/v2\/pages\/5050\/revisions\/5055"}],"up":[{"embeddable":true,"href":"https:\/\/www.oadc.cz\/index.php\/wp-json\/wp\/v2\/pages\/574"}],"wp:featuredmedia":[{"embeddable":true,"href":"https:\/\/www.oadc.cz\/index.php\/wp-json\/wp\/v2\/media\/5039"}],"wp:attachment":[{"href":"https:\/\/www.oadc.cz\/index.php\/wp-json\/wp\/v2\/media?parent=5050"}],"curies":[{"name":"wp","href":"https:\/\/api.w.org\/{rel}","templated":true}]}}