{"id":5032,"date":"2022-12-02T21:16:16","date_gmt":"2022-12-02T20:16:16","guid":{"rendered":"https:\/\/www.oadc.cz\/?page_id=5032"},"modified":"2022-12-02T21:48:34","modified_gmt":"2022-12-02T20:48:34","slug":"barbora-becvarova","status":"publish","type":"page","link":"https:\/\/www.oadc.cz\/index.php\/absolventi\/barbora-becvarova\/","title":{"rendered":"Barbora Be\u010dv\u00e1\u0159ov\u00e1"},"content":{"rendered":"\t\t<div data-elementor-type=\"wp-page\" data-elementor-id=\"5032\" class=\"elementor elementor-5032\" data-elementor-post-type=\"page\">\n\t\t\t\t\t\t<section class=\"elementor-section elementor-top-section elementor-element elementor-element-dbe8c7e elementor-section-content-middle elementor-section-boxed elementor-section-height-default elementor-section-height-default\" data-id=\"dbe8c7e\" data-element_type=\"section\">\n\t\t\t\t\t\t<div class=\"elementor-container elementor-column-gap-no\">\n\t\t\t\t\t<div class=\"elementor-column elementor-col-100 elementor-top-column elementor-element elementor-element-e0f2d39\" data-id=\"e0f2d39\" data-element_type=\"column\">\n\t\t\t<div class=\"elementor-widget-wrap elementor-element-populated\">\n\t\t\t\t\t\t<div class=\"elementor-element elementor-element-9c0a994 elementor-widget elementor-widget-heading\" data-id=\"9c0a994\" data-element_type=\"widget\" data-widget_type=\"heading.default\">\n\t\t\t\t<div class=\"elementor-widget-container\">\n\t\t\t<style>\/*! elementor - v3.19.0 - 26-02-2024 *\/\n.elementor-heading-title{padding:0;margin:0;line-height:1}.elementor-widget-heading .elementor-heading-title[class*=elementor-size-]>a{color:inherit;font-size:inherit;line-height:inherit}.elementor-widget-heading .elementor-heading-title.elementor-size-small{font-size:15px}.elementor-widget-heading .elementor-heading-title.elementor-size-medium{font-size:19px}.elementor-widget-heading .elementor-heading-title.elementor-size-large{font-size:29px}.elementor-widget-heading .elementor-heading-title.elementor-size-xl{font-size:39px}.elementor-widget-heading .elementor-heading-title.elementor-size-xxl{font-size:59px}<\/style><h4 class=\"elementor-heading-title elementor-size-default\">Barbora Be\u010dv\u00e1\u0159ov\u00e1<\/h4>\t\t<\/div>\n\t\t\t\t<\/div>\n\t\t\t\t<div class=\"elementor-element elementor-element-b653719 elementor-widget elementor-widget-text-editor\" data-id=\"b653719\" data-element_type=\"widget\" data-widget_type=\"text-editor.default\">\n\t\t\t\t<div class=\"elementor-widget-container\">\n\t\t\t<style>\/*! elementor - v3.19.0 - 26-02-2024 *\/\n.elementor-widget-text-editor.elementor-drop-cap-view-stacked .elementor-drop-cap{background-color:#69727d;color:#fff}.elementor-widget-text-editor.elementor-drop-cap-view-framed .elementor-drop-cap{color:#69727d;border:3px solid;background-color:transparent}.elementor-widget-text-editor:not(.elementor-drop-cap-view-default) .elementor-drop-cap{margin-top:8px}.elementor-widget-text-editor:not(.elementor-drop-cap-view-default) .elementor-drop-cap-letter{width:1em;height:1em}.elementor-widget-text-editor .elementor-drop-cap{float:left;text-align:center;line-height:1;font-size:50px}.elementor-widget-text-editor .elementor-drop-cap-letter{display:inline-block}<\/style>\t\t\t\t<p class=\"MsoNormal\"><b><span style=\"font-size: 12pt; line-height: 107%; color: #222222; background-image: initial; background-position: initial; background-size: initial; background-repeat: initial; background-attachment: initial; background-origin: initial; background-clip: initial;\">Garden Hotel Mezn\u00e1 \u2013 hotelov\u00e1 mana\u017eerka<\/span><\/b><\/p>\t\t\t\t\t\t<\/div>\n\t\t\t\t<\/div>\n\t\t\t\t<div class=\"elementor-element elementor-element-54aa70f elementor-widget elementor-widget-text-editor\" data-id=\"54aa70f\" data-element_type=\"widget\" data-widget_type=\"text-editor.default\">\n\t\t\t\t<div class=\"elementor-widget-container\">\n\t\t\t\t\t\t\t<p>Spousta z n\u00e1s nastoup\u00ed na st\u0159edn\u00ed \u0161kolu s velk\u00fdmi sny, p\u0159emotivovan\u00ed, p\u0159ipraveni se dostat na n\u011bjakou skv\u011blou vysokou \u0161kolu. Nebo naopak s naprostou nev\u011bdomost\u00ed, co chcete v \u017eivot\u011b vlastn\u011b d\u011blat. J\u00e1 byla ten prvn\u00ed p\u0159\u00edpad. M\u011bla jsem pro sebe naprosto kr\u00e1sn\u011b nalajnovanou budoucnost, ale ob\u010das v\u011bci nejdou podle pl\u00e1nu. \u010clov\u011bk postupem \u010dasu zjist\u00ed, jak\u00e9 jsou jeho siln\u00e9 a slab\u00e9 str\u00e1nky. Moje slab\u00e1 str\u00e1nka, kter\u00e1 mi v\u0161e zkomplikovala, byla matematika. Samoz\u0159ejm\u011b v\u0161echny r\u016fzn\u00e9 obory\/zam\u011b\u0159en\u00ed vysok\u00fdch \u0161kol, kter\u00e9 m\u011b l\u00e1kaly, zahrnovaly pr\u00e1v\u011b ji.<\/p><p>Bohu\u017eel jsem musela \u010delit tvrd\u00e9 realit\u011b, \u017ee svoji vysn\u011bnou V\u0160 kv\u016fli tomu nezvl\u00e1dnu. Nic jin\u00e9ho m\u011b nel\u00e1kalo, proto jsem necht\u011bla ztr\u00e1cet n\u011bkolik let studov\u00e1n\u00edm n\u011b\u010deho jin\u00e9ho, co m\u011b ani nemus\u00ed bavit nebo nemus\u00edm v \u017eivot\u011b uplatnit.<\/p><p>Zvolila jsem cestu naprost\u00e9ho osamostatn\u011bn\u00ed se. Na\u0161la jsem si pr\u00e1ci jako recep\u010dn\u00ed na kr\u00e1sn\u00e9m hotelu na Mezn\u00e9. Pr\u00e1ce zahrnovala v\u0161e, co m\u011b bav\u00ed \u2013 jazyky, komunikace s lidmi a administrativa. Mus\u00edm \u0159\u00edct, \u017ee d\u00edky obchodn\u00ed akademii s angli\u010dtinou nem\u00e1m \u017e\u00e1dn\u00fd probl\u00e9m, komunikace a v\u00fdstup na ve\u0159ejnosti \u2013 taky \u017e\u00e1dn\u00fd\u00a0 probl\u00e9m. Nakonec ta administrativa &#8211; psan\u00ed e-mail\u016f, obchodn\u00edch dopis\u016f jsem m\u011bla naprosto zm\u00e1knut\u00e9.<\/p><p>B\u011bhem t\u0159\u00ed let jsem se vypracovala na pozici hotelov\u00e9 mana\u017eerky, co\u017e si mysl\u00edm, \u017ee je naprosto kr\u00e1sn\u00fd start.<\/p><p>Nevad\u00ed, \u017ee nev\u00edte, co chcete. Nevad\u00ed, \u017ee v\u00e1m n\u011bco nejde. \u0160kola v\u00e1s sice nep\u0159iprav\u00ed stoprocentn\u011b na v\u0161e, co byste si p\u0159\u00e1li, ale rozhodn\u011b v\u00e1m dok\u00e1\u017ee uk\u00e1zat, co ve v\u00e1s je, na co m\u00e1te a co naopak nen\u00ed \u00fapln\u011b pro v\u00e1s. Sta\u010d\u00ed jen poslouchat, co v\u00e1m \u0159\u00edkaj\u00ed u\u010ditel\u00e9, proto\u017ee ka\u017ed\u00fd v\u00e1s chce posunout spr\u00e1vn\u00fdm sm\u011brem. Na v\u00e1s je, jak se sv\u00fdmi schopnostmi a dovednostmi nalo\u017e\u00edte.<\/p><p>Dr\u017e\u00edm v\u00e1m v\u0161em palce :-).<\/p>\t\t\t\t\t\t<\/div>\n\t\t\t\t<\/div>\n\t\t\t\t<div class=\"elementor-element elementor-element-d59f366 elementor-widget elementor-widget-gallery\" data-id=\"d59f366\" data-element_type=\"widget\" data-settings=\"{&quot;lazyload&quot;:&quot;yes&quot;,&quot;gallery_layout&quot;:&quot;grid&quot;,&quot;columns&quot;:4,&quot;columns_tablet&quot;:2,&quot;columns_mobile&quot;:1,&quot;gap&quot;:{&quot;unit&quot;:&quot;px&quot;,&quot;size&quot;:10,&quot;sizes&quot;:[]},&quot;gap_tablet&quot;:{&quot;unit&quot;:&quot;px&quot;,&quot;size&quot;:10,&quot;sizes&quot;:[]},&quot;gap_mobile&quot;:{&quot;unit&quot;:&quot;px&quot;,&quot;size&quot;:10,&quot;sizes&quot;:[]},&quot;link_to&quot;:&quot;file&quot;,&quot;aspect_ratio&quot;:&quot;3:2&quot;,&quot;overlay_background&quot;:&quot;yes&quot;,&quot;content_hover_animation&quot;:&quot;fade-in&quot;}\" data-widget_type=\"gallery.default\">\n\t\t\t\t<div class=\"elementor-widget-container\">\n\t\t\t<style>\/*! elementor-pro - v3.19.0 - 26-02-2024 *\/\n.elementor-gallery__container{min-height:1px}.elementor-gallery-item{position:relative;overflow:hidden;display:block;text-decoration:none;border:solid var(--image-border-width) var(--image-border-color);border-radius:var(--image-border-radius)}.elementor-gallery-item__content,.elementor-gallery-item__overlay{height:100%;width:100%;position:absolute;top:0;left:0}.elementor-gallery-item__overlay{mix-blend-mode:var(--overlay-mix-blend-mode);transition-duration:var(--overlay-transition-duration);transition-property:mix-blend-mode,transform,opacity,background-color}.elementor-gallery-item__image.e-gallery-image{transition-duration:var(--image-transition-duration);transition-property:filter,transform}.elementor-gallery-item__content{display:flex;flex-direction:column;justify-content:var(--content-justify-content,center);align-items:center;text-align:var(--content-text-align);padding:var(--content-padding)}.elementor-gallery-item__content>div{transition-duration:var(--content-transition-duration)}.elementor-gallery-item__content.elementor-gallery--sequenced-animation>div:nth-child(2){transition-delay:calc(var(--content-transition-delay) \/ 3)}.elementor-gallery-item__content.elementor-gallery--sequenced-animation>div:nth-child(3){transition-delay:calc(var(--content-transition-delay) \/ 3 * 2)}.elementor-gallery-item__content.elementor-gallery--sequenced-animation>div:nth-child(4){transition-delay:calc(var(--content-transition-delay) \/ 3 * 3)}.elementor-gallery-item__description{color:var(--description-text-color,#fff);width:100%}.elementor-gallery-item__title{color:var(--title-text-color,#fff);font-weight:700;width:100%}.elementor-gallery__titles-container{display:flex;flex-wrap:wrap;justify-content:var(--titles-container-justify-content,center);margin-bottom:20px}.elementor-gallery__titles-container:not(.e--pointer-framed) .elementor-item:after,.elementor-gallery__titles-container:not(.e--pointer-framed) .elementor-item:before{background-color:var(--galleries-pointer-bg-color-hover)}.elementor-gallery__titles-container:not(.e--pointer-framed) .elementor-item.elementor-item-active:after,.elementor-gallery__titles-container:not(.e--pointer-framed) .elementor-item.elementor-item-active:before{background-color:var(--galleries-pointer-bg-color-active)}.elementor-gallery__titles-container.e--pointer-framed .elementor-item:before{border-color:var(--galleries-pointer-bg-color-hover);border-width:var(--galleries-pointer-border-width)}.elementor-gallery__titles-container.e--pointer-framed .elementor-item:after{border-color:var(--galleries-pointer-bg-color-hover)}.elementor-gallery__titles-container.e--pointer-framed .elementor-item.elementor-item-active:after,.elementor-gallery__titles-container.e--pointer-framed .elementor-item.elementor-item-active:before{border-color:var(--galleries-pointer-bg-color-active)}.elementor-gallery__titles-container.e--pointer-framed.e--animation-draw .elementor-item:before{border-left-width:var(--galleries-pointer-border-width);border-bottom-width:var(--galleries-pointer-border-width);border-right-width:0;border-top-width:0}.elementor-gallery__titles-container.e--pointer-framed.e--animation-draw .elementor-item:after{border-left-width:0;border-bottom-width:0;border-right-width:var(--galleries-pointer-border-width);border-top-width:var(--galleries-pointer-border-width)}.elementor-gallery__titles-container.e--pointer-framed.e--animation-corners .elementor-item:before{border-left-width:var(--galleries-pointer-border-width);border-bottom-width:0;border-right-width:0;border-top-width:var(--galleries-pointer-border-width)}.elementor-gallery__titles-container.e--pointer-framed.e--animation-corners .elementor-item:after{border-left-width:0;border-bottom-width:var(--galleries-pointer-border-width);border-right-width:var(--galleries-pointer-border-width);border-top-width:0}.elementor-gallery__titles-container .e--pointer-double-line .elementor-item:after,.elementor-gallery__titles-container .e--pointer-double-line .elementor-item:before,.elementor-gallery__titles-container .e--pointer-overline .elementor-item:before,.elementor-gallery__titles-container .e--pointer-underline .elementor-item:after{height:var(--galleries-pointer-border-width)}.elementor-gallery-title{--space-between:10px;cursor:pointer;color:#6d7882;font-weight:500;position:relative;padding:7px 14px;transition:all .3s}.elementor-gallery-title--active{color:#495157}.elementor-gallery-title:not(:last-child){margin-right:var(--space-between)}.elementor-gallery-item__title+.elementor-gallery-item__description{margin-top:var(--description-margin-top)}.e-gallery-item.elementor-gallery-item{transition-property:all}.e-gallery-item.elementor-animated-content .elementor-animated-item--enter-from-bottom,.e-gallery-item.elementor-animated-content .elementor-animated-item--enter-from-left,.e-gallery-item.elementor-animated-content .elementor-animated-item--enter-from-right,.e-gallery-item.elementor-animated-content .elementor-animated-item--enter-from-top,.e-gallery-item:focus .elementor-gallery__item-overlay-bg,.e-gallery-item:focus .elementor-gallery__item-overlay-content,.e-gallery-item:focus .elementor-gallery__item-overlay-content__description,.e-gallery-item:focus .elementor-gallery__item-overlay-content__title,.e-gallery-item:hover .elementor-gallery__item-overlay-bg,.e-gallery-item:hover .elementor-gallery__item-overlay-content,.e-gallery-item:hover .elementor-gallery__item-overlay-content__description,.e-gallery-item:hover .elementor-gallery__item-overlay-content__title{opacity:1}a.elementor-item.elementor-gallery-title{color:var(--galleries-title-color-normal)}a.elementor-item.elementor-gallery-title.elementor-item-active,a.elementor-item.elementor-gallery-title.highlighted,a.elementor-item.elementor-gallery-title:focus,a.elementor-item.elementor-gallery-title:hover{color:var(--galleries-title-color-hover)}a.elementor-item.elementor-gallery-title.elementor-item-active{color:var(--gallery-title-color-active)}.e-con-inner>.elementor-widget-gallery,.e-con>.elementor-widget-gallery{width:var(--container-widget-width);--flex-grow:var(--container-widget-flex-grow)}<\/style>\t\t<div class=\"elementor-gallery__container\">\n\t\t\t\t\t\t\t<a class=\"e-gallery-item elementor-gallery-item elementor-animated-content\" href=\"https:\/\/www.oadc.cz\/wp-content\/uploads\/2022\/12\/Barbora-Becvarova-1.jpg\" data-elementor-open-lightbox=\"yes\" data-elementor-lightbox-slideshow=\"d59f366\" data-elementor-lightbox-title=\"Barbora Be\u010dv\u00e1\u0159ov\u00e1 1\" data-e-action-hash=\"#elementor-action%3Aaction%3Dlightbox%26settings%3DeyJpZCI6NTAzNSwidXJsIjoiaHR0cHM6XC9cL3d3dy5vYWRjLmN6XC93cC1jb250ZW50XC91cGxvYWRzXC8yMDIyXC8xMlwvQmFyYm9yYS1CZWN2YXJvdmEtMS5qcGciLCJzbGlkZXNob3ciOiJkNTlmMzY2In0%3D\">\n\t\t\t\t\t<div class=\"e-gallery-image elementor-gallery-item__image\" data-thumbnail=\"https:\/\/www.oadc.cz\/wp-content\/uploads\/2022\/12\/Barbora-Becvarova-1-300x200.jpg\" data-width=\"300\" data-height=\"200\" aria-label=\"Barbora Be\u010dv\u00e1\u0159ov\u00e1\" role=\"img\" ><\/div>\n\t\t\t\t\t\t\t\t\t\t\t<div class=\"elementor-gallery-item__overlay\"><\/div>\n\t\t\t\t\t\t\t\t\t\t\t\t\t\t<\/a>\n\t\t\t\t\t<\/div>\n\t\t\t<\/div>\n\t\t\t\t<\/div>\n\t\t\t\t\t<\/div>\n\t\t<\/div>\n\t\t\t\t\t<\/div>\n\t\t<\/section>\n\t\t\t\t<\/div>\n\t\t","protected":false},"excerpt":{"rendered":"<p>Barbora Be\u010dv\u00e1\u0159ov\u00e1 Garden Hotel Mezn\u00e1 \u2013 hotelov\u00e1 mana\u017eerka Spousta z n\u00e1s nastoup\u00ed na st\u0159edn\u00ed \u0161kolu s velk\u00fdmi sny, p\u0159emotivovan\u00ed, p\u0159ipraveni se dostat na n\u011bjakou skv\u011blou vysokou \u0161kolu. Nebo naopak s naprostou nev\u011bdomost\u00ed, co chcete v \u017eivot\u011b vlastn\u011b d\u011blat. J\u00e1 byla ten prvn\u00ed p\u0159\u00edpad. M\u011bla jsem pro sebe naprosto kr\u00e1sn\u011b nalajnovanou budoucnost, ale ob\u010das v\u011bci nejdou [&hellip;]<\/p>\n","protected":false},"author":2,"featured_media":5037,"parent":574,"menu_order":0,"comment_status":"closed","ping_status":"closed","template":"template-parts\/template-homepage.php","meta":{"footnotes":""},"yoast_head":"<!-- This site is optimized with the Yoast SEO plugin v22.1 - https:\/\/yoast.com\/wordpress\/plugins\/seo\/ -->\n<title>Barbora Be\u010dv\u00e1\u0159ov\u00e1 - Evropsk\u00e1 obchodn\u00ed akademie<\/title>\n<meta name=\"robots\" content=\"index, follow, max-snippet:-1, max-image-preview:large, max-video-preview:-1\" \/>\n<link rel=\"canonical\" href=\"https:\/\/www.oadc.cz\/index.php\/absolventi\/barbora-becvarova\/\" \/>\n<meta property=\"og:locale\" content=\"cs_CZ\" \/>\n<meta property=\"og:type\" content=\"article\" \/>\n<meta property=\"og:title\" content=\"Barbora Be\u010dv\u00e1\u0159ov\u00e1 - Evropsk\u00e1 obchodn\u00ed akademie\" \/>\n<meta property=\"og:description\" content=\"Barbora Be\u010dv\u00e1\u0159ov\u00e1 Garden Hotel Mezn\u00e1 \u2013 hotelov\u00e1 mana\u017eerka Spousta z n\u00e1s nastoup\u00ed na st\u0159edn\u00ed \u0161kolu s velk\u00fdmi sny, p\u0159emotivovan\u00ed, p\u0159ipraveni se dostat na n\u011bjakou skv\u011blou vysokou \u0161kolu. Nebo naopak s naprostou nev\u011bdomost\u00ed, co chcete v \u017eivot\u011b vlastn\u011b d\u011blat. J\u00e1 byla ten prvn\u00ed p\u0159\u00edpad. M\u011bla jsem pro sebe naprosto kr\u00e1sn\u011b nalajnovanou budoucnost, ale ob\u010das v\u011bci nejdou [&hellip;]\" \/>\n<meta property=\"og:url\" content=\"https:\/\/www.oadc.cz\/index.php\/absolventi\/barbora-becvarova\/\" \/>\n<meta property=\"og:site_name\" content=\"Evropsk\u00e1 obchodn\u00ed akademie\" \/>\n<meta property=\"article:publisher\" content=\"https:\/\/www.facebook.com\/eoadc\" \/>\n<meta property=\"article:modified_time\" content=\"2022-12-02T20:48:34+00:00\" \/>\n<meta property=\"og:image\" content=\"https:\/\/www.oadc.cz\/wp-content\/uploads\/2022\/12\/Barbora-Becvarova-1-n2.jpg\" \/>\n\t<meta property=\"og:image:width\" content=\"1024\" \/>\n\t<meta property=\"og:image:height\" content=\"684\" \/>\n\t<meta property=\"og:image:type\" content=\"image\/jpeg\" \/>\n<meta name=\"twitter:card\" content=\"summary_large_image\" \/>\n<meta name=\"twitter:label1\" content=\"Odhadovan\u00e1 doba \u010dten\u00ed\" \/>\n\t<meta name=\"twitter:data1\" content=\"2 minuty\" \/>\n<script type=\"application\/ld+json\" class=\"yoast-schema-graph\">{\"@context\":\"https:\/\/schema.org\",\"@graph\":[{\"@type\":\"WebPage\",\"@id\":\"https:\/\/www.oadc.cz\/index.php\/absolventi\/barbora-becvarova\/\",\"url\":\"https:\/\/www.oadc.cz\/index.php\/absolventi\/barbora-becvarova\/\",\"name\":\"Barbora Be\u010dv\u00e1\u0159ov\u00e1 - Evropsk\u00e1 obchodn\u00ed akademie\",\"isPartOf\":{\"@id\":\"https:\/\/www.oadc.cz\/#website\"},\"datePublished\":\"2022-12-02T20:16:16+00:00\",\"dateModified\":\"2022-12-02T20:48:34+00:00\",\"breadcrumb\":{\"@id\":\"https:\/\/www.oadc.cz\/index.php\/absolventi\/barbora-becvarova\/#breadcrumb\"},\"inLanguage\":\"cs\",\"potentialAction\":[{\"@type\":\"ReadAction\",\"target\":[\"https:\/\/www.oadc.cz\/index.php\/absolventi\/barbora-becvarova\/\"]}]},{\"@type\":\"BreadcrumbList\",\"@id\":\"https:\/\/www.oadc.cz\/index.php\/absolventi\/barbora-becvarova\/#breadcrumb\",\"itemListElement\":[{\"@type\":\"ListItem\",\"position\":1,\"name\":\"Dom\u016f\",\"item\":\"https:\/\/www.oadc.cz\/\"},{\"@type\":\"ListItem\",\"position\":2,\"name\":\"Absolventi\",\"item\":\"https:\/\/www.oadc.cz\/index.php\/absolventi\/\"},{\"@type\":\"ListItem\",\"position\":3,\"name\":\"Barbora Be\u010dv\u00e1\u0159ov\u00e1\"}]},{\"@type\":\"WebSite\",\"@id\":\"https:\/\/www.oadc.cz\/#website\",\"url\":\"https:\/\/www.oadc.cz\/\",\"name\":\"Evropsk\u00e1 obchodn\u00ed akademie\",\"description\":\"st\u0159edn\u00ed odborn\u00e1 \u0161kola v D\u011b\u010d\u00edn\u011b\",\"publisher\":{\"@id\":\"https:\/\/www.oadc.cz\/#organization\"},\"potentialAction\":[{\"@type\":\"SearchAction\",\"target\":{\"@type\":\"EntryPoint\",\"urlTemplate\":\"https:\/\/www.oadc.cz\/?s={search_term_string}\"},\"query-input\":\"required name=search_term_string\"}],\"inLanguage\":\"cs\"},{\"@type\":\"Organization\",\"@id\":\"https:\/\/www.oadc.cz\/#organization\",\"name\":\"Evropsk\u00e1 Obchodn\u00ed Akademie\",\"url\":\"https:\/\/www.oadc.cz\/\",\"logo\":{\"@type\":\"ImageObject\",\"inLanguage\":\"cs\",\"@id\":\"https:\/\/www.oadc.cz\/#\/schema\/logo\/image\/\",\"url\":\"https:\/\/www.oadc.cz\/wp-content\/uploads\/2020\/12\/EOA-logo_upr.png\",\"contentUrl\":\"https:\/\/www.oadc.cz\/wp-content\/uploads\/2020\/12\/EOA-logo_upr.png\",\"width\":850,\"height\":632,\"caption\":\"Evropsk\u00e1 Obchodn\u00ed Akademie\"},\"image\":{\"@id\":\"https:\/\/www.oadc.cz\/#\/schema\/logo\/image\/\"},\"sameAs\":[\"https:\/\/www.facebook.com\/eoadc\",\"https:\/\/www.instagram.com\/eoa.dc\/\"]}]}<\/script>\n<!-- \/ Yoast SEO plugin. -->","yoast_head_json":{"title":"Barbora Be\u010dv\u00e1\u0159ov\u00e1 - Evropsk\u00e1 obchodn\u00ed akademie","robots":{"index":"index","follow":"follow","max-snippet":"max-snippet:-1","max-image-preview":"max-image-preview:large","max-video-preview":"max-video-preview:-1"},"canonical":"https:\/\/www.oadc.cz\/index.php\/absolventi\/barbora-becvarova\/","og_locale":"cs_CZ","og_type":"article","og_title":"Barbora Be\u010dv\u00e1\u0159ov\u00e1 - Evropsk\u00e1 obchodn\u00ed akademie","og_description":"Barbora Be\u010dv\u00e1\u0159ov\u00e1 Garden Hotel Mezn\u00e1 \u2013 hotelov\u00e1 mana\u017eerka Spousta z n\u00e1s nastoup\u00ed na st\u0159edn\u00ed \u0161kolu s velk\u00fdmi sny, p\u0159emotivovan\u00ed, p\u0159ipraveni se dostat na n\u011bjakou skv\u011blou vysokou \u0161kolu. Nebo naopak s naprostou nev\u011bdomost\u00ed, co chcete v \u017eivot\u011b vlastn\u011b d\u011blat. J\u00e1 byla ten prvn\u00ed p\u0159\u00edpad. M\u011bla jsem pro sebe naprosto kr\u00e1sn\u011b nalajnovanou budoucnost, ale ob\u010das v\u011bci nejdou [&hellip;]","og_url":"https:\/\/www.oadc.cz\/index.php\/absolventi\/barbora-becvarova\/","og_site_name":"Evropsk\u00e1 obchodn\u00ed akademie","article_publisher":"https:\/\/www.facebook.com\/eoadc","article_modified_time":"2022-12-02T20:48:34+00:00","og_image":[{"width":1024,"height":684,"url":"https:\/\/www.oadc.cz\/wp-content\/uploads\/2022\/12\/Barbora-Becvarova-1-n2.jpg","type":"image\/jpeg"}],"twitter_card":"summary_large_image","twitter_misc":{"Odhadovan\u00e1 doba \u010dten\u00ed":"2 minuty"},"schema":{"@context":"https:\/\/schema.org","@graph":[{"@type":"WebPage","@id":"https:\/\/www.oadc.cz\/index.php\/absolventi\/barbora-becvarova\/","url":"https:\/\/www.oadc.cz\/index.php\/absolventi\/barbora-becvarova\/","name":"Barbora Be\u010dv\u00e1\u0159ov\u00e1 - Evropsk\u00e1 obchodn\u00ed akademie","isPartOf":{"@id":"https:\/\/www.oadc.cz\/#website"},"datePublished":"2022-12-02T20:16:16+00:00","dateModified":"2022-12-02T20:48:34+00:00","breadcrumb":{"@id":"https:\/\/www.oadc.cz\/index.php\/absolventi\/barbora-becvarova\/#breadcrumb"},"inLanguage":"cs","potentialAction":[{"@type":"ReadAction","target":["https:\/\/www.oadc.cz\/index.php\/absolventi\/barbora-becvarova\/"]}]},{"@type":"BreadcrumbList","@id":"https:\/\/www.oadc.cz\/index.php\/absolventi\/barbora-becvarova\/#breadcrumb","itemListElement":[{"@type":"ListItem","position":1,"name":"Dom\u016f","item":"https:\/\/www.oadc.cz\/"},{"@type":"ListItem","position":2,"name":"Absolventi","item":"https:\/\/www.oadc.cz\/index.php\/absolventi\/"},{"@type":"ListItem","position":3,"name":"Barbora Be\u010dv\u00e1\u0159ov\u00e1"}]},{"@type":"WebSite","@id":"https:\/\/www.oadc.cz\/#website","url":"https:\/\/www.oadc.cz\/","name":"Evropsk\u00e1 obchodn\u00ed akademie","description":"st\u0159edn\u00ed odborn\u00e1 \u0161kola v D\u011b\u010d\u00edn\u011b","publisher":{"@id":"https:\/\/www.oadc.cz\/#organization"},"potentialAction":[{"@type":"SearchAction","target":{"@type":"EntryPoint","urlTemplate":"https:\/\/www.oadc.cz\/?s={search_term_string}"},"query-input":"required name=search_term_string"}],"inLanguage":"cs"},{"@type":"Organization","@id":"https:\/\/www.oadc.cz\/#organization","name":"Evropsk\u00e1 Obchodn\u00ed Akademie","url":"https:\/\/www.oadc.cz\/","logo":{"@type":"ImageObject","inLanguage":"cs","@id":"https:\/\/www.oadc.cz\/#\/schema\/logo\/image\/","url":"https:\/\/www.oadc.cz\/wp-content\/uploads\/2020\/12\/EOA-logo_upr.png","contentUrl":"https:\/\/www.oadc.cz\/wp-content\/uploads\/2020\/12\/EOA-logo_upr.png","width":850,"height":632,"caption":"Evropsk\u00e1 Obchodn\u00ed Akademie"},"image":{"@id":"https:\/\/www.oadc.cz\/#\/schema\/logo\/image\/"},"sameAs":["https:\/\/www.facebook.com\/eoadc","https:\/\/www.instagram.com\/eoa.dc\/"]}]}},"_links":{"self":[{"href":"https:\/\/www.oadc.cz\/index.php\/wp-json\/wp\/v2\/pages\/5032"}],"collection":[{"href":"https:\/\/www.oadc.cz\/index.php\/wp-json\/wp\/v2\/pages"}],"about":[{"href":"https:\/\/www.oadc.cz\/index.php\/wp-json\/wp\/v2\/types\/page"}],"author":[{"embeddable":true,"href":"https:\/\/www.oadc.cz\/index.php\/wp-json\/wp\/v2\/users\/2"}],"replies":[{"embeddable":true,"href":"https:\/\/www.oadc.cz\/index.php\/wp-json\/wp\/v2\/comments?post=5032"}],"version-history":[{"count":6,"href":"https:\/\/www.oadc.cz\/index.php\/wp-json\/wp\/v2\/pages\/5032\/revisions"}],"predecessor-version":[{"id":5049,"href":"https:\/\/www.oadc.cz\/index.php\/wp-json\/wp\/v2\/pages\/5032\/revisions\/5049"}],"up":[{"embeddable":true,"href":"https:\/\/www.oadc.cz\/index.php\/wp-json\/wp\/v2\/pages\/574"}],"wp:featuredmedia":[{"embeddable":true,"href":"https:\/\/www.oadc.cz\/index.php\/wp-json\/wp\/v2\/media\/5037"}],"wp:attachment":[{"href":"https:\/\/www.oadc.cz\/index.php\/wp-json\/wp\/v2\/media?parent=5032"}],"curies":[{"name":"wp","href":"https:\/\/api.w.org\/{rel}","templated":true}]}}