{"id":4131,"date":"2022-06-29T18:00:12","date_gmt":"2022-06-29T17:00:12","guid":{"rendered":"https:\/\/www.oadc.cz\/?page_id=4131"},"modified":"2022-06-29T21:50:05","modified_gmt":"2022-06-29T20:50:05","slug":"projekt-byl-urcen-pro-zaky-8-a-9-trid","status":"publish","type":"page","link":"https:\/\/www.oadc.cz\/index.php\/projekt-byl-urcen-pro-zaky-8-a-9-trid\/","title":{"rendered":"Turnaj v p\u0159ehazovan\u00e9 na Z\u0160 Na Str\u00e1ni"},"content":{"rendered":"\t\t<div data-elementor-type=\"wp-page\" data-elementor-id=\"4131\" class=\"elementor elementor-4131\" data-elementor-post-type=\"page\">\n\t\t\t\t\t\t<section class=\"elementor-section elementor-top-section elementor-element elementor-element-59e8d76 elementor-section-boxed elementor-section-height-default elementor-section-height-default\" data-id=\"59e8d76\" data-element_type=\"section\">\n\t\t\t\t\t\t<div class=\"elementor-container elementor-column-gap-default\">\n\t\t\t\t\t<div class=\"elementor-column elementor-col-100 elementor-top-column elementor-element elementor-element-a26ea30\" data-id=\"a26ea30\" data-element_type=\"column\">\n\t\t\t<div class=\"elementor-widget-wrap elementor-element-populated\">\n\t\t\t\t\t\t<div class=\"elementor-element elementor-element-8904fde elementor-widget elementor-widget-heading\" data-id=\"8904fde\" data-element_type=\"widget\" data-widget_type=\"heading.default\">\n\t\t\t\t<div class=\"elementor-widget-container\">\n\t\t\t<style>\/*! elementor - v3.19.0 - 26-02-2024 *\/\n.elementor-heading-title{padding:0;margin:0;line-height:1}.elementor-widget-heading .elementor-heading-title[class*=elementor-size-]>a{color:inherit;font-size:inherit;line-height:inherit}.elementor-widget-heading .elementor-heading-title.elementor-size-small{font-size:15px}.elementor-widget-heading .elementor-heading-title.elementor-size-medium{font-size:19px}.elementor-widget-heading .elementor-heading-title.elementor-size-large{font-size:29px}.elementor-widget-heading .elementor-heading-title.elementor-size-xl{font-size:39px}.elementor-widget-heading .elementor-heading-title.elementor-size-xxl{font-size:59px}<\/style><h4 class=\"elementor-heading-title elementor-size-default\">Turnaj v p\u0159ehazovan\u00e9 na Z\u0160 Na Str\u00e1ni<\/h4>\t\t<\/div>\n\t\t\t\t<\/div>\n\t\t\t\t<div class=\"elementor-element elementor-element-e0282cb elementor-widget elementor-widget-text-editor\" data-id=\"e0282cb\" data-element_type=\"widget\" data-widget_type=\"text-editor.default\">\n\t\t\t\t<div class=\"elementor-widget-container\">\n\t\t\t<style>\/*! elementor - v3.19.0 - 26-02-2024 *\/\n.elementor-widget-text-editor.elementor-drop-cap-view-stacked .elementor-drop-cap{background-color:#69727d;color:#fff}.elementor-widget-text-editor.elementor-drop-cap-view-framed .elementor-drop-cap{color:#69727d;border:3px solid;background-color:transparent}.elementor-widget-text-editor:not(.elementor-drop-cap-view-default) .elementor-drop-cap{margin-top:8px}.elementor-widget-text-editor:not(.elementor-drop-cap-view-default) .elementor-drop-cap-letter{width:1em;height:1em}.elementor-widget-text-editor .elementor-drop-cap{float:left;text-align:center;line-height:1;font-size:50px}.elementor-widget-text-editor .elementor-drop-cap-letter{display:inline-block}<\/style>\t\t\t\t<p>Turnaj v p\u0159ehazovan\u00e9 pro \u017e\u00e1ky 8. a 9. t\u0159\u00edd.<\/p>\t\t\t\t\t\t<\/div>\n\t\t\t\t<\/div>\n\t\t\t\t<div class=\"elementor-element elementor-element-ea926a2 elementor-widget elementor-widget-text-editor\" data-id=\"ea926a2\" data-element_type=\"widget\" data-widget_type=\"text-editor.default\">\n\t\t\t\t<div class=\"elementor-widget-container\">\n\t\t\t\t\t\t\t<p>Dne 1.6. se uskute\u010dnil turnaj v p\u0159ehazovan\u00e9 na Z\u0160 Na Str\u00e1ni v r\u00e1mci komunitn\u00edho projektu pod veden\u00edm studentek ze t\u0159\u00eddy 3.S. \u00a0Projekt byl ur\u010den pro \u017e\u00e1ky 8. a 9. t\u0159\u00edd.<\/p><p>\u017d\u00e1ci 8. a 9. t\u0159\u00edd si t\u00edmto m\u011bli mo\u017enost zasportovat a za\u017e\u00edt den pln\u00fd energie, radosti a hlavn\u011b adrenalinu.<\/p>\t\t\t\t\t\t<\/div>\n\t\t\t\t<\/div>\n\t\t\t\t\t<\/div>\n\t\t<\/div>\n\t\t\t\t\t<\/div>\n\t\t<\/section>\n\t\t\t\t<section class=\"elementor-section elementor-top-section elementor-element elementor-element-c770591 elementor-section-boxed elementor-section-height-default elementor-section-height-default\" data-id=\"c770591\" data-element_type=\"section\">\n\t\t\t\t\t\t<div class=\"elementor-container elementor-column-gap-default\">\n\t\t\t\t\t<div class=\"elementor-column elementor-col-50 elementor-top-column elementor-element elementor-element-164c067\" data-id=\"164c067\" data-element_type=\"column\">\n\t\t\t<div class=\"elementor-widget-wrap elementor-element-populated\">\n\t\t\t\t\t\t<div class=\"elementor-element elementor-element-d201027 elementor-widget elementor-widget-image\" data-id=\"d201027\" data-element_type=\"widget\" data-widget_type=\"image.default\">\n\t\t\t\t<div class=\"elementor-widget-container\">\n\t\t\t<style>\/*! elementor - v3.19.0 - 26-02-2024 *\/\n.elementor-widget-image{text-align:center}.elementor-widget-image a{display:inline-block}.elementor-widget-image a img[src$=\".svg\"]{width:48px}.elementor-widget-image img{vertical-align:middle;display:inline-block}<\/style>\t\t\t\t\t\t\t\t\t\t<img fetchpriority=\"high\" decoding=\"async\" width=\"768\" height=\"1024\" src=\"https:\/\/www.oadc.cz\/wp-content\/uploads\/2022\/06\/prehazovana02.jpg\" class=\"attachment-large size-large wp-image-4126\" alt=\"\" srcset=\"https:\/\/www.oadc.cz\/wp-content\/uploads\/2022\/06\/prehazovana02.jpg 768w, https:\/\/www.oadc.cz\/wp-content\/uploads\/2022\/06\/prehazovana02-225x300.jpg 225w\" sizes=\"(max-width: 768px) 100vw, 768px\" \/>\t\t\t\t\t\t\t\t\t\t\t\t\t<\/div>\n\t\t\t\t<\/div>\n\t\t\t\t\t<\/div>\n\t\t<\/div>\n\t\t\t\t<div class=\"elementor-column elementor-col-50 elementor-top-column elementor-element elementor-element-cddb9c3\" data-id=\"cddb9c3\" data-element_type=\"column\">\n\t\t\t<div class=\"elementor-widget-wrap elementor-element-populated\">\n\t\t\t\t\t\t<div class=\"elementor-element elementor-element-77602f7 elementor-widget elementor-widget-image\" data-id=\"77602f7\" data-element_type=\"widget\" data-widget_type=\"image.default\">\n\t\t\t\t<div class=\"elementor-widget-container\">\n\t\t\t\t\t\t\t\t\t\t\t\t\t<img decoding=\"async\" width=\"1024\" height=\"768\" src=\"https:\/\/www.oadc.cz\/wp-content\/uploads\/2022\/06\/prehazovana01.jpg\" class=\"attachment-large size-large wp-image-4125\" alt=\"\" srcset=\"https:\/\/www.oadc.cz\/wp-content\/uploads\/2022\/06\/prehazovana01.jpg 1024w, https:\/\/www.oadc.cz\/wp-content\/uploads\/2022\/06\/prehazovana01-300x225.jpg 300w, https:\/\/www.oadc.cz\/wp-content\/uploads\/2022\/06\/prehazovana01-768x576.jpg 768w\" sizes=\"(max-width: 1024px) 100vw, 1024px\" \/>\t\t\t\t\t\t\t\t\t\t\t\t\t<\/div>\n\t\t\t\t<\/div>\n\t\t\t\t\t<\/div>\n\t\t<\/div>\n\t\t\t\t\t<\/div>\n\t\t<\/section>\n\t\t\t\t<\/div>\n\t\t","protected":false},"excerpt":{"rendered":"<p>Turnaj v p\u0159ehazovan\u00e9 na Z\u0160 Na Str\u00e1ni Turnaj v p\u0159ehazovan\u00e9 pro \u017e\u00e1ky 8. a 9. t\u0159\u00edd. Dne 1.6. se uskute\u010dnil turnaj v p\u0159ehazovan\u00e9 na Z\u0160 Na Str\u00e1ni v r\u00e1mci komunitn\u00edho projektu pod veden\u00edm studentek ze t\u0159\u00eddy 3.S. \u00a0Projekt byl ur\u010den pro \u017e\u00e1ky 8. a 9. t\u0159\u00edd. \u017d\u00e1ci 8. a 9. t\u0159\u00edd si t\u00edmto m\u011bli mo\u017enost [&hellip;]<\/p>\n","protected":false},"author":2,"featured_media":4125,"parent":0,"menu_order":0,"comment_status":"closed","ping_status":"closed","template":"template-parts\/template-homepage.php","meta":{"footnotes":""},"yoast_head":"<!-- This site is optimized with the Yoast SEO plugin v22.1 - https:\/\/yoast.com\/wordpress\/plugins\/seo\/ -->\n<title>Turnaj v p\u0159ehazovan\u00e9 na Z\u0160 Na Str\u00e1ni - Evropsk\u00e1 obchodn\u00ed akademie<\/title>\n<meta name=\"robots\" content=\"index, follow, max-snippet:-1, max-image-preview:large, max-video-preview:-1\" \/>\n<link rel=\"canonical\" href=\"https:\/\/www.oadc.cz\/index.php\/projekt-byl-urcen-pro-zaky-8-a-9-trid\/\" \/>\n<meta property=\"og:locale\" content=\"cs_CZ\" \/>\n<meta property=\"og:type\" content=\"article\" \/>\n<meta property=\"og:title\" content=\"Turnaj v p\u0159ehazovan\u00e9 na Z\u0160 Na Str\u00e1ni - Evropsk\u00e1 obchodn\u00ed akademie\" \/>\n<meta property=\"og:description\" content=\"Turnaj v p\u0159ehazovan\u00e9 na Z\u0160 Na Str\u00e1ni Turnaj v p\u0159ehazovan\u00e9 pro \u017e\u00e1ky 8. a 9. t\u0159\u00edd. Dne 1.6. se uskute\u010dnil turnaj v p\u0159ehazovan\u00e9 na Z\u0160 Na Str\u00e1ni v r\u00e1mci komunitn\u00edho projektu pod veden\u00edm studentek ze t\u0159\u00eddy 3.S. \u00a0Projekt byl ur\u010den pro \u017e\u00e1ky 8. a 9. t\u0159\u00edd. \u017d\u00e1ci 8. a 9. t\u0159\u00edd si t\u00edmto m\u011bli mo\u017enost [&hellip;]\" \/>\n<meta property=\"og:url\" content=\"https:\/\/www.oadc.cz\/index.php\/projekt-byl-urcen-pro-zaky-8-a-9-trid\/\" \/>\n<meta property=\"og:site_name\" content=\"Evropsk\u00e1 obchodn\u00ed akademie\" \/>\n<meta property=\"article:publisher\" content=\"https:\/\/www.facebook.com\/eoadc\" \/>\n<meta property=\"article:modified_time\" content=\"2022-06-29T20:50:05+00:00\" \/>\n<meta property=\"og:image\" content=\"https:\/\/www.oadc.cz\/wp-content\/uploads\/2022\/06\/prehazovana01.jpg\" \/>\n\t<meta property=\"og:image:width\" content=\"1024\" \/>\n\t<meta property=\"og:image:height\" content=\"768\" \/>\n\t<meta property=\"og:image:type\" content=\"image\/jpeg\" \/>\n<meta name=\"twitter:card\" content=\"summary_large_image\" \/>\n<meta name=\"twitter:label1\" content=\"Odhadovan\u00e1 doba \u010dten\u00ed\" \/>\n\t<meta name=\"twitter:data1\" content=\"1 minuta\" \/>\n<script type=\"application\/ld+json\" class=\"yoast-schema-graph\">{\"@context\":\"https:\/\/schema.org\",\"@graph\":[{\"@type\":\"WebPage\",\"@id\":\"https:\/\/www.oadc.cz\/index.php\/projekt-byl-urcen-pro-zaky-8-a-9-trid\/\",\"url\":\"https:\/\/www.oadc.cz\/index.php\/projekt-byl-urcen-pro-zaky-8-a-9-trid\/\",\"name\":\"Turnaj v p\u0159ehazovan\u00e9 na Z\u0160 Na Str\u00e1ni - Evropsk\u00e1 obchodn\u00ed akademie\",\"isPartOf\":{\"@id\":\"https:\/\/www.oadc.cz\/#website\"},\"datePublished\":\"2022-06-29T17:00:12+00:00\",\"dateModified\":\"2022-06-29T20:50:05+00:00\",\"breadcrumb\":{\"@id\":\"https:\/\/www.oadc.cz\/index.php\/projekt-byl-urcen-pro-zaky-8-a-9-trid\/#breadcrumb\"},\"inLanguage\":\"cs\",\"potentialAction\":[{\"@type\":\"ReadAction\",\"target\":[\"https:\/\/www.oadc.cz\/index.php\/projekt-byl-urcen-pro-zaky-8-a-9-trid\/\"]}]},{\"@type\":\"BreadcrumbList\",\"@id\":\"https:\/\/www.oadc.cz\/index.php\/projekt-byl-urcen-pro-zaky-8-a-9-trid\/#breadcrumb\",\"itemListElement\":[{\"@type\":\"ListItem\",\"position\":1,\"name\":\"Dom\u016f\",\"item\":\"https:\/\/www.oadc.cz\/\"},{\"@type\":\"ListItem\",\"position\":2,\"name\":\"Turnaj v p\u0159ehazovan\u00e9 na Z\u0160 Na Str\u00e1ni\"}]},{\"@type\":\"WebSite\",\"@id\":\"https:\/\/www.oadc.cz\/#website\",\"url\":\"https:\/\/www.oadc.cz\/\",\"name\":\"Evropsk\u00e1 obchodn\u00ed akademie\",\"description\":\"st\u0159edn\u00ed odborn\u00e1 \u0161kola v D\u011b\u010d\u00edn\u011b\",\"publisher\":{\"@id\":\"https:\/\/www.oadc.cz\/#organization\"},\"potentialAction\":[{\"@type\":\"SearchAction\",\"target\":{\"@type\":\"EntryPoint\",\"urlTemplate\":\"https:\/\/www.oadc.cz\/?s={search_term_string}\"},\"query-input\":\"required name=search_term_string\"}],\"inLanguage\":\"cs\"},{\"@type\":\"Organization\",\"@id\":\"https:\/\/www.oadc.cz\/#organization\",\"name\":\"Evropsk\u00e1 Obchodn\u00ed Akademie\",\"url\":\"https:\/\/www.oadc.cz\/\",\"logo\":{\"@type\":\"ImageObject\",\"inLanguage\":\"cs\",\"@id\":\"https:\/\/www.oadc.cz\/#\/schema\/logo\/image\/\",\"url\":\"https:\/\/www.oadc.cz\/wp-content\/uploads\/2020\/12\/EOA-logo_upr.png\",\"contentUrl\":\"https:\/\/www.oadc.cz\/wp-content\/uploads\/2020\/12\/EOA-logo_upr.png\",\"width\":850,\"height\":632,\"caption\":\"Evropsk\u00e1 Obchodn\u00ed Akademie\"},\"image\":{\"@id\":\"https:\/\/www.oadc.cz\/#\/schema\/logo\/image\/\"},\"sameAs\":[\"https:\/\/www.facebook.com\/eoadc\",\"https:\/\/www.instagram.com\/eoa.dc\/\"]}]}<\/script>\n<!-- \/ Yoast SEO plugin. -->","yoast_head_json":{"title":"Turnaj v p\u0159ehazovan\u00e9 na Z\u0160 Na Str\u00e1ni - Evropsk\u00e1 obchodn\u00ed akademie","robots":{"index":"index","follow":"follow","max-snippet":"max-snippet:-1","max-image-preview":"max-image-preview:large","max-video-preview":"max-video-preview:-1"},"canonical":"https:\/\/www.oadc.cz\/index.php\/projekt-byl-urcen-pro-zaky-8-a-9-trid\/","og_locale":"cs_CZ","og_type":"article","og_title":"Turnaj v p\u0159ehazovan\u00e9 na Z\u0160 Na Str\u00e1ni - Evropsk\u00e1 obchodn\u00ed akademie","og_description":"Turnaj v p\u0159ehazovan\u00e9 na Z\u0160 Na Str\u00e1ni Turnaj v p\u0159ehazovan\u00e9 pro \u017e\u00e1ky 8. a 9. t\u0159\u00edd. Dne 1.6. se uskute\u010dnil turnaj v p\u0159ehazovan\u00e9 na Z\u0160 Na Str\u00e1ni v r\u00e1mci komunitn\u00edho projektu pod veden\u00edm studentek ze t\u0159\u00eddy 3.S. \u00a0Projekt byl ur\u010den pro \u017e\u00e1ky 8. a 9. t\u0159\u00edd. \u017d\u00e1ci 8. a 9. t\u0159\u00edd si t\u00edmto m\u011bli mo\u017enost [&hellip;]","og_url":"https:\/\/www.oadc.cz\/index.php\/projekt-byl-urcen-pro-zaky-8-a-9-trid\/","og_site_name":"Evropsk\u00e1 obchodn\u00ed akademie","article_publisher":"https:\/\/www.facebook.com\/eoadc","article_modified_time":"2022-06-29T20:50:05+00:00","og_image":[{"width":1024,"height":768,"url":"https:\/\/www.oadc.cz\/wp-content\/uploads\/2022\/06\/prehazovana01.jpg","type":"image\/jpeg"}],"twitter_card":"summary_large_image","twitter_misc":{"Odhadovan\u00e1 doba \u010dten\u00ed":"1 minuta"},"schema":{"@context":"https:\/\/schema.org","@graph":[{"@type":"WebPage","@id":"https:\/\/www.oadc.cz\/index.php\/projekt-byl-urcen-pro-zaky-8-a-9-trid\/","url":"https:\/\/www.oadc.cz\/index.php\/projekt-byl-urcen-pro-zaky-8-a-9-trid\/","name":"Turnaj v p\u0159ehazovan\u00e9 na Z\u0160 Na Str\u00e1ni - Evropsk\u00e1 obchodn\u00ed akademie","isPartOf":{"@id":"https:\/\/www.oadc.cz\/#website"},"datePublished":"2022-06-29T17:00:12+00:00","dateModified":"2022-06-29T20:50:05+00:00","breadcrumb":{"@id":"https:\/\/www.oadc.cz\/index.php\/projekt-byl-urcen-pro-zaky-8-a-9-trid\/#breadcrumb"},"inLanguage":"cs","potentialAction":[{"@type":"ReadAction","target":["https:\/\/www.oadc.cz\/index.php\/projekt-byl-urcen-pro-zaky-8-a-9-trid\/"]}]},{"@type":"BreadcrumbList","@id":"https:\/\/www.oadc.cz\/index.php\/projekt-byl-urcen-pro-zaky-8-a-9-trid\/#breadcrumb","itemListElement":[{"@type":"ListItem","position":1,"name":"Dom\u016f","item":"https:\/\/www.oadc.cz\/"},{"@type":"ListItem","position":2,"name":"Turnaj v p\u0159ehazovan\u00e9 na Z\u0160 Na Str\u00e1ni"}]},{"@type":"WebSite","@id":"https:\/\/www.oadc.cz\/#website","url":"https:\/\/www.oadc.cz\/","name":"Evropsk\u00e1 obchodn\u00ed akademie","description":"st\u0159edn\u00ed odborn\u00e1 \u0161kola v D\u011b\u010d\u00edn\u011b","publisher":{"@id":"https:\/\/www.oadc.cz\/#organization"},"potentialAction":[{"@type":"SearchAction","target":{"@type":"EntryPoint","urlTemplate":"https:\/\/www.oadc.cz\/?s={search_term_string}"},"query-input":"required name=search_term_string"}],"inLanguage":"cs"},{"@type":"Organization","@id":"https:\/\/www.oadc.cz\/#organization","name":"Evropsk\u00e1 Obchodn\u00ed Akademie","url":"https:\/\/www.oadc.cz\/","logo":{"@type":"ImageObject","inLanguage":"cs","@id":"https:\/\/www.oadc.cz\/#\/schema\/logo\/image\/","url":"https:\/\/www.oadc.cz\/wp-content\/uploads\/2020\/12\/EOA-logo_upr.png","contentUrl":"https:\/\/www.oadc.cz\/wp-content\/uploads\/2020\/12\/EOA-logo_upr.png","width":850,"height":632,"caption":"Evropsk\u00e1 Obchodn\u00ed Akademie"},"image":{"@id":"https:\/\/www.oadc.cz\/#\/schema\/logo\/image\/"},"sameAs":["https:\/\/www.facebook.com\/eoadc","https:\/\/www.instagram.com\/eoa.dc\/"]}]}},"_links":{"self":[{"href":"https:\/\/www.oadc.cz\/index.php\/wp-json\/wp\/v2\/pages\/4131"}],"collection":[{"href":"https:\/\/www.oadc.cz\/index.php\/wp-json\/wp\/v2\/pages"}],"about":[{"href":"https:\/\/www.oadc.cz\/index.php\/wp-json\/wp\/v2\/types\/page"}],"author":[{"embeddable":true,"href":"https:\/\/www.oadc.cz\/index.php\/wp-json\/wp\/v2\/users\/2"}],"replies":[{"embeddable":true,"href":"https:\/\/www.oadc.cz\/index.php\/wp-json\/wp\/v2\/comments?post=4131"}],"version-history":[{"count":8,"href":"https:\/\/www.oadc.cz\/index.php\/wp-json\/wp\/v2\/pages\/4131\/revisions"}],"predecessor-version":[{"id":4206,"href":"https:\/\/www.oadc.cz\/index.php\/wp-json\/wp\/v2\/pages\/4131\/revisions\/4206"}],"wp:featuredmedia":[{"embeddable":true,"href":"https:\/\/www.oadc.cz\/index.php\/wp-json\/wp\/v2\/media\/4125"}],"wp:attachment":[{"href":"https:\/\/www.oadc.cz\/index.php\/wp-json\/wp\/v2\/media?parent=4131"}],"curies":[{"name":"wp","href":"https:\/\/api.w.org\/{rel}","templated":true}]}}