{"id":3366,"date":"2021-12-05T22:43:36","date_gmt":"2021-12-05T21:43:36","guid":{"rendered":"https:\/\/www.oadc.cz\/?page_id=3366"},"modified":"2022-05-10T23:15:37","modified_gmt":"2022-05-10T22:15:37","slug":"ecdl-zkousky-na-eoa-decin","status":"publish","type":"page","link":"https:\/\/www.oadc.cz\/index.php\/aktivity\/ecdl-zkousky-na-eoa-decin\/","title":{"rendered":"ECDL zkou\u0161ky na EOA D\u011b\u010d\u00edn"},"content":{"rendered":"\t\t<div data-elementor-type=\"wp-page\" data-elementor-id=\"3366\" class=\"elementor elementor-3366\" data-elementor-post-type=\"page\">\n\t\t\t\t\t\t<section class=\"elementor-section elementor-top-section elementor-element elementor-element-8d0f4e1 elementor-section-boxed elementor-section-height-default elementor-section-height-default\" data-id=\"8d0f4e1\" data-element_type=\"section\">\n\t\t\t\t\t\t<div class=\"elementor-container elementor-column-gap-default\">\n\t\t\t\t\t<div class=\"elementor-column elementor-col-100 elementor-top-column elementor-element elementor-element-c741cc6\" data-id=\"c741cc6\" data-element_type=\"column\">\n\t\t\t<div class=\"elementor-widget-wrap elementor-element-populated\">\n\t\t\t\t\t\t<div class=\"elementor-element elementor-element-2d6c9ac elementor-widget elementor-widget-text-editor\" data-id=\"2d6c9ac\" data-element_type=\"widget\" data-widget_type=\"text-editor.default\">\n\t\t\t\t<div class=\"elementor-widget-container\">\n\t\t\t<style>\/*! elementor - v3.19.0 - 26-02-2024 *\/\n.elementor-widget-text-editor.elementor-drop-cap-view-stacked .elementor-drop-cap{background-color:#69727d;color:#fff}.elementor-widget-text-editor.elementor-drop-cap-view-framed .elementor-drop-cap{color:#69727d;border:3px solid;background-color:transparent}.elementor-widget-text-editor:not(.elementor-drop-cap-view-default) .elementor-drop-cap{margin-top:8px}.elementor-widget-text-editor:not(.elementor-drop-cap-view-default) .elementor-drop-cap-letter{width:1em;height:1em}.elementor-widget-text-editor .elementor-drop-cap{float:left;text-align:center;line-height:1;font-size:50px}.elementor-widget-text-editor .elementor-drop-cap-letter{display:inline-block}<\/style>\t\t\t\t<p><b>O konceptu ECDL \/ ICDL<\/b><\/p><p><span style=\"font-weight: 400;\">P\u016fvodn\u011b\u00a0<\/span><b>evropsk\u00fd projekt<\/b><span style=\"font-weight: 400;\">\u00a0ECDL (European Certification of Digital Literacy) p\u0159edstavuje dnes ji\u017e celosv\u011btov\u011b roz\u0161\u00ed\u0159en\u00fd vzd\u011bl\u00e1vac\u00ed syst\u00e9m v oblasti digit\u00e1ln\u00edch technologi\u00ed, kter\u00fd d\u00edky sv\u00e9 kvalit\u011b dos\u00e1hl trval\u00e9 udr\u017eitelnosti. Nov\u011b je koncept mezin\u00e1rodn\u011b ozna\u010dov\u00e1n zkratkou ICDL (International Certification of Digital Literacy).<\/span><\/p><p><span style=\"font-weight: 400;\">P\u0159\u00ednos konceptu ECDL \/ ICDL spo\u010d\u00edv\u00e1 zejm\u00e9na v tom, \u017ee prost\u0159ednictv\u00edm mezin\u00e1rodn\u011b jednotn\u00fdch\u00a0<\/span><a href=\"https:\/\/www.ecdl.cz\/sylaby.php\"><span style=\"font-weight: 400;\">sylab\u016f<\/span><\/a><span style=\"font-weight: 400;\">\u00a0definuje\u00a0vzd\u011bl\u00e1vac\u00ed obsah, kter\u00fd odr\u00e1\u017e\u00ed aktu\u00e1ln\u00ed pot\u0159eby trhu pr\u00e1ce a b\u011b\u017en\u00e9ho \u017eivota jedince ve spole\u010dnosti, a to zejm\u00e9na v oblasti\u00a0p\u0159enositeln\u00fdch\u00a0digit\u00e1ln\u00edch znalost\u00ed a dovednost\u00ed, a sou\u010dasn\u011b nab\u00edz\u00ed mezin\u00e1rodn\u011b uzn\u00e1vanou, standardizovanou, objektivn\u00ed a nez\u00e1vislou metodu\u00a0<\/span><b>ov\u011b\u0159ov\u00e1n\u00ed v\u00fdsledk\u016f vzd\u011bl\u00e1v\u00e1n\u00ed<\/b><span style=\"font-weight: 400;\">\u00a0(tzv. ECDL zkou\u0161ky).<\/span><\/p><p><span style=\"font-weight: 400;\">Koncept ECDL \/ ICDL sv\u00fdm rozsahem pokr\u00fdv\u00e1 prakticky v\u0161echny oblasti, ve kter\u00fdch se digit\u00e1ln\u00ed technologie v b\u011b\u017en\u00e9m \u017eivot\u011b vyu\u017e\u00edvaj\u00ed. Zahrnuje celou \u0161k\u00e1lu vzd\u011bl\u00e1vac\u00edch a certifika\u010dn\u00edch\u00a0program\u016f\u00a0v oblasti\u00a0digit\u00e1ln\u00edch kompetenc\u00ed, od program\u016f pro \u017e\u00e1ky a studenty z\u00e1kladn\u00edch a st\u0159edn\u00edch \u0161kol, a\u017e po programy ur\u010den\u00e9 \u0161irok\u00e9 ve\u0159ejnosti nebo naopak pro odborn\u00edky z r\u016fzn\u00fdch obor\u016f.<\/span><\/p><p><span style=\"font-weight: 400;\">Ov\u011b\u0159ov\u00e1n\u00ed digit\u00e1ln\u00edch znalost\u00ed a dovednost\u00ed prob\u00edh\u00e1 formou praktick\u00fdch zkou\u0161ek v re\u00e1ln\u00e9m prost\u0159ed\u00ed s vyu\u017eit\u00edm b\u011b\u017en\u00fdch stoln\u00edch po\u010d\u00edta\u010d\u016f, notebook\u016f, tablet\u016f \u010di mobiln\u00edch telefon\u016f, r\u016fzn\u00fdch opera\u010dn\u00edch syst\u00e9m\u016f, b\u011b\u017en\u011b pou\u017e\u00edvan\u00fdch aplikac\u00ed, lok\u00e1ln\u00edch s\u00edt\u00edch a internetu.<\/span><\/p><p><b>ECDL zkou\u0161ky na EOA D\u011b\u010d\u00edn<\/b><\/p><p><span style=\"font-weight: 400;\">\u00dasp\u011b\u0161n\u00ed absolventi ECDL \/ ICDL zkou\u0161ek mohou z\u00edskat celou \u0161k\u00e1lu mezin\u00e1rodn\u011b uzn\u00e1van\u00fdch\u00a0certifik\u00e1t\u016f, kter\u00e9 dokl\u00e1daj\u00ed dosa\u017een\u00ed ur\u010dit\u00e9 \u00farovn\u011b kvalifikace pro pr\u00e1ci s digit\u00e1ln\u00edmi technologiemi. Tyto certifik\u00e1ty jsou ji\u017e \u0159adu let nejen st\u00e1ty Evropsk\u00e9 unie doporu\u010dov\u00e1ny a pou\u017e\u00edv\u00e1ny de facto jako mezin\u00e1rodn\u00ed standard.<\/span><\/p><p><span style=\"font-weight: 400;\"><a href=\"https:\/\/www.facebook.com\/ECDLCZ\/photos\/a.306633556460094\/1340611603062279\/?type=3&amp;theater\" target=\"_blank\" rel=\"noopener\">Evropsk\u00e1 obchodn\u00ed akademie<\/a> bude moci jako akreditovan\u00e9 testovac\u00ed st\u0159edisko od \u0161koln\u00edho roku 2021\/2022 nab\u00edzet sv\u00fdm student\u016fm mo\u017enost <\/span><b>vykonat tyto zkou\u0161ky p\u0159\u00edmo na \u0161kole<\/b><span style=\"font-weight: 400;\">. V\u00a0n\u00e1vaznosti na vysok\u00fd standard v\u00fduky ICT definovan\u00fd v\u00a0na\u0161ich \u0161koln\u00edch vzd\u011bl\u00e1vac\u00edch programech jsme se nav\u00edc, jako jedna z\u00a0m\u00e1la st\u0159edn\u00edch \u0161kol v\u00a0\u010cR, rozhodli zam\u011b\u0159it v\u00fdhradn\u011b na <\/span><b>pokro\u010dilou verzi t\u011bchto zkou\u0161ek \u2013 <a href=\"https:\/\/ecdl.cz\/sylaby_advanced.php\" target=\"_blank\" rel=\"noopener\">ECDL Advanced<\/a><\/b><span style=\"font-weight: 400;\">. Na\u0161i studenti tak v\u00a0prost\u0159ed\u00ed Microsoft Word absolvuj\u00ed modul <\/span><b>Pokro\u010dil\u00e9 zpracov\u00e1n\u00ed textu<\/b><span style=\"font-weight: 400;\">, v\u00a0prost\u0159ed\u00ed Microsoft Excel modul <\/span><b>Pokro\u010dil\u00e1 pr\u00e1ce s\u00a0tabulkami<\/b><span style=\"font-weight: 400;\"> a v\u00a0prost\u0159ed\u00ed Microsoft Powerpoint modul <\/span><b>Pokro\u010dil\u00e9 prezentace<\/b><span style=\"font-weight: 400;\">.<\/span><\/p>\t\t\t\t\t\t<\/div>\n\t\t\t\t<\/div>\n\t\t\t\t\t<\/div>\n\t\t<\/div>\n\t\t\t\t\t<\/div>\n\t\t<\/section>\n\t\t\t\t<\/div>\n\t\t","protected":false},"excerpt":{"rendered":"<p>O konceptu ECDL \/ ICDL P\u016fvodn\u011b\u00a0evropsk\u00fd projekt\u00a0ECDL (European Certification of Digital Literacy) p\u0159edstavuje dnes ji\u017e celosv\u011btov\u011b roz\u0161\u00ed\u0159en\u00fd vzd\u011bl\u00e1vac\u00ed syst\u00e9m v oblasti digit\u00e1ln\u00edch technologi\u00ed, kter\u00fd d\u00edky sv\u00e9 kvalit\u011b dos\u00e1hl trval\u00e9 udr\u017eitelnosti. Nov\u011b je koncept mezin\u00e1rodn\u011b ozna\u010dov\u00e1n zkratkou ICDL (International Certification of Digital Literacy). P\u0159\u00ednos konceptu ECDL \/ ICDL spo\u010d\u00edv\u00e1 zejm\u00e9na v tom, \u017ee prost\u0159ednictv\u00edm mezin\u00e1rodn\u011b jednotn\u00fdch\u00a0sylab\u016f\u00a0definuje\u00a0vzd\u011bl\u00e1vac\u00ed [&hellip;]<\/p>\n","protected":false},"author":2,"featured_media":3582,"parent":2784,"menu_order":0,"comment_status":"closed","ping_status":"closed","template":"template-parts\/template-homepage.php","meta":{"footnotes":""},"yoast_head":"<!-- This site is optimized with the Yoast SEO plugin v22.1 - https:\/\/yoast.com\/wordpress\/plugins\/seo\/ -->\n<title>ECDL zkou\u0161ky na EOA D\u011b\u010d\u00edn - Evropsk\u00e1 obchodn\u00ed akademie<\/title>\n<meta name=\"robots\" content=\"index, follow, max-snippet:-1, max-image-preview:large, max-video-preview:-1\" \/>\n<link rel=\"canonical\" href=\"https:\/\/www.oadc.cz\/index.php\/aktivity\/ecdl-zkousky-na-eoa-decin\/\" \/>\n<meta property=\"og:locale\" content=\"cs_CZ\" \/>\n<meta property=\"og:type\" content=\"article\" \/>\n<meta property=\"og:title\" content=\"ECDL zkou\u0161ky na EOA D\u011b\u010d\u00edn - Evropsk\u00e1 obchodn\u00ed akademie\" \/>\n<meta property=\"og:description\" content=\"O konceptu ECDL \/ ICDL P\u016fvodn\u011b\u00a0evropsk\u00fd projekt\u00a0ECDL (European Certification of Digital Literacy) p\u0159edstavuje dnes ji\u017e celosv\u011btov\u011b roz\u0161\u00ed\u0159en\u00fd vzd\u011bl\u00e1vac\u00ed syst\u00e9m v oblasti digit\u00e1ln\u00edch technologi\u00ed, kter\u00fd d\u00edky sv\u00e9 kvalit\u011b dos\u00e1hl trval\u00e9 udr\u017eitelnosti. Nov\u011b je koncept mezin\u00e1rodn\u011b ozna\u010dov\u00e1n zkratkou ICDL (International Certification of Digital Literacy). P\u0159\u00ednos konceptu ECDL \/ ICDL spo\u010d\u00edv\u00e1 zejm\u00e9na v tom, \u017ee prost\u0159ednictv\u00edm mezin\u00e1rodn\u011b jednotn\u00fdch\u00a0sylab\u016f\u00a0definuje\u00a0vzd\u011bl\u00e1vac\u00ed [&hellip;]\" \/>\n<meta property=\"og:url\" content=\"https:\/\/www.oadc.cz\/index.php\/aktivity\/ecdl-zkousky-na-eoa-decin\/\" \/>\n<meta property=\"og:site_name\" content=\"Evropsk\u00e1 obchodn\u00ed akademie\" \/>\n<meta property=\"article:publisher\" content=\"https:\/\/www.facebook.com\/eoadc\" \/>\n<meta property=\"article:modified_time\" content=\"2022-05-10T22:15:37+00:00\" \/>\n<meta property=\"og:image\" content=\"https:\/\/www.oadc.cz\/wp-content\/uploads\/2022\/02\/Logo_ICDL_new.png\" \/>\n\t<meta property=\"og:image:width\" content=\"1024\" \/>\n\t<meta property=\"og:image:height\" content=\"659\" \/>\n\t<meta property=\"og:image:type\" content=\"image\/png\" \/>\n<meta name=\"twitter:card\" content=\"summary_large_image\" \/>\n<meta name=\"twitter:label1\" content=\"Odhadovan\u00e1 doba \u010dten\u00ed\" \/>\n\t<meta name=\"twitter:data1\" content=\"2 minuty\" \/>\n<script type=\"application\/ld+json\" class=\"yoast-schema-graph\">{\"@context\":\"https:\/\/schema.org\",\"@graph\":[{\"@type\":\"WebPage\",\"@id\":\"https:\/\/www.oadc.cz\/index.php\/aktivity\/ecdl-zkousky-na-eoa-decin\/\",\"url\":\"https:\/\/www.oadc.cz\/index.php\/aktivity\/ecdl-zkousky-na-eoa-decin\/\",\"name\":\"ECDL zkou\u0161ky na EOA D\u011b\u010d\u00edn - Evropsk\u00e1 obchodn\u00ed akademie\",\"isPartOf\":{\"@id\":\"https:\/\/www.oadc.cz\/#website\"},\"datePublished\":\"2021-12-05T21:43:36+00:00\",\"dateModified\":\"2022-05-10T22:15:37+00:00\",\"breadcrumb\":{\"@id\":\"https:\/\/www.oadc.cz\/index.php\/aktivity\/ecdl-zkousky-na-eoa-decin\/#breadcrumb\"},\"inLanguage\":\"cs\",\"potentialAction\":[{\"@type\":\"ReadAction\",\"target\":[\"https:\/\/www.oadc.cz\/index.php\/aktivity\/ecdl-zkousky-na-eoa-decin\/\"]}]},{\"@type\":\"BreadcrumbList\",\"@id\":\"https:\/\/www.oadc.cz\/index.php\/aktivity\/ecdl-zkousky-na-eoa-decin\/#breadcrumb\",\"itemListElement\":[{\"@type\":\"ListItem\",\"position\":1,\"name\":\"Dom\u016f\",\"item\":\"https:\/\/www.oadc.cz\/\"},{\"@type\":\"ListItem\",\"position\":2,\"name\":\"Aktivity\",\"item\":\"https:\/\/www.oadc.cz\/index.php\/aktivity\/\"},{\"@type\":\"ListItem\",\"position\":3,\"name\":\"ECDL zkou\u0161ky na EOA D\u011b\u010d\u00edn\"}]},{\"@type\":\"WebSite\",\"@id\":\"https:\/\/www.oadc.cz\/#website\",\"url\":\"https:\/\/www.oadc.cz\/\",\"name\":\"Evropsk\u00e1 obchodn\u00ed akademie\",\"description\":\"st\u0159edn\u00ed odborn\u00e1 \u0161kola v D\u011b\u010d\u00edn\u011b\",\"publisher\":{\"@id\":\"https:\/\/www.oadc.cz\/#organization\"},\"potentialAction\":[{\"@type\":\"SearchAction\",\"target\":{\"@type\":\"EntryPoint\",\"urlTemplate\":\"https:\/\/www.oadc.cz\/?s={search_term_string}\"},\"query-input\":\"required name=search_term_string\"}],\"inLanguage\":\"cs\"},{\"@type\":\"Organization\",\"@id\":\"https:\/\/www.oadc.cz\/#organization\",\"name\":\"Evropsk\u00e1 Obchodn\u00ed Akademie\",\"url\":\"https:\/\/www.oadc.cz\/\",\"logo\":{\"@type\":\"ImageObject\",\"inLanguage\":\"cs\",\"@id\":\"https:\/\/www.oadc.cz\/#\/schema\/logo\/image\/\",\"url\":\"https:\/\/www.oadc.cz\/wp-content\/uploads\/2020\/12\/EOA-logo_upr.png\",\"contentUrl\":\"https:\/\/www.oadc.cz\/wp-content\/uploads\/2020\/12\/EOA-logo_upr.png\",\"width\":850,\"height\":632,\"caption\":\"Evropsk\u00e1 Obchodn\u00ed Akademie\"},\"image\":{\"@id\":\"https:\/\/www.oadc.cz\/#\/schema\/logo\/image\/\"},\"sameAs\":[\"https:\/\/www.facebook.com\/eoadc\",\"https:\/\/www.instagram.com\/eoa.dc\/\"]}]}<\/script>\n<!-- \/ Yoast SEO plugin. -->","yoast_head_json":{"title":"ECDL zkou\u0161ky na EOA D\u011b\u010d\u00edn - Evropsk\u00e1 obchodn\u00ed akademie","robots":{"index":"index","follow":"follow","max-snippet":"max-snippet:-1","max-image-preview":"max-image-preview:large","max-video-preview":"max-video-preview:-1"},"canonical":"https:\/\/www.oadc.cz\/index.php\/aktivity\/ecdl-zkousky-na-eoa-decin\/","og_locale":"cs_CZ","og_type":"article","og_title":"ECDL zkou\u0161ky na EOA D\u011b\u010d\u00edn - Evropsk\u00e1 obchodn\u00ed akademie","og_description":"O konceptu ECDL \/ ICDL P\u016fvodn\u011b\u00a0evropsk\u00fd projekt\u00a0ECDL (European Certification of Digital Literacy) p\u0159edstavuje dnes ji\u017e celosv\u011btov\u011b roz\u0161\u00ed\u0159en\u00fd vzd\u011bl\u00e1vac\u00ed syst\u00e9m v oblasti digit\u00e1ln\u00edch technologi\u00ed, kter\u00fd d\u00edky sv\u00e9 kvalit\u011b dos\u00e1hl trval\u00e9 udr\u017eitelnosti. Nov\u011b je koncept mezin\u00e1rodn\u011b ozna\u010dov\u00e1n zkratkou ICDL (International Certification of Digital Literacy). P\u0159\u00ednos konceptu ECDL \/ ICDL spo\u010d\u00edv\u00e1 zejm\u00e9na v tom, \u017ee prost\u0159ednictv\u00edm mezin\u00e1rodn\u011b jednotn\u00fdch\u00a0sylab\u016f\u00a0definuje\u00a0vzd\u011bl\u00e1vac\u00ed [&hellip;]","og_url":"https:\/\/www.oadc.cz\/index.php\/aktivity\/ecdl-zkousky-na-eoa-decin\/","og_site_name":"Evropsk\u00e1 obchodn\u00ed akademie","article_publisher":"https:\/\/www.facebook.com\/eoadc","article_modified_time":"2022-05-10T22:15:37+00:00","og_image":[{"width":1024,"height":659,"url":"https:\/\/www.oadc.cz\/wp-content\/uploads\/2022\/02\/Logo_ICDL_new.png","type":"image\/png"}],"twitter_card":"summary_large_image","twitter_misc":{"Odhadovan\u00e1 doba \u010dten\u00ed":"2 minuty"},"schema":{"@context":"https:\/\/schema.org","@graph":[{"@type":"WebPage","@id":"https:\/\/www.oadc.cz\/index.php\/aktivity\/ecdl-zkousky-na-eoa-decin\/","url":"https:\/\/www.oadc.cz\/index.php\/aktivity\/ecdl-zkousky-na-eoa-decin\/","name":"ECDL zkou\u0161ky na EOA D\u011b\u010d\u00edn - Evropsk\u00e1 obchodn\u00ed akademie","isPartOf":{"@id":"https:\/\/www.oadc.cz\/#website"},"datePublished":"2021-12-05T21:43:36+00:00","dateModified":"2022-05-10T22:15:37+00:00","breadcrumb":{"@id":"https:\/\/www.oadc.cz\/index.php\/aktivity\/ecdl-zkousky-na-eoa-decin\/#breadcrumb"},"inLanguage":"cs","potentialAction":[{"@type":"ReadAction","target":["https:\/\/www.oadc.cz\/index.php\/aktivity\/ecdl-zkousky-na-eoa-decin\/"]}]},{"@type":"BreadcrumbList","@id":"https:\/\/www.oadc.cz\/index.php\/aktivity\/ecdl-zkousky-na-eoa-decin\/#breadcrumb","itemListElement":[{"@type":"ListItem","position":1,"name":"Dom\u016f","item":"https:\/\/www.oadc.cz\/"},{"@type":"ListItem","position":2,"name":"Aktivity","item":"https:\/\/www.oadc.cz\/index.php\/aktivity\/"},{"@type":"ListItem","position":3,"name":"ECDL zkou\u0161ky na EOA D\u011b\u010d\u00edn"}]},{"@type":"WebSite","@id":"https:\/\/www.oadc.cz\/#website","url":"https:\/\/www.oadc.cz\/","name":"Evropsk\u00e1 obchodn\u00ed akademie","description":"st\u0159edn\u00ed odborn\u00e1 \u0161kola v D\u011b\u010d\u00edn\u011b","publisher":{"@id":"https:\/\/www.oadc.cz\/#organization"},"potentialAction":[{"@type":"SearchAction","target":{"@type":"EntryPoint","urlTemplate":"https:\/\/www.oadc.cz\/?s={search_term_string}"},"query-input":"required name=search_term_string"}],"inLanguage":"cs"},{"@type":"Organization","@id":"https:\/\/www.oadc.cz\/#organization","name":"Evropsk\u00e1 Obchodn\u00ed Akademie","url":"https:\/\/www.oadc.cz\/","logo":{"@type":"ImageObject","inLanguage":"cs","@id":"https:\/\/www.oadc.cz\/#\/schema\/logo\/image\/","url":"https:\/\/www.oadc.cz\/wp-content\/uploads\/2020\/12\/EOA-logo_upr.png","contentUrl":"https:\/\/www.oadc.cz\/wp-content\/uploads\/2020\/12\/EOA-logo_upr.png","width":850,"height":632,"caption":"Evropsk\u00e1 Obchodn\u00ed Akademie"},"image":{"@id":"https:\/\/www.oadc.cz\/#\/schema\/logo\/image\/"},"sameAs":["https:\/\/www.facebook.com\/eoadc","https:\/\/www.instagram.com\/eoa.dc\/"]}]}},"_links":{"self":[{"href":"https:\/\/www.oadc.cz\/index.php\/wp-json\/wp\/v2\/pages\/3366"}],"collection":[{"href":"https:\/\/www.oadc.cz\/index.php\/wp-json\/wp\/v2\/pages"}],"about":[{"href":"https:\/\/www.oadc.cz\/index.php\/wp-json\/wp\/v2\/types\/page"}],"author":[{"embeddable":true,"href":"https:\/\/www.oadc.cz\/index.php\/wp-json\/wp\/v2\/users\/2"}],"replies":[{"embeddable":true,"href":"https:\/\/www.oadc.cz\/index.php\/wp-json\/wp\/v2\/comments?post=3366"}],"version-history":[{"count":11,"href":"https:\/\/www.oadc.cz\/index.php\/wp-json\/wp\/v2\/pages\/3366\/revisions"}],"predecessor-version":[{"id":3782,"href":"https:\/\/www.oadc.cz\/index.php\/wp-json\/wp\/v2\/pages\/3366\/revisions\/3782"}],"up":[{"embeddable":true,"href":"https:\/\/www.oadc.cz\/index.php\/wp-json\/wp\/v2\/pages\/2784"}],"wp:featuredmedia":[{"embeddable":true,"href":"https:\/\/www.oadc.cz\/index.php\/wp-json\/wp\/v2\/media\/3582"}],"wp:attachment":[{"href":"https:\/\/www.oadc.cz\/index.php\/wp-json\/wp\/v2\/media?parent=3366"}],"curies":[{"name":"wp","href":"https:\/\/api.w.org\/{rel}","templated":true}]}}