{"id":3230,"date":"2021-11-13T15:30:53","date_gmt":"2021-11-13T14:30:53","guid":{"rendered":"https:\/\/www.oadc.cz\/?page_id=3230"},"modified":"2021-11-14T11:11:35","modified_gmt":"2021-11-14T10:11:35","slug":"vlastik-krejci","status":"publish","type":"page","link":"https:\/\/www.oadc.cz\/index.php\/absolventi\/vlastik-krejci\/","title":{"rendered":"Vlast\u00edk Krej\u010d\u00ed"},"content":{"rendered":"\t\t<div data-elementor-type=\"wp-page\" data-elementor-id=\"3230\" class=\"elementor elementor-3230\" data-elementor-post-type=\"page\">\n\t\t\t\t\t\t<section class=\"elementor-section elementor-top-section elementor-element elementor-element-2bfb539 elementor-section-content-middle elementor-section-boxed elementor-section-height-default elementor-section-height-default\" data-id=\"2bfb539\" data-element_type=\"section\">\n\t\t\t\t\t\t<div class=\"elementor-container elementor-column-gap-no\">\n\t\t\t\t\t<div class=\"elementor-column elementor-col-100 elementor-top-column elementor-element elementor-element-661fcf3\" data-id=\"661fcf3\" data-element_type=\"column\">\n\t\t\t<div class=\"elementor-widget-wrap elementor-element-populated\">\n\t\t\t\t\t\t<div class=\"elementor-element elementor-element-cce0f70 elementor-widget elementor-widget-heading\" data-id=\"cce0f70\" data-element_type=\"widget\" data-widget_type=\"heading.default\">\n\t\t\t\t<div class=\"elementor-widget-container\">\n\t\t\t<style>\/*! elementor - v3.19.0 - 26-02-2024 *\/\n.elementor-heading-title{padding:0;margin:0;line-height:1}.elementor-widget-heading .elementor-heading-title[class*=elementor-size-]>a{color:inherit;font-size:inherit;line-height:inherit}.elementor-widget-heading .elementor-heading-title.elementor-size-small{font-size:15px}.elementor-widget-heading .elementor-heading-title.elementor-size-medium{font-size:19px}.elementor-widget-heading .elementor-heading-title.elementor-size-large{font-size:29px}.elementor-widget-heading .elementor-heading-title.elementor-size-xl{font-size:39px}.elementor-widget-heading .elementor-heading-title.elementor-size-xxl{font-size:59px}<\/style><h4 class=\"elementor-heading-title elementor-size-default\">Vlast\u00edk Krej\u010d\u00ed\n<\/h4>\t\t<\/div>\n\t\t\t\t<\/div>\n\t\t\t\t<div class=\"elementor-element elementor-element-da041ce elementor-widget elementor-widget-text-editor\" data-id=\"da041ce\" data-element_type=\"widget\" data-widget_type=\"text-editor.default\">\n\t\t\t\t<div class=\"elementor-widget-container\">\n\t\t\t<style>\/*! elementor - v3.19.0 - 26-02-2024 *\/\n.elementor-widget-text-editor.elementor-drop-cap-view-stacked .elementor-drop-cap{background-color:#69727d;color:#fff}.elementor-widget-text-editor.elementor-drop-cap-view-framed .elementor-drop-cap{color:#69727d;border:3px solid;background-color:transparent}.elementor-widget-text-editor:not(.elementor-drop-cap-view-default) .elementor-drop-cap{margin-top:8px}.elementor-widget-text-editor:not(.elementor-drop-cap-view-default) .elementor-drop-cap-letter{width:1em;height:1em}.elementor-widget-text-editor .elementor-drop-cap{float:left;text-align:center;line-height:1;font-size:50px}.elementor-widget-text-editor .elementor-drop-cap-letter{display:inline-block}<\/style>\t\t\t\t<p><b>Pedagog voln\u00e9ho \u010dasu<\/b><\/p>\t\t\t\t\t\t<\/div>\n\t\t\t\t<\/div>\n\t\t\t\t<div class=\"elementor-element elementor-element-0642b62 elementor-widget elementor-widget-text-editor\" data-id=\"0642b62\" data-element_type=\"widget\" data-widget_type=\"text-editor.default\">\n\t\t\t\t<div class=\"elementor-widget-container\">\n\t\t\t\t\t\t\t<p>Jmenuji se Vlastimil, ale v\u0161ichni pr\u030ca\u0301tele\u0301 mi r\u030ci\u0301kaji\u0301 \u201eVlasti\u0301ku\u201c. Ve c\u030ctvrt\u030ca\u0301ku me\u030c tak zac\u030cali oslovovat i mi\u0301 uc\u030citele\u0301 na EOA. Prosluly\u0301 jsem by\u0301val svy\u0301mi pozdni\u0301mi pr\u030ci\u0301chody na prvni\u0301 vyuc\u030covaci\u0301 hodinu, a tak mi pan r\u030ceditel dokonce, kdyz\u030c mu dos\u030cla trpe\u030clivost, ve\u030cnoval budi\u0301k.<\/p><p>Ve sv\u00fdch 16 letech jsem zaloz\u030cil vlastni\u0301 tanec\u030cni\u0301 skupinu TK Respect. V sou\u010dasnosti pracuji jako pedagog voln\u00e9ho \u010dasu v Centru d\u011bt\u00ed a ml\u00e1de\u017ee v Bene\u0161ov\u011b nad Plou\u010dnic\u00ed. Po cel\u00fd rok se v\u011bnuji d\u011btem, ml\u00e1de\u017ei i dosp\u011bl\u00fdm. Vypl\u0148uji jejich voln\u00fd \u010das tancem, cvi\u010den\u00edm a po\u0159\u00e1dan\u00fdmi letn\u00edmi t\u00e1bory. Ve\u030cnuji se nejen de\u030ctem v tanec\u030cni\u0301m klubu, ale pom\u00e1h\u00e1m tak\u00e9 nap\u0159. budouc\u00edm novoman\u017eel\u016fm s tvorbou svatebn\u00edch choreografi\u00ed, zam\u011bstnanc\u016fm firem s organizov\u00e1n\u00edm r\u016fzn\u00fdch spole\u010densk\u00fdch akc\u00ed a take\u0301 maturantu\u030am. Pr\u00e1v\u011b choreografii\u0301 pro maturitn\u00ed plesy ma\u0301m na konte\u030c celkem 95 a mysli\u0301m, z\u030ce je na mn\u011b st\u00e1le vid\u011bt, jak moc m\u011b tanec a vystupov\u00e1n\u00ed bav\u00ed.<\/p><p>C\u030clove\u030ck ale nemu\u030az\u030ce tanc\u030cit cely\u0301 z\u030civot a tak sta\u0301le vymy\u0301s\u030cl\u00edm dals\u030ci\u0301 a dals\u030ci\u0301 projekty. Miluji cestova\u0301ni\u0301 a pra\u0301ve\u030c EOA mi uka\u0301zala, jak obohacuj\u00edc\u00ed cestov\u00e1n\u00ed je. Di\u0301ky te\u0301to s\u030ckole jsem me\u030cl moz\u030cnost navs\u030cti\u0301vit mnoho mi\u0301st v Evrope\u030c a v dals\u030ci\u0301 etape\u030c me\u0301ho z\u030civota bych proto chte\u030cl zac\u030ci\u0301t podnikat v cestovni\u0301m ruchu a por\u030ca\u0301dat nap\u0159. i pozna\u0301vaci\u0301 za\u0301jezdy pro s\u030ckoly.<\/p><p>I pr\u030cesto, z\u030ce se mi u maturity podar\u030cilo prohla\u0301sit, z\u030ce dikta\u0301torem v Sove\u030ctske\u0301m svazu byl Gagarin, u\u0301spe\u030cs\u030cne\u030c jsem sva\u0301 studia na EOA zakonc\u030cil a na s\u030ckolu ra\u0301d vzpomi\u0301na\u0301m.<\/p>\t\t\t\t\t\t<\/div>\n\t\t\t\t<\/div>\n\t\t\t\t\t<\/div>\n\t\t<\/div>\n\t\t\t\t\t<\/div>\n\t\t<\/section>\n\t\t\t\t<section class=\"elementor-section elementor-top-section elementor-element elementor-element-43b1f73 elementor-section-boxed elementor-section-height-default elementor-section-height-default\" data-id=\"43b1f73\" data-element_type=\"section\">\n\t\t\t\t\t\t<div class=\"elementor-container elementor-column-gap-default\">\n\t\t\t\t\t<div class=\"elementor-column elementor-col-33 elementor-top-column elementor-element elementor-element-e44af1c\" data-id=\"e44af1c\" data-element_type=\"column\">\n\t\t\t<div class=\"elementor-widget-wrap elementor-element-populated\">\n\t\t\t\t\t\t<div class=\"elementor-element elementor-element-1b9984f elementor-widget elementor-widget-image\" data-id=\"1b9984f\" data-element_type=\"widget\" data-widget_type=\"image.default\">\n\t\t\t\t<div class=\"elementor-widget-container\">\n\t\t\t<style>\/*! elementor - v3.19.0 - 26-02-2024 *\/\n.elementor-widget-image{text-align:center}.elementor-widget-image a{display:inline-block}.elementor-widget-image a img[src$=\".svg\"]{width:48px}.elementor-widget-image img{vertical-align:middle;display:inline-block}<\/style>\t\t\t\t\t\t\t\t\t\t<img fetchpriority=\"high\" decoding=\"async\" width=\"871\" height=\"1024\" src=\"https:\/\/www.oadc.cz\/wp-content\/uploads\/2021\/11\/Vlastik-Krejci-1-871x1024.jpg\" class=\"attachment-large size-large wp-image-3169\" alt=\"\" srcset=\"https:\/\/www.oadc.cz\/wp-content\/uploads\/2021\/11\/Vlastik-Krejci-1-871x1024.jpg 871w, https:\/\/www.oadc.cz\/wp-content\/uploads\/2021\/11\/Vlastik-Krejci-1-255x300.jpg 255w, https:\/\/www.oadc.cz\/wp-content\/uploads\/2021\/11\/Vlastik-Krejci-1-768x902.jpg 768w, https:\/\/www.oadc.cz\/wp-content\/uploads\/2021\/11\/Vlastik-Krejci-1-1307x1536.jpg 1307w, https:\/\/www.oadc.cz\/wp-content\/uploads\/2021\/11\/Vlastik-Krejci-1-1743x2048.jpg 1743w\" sizes=\"(max-width: 871px) 100vw, 871px\" \/>\t\t\t\t\t\t\t\t\t\t\t\t\t<\/div>\n\t\t\t\t<\/div>\n\t\t\t\t\t<\/div>\n\t\t<\/div>\n\t\t\t\t<div class=\"elementor-column elementor-col-33 elementor-top-column elementor-element elementor-element-faecacb\" data-id=\"faecacb\" data-element_type=\"column\">\n\t\t\t<div class=\"elementor-widget-wrap elementor-element-populated\">\n\t\t\t\t\t\t<div class=\"elementor-element elementor-element-eb76ae6 elementor-widget elementor-widget-image\" data-id=\"eb76ae6\" data-element_type=\"widget\" data-widget_type=\"image.default\">\n\t\t\t\t<div class=\"elementor-widget-container\">\n\t\t\t\t\t\t\t\t\t\t\t\t\t<img decoding=\"async\" width=\"828\" height=\"621\" src=\"https:\/\/www.oadc.cz\/wp-content\/uploads\/2021\/11\/Vlastik-Krejci-2.jpg\" class=\"attachment-large size-large wp-image-3178\" alt=\"\" srcset=\"https:\/\/www.oadc.cz\/wp-content\/uploads\/2021\/11\/Vlastik-Krejci-2.jpg 828w, https:\/\/www.oadc.cz\/wp-content\/uploads\/2021\/11\/Vlastik-Krejci-2-300x225.jpg 300w, https:\/\/www.oadc.cz\/wp-content\/uploads\/2021\/11\/Vlastik-Krejci-2-768x576.jpg 768w\" sizes=\"(max-width: 828px) 100vw, 828px\" \/>\t\t\t\t\t\t\t\t\t\t\t\t\t<\/div>\n\t\t\t\t<\/div>\n\t\t\t\t\t<\/div>\n\t\t<\/div>\n\t\t\t\t<div class=\"elementor-column elementor-col-33 elementor-top-column elementor-element elementor-element-9e3e670\" data-id=\"9e3e670\" data-element_type=\"column\">\n\t\t\t<div class=\"elementor-widget-wrap elementor-element-populated\">\n\t\t\t\t\t\t<div class=\"elementor-element elementor-element-1b46f7c elementor-widget elementor-widget-image\" data-id=\"1b46f7c\" data-element_type=\"widget\" data-widget_type=\"image.default\">\n\t\t\t\t<div class=\"elementor-widget-container\">\n\t\t\t\t\t\t\t\t\t\t\t\t\t<img decoding=\"async\" width=\"960\" height=\"641\" src=\"https:\/\/www.oadc.cz\/wp-content\/uploads\/2021\/11\/Vlastik-Krejci-3.jpg\" class=\"attachment-large size-large wp-image-3177\" alt=\"\" srcset=\"https:\/\/www.oadc.cz\/wp-content\/uploads\/2021\/11\/Vlastik-Krejci-3.jpg 960w, https:\/\/www.oadc.cz\/wp-content\/uploads\/2021\/11\/Vlastik-Krejci-3-300x200.jpg 300w, https:\/\/www.oadc.cz\/wp-content\/uploads\/2021\/11\/Vlastik-Krejci-3-768x513.jpg 768w\" sizes=\"(max-width: 960px) 100vw, 960px\" \/>\t\t\t\t\t\t\t\t\t\t\t\t\t<\/div>\n\t\t\t\t<\/div>\n\t\t\t\t\t<\/div>\n\t\t<\/div>\n\t\t\t\t\t<\/div>\n\t\t<\/section>\n\t\t\t\t<\/div>\n\t\t","protected":false},"excerpt":{"rendered":"<p>Vlast\u00edk Krej\u010d\u00ed Pedagog voln\u00e9ho \u010dasu Jmenuji se Vlastimil, ale v\u0161ichni pr\u030ca\u0301tele\u0301 mi r\u030ci\u0301kaji\u0301 \u201eVlasti\u0301ku\u201c. Ve c\u030ctvrt\u030ca\u0301ku me\u030c tak zac\u030cali oslovovat i mi\u0301 uc\u030citele\u0301 na EOA. Prosluly\u0301 jsem by\u0301val svy\u0301mi pozdni\u0301mi pr\u030ci\u0301chody na prvni\u0301 vyuc\u030covaci\u0301 hodinu, a tak mi pan r\u030ceditel dokonce, kdyz\u030c mu dos\u030cla trpe\u030clivost, ve\u030cnoval budi\u0301k. Ve sv\u00fdch 16 letech jsem zaloz\u030cil vlastni\u0301 tanec\u030cni\u0301 [&hellip;]<\/p>\n","protected":false},"author":2,"featured_media":3169,"parent":574,"menu_order":0,"comment_status":"closed","ping_status":"closed","template":"template-parts\/template-homepage.php","meta":{"footnotes":""},"yoast_head":"<!-- This site is optimized with the Yoast SEO plugin v22.1 - https:\/\/yoast.com\/wordpress\/plugins\/seo\/ -->\n<title>Vlast\u00edk Krej\u010d\u00ed - Evropsk\u00e1 obchodn\u00ed akademie<\/title>\n<meta name=\"robots\" content=\"index, follow, max-snippet:-1, max-image-preview:large, max-video-preview:-1\" \/>\n<link rel=\"canonical\" href=\"https:\/\/www.oadc.cz\/index.php\/absolventi\/vlastik-krejci\/\" \/>\n<meta property=\"og:locale\" content=\"cs_CZ\" \/>\n<meta property=\"og:type\" content=\"article\" \/>\n<meta property=\"og:title\" content=\"Vlast\u00edk Krej\u010d\u00ed - Evropsk\u00e1 obchodn\u00ed akademie\" \/>\n<meta property=\"og:description\" content=\"Vlast\u00edk Krej\u010d\u00ed Pedagog voln\u00e9ho \u010dasu Jmenuji se Vlastimil, ale v\u0161ichni pr\u030ca\u0301tele\u0301 mi r\u030ci\u0301kaji\u0301 \u201eVlasti\u0301ku\u201c. Ve c\u030ctvrt\u030ca\u0301ku me\u030c tak zac\u030cali oslovovat i mi\u0301 uc\u030citele\u0301 na EOA. Prosluly\u0301 jsem by\u0301val svy\u0301mi pozdni\u0301mi pr\u030ci\u0301chody na prvni\u0301 vyuc\u030covaci\u0301 hodinu, a tak mi pan r\u030ceditel dokonce, kdyz\u030c mu dos\u030cla trpe\u030clivost, ve\u030cnoval budi\u0301k. Ve sv\u00fdch 16 letech jsem zaloz\u030cil vlastni\u0301 tanec\u030cni\u0301 [&hellip;]\" \/>\n<meta property=\"og:url\" content=\"https:\/\/www.oadc.cz\/index.php\/absolventi\/vlastik-krejci\/\" \/>\n<meta property=\"og:site_name\" content=\"Evropsk\u00e1 obchodn\u00ed akademie\" \/>\n<meta property=\"article:publisher\" content=\"https:\/\/www.facebook.com\/eoadc\" \/>\n<meta property=\"article:modified_time\" content=\"2021-11-14T10:11:35+00:00\" \/>\n<meta property=\"og:image\" content=\"https:\/\/www.oadc.cz\/wp-content\/uploads\/2021\/11\/Vlastik-Krejci-1-scaled.jpg\" \/>\n\t<meta property=\"og:image:width\" content=\"2179\" \/>\n\t<meta property=\"og:image:height\" content=\"2560\" \/>\n\t<meta property=\"og:image:type\" content=\"image\/jpeg\" \/>\n<meta name=\"twitter:card\" content=\"summary_large_image\" \/>\n<meta name=\"twitter:label1\" content=\"Odhadovan\u00e1 doba \u010dten\u00ed\" \/>\n\t<meta name=\"twitter:data1\" content=\"2 minuty\" \/>\n<script type=\"application\/ld+json\" class=\"yoast-schema-graph\">{\"@context\":\"https:\/\/schema.org\",\"@graph\":[{\"@type\":\"WebPage\",\"@id\":\"https:\/\/www.oadc.cz\/index.php\/absolventi\/vlastik-krejci\/\",\"url\":\"https:\/\/www.oadc.cz\/index.php\/absolventi\/vlastik-krejci\/\",\"name\":\"Vlast\u00edk Krej\u010d\u00ed - Evropsk\u00e1 obchodn\u00ed akademie\",\"isPartOf\":{\"@id\":\"https:\/\/www.oadc.cz\/#website\"},\"datePublished\":\"2021-11-13T14:30:53+00:00\",\"dateModified\":\"2021-11-14T10:11:35+00:00\",\"breadcrumb\":{\"@id\":\"https:\/\/www.oadc.cz\/index.php\/absolventi\/vlastik-krejci\/#breadcrumb\"},\"inLanguage\":\"cs\",\"potentialAction\":[{\"@type\":\"ReadAction\",\"target\":[\"https:\/\/www.oadc.cz\/index.php\/absolventi\/vlastik-krejci\/\"]}]},{\"@type\":\"BreadcrumbList\",\"@id\":\"https:\/\/www.oadc.cz\/index.php\/absolventi\/vlastik-krejci\/#breadcrumb\",\"itemListElement\":[{\"@type\":\"ListItem\",\"position\":1,\"name\":\"Dom\u016f\",\"item\":\"https:\/\/www.oadc.cz\/\"},{\"@type\":\"ListItem\",\"position\":2,\"name\":\"Absolventi\",\"item\":\"https:\/\/www.oadc.cz\/index.php\/absolventi\/\"},{\"@type\":\"ListItem\",\"position\":3,\"name\":\"Vlast\u00edk Krej\u010d\u00ed\"}]},{\"@type\":\"WebSite\",\"@id\":\"https:\/\/www.oadc.cz\/#website\",\"url\":\"https:\/\/www.oadc.cz\/\",\"name\":\"Evropsk\u00e1 obchodn\u00ed akademie\",\"description\":\"st\u0159edn\u00ed odborn\u00e1 \u0161kola v D\u011b\u010d\u00edn\u011b\",\"publisher\":{\"@id\":\"https:\/\/www.oadc.cz\/#organization\"},\"potentialAction\":[{\"@type\":\"SearchAction\",\"target\":{\"@type\":\"EntryPoint\",\"urlTemplate\":\"https:\/\/www.oadc.cz\/?s={search_term_string}\"},\"query-input\":\"required name=search_term_string\"}],\"inLanguage\":\"cs\"},{\"@type\":\"Organization\",\"@id\":\"https:\/\/www.oadc.cz\/#organization\",\"name\":\"Evropsk\u00e1 Obchodn\u00ed Akademie\",\"url\":\"https:\/\/www.oadc.cz\/\",\"logo\":{\"@type\":\"ImageObject\",\"inLanguage\":\"cs\",\"@id\":\"https:\/\/www.oadc.cz\/#\/schema\/logo\/image\/\",\"url\":\"https:\/\/www.oadc.cz\/wp-content\/uploads\/2020\/12\/EOA-logo_upr.png\",\"contentUrl\":\"https:\/\/www.oadc.cz\/wp-content\/uploads\/2020\/12\/EOA-logo_upr.png\",\"width\":850,\"height\":632,\"caption\":\"Evropsk\u00e1 Obchodn\u00ed Akademie\"},\"image\":{\"@id\":\"https:\/\/www.oadc.cz\/#\/schema\/logo\/image\/\"},\"sameAs\":[\"https:\/\/www.facebook.com\/eoadc\",\"https:\/\/www.instagram.com\/eoa.dc\/\"]}]}<\/script>\n<!-- \/ Yoast SEO plugin. -->","yoast_head_json":{"title":"Vlast\u00edk Krej\u010d\u00ed - Evropsk\u00e1 obchodn\u00ed akademie","robots":{"index":"index","follow":"follow","max-snippet":"max-snippet:-1","max-image-preview":"max-image-preview:large","max-video-preview":"max-video-preview:-1"},"canonical":"https:\/\/www.oadc.cz\/index.php\/absolventi\/vlastik-krejci\/","og_locale":"cs_CZ","og_type":"article","og_title":"Vlast\u00edk Krej\u010d\u00ed - Evropsk\u00e1 obchodn\u00ed akademie","og_description":"Vlast\u00edk Krej\u010d\u00ed Pedagog voln\u00e9ho \u010dasu Jmenuji se Vlastimil, ale v\u0161ichni pr\u030ca\u0301tele\u0301 mi r\u030ci\u0301kaji\u0301 \u201eVlasti\u0301ku\u201c. Ve c\u030ctvrt\u030ca\u0301ku me\u030c tak zac\u030cali oslovovat i mi\u0301 uc\u030citele\u0301 na EOA. Prosluly\u0301 jsem by\u0301val svy\u0301mi pozdni\u0301mi pr\u030ci\u0301chody na prvni\u0301 vyuc\u030covaci\u0301 hodinu, a tak mi pan r\u030ceditel dokonce, kdyz\u030c mu dos\u030cla trpe\u030clivost, ve\u030cnoval budi\u0301k. Ve sv\u00fdch 16 letech jsem zaloz\u030cil vlastni\u0301 tanec\u030cni\u0301 [&hellip;]","og_url":"https:\/\/www.oadc.cz\/index.php\/absolventi\/vlastik-krejci\/","og_site_name":"Evropsk\u00e1 obchodn\u00ed akademie","article_publisher":"https:\/\/www.facebook.com\/eoadc","article_modified_time":"2021-11-14T10:11:35+00:00","og_image":[{"width":2179,"height":2560,"url":"https:\/\/www.oadc.cz\/wp-content\/uploads\/2021\/11\/Vlastik-Krejci-1-scaled.jpg","type":"image\/jpeg"}],"twitter_card":"summary_large_image","twitter_misc":{"Odhadovan\u00e1 doba \u010dten\u00ed":"2 minuty"},"schema":{"@context":"https:\/\/schema.org","@graph":[{"@type":"WebPage","@id":"https:\/\/www.oadc.cz\/index.php\/absolventi\/vlastik-krejci\/","url":"https:\/\/www.oadc.cz\/index.php\/absolventi\/vlastik-krejci\/","name":"Vlast\u00edk Krej\u010d\u00ed - Evropsk\u00e1 obchodn\u00ed akademie","isPartOf":{"@id":"https:\/\/www.oadc.cz\/#website"},"datePublished":"2021-11-13T14:30:53+00:00","dateModified":"2021-11-14T10:11:35+00:00","breadcrumb":{"@id":"https:\/\/www.oadc.cz\/index.php\/absolventi\/vlastik-krejci\/#breadcrumb"},"inLanguage":"cs","potentialAction":[{"@type":"ReadAction","target":["https:\/\/www.oadc.cz\/index.php\/absolventi\/vlastik-krejci\/"]}]},{"@type":"BreadcrumbList","@id":"https:\/\/www.oadc.cz\/index.php\/absolventi\/vlastik-krejci\/#breadcrumb","itemListElement":[{"@type":"ListItem","position":1,"name":"Dom\u016f","item":"https:\/\/www.oadc.cz\/"},{"@type":"ListItem","position":2,"name":"Absolventi","item":"https:\/\/www.oadc.cz\/index.php\/absolventi\/"},{"@type":"ListItem","position":3,"name":"Vlast\u00edk Krej\u010d\u00ed"}]},{"@type":"WebSite","@id":"https:\/\/www.oadc.cz\/#website","url":"https:\/\/www.oadc.cz\/","name":"Evropsk\u00e1 obchodn\u00ed akademie","description":"st\u0159edn\u00ed odborn\u00e1 \u0161kola v D\u011b\u010d\u00edn\u011b","publisher":{"@id":"https:\/\/www.oadc.cz\/#organization"},"potentialAction":[{"@type":"SearchAction","target":{"@type":"EntryPoint","urlTemplate":"https:\/\/www.oadc.cz\/?s={search_term_string}"},"query-input":"required name=search_term_string"}],"inLanguage":"cs"},{"@type":"Organization","@id":"https:\/\/www.oadc.cz\/#organization","name":"Evropsk\u00e1 Obchodn\u00ed Akademie","url":"https:\/\/www.oadc.cz\/","logo":{"@type":"ImageObject","inLanguage":"cs","@id":"https:\/\/www.oadc.cz\/#\/schema\/logo\/image\/","url":"https:\/\/www.oadc.cz\/wp-content\/uploads\/2020\/12\/EOA-logo_upr.png","contentUrl":"https:\/\/www.oadc.cz\/wp-content\/uploads\/2020\/12\/EOA-logo_upr.png","width":850,"height":632,"caption":"Evropsk\u00e1 Obchodn\u00ed Akademie"},"image":{"@id":"https:\/\/www.oadc.cz\/#\/schema\/logo\/image\/"},"sameAs":["https:\/\/www.facebook.com\/eoadc","https:\/\/www.instagram.com\/eoa.dc\/"]}]}},"_links":{"self":[{"href":"https:\/\/www.oadc.cz\/index.php\/wp-json\/wp\/v2\/pages\/3230"}],"collection":[{"href":"https:\/\/www.oadc.cz\/index.php\/wp-json\/wp\/v2\/pages"}],"about":[{"href":"https:\/\/www.oadc.cz\/index.php\/wp-json\/wp\/v2\/types\/page"}],"author":[{"embeddable":true,"href":"https:\/\/www.oadc.cz\/index.php\/wp-json\/wp\/v2\/users\/2"}],"replies":[{"embeddable":true,"href":"https:\/\/www.oadc.cz\/index.php\/wp-json\/wp\/v2\/comments?post=3230"}],"version-history":[{"count":7,"href":"https:\/\/www.oadc.cz\/index.php\/wp-json\/wp\/v2\/pages\/3230\/revisions"}],"predecessor-version":[{"id":3264,"href":"https:\/\/www.oadc.cz\/index.php\/wp-json\/wp\/v2\/pages\/3230\/revisions\/3264"}],"up":[{"embeddable":true,"href":"https:\/\/www.oadc.cz\/index.php\/wp-json\/wp\/v2\/pages\/574"}],"wp:featuredmedia":[{"embeddable":true,"href":"https:\/\/www.oadc.cz\/index.php\/wp-json\/wp\/v2\/media\/3169"}],"wp:attachment":[{"href":"https:\/\/www.oadc.cz\/index.php\/wp-json\/wp\/v2\/media?parent=3230"}],"curies":[{"name":"wp","href":"https:\/\/api.w.org\/{rel}","templated":true}]}}