{"id":3084,"date":"2021-11-05T22:51:20","date_gmt":"2021-11-05T21:51:20","guid":{"rendered":"https:\/\/www.oadc.cz\/?page_id=3084"},"modified":"2022-02-10T08:28:14","modified_gmt":"2022-02-10T07:28:14","slug":"projekt-1planet4all","status":"publish","type":"page","link":"https:\/\/www.oadc.cz\/index.php\/aktivity\/projekt-1planet4all\/","title":{"rendered":"Projekt 1Planet4All"},"content":{"rendered":"\t\t<div data-elementor-type=\"wp-page\" data-elementor-id=\"3084\" class=\"elementor elementor-3084\" data-elementor-post-type=\"page\">\n\t\t\t\t\t\t<section class=\"elementor-section elementor-top-section elementor-element elementor-element-5bc763c elementor-section-boxed elementor-section-height-default elementor-section-height-default\" data-id=\"5bc763c\" data-element_type=\"section\">\n\t\t\t\t\t\t<div class=\"elementor-container elementor-column-gap-default\">\n\t\t\t\t\t<div class=\"elementor-column elementor-col-100 elementor-top-column elementor-element elementor-element-f4b2f55\" data-id=\"f4b2f55\" data-element_type=\"column\">\n\t\t\t<div class=\"elementor-widget-wrap elementor-element-populated\">\n\t\t\t\t\t\t<div class=\"elementor-element elementor-element-adfee60 elementor-widget elementor-widget-text-editor\" data-id=\"adfee60\" data-element_type=\"widget\" data-widget_type=\"text-editor.default\">\n\t\t\t\t<div class=\"elementor-widget-container\">\n\t\t\t<style>\/*! elementor - v3.19.0 - 26-02-2024 *\/\n.elementor-widget-text-editor.elementor-drop-cap-view-stacked .elementor-drop-cap{background-color:#69727d;color:#fff}.elementor-widget-text-editor.elementor-drop-cap-view-framed .elementor-drop-cap{color:#69727d;border:3px solid;background-color:transparent}.elementor-widget-text-editor:not(.elementor-drop-cap-view-default) .elementor-drop-cap{margin-top:8px}.elementor-widget-text-editor:not(.elementor-drop-cap-view-default) .elementor-drop-cap-letter{width:1em;height:1em}.elementor-widget-text-editor .elementor-drop-cap{float:left;text-align:center;line-height:1;font-size:50px}.elementor-widget-text-editor .elementor-drop-cap-letter{display:inline-block}<\/style>\t\t\t\t<h5>Projekt 1Planet4All<\/h5><p><span style=\"font-weight: 400;\">V tomto \u0161koln\u00edm roce se EOA jako jedna ze sedmi st\u0159edn\u00edch odborn\u00fdch \u0161kol z cel\u00e9 \u010cesk\u00e9 republiky zapojila\u00a0 do projektu 1Planet4All podpo\u0159en\u00e9ho z prost\u0159edk\u016f Evropsk\u00e9 unie a projektu U\u010d\u00edm o klimatu podpo\u0159en\u00e9ho St\u00e1tn\u00edm fondem \u017eivotn\u00edho prost\u0159ed\u00ed a Ministerstvem \u017eivotn\u00edho prost\u0159ed\u00ed. Projekt realizuje organizace \u010clov\u011bk v t\u00edsni, vzd\u011bl\u00e1vac\u00ed program Varianty. Diskutovan\u00fdm t\u00e9matem se tedy st\u00e1v\u00e1 jeden z nejaktu\u00e1ln\u011bj\u0161\u00edch celosv\u011btov\u00fdch probl\u00e9m\u016f &#8211; klimatick\u00e1 zm\u011bna &#8211; a d\u00edky metodick\u00e9mu veden\u00ed t\u00fdmu programu Varianty spole\u010dnosti \u010cLOV\u011aK V T\u00cdSNI se tak \u017e\u00e1ci 1. E u\u010d\u00ed pozn\u00e1vat sv\u00e9 osobn\u00ed hodnoty, ch\u00e1pat a respektovat hodnoty ostatn\u00edch, komunikovat o nich, kriticky myslet a pracovat s informacemi, ale tak\u00e9 v\u011bcn\u011b argumentovat a diskutovat v p\u0159\u00edpad\u011b rozd\u00edln\u00fdch n\u00e1zor\u016f. Spole\u010dn\u00fdm c\u00edlem t\u00fdmu programu Varianty a pedagog\u016f je potom v\u00e9st \u017e\u00e1ky k aktivn\u00edmu ob\u010danstv\u00ed, tedy u\u010dit je \u0159e\u0161it probl\u00e9my nejen teoreticky, ale zejm\u00e9na v re\u00e1ln\u00e9m sv\u011bt\u011b a \u017eivot\u011b.<\/span><\/p><p><span style=\"font-weight: 400;\">Spole\u010dn\u00e1 plavba projektem je zalo\u017eena na seznamov\u00e1n\u00ed se s p\u0159\u00ed\u010dinami, viditeln\u00fdmi i dal\u0161\u00edmi mo\u017en\u00fdmi dopady klimatick\u00e9 zm\u011bny, pochopen\u00edm role \u010cesk\u00e9 republiky, ale zejm\u00e9na mnoha mo\u017enostmi \u0159e\u0161en\u00ed klimatick\u00fdch zm\u011bn na r\u016fzn\u00fdch \u00farovn\u00edch \u017eivota lidsk\u00e9 spole\u010dnosti, a to prost\u0159ednictv\u00edm z\u00e1\u017eitkov\u00fdch sebepozn\u00e1vac\u00edch semin\u00e1\u0159\u016f, tv\u016fr\u010d\u00edch d\u00edlen, ve\u0159ejn\u00fdch debat a na z\u00e1v\u011br tvorbou a realizac\u00ed komunitn\u00edho projektu. Velmi inspiruj\u00edc\u00edm ji\u017e bylo nap\u0159. t\u00fdmem Varianty zprost\u0159edkovan\u00e9 \u0159\u00edjnov\u00e9 setk\u00e1n\u00ed s \u010deskou pol\u00e1rn\u00ed ekolo\u017ekou Mari\u00ed \u0160abackou, kter\u00e9 mohli zapojen\u00ed \u017e\u00e1ci pokl\u00e1dat dotazy ohledn\u011b jej\u00ed v\u011bdeck\u00e9 pr\u00e1ce \u010di osobn\u00edch zku\u0161enost\u00ed s projevy klimatick\u00fdch zm\u011bn v pol\u00e1rn\u00edch oblastech. Na z\u00e1v\u011br setk\u00e1n\u00ed nav\u00edc poprv\u00e9 spolupracovali na\u0161i \u017e\u00e1ci s \u017e\u00e1ky z ostatn\u00edch zapojen\u00fdch \u0161kol.<\/span><\/p><p><span style=\"font-weight: 400;\">T\u011b\u0161\u00edme se na dal\u0161\u00ed p\u0159\u00edle\u017eitosti, dr\u017ete n\u00e1m p\u011bsti a dobr\u00fd v\u00edtr do plachet V\u00e1m v\u0161em!<\/span><\/p>\t\t\t\t\t\t<\/div>\n\t\t\t\t<\/div>\n\t\t\t\t<div class=\"elementor-element elementor-element-0109057 elementor-widget elementor-widget-image\" data-id=\"0109057\" data-element_type=\"widget\" data-widget_type=\"image.default\">\n\t\t\t\t<div class=\"elementor-widget-container\">\n\t\t\t<style>\/*! elementor - v3.19.0 - 26-02-2024 *\/\n.elementor-widget-image{text-align:center}.elementor-widget-image a{display:inline-block}.elementor-widget-image a img[src$=\".svg\"]{width:48px}.elementor-widget-image img{vertical-align:middle;display:inline-block}<\/style>\t\t\t\t\t\t\t\t\t\t<img fetchpriority=\"high\" decoding=\"async\" width=\"1024\" height=\"768\" src=\"https:\/\/www.oadc.cz\/wp-content\/uploads\/2021\/11\/skupina_k-1024x768.jpg\" class=\"attachment-large size-large wp-image-3091\" alt=\"skupinov\u00e9 foto\" srcset=\"https:\/\/www.oadc.cz\/wp-content\/uploads\/2021\/11\/skupina_k-1024x768.jpg 1024w, https:\/\/www.oadc.cz\/wp-content\/uploads\/2021\/11\/skupina_k-300x225.jpg 300w, https:\/\/www.oadc.cz\/wp-content\/uploads\/2021\/11\/skupina_k-768x576.jpg 768w, https:\/\/www.oadc.cz\/wp-content\/uploads\/2021\/11\/skupina_k-1536x1152.jpg 1536w, https:\/\/www.oadc.cz\/wp-content\/uploads\/2021\/11\/skupina_k-2048x1536.jpg 2048w\" sizes=\"(max-width: 1024px) 100vw, 1024px\" \/>\t\t\t\t\t\t\t\t\t\t\t\t\t<\/div>\n\t\t\t\t<\/div>\n\t\t\t\t<div class=\"elementor-element elementor-element-5f23358 elementor-widget elementor-widget-image\" data-id=\"5f23358\" data-element_type=\"widget\" data-widget_type=\"image.default\">\n\t\t\t\t<div class=\"elementor-widget-container\">\n\t\t\t\t\t\t\t\t\t\t\t\t\t<img decoding=\"async\" width=\"1024\" height=\"140\" src=\"https:\/\/www.oadc.cz\/wp-content\/uploads\/2022\/02\/Logolink_1Planet_SFZP-1024x140.png\" class=\"attachment-large size-large wp-image-3589\" alt=\"logolink\" srcset=\"https:\/\/www.oadc.cz\/wp-content\/uploads\/2022\/02\/Logolink_1Planet_SFZP-1024x140.png 1024w, https:\/\/www.oadc.cz\/wp-content\/uploads\/2022\/02\/Logolink_1Planet_SFZP-300x41.png 300w, https:\/\/www.oadc.cz\/wp-content\/uploads\/2022\/02\/Logolink_1Planet_SFZP-768x105.png 768w, https:\/\/www.oadc.cz\/wp-content\/uploads\/2022\/02\/Logolink_1Planet_SFZP-1536x210.png 1536w, https:\/\/www.oadc.cz\/wp-content\/uploads\/2022\/02\/Logolink_1Planet_SFZP.png 1873w\" sizes=\"(max-width: 1024px) 100vw, 1024px\" \/>\t\t\t\t\t\t\t\t\t\t\t\t\t<\/div>\n\t\t\t\t<\/div>\n\t\t\t\t\t<\/div>\n\t\t<\/div>\n\t\t\t\t\t<\/div>\n\t\t<\/section>\n\t\t\t\t<\/div>\n\t\t","protected":false},"excerpt":{"rendered":"<p>Projekt 1Planet4All V tomto \u0161koln\u00edm roce se EOA jako jedna ze sedmi st\u0159edn\u00edch odborn\u00fdch \u0161kol z cel\u00e9 \u010cesk\u00e9 republiky zapojila\u00a0 do projektu 1Planet4All podpo\u0159en\u00e9ho z prost\u0159edk\u016f Evropsk\u00e9 unie a projektu U\u010d\u00edm o klimatu podpo\u0159en\u00e9ho St\u00e1tn\u00edm fondem \u017eivotn\u00edho prost\u0159ed\u00ed a Ministerstvem \u017eivotn\u00edho prost\u0159ed\u00ed. Projekt realizuje organizace \u010clov\u011bk v t\u00edsni, vzd\u011bl\u00e1vac\u00ed program Varianty. Diskutovan\u00fdm t\u00e9matem se tedy [&hellip;]<\/p>\n","protected":false},"author":2,"featured_media":3086,"parent":2784,"menu_order":0,"comment_status":"closed","ping_status":"closed","template":"template-parts\/template-homepage.php","meta":{"footnotes":""},"yoast_head":"<!-- This site is optimized with the Yoast SEO plugin v22.1 - https:\/\/yoast.com\/wordpress\/plugins\/seo\/ -->\n<title>Projekt 1Planet4All - Evropsk\u00e1 obchodn\u00ed akademie<\/title>\n<meta name=\"robots\" content=\"index, follow, max-snippet:-1, max-image-preview:large, max-video-preview:-1\" \/>\n<link rel=\"canonical\" href=\"https:\/\/www.oadc.cz\/index.php\/aktivity\/projekt-1planet4all\/\" \/>\n<meta property=\"og:locale\" content=\"cs_CZ\" \/>\n<meta property=\"og:type\" content=\"article\" \/>\n<meta property=\"og:title\" content=\"Projekt 1Planet4All - Evropsk\u00e1 obchodn\u00ed akademie\" \/>\n<meta property=\"og:description\" content=\"Projekt 1Planet4All V tomto \u0161koln\u00edm roce se EOA jako jedna ze sedmi st\u0159edn\u00edch odborn\u00fdch \u0161kol z cel\u00e9 \u010cesk\u00e9 republiky zapojila\u00a0 do projektu 1Planet4All podpo\u0159en\u00e9ho z prost\u0159edk\u016f Evropsk\u00e9 unie a projektu U\u010d\u00edm o klimatu podpo\u0159en\u00e9ho St\u00e1tn\u00edm fondem \u017eivotn\u00edho prost\u0159ed\u00ed a Ministerstvem \u017eivotn\u00edho prost\u0159ed\u00ed. Projekt realizuje organizace \u010clov\u011bk v t\u00edsni, vzd\u011bl\u00e1vac\u00ed program Varianty. Diskutovan\u00fdm t\u00e9matem se tedy [&hellip;]\" \/>\n<meta property=\"og:url\" content=\"https:\/\/www.oadc.cz\/index.php\/aktivity\/projekt-1planet4all\/\" \/>\n<meta property=\"og:site_name\" content=\"Evropsk\u00e1 obchodn\u00ed akademie\" \/>\n<meta property=\"article:publisher\" content=\"https:\/\/www.facebook.com\/eoadc\" \/>\n<meta property=\"article:modified_time\" content=\"2022-02-10T07:28:14+00:00\" \/>\n<meta property=\"og:image\" content=\"https:\/\/www.oadc.cz\/wp-content\/uploads\/2021\/11\/1Planet4All_project_logo.jpg\" \/>\n\t<meta property=\"og:image:width\" content=\"1685\" \/>\n\t<meta property=\"og:image:height\" content=\"1192\" \/>\n\t<meta property=\"og:image:type\" content=\"image\/jpeg\" \/>\n<meta name=\"twitter:card\" content=\"summary_large_image\" \/>\n<meta name=\"twitter:label1\" content=\"Odhadovan\u00e1 doba \u010dten\u00ed\" \/>\n\t<meta name=\"twitter:data1\" content=\"2 minuty\" \/>\n<script type=\"application\/ld+json\" class=\"yoast-schema-graph\">{\"@context\":\"https:\/\/schema.org\",\"@graph\":[{\"@type\":\"WebPage\",\"@id\":\"https:\/\/www.oadc.cz\/index.php\/aktivity\/projekt-1planet4all\/\",\"url\":\"https:\/\/www.oadc.cz\/index.php\/aktivity\/projekt-1planet4all\/\",\"name\":\"Projekt 1Planet4All - Evropsk\u00e1 obchodn\u00ed akademie\",\"isPartOf\":{\"@id\":\"https:\/\/www.oadc.cz\/#website\"},\"datePublished\":\"2021-11-05T21:51:20+00:00\",\"dateModified\":\"2022-02-10T07:28:14+00:00\",\"breadcrumb\":{\"@id\":\"https:\/\/www.oadc.cz\/index.php\/aktivity\/projekt-1planet4all\/#breadcrumb\"},\"inLanguage\":\"cs\",\"potentialAction\":[{\"@type\":\"ReadAction\",\"target\":[\"https:\/\/www.oadc.cz\/index.php\/aktivity\/projekt-1planet4all\/\"]}]},{\"@type\":\"BreadcrumbList\",\"@id\":\"https:\/\/www.oadc.cz\/index.php\/aktivity\/projekt-1planet4all\/#breadcrumb\",\"itemListElement\":[{\"@type\":\"ListItem\",\"position\":1,\"name\":\"Dom\u016f\",\"item\":\"https:\/\/www.oadc.cz\/\"},{\"@type\":\"ListItem\",\"position\":2,\"name\":\"Aktivity\",\"item\":\"https:\/\/www.oadc.cz\/index.php\/aktivity\/\"},{\"@type\":\"ListItem\",\"position\":3,\"name\":\"Projekt 1Planet4All\"}]},{\"@type\":\"WebSite\",\"@id\":\"https:\/\/www.oadc.cz\/#website\",\"url\":\"https:\/\/www.oadc.cz\/\",\"name\":\"Evropsk\u00e1 obchodn\u00ed akademie\",\"description\":\"st\u0159edn\u00ed odborn\u00e1 \u0161kola v D\u011b\u010d\u00edn\u011b\",\"publisher\":{\"@id\":\"https:\/\/www.oadc.cz\/#organization\"},\"potentialAction\":[{\"@type\":\"SearchAction\",\"target\":{\"@type\":\"EntryPoint\",\"urlTemplate\":\"https:\/\/www.oadc.cz\/?s={search_term_string}\"},\"query-input\":\"required name=search_term_string\"}],\"inLanguage\":\"cs\"},{\"@type\":\"Organization\",\"@id\":\"https:\/\/www.oadc.cz\/#organization\",\"name\":\"Evropsk\u00e1 Obchodn\u00ed Akademie\",\"url\":\"https:\/\/www.oadc.cz\/\",\"logo\":{\"@type\":\"ImageObject\",\"inLanguage\":\"cs\",\"@id\":\"https:\/\/www.oadc.cz\/#\/schema\/logo\/image\/\",\"url\":\"https:\/\/www.oadc.cz\/wp-content\/uploads\/2020\/12\/EOA-logo_upr.png\",\"contentUrl\":\"https:\/\/www.oadc.cz\/wp-content\/uploads\/2020\/12\/EOA-logo_upr.png\",\"width\":850,\"height\":632,\"caption\":\"Evropsk\u00e1 Obchodn\u00ed Akademie\"},\"image\":{\"@id\":\"https:\/\/www.oadc.cz\/#\/schema\/logo\/image\/\"},\"sameAs\":[\"https:\/\/www.facebook.com\/eoadc\",\"https:\/\/www.instagram.com\/eoa.dc\/\"]}]}<\/script>\n<!-- \/ Yoast SEO plugin. -->","yoast_head_json":{"title":"Projekt 1Planet4All - Evropsk\u00e1 obchodn\u00ed akademie","robots":{"index":"index","follow":"follow","max-snippet":"max-snippet:-1","max-image-preview":"max-image-preview:large","max-video-preview":"max-video-preview:-1"},"canonical":"https:\/\/www.oadc.cz\/index.php\/aktivity\/projekt-1planet4all\/","og_locale":"cs_CZ","og_type":"article","og_title":"Projekt 1Planet4All - Evropsk\u00e1 obchodn\u00ed akademie","og_description":"Projekt 1Planet4All V tomto \u0161koln\u00edm roce se EOA jako jedna ze sedmi st\u0159edn\u00edch odborn\u00fdch \u0161kol z cel\u00e9 \u010cesk\u00e9 republiky zapojila\u00a0 do projektu 1Planet4All podpo\u0159en\u00e9ho z prost\u0159edk\u016f Evropsk\u00e9 unie a projektu U\u010d\u00edm o klimatu podpo\u0159en\u00e9ho St\u00e1tn\u00edm fondem \u017eivotn\u00edho prost\u0159ed\u00ed a Ministerstvem \u017eivotn\u00edho prost\u0159ed\u00ed. Projekt realizuje organizace \u010clov\u011bk v t\u00edsni, vzd\u011bl\u00e1vac\u00ed program Varianty. Diskutovan\u00fdm t\u00e9matem se tedy [&hellip;]","og_url":"https:\/\/www.oadc.cz\/index.php\/aktivity\/projekt-1planet4all\/","og_site_name":"Evropsk\u00e1 obchodn\u00ed akademie","article_publisher":"https:\/\/www.facebook.com\/eoadc","article_modified_time":"2022-02-10T07:28:14+00:00","og_image":[{"width":1685,"height":1192,"url":"https:\/\/www.oadc.cz\/wp-content\/uploads\/2021\/11\/1Planet4All_project_logo.jpg","type":"image\/jpeg"}],"twitter_card":"summary_large_image","twitter_misc":{"Odhadovan\u00e1 doba \u010dten\u00ed":"2 minuty"},"schema":{"@context":"https:\/\/schema.org","@graph":[{"@type":"WebPage","@id":"https:\/\/www.oadc.cz\/index.php\/aktivity\/projekt-1planet4all\/","url":"https:\/\/www.oadc.cz\/index.php\/aktivity\/projekt-1planet4all\/","name":"Projekt 1Planet4All - Evropsk\u00e1 obchodn\u00ed akademie","isPartOf":{"@id":"https:\/\/www.oadc.cz\/#website"},"datePublished":"2021-11-05T21:51:20+00:00","dateModified":"2022-02-10T07:28:14+00:00","breadcrumb":{"@id":"https:\/\/www.oadc.cz\/index.php\/aktivity\/projekt-1planet4all\/#breadcrumb"},"inLanguage":"cs","potentialAction":[{"@type":"ReadAction","target":["https:\/\/www.oadc.cz\/index.php\/aktivity\/projekt-1planet4all\/"]}]},{"@type":"BreadcrumbList","@id":"https:\/\/www.oadc.cz\/index.php\/aktivity\/projekt-1planet4all\/#breadcrumb","itemListElement":[{"@type":"ListItem","position":1,"name":"Dom\u016f","item":"https:\/\/www.oadc.cz\/"},{"@type":"ListItem","position":2,"name":"Aktivity","item":"https:\/\/www.oadc.cz\/index.php\/aktivity\/"},{"@type":"ListItem","position":3,"name":"Projekt 1Planet4All"}]},{"@type":"WebSite","@id":"https:\/\/www.oadc.cz\/#website","url":"https:\/\/www.oadc.cz\/","name":"Evropsk\u00e1 obchodn\u00ed akademie","description":"st\u0159edn\u00ed odborn\u00e1 \u0161kola v D\u011b\u010d\u00edn\u011b","publisher":{"@id":"https:\/\/www.oadc.cz\/#organization"},"potentialAction":[{"@type":"SearchAction","target":{"@type":"EntryPoint","urlTemplate":"https:\/\/www.oadc.cz\/?s={search_term_string}"},"query-input":"required name=search_term_string"}],"inLanguage":"cs"},{"@type":"Organization","@id":"https:\/\/www.oadc.cz\/#organization","name":"Evropsk\u00e1 Obchodn\u00ed Akademie","url":"https:\/\/www.oadc.cz\/","logo":{"@type":"ImageObject","inLanguage":"cs","@id":"https:\/\/www.oadc.cz\/#\/schema\/logo\/image\/","url":"https:\/\/www.oadc.cz\/wp-content\/uploads\/2020\/12\/EOA-logo_upr.png","contentUrl":"https:\/\/www.oadc.cz\/wp-content\/uploads\/2020\/12\/EOA-logo_upr.png","width":850,"height":632,"caption":"Evropsk\u00e1 Obchodn\u00ed Akademie"},"image":{"@id":"https:\/\/www.oadc.cz\/#\/schema\/logo\/image\/"},"sameAs":["https:\/\/www.facebook.com\/eoadc","https:\/\/www.instagram.com\/eoa.dc\/"]}]}},"_links":{"self":[{"href":"https:\/\/www.oadc.cz\/index.php\/wp-json\/wp\/v2\/pages\/3084"}],"collection":[{"href":"https:\/\/www.oadc.cz\/index.php\/wp-json\/wp\/v2\/pages"}],"about":[{"href":"https:\/\/www.oadc.cz\/index.php\/wp-json\/wp\/v2\/types\/page"}],"author":[{"embeddable":true,"href":"https:\/\/www.oadc.cz\/index.php\/wp-json\/wp\/v2\/users\/2"}],"replies":[{"embeddable":true,"href":"https:\/\/www.oadc.cz\/index.php\/wp-json\/wp\/v2\/comments?post=3084"}],"version-history":[{"count":22,"href":"https:\/\/www.oadc.cz\/index.php\/wp-json\/wp\/v2\/pages\/3084\/revisions"}],"predecessor-version":[{"id":3592,"href":"https:\/\/www.oadc.cz\/index.php\/wp-json\/wp\/v2\/pages\/3084\/revisions\/3592"}],"up":[{"embeddable":true,"href":"https:\/\/www.oadc.cz\/index.php\/wp-json\/wp\/v2\/pages\/2784"}],"wp:featuredmedia":[{"embeddable":true,"href":"https:\/\/www.oadc.cz\/index.php\/wp-json\/wp\/v2\/media\/3086"}],"wp:attachment":[{"href":"https:\/\/www.oadc.cz\/index.php\/wp-json\/wp\/v2\/media?parent=3084"}],"curies":[{"name":"wp","href":"https:\/\/api.w.org\/{rel}","templated":true}]}}