{"id":2824,"date":"2021-08-31T16:36:37","date_gmt":"2021-08-31T15:36:37","guid":{"rendered":"https:\/\/www.oadc.cz\/?page_id=2824"},"modified":"2025-09-02T21:40:01","modified_gmt":"2025-09-02T20:40:01","slug":"studijni-materialy","status":"publish","type":"page","link":"https:\/\/www.oadc.cz\/index.php\/studijni-materialy\/","title":{"rendered":"Studijn\u00ed materi\u00e1ly"},"content":{"rendered":"\t\t<div data-elementor-type=\"wp-page\" data-elementor-id=\"2824\" class=\"elementor elementor-2824\" data-elementor-post-type=\"page\">\n\t\t\t\t\t\t<section class=\"elementor-section elementor-top-section elementor-element elementor-element-d93a933 elementor-section-boxed elementor-section-height-default elementor-section-height-default\" data-id=\"d93a933\" data-element_type=\"section\">\n\t\t\t\t\t\t<div class=\"elementor-container elementor-column-gap-default\">\n\t\t\t\t\t<div class=\"elementor-column elementor-col-100 elementor-top-column elementor-element elementor-element-66a7f44\" data-id=\"66a7f44\" data-element_type=\"column\">\n\t\t\t<div class=\"elementor-widget-wrap\">\n\t\t\t\t\t\t\t<\/div>\n\t\t<\/div>\n\t\t\t\t\t<\/div>\n\t\t<\/section>\n\t\t\t\t<section class=\"elementor-section elementor-top-section elementor-element elementor-element-580fbae elementor-section-boxed elementor-section-height-default elementor-section-height-default\" data-id=\"580fbae\" data-element_type=\"section\">\n\t\t\t\t\t\t<div class=\"elementor-container elementor-column-gap-default\">\n\t\t\t\t\t<div class=\"elementor-column elementor-col-100 elementor-top-column elementor-element elementor-element-ec17f5f\" data-id=\"ec17f5f\" data-element_type=\"column\">\n\t\t\t<div class=\"elementor-widget-wrap elementor-element-populated\">\n\t\t\t\t\t\t<div class=\"elementor-element elementor-element-4de0a9e elementor-widget elementor-widget-heading\" data-id=\"4de0a9e\" data-element_type=\"widget\" data-widget_type=\"heading.default\">\n\t\t\t\t<div class=\"elementor-widget-container\">\n\t\t\t<style>\/*! elementor - v3.19.0 - 26-02-2024 *\/\n.elementor-heading-title{padding:0;margin:0;line-height:1}.elementor-widget-heading .elementor-heading-title[class*=elementor-size-]>a{color:inherit;font-size:inherit;line-height:inherit}.elementor-widget-heading .elementor-heading-title.elementor-size-small{font-size:15px}.elementor-widget-heading .elementor-heading-title.elementor-size-medium{font-size:19px}.elementor-widget-heading .elementor-heading-title.elementor-size-large{font-size:29px}.elementor-widget-heading .elementor-heading-title.elementor-size-xl{font-size:39px}.elementor-widget-heading .elementor-heading-title.elementor-size-xxl{font-size:59px}<\/style><h2 class=\"elementor-heading-title elementor-size-default\">Studijn\u00ed materi\u00e1ly k Evropsk\u00e9 integraci<\/h2>\t\t<\/div>\n\t\t\t\t<\/div>\n\t\t\t\t<div class=\"elementor-element elementor-element-466cbde elementor-widget elementor-widget-text-editor\" data-id=\"466cbde\" data-element_type=\"widget\" data-widget_type=\"text-editor.default\">\n\t\t\t\t<div class=\"elementor-widget-container\">\n\t\t\t<style>\/*! elementor - v3.19.0 - 26-02-2024 *\/\n.elementor-widget-text-editor.elementor-drop-cap-view-stacked .elementor-drop-cap{background-color:#69727d;color:#fff}.elementor-widget-text-editor.elementor-drop-cap-view-framed .elementor-drop-cap{color:#69727d;border:3px solid;background-color:transparent}.elementor-widget-text-editor:not(.elementor-drop-cap-view-default) .elementor-drop-cap{margin-top:8px}.elementor-widget-text-editor:not(.elementor-drop-cap-view-default) .elementor-drop-cap-letter{width:1em;height:1em}.elementor-widget-text-editor .elementor-drop-cap{float:left;text-align:center;line-height:1;font-size:50px}.elementor-widget-text-editor .elementor-drop-cap-letter{display:inline-block}<\/style>\t\t\t\t<p>Studijn\u00ed materi\u00e1l pro 1. ro\u010dn\u00edk ke sta\u017een\u00ed <a href=\"https:\/\/drive.google.com\/file\/d\/1mFq39sAEFg-AWN5uPOnN-CGwQ8nWLTRr\/view?usp=drive_link\" target=\"_blank\" rel=\"noopener\">zde<\/a>.<\/p><p>Studijn\u00ed materi\u00e1l pro 2. ro\u010dn\u00edk ke sta\u017een\u00ed <a href=\"https:\/\/drive.google.com\/file\/d\/1AHV4IDcv-cEX0lRZhtrbklFMwI68RUws\/view?usp=drive_link\" target=\"_blank\" rel=\"noopener\">zde<\/a>.<\/p><p>Studijn\u00ed materi\u00e1l pro 3. ro\u010dn\u00edk ke sta\u017een\u00ed <a href=\"https:\/\/drive.google.com\/file\/d\/1fPVt4IWLbVIXqHIe6mI5AlRbE-oLYwoX\/view?usp=sharing\">zde<\/a>.<\/p><p>Studijn\u00ed materi\u00e1l pro 4. ro\u010dn\u00edk ke sta\u017een\u00ed <a href=\"https:\/\/drive.google.com\/file\/d\/1cBQDKmZoCKYvyHipvj_14HGfhfre55b0\/view?usp=drive_link\" target=\"_blank\" rel=\"noopener\">zde<\/a>.<\/p>\t\t\t\t\t\t<\/div>\n\t\t\t\t<\/div>\n\t\t\t\t<div class=\"elementor-element elementor-element-e2061f9 elementor-widget elementor-widget-heading\" data-id=\"e2061f9\" data-element_type=\"widget\" data-widget_type=\"heading.default\">\n\t\t\t\t<div class=\"elementor-widget-container\">\n\t\t\t<h2 class=\"elementor-heading-title elementor-size-default\">Studijn\u00ed materi\u00e1ly k Semin\u00e1\u0159i z anglick\u00e9ho jazyka<\/h2>\t\t<\/div>\n\t\t\t\t<\/div>\n\t\t\t\t<div class=\"elementor-element elementor-element-6ba19ea elementor-widget elementor-widget-text-editor\" data-id=\"6ba19ea\" data-element_type=\"widget\" data-widget_type=\"text-editor.default\">\n\t\t\t\t<div class=\"elementor-widget-container\">\n\t\t\t\t\t\t\t<p>Studijn\u00ed materi\u00e1l pro 3. ro\u010dn\u00edk ke sta\u017een\u00ed <a href=\"https:\/\/drive.google.com\/file\/d\/1y0nP-YsKWTCPUUa68Rx-OjfSgg4E-xG-\/view?usp=drive_link\" target=\"_blank\" rel=\"noopener\">zde<\/a>.<\/p>\t\t\t\t\t\t<\/div>\n\t\t\t\t<\/div>\n\t\t\t\t\t<\/div>\n\t\t<\/div>\n\t\t\t\t\t<\/div>\n\t\t<\/section>\n\t\t\t\t<\/div>\n\t\t","protected":false},"excerpt":{"rendered":"<p>Studijn\u00ed materi\u00e1ly k Evropsk\u00e9 integraci Studijn\u00ed materi\u00e1l pro 1. ro\u010dn\u00edk ke sta\u017een\u00ed zde. Studijn\u00ed materi\u00e1l pro 2. ro\u010dn\u00edk ke sta\u017een\u00ed zde. Studijn\u00ed materi\u00e1l pro 3. ro\u010dn\u00edk ke sta\u017een\u00ed zde. Studijn\u00ed materi\u00e1l pro 4. ro\u010dn\u00edk ke sta\u017een\u00ed zde. Studijn\u00ed materi\u00e1ly k Semin\u00e1\u0159i z anglick\u00e9ho jazyka Studijn\u00ed materi\u00e1l pro 3. ro\u010dn\u00edk ke sta\u017een\u00ed zde.<\/p>\n","protected":false},"author":2,"featured_media":0,"parent":0,"menu_order":0,"comment_status":"closed","ping_status":"closed","template":"template-parts\/template-homepage.php","meta":{"footnotes":""},"yoast_head":"<!-- This site is optimized with the Yoast SEO plugin v22.1 - https:\/\/yoast.com\/wordpress\/plugins\/seo\/ -->\n<title>Studijn\u00ed materi\u00e1ly - Evropsk\u00e1 obchodn\u00ed akademie<\/title>\n<meta name=\"robots\" content=\"index, follow, max-snippet:-1, max-image-preview:large, max-video-preview:-1\" \/>\n<link rel=\"canonical\" href=\"https:\/\/www.oadc.cz\/index.php\/studijni-materialy\/\" \/>\n<meta property=\"og:locale\" content=\"cs_CZ\" \/>\n<meta property=\"og:type\" content=\"article\" \/>\n<meta property=\"og:title\" content=\"Studijn\u00ed materi\u00e1ly - Evropsk\u00e1 obchodn\u00ed akademie\" \/>\n<meta property=\"og:description\" content=\"Studijn\u00ed materi\u00e1ly k Evropsk\u00e9 integraci Studijn\u00ed materi\u00e1l pro 1. ro\u010dn\u00edk ke sta\u017een\u00ed zde. Studijn\u00ed materi\u00e1l pro 2. ro\u010dn\u00edk ke sta\u017een\u00ed zde. Studijn\u00ed materi\u00e1l pro 3. ro\u010dn\u00edk ke sta\u017een\u00ed zde. Studijn\u00ed materi\u00e1l pro 4. ro\u010dn\u00edk ke sta\u017een\u00ed zde. Studijn\u00ed materi\u00e1ly k Semin\u00e1\u0159i z anglick\u00e9ho jazyka Studijn\u00ed materi\u00e1l pro 3. ro\u010dn\u00edk ke sta\u017een\u00ed zde.\" \/>\n<meta property=\"og:url\" content=\"https:\/\/www.oadc.cz\/index.php\/studijni-materialy\/\" \/>\n<meta property=\"og:site_name\" content=\"Evropsk\u00e1 obchodn\u00ed akademie\" \/>\n<meta property=\"article:publisher\" content=\"https:\/\/www.facebook.com\/eoadc\" \/>\n<meta property=\"article:modified_time\" content=\"2025-09-02T20:40:01+00:00\" \/>\n<meta name=\"twitter:card\" content=\"summary_large_image\" \/>\n<meta name=\"twitter:label1\" content=\"Odhadovan\u00e1 doba \u010dten\u00ed\" \/>\n\t<meta name=\"twitter:data1\" content=\"1 minuta\" \/>\n<script type=\"application\/ld+json\" class=\"yoast-schema-graph\">{\"@context\":\"https:\/\/schema.org\",\"@graph\":[{\"@type\":\"WebPage\",\"@id\":\"https:\/\/www.oadc.cz\/index.php\/studijni-materialy\/\",\"url\":\"https:\/\/www.oadc.cz\/index.php\/studijni-materialy\/\",\"name\":\"Studijn\u00ed materi\u00e1ly - Evropsk\u00e1 obchodn\u00ed akademie\",\"isPartOf\":{\"@id\":\"https:\/\/www.oadc.cz\/#website\"},\"datePublished\":\"2021-08-31T15:36:37+00:00\",\"dateModified\":\"2025-09-02T20:40:01+00:00\",\"breadcrumb\":{\"@id\":\"https:\/\/www.oadc.cz\/index.php\/studijni-materialy\/#breadcrumb\"},\"inLanguage\":\"cs\",\"potentialAction\":[{\"@type\":\"ReadAction\",\"target\":[\"https:\/\/www.oadc.cz\/index.php\/studijni-materialy\/\"]}]},{\"@type\":\"BreadcrumbList\",\"@id\":\"https:\/\/www.oadc.cz\/index.php\/studijni-materialy\/#breadcrumb\",\"itemListElement\":[{\"@type\":\"ListItem\",\"position\":1,\"name\":\"Dom\u016f\",\"item\":\"https:\/\/www.oadc.cz\/\"},{\"@type\":\"ListItem\",\"position\":2,\"name\":\"Studijn\u00ed materi\u00e1ly\"}]},{\"@type\":\"WebSite\",\"@id\":\"https:\/\/www.oadc.cz\/#website\",\"url\":\"https:\/\/www.oadc.cz\/\",\"name\":\"Evropsk\u00e1 obchodn\u00ed akademie\",\"description\":\"st\u0159edn\u00ed odborn\u00e1 \u0161kola v D\u011b\u010d\u00edn\u011b\",\"publisher\":{\"@id\":\"https:\/\/www.oadc.cz\/#organization\"},\"potentialAction\":[{\"@type\":\"SearchAction\",\"target\":{\"@type\":\"EntryPoint\",\"urlTemplate\":\"https:\/\/www.oadc.cz\/?s={search_term_string}\"},\"query-input\":\"required name=search_term_string\"}],\"inLanguage\":\"cs\"},{\"@type\":\"Organization\",\"@id\":\"https:\/\/www.oadc.cz\/#organization\",\"name\":\"Evropsk\u00e1 Obchodn\u00ed Akademie\",\"url\":\"https:\/\/www.oadc.cz\/\",\"logo\":{\"@type\":\"ImageObject\",\"inLanguage\":\"cs\",\"@id\":\"https:\/\/www.oadc.cz\/#\/schema\/logo\/image\/\",\"url\":\"https:\/\/www.oadc.cz\/wp-content\/uploads\/2020\/12\/EOA-logo_upr.png\",\"contentUrl\":\"https:\/\/www.oadc.cz\/wp-content\/uploads\/2020\/12\/EOA-logo_upr.png\",\"width\":850,\"height\":632,\"caption\":\"Evropsk\u00e1 Obchodn\u00ed Akademie\"},\"image\":{\"@id\":\"https:\/\/www.oadc.cz\/#\/schema\/logo\/image\/\"},\"sameAs\":[\"https:\/\/www.facebook.com\/eoadc\",\"https:\/\/www.instagram.com\/eoa.dc\/\"]}]}<\/script>\n<!-- \/ Yoast SEO plugin. -->","yoast_head_json":{"title":"Studijn\u00ed materi\u00e1ly - Evropsk\u00e1 obchodn\u00ed akademie","robots":{"index":"index","follow":"follow","max-snippet":"max-snippet:-1","max-image-preview":"max-image-preview:large","max-video-preview":"max-video-preview:-1"},"canonical":"https:\/\/www.oadc.cz\/index.php\/studijni-materialy\/","og_locale":"cs_CZ","og_type":"article","og_title":"Studijn\u00ed materi\u00e1ly - Evropsk\u00e1 obchodn\u00ed akademie","og_description":"Studijn\u00ed materi\u00e1ly k Evropsk\u00e9 integraci Studijn\u00ed materi\u00e1l pro 1. ro\u010dn\u00edk ke sta\u017een\u00ed zde. Studijn\u00ed materi\u00e1l pro 2. ro\u010dn\u00edk ke sta\u017een\u00ed zde. Studijn\u00ed materi\u00e1l pro 3. ro\u010dn\u00edk ke sta\u017een\u00ed zde. Studijn\u00ed materi\u00e1l pro 4. ro\u010dn\u00edk ke sta\u017een\u00ed zde. Studijn\u00ed materi\u00e1ly k Semin\u00e1\u0159i z anglick\u00e9ho jazyka Studijn\u00ed materi\u00e1l pro 3. ro\u010dn\u00edk ke sta\u017een\u00ed zde.","og_url":"https:\/\/www.oadc.cz\/index.php\/studijni-materialy\/","og_site_name":"Evropsk\u00e1 obchodn\u00ed akademie","article_publisher":"https:\/\/www.facebook.com\/eoadc","article_modified_time":"2025-09-02T20:40:01+00:00","twitter_card":"summary_large_image","twitter_misc":{"Odhadovan\u00e1 doba \u010dten\u00ed":"1 minuta"},"schema":{"@context":"https:\/\/schema.org","@graph":[{"@type":"WebPage","@id":"https:\/\/www.oadc.cz\/index.php\/studijni-materialy\/","url":"https:\/\/www.oadc.cz\/index.php\/studijni-materialy\/","name":"Studijn\u00ed materi\u00e1ly - Evropsk\u00e1 obchodn\u00ed akademie","isPartOf":{"@id":"https:\/\/www.oadc.cz\/#website"},"datePublished":"2021-08-31T15:36:37+00:00","dateModified":"2025-09-02T20:40:01+00:00","breadcrumb":{"@id":"https:\/\/www.oadc.cz\/index.php\/studijni-materialy\/#breadcrumb"},"inLanguage":"cs","potentialAction":[{"@type":"ReadAction","target":["https:\/\/www.oadc.cz\/index.php\/studijni-materialy\/"]}]},{"@type":"BreadcrumbList","@id":"https:\/\/www.oadc.cz\/index.php\/studijni-materialy\/#breadcrumb","itemListElement":[{"@type":"ListItem","position":1,"name":"Dom\u016f","item":"https:\/\/www.oadc.cz\/"},{"@type":"ListItem","position":2,"name":"Studijn\u00ed materi\u00e1ly"}]},{"@type":"WebSite","@id":"https:\/\/www.oadc.cz\/#website","url":"https:\/\/www.oadc.cz\/","name":"Evropsk\u00e1 obchodn\u00ed akademie","description":"st\u0159edn\u00ed odborn\u00e1 \u0161kola v D\u011b\u010d\u00edn\u011b","publisher":{"@id":"https:\/\/www.oadc.cz\/#organization"},"potentialAction":[{"@type":"SearchAction","target":{"@type":"EntryPoint","urlTemplate":"https:\/\/www.oadc.cz\/?s={search_term_string}"},"query-input":"required name=search_term_string"}],"inLanguage":"cs"},{"@type":"Organization","@id":"https:\/\/www.oadc.cz\/#organization","name":"Evropsk\u00e1 Obchodn\u00ed Akademie","url":"https:\/\/www.oadc.cz\/","logo":{"@type":"ImageObject","inLanguage":"cs","@id":"https:\/\/www.oadc.cz\/#\/schema\/logo\/image\/","url":"https:\/\/www.oadc.cz\/wp-content\/uploads\/2020\/12\/EOA-logo_upr.png","contentUrl":"https:\/\/www.oadc.cz\/wp-content\/uploads\/2020\/12\/EOA-logo_upr.png","width":850,"height":632,"caption":"Evropsk\u00e1 Obchodn\u00ed Akademie"},"image":{"@id":"https:\/\/www.oadc.cz\/#\/schema\/logo\/image\/"},"sameAs":["https:\/\/www.facebook.com\/eoadc","https:\/\/www.instagram.com\/eoa.dc\/"]}]}},"_links":{"self":[{"href":"https:\/\/www.oadc.cz\/index.php\/wp-json\/wp\/v2\/pages\/2824"}],"collection":[{"href":"https:\/\/www.oadc.cz\/index.php\/wp-json\/wp\/v2\/pages"}],"about":[{"href":"https:\/\/www.oadc.cz\/index.php\/wp-json\/wp\/v2\/types\/page"}],"author":[{"embeddable":true,"href":"https:\/\/www.oadc.cz\/index.php\/wp-json\/wp\/v2\/users\/2"}],"replies":[{"embeddable":true,"href":"https:\/\/www.oadc.cz\/index.php\/wp-json\/wp\/v2\/comments?post=2824"}],"version-history":[{"count":41,"href":"https:\/\/www.oadc.cz\/index.php\/wp-json\/wp\/v2\/pages\/2824\/revisions"}],"predecessor-version":[{"id":10206,"href":"https:\/\/www.oadc.cz\/index.php\/wp-json\/wp\/v2\/pages\/2824\/revisions\/10206"}],"wp:attachment":[{"href":"https:\/\/www.oadc.cz\/index.php\/wp-json\/wp\/v2\/media?parent=2824"}],"curies":[{"name":"wp","href":"https:\/\/api.w.org\/{rel}","templated":true}]}}