{"id":276,"date":"2020-12-03T13:34:10","date_gmt":"2020-12-03T12:34:10","guid":{"rendered":"http:\/\/oadc.dchosting.cz\/?page_id=276"},"modified":"2026-02-19T17:40:13","modified_gmt":"2026-02-19T16:40:13","slug":"poskytovani-informaci","status":"publish","type":"page","link":"https:\/\/www.oadc.cz\/index.php\/poskytovani-informaci\/","title":{"rendered":"Poskytov\u00e1n\u00ed informac\u00ed"},"content":{"rendered":"\t\t<div data-elementor-type=\"wp-page\" data-elementor-id=\"276\" class=\"elementor elementor-276\" data-elementor-post-type=\"page\">\n\t\t\t\t\t\t<section class=\"elementor-section elementor-top-section elementor-element elementor-element-e1d21e2 elementor-section-content-middle elementor-section-boxed elementor-section-height-default elementor-section-height-default\" data-id=\"e1d21e2\" data-element_type=\"section\">\n\t\t\t\t\t\t<div class=\"elementor-container elementor-column-gap-no\">\n\t\t\t\t\t<div class=\"elementor-column elementor-col-100 elementor-top-column elementor-element elementor-element-e21a273\" data-id=\"e21a273\" data-element_type=\"column\">\n\t\t\t<div class=\"elementor-widget-wrap elementor-element-populated\">\n\t\t\t\t\t\t<div class=\"elementor-element elementor-element-4f4989c elementor-widget elementor-widget-heading\" data-id=\"4f4989c\" data-element_type=\"widget\" data-widget_type=\"heading.default\">\n\t\t\t\t<div class=\"elementor-widget-container\">\n\t\t\t<style>\/*! elementor - v3.19.0 - 26-02-2024 *\/\n.elementor-heading-title{padding:0;margin:0;line-height:1}.elementor-widget-heading .elementor-heading-title[class*=elementor-size-]>a{color:inherit;font-size:inherit;line-height:inherit}.elementor-widget-heading .elementor-heading-title.elementor-size-small{font-size:15px}.elementor-widget-heading .elementor-heading-title.elementor-size-medium{font-size:19px}.elementor-widget-heading .elementor-heading-title.elementor-size-large{font-size:29px}.elementor-widget-heading .elementor-heading-title.elementor-size-xl{font-size:39px}.elementor-widget-heading .elementor-heading-title.elementor-size-xxl{font-size:59px}<\/style><h4 class=\"elementor-heading-title elementor-size-default\">Poskytov\u00e1n\u00ed informac\u00ed<\/h4>\t\t<\/div>\n\t\t\t\t<\/div>\n\t\t\t\t<div class=\"elementor-element elementor-element-7df5b0e elementor-widget elementor-widget-text-editor\" data-id=\"7df5b0e\" data-element_type=\"widget\" data-widget_type=\"text-editor.default\">\n\t\t\t\t<div class=\"elementor-widget-container\">\n\t\t\t<style>\/*! elementor - v3.19.0 - 26-02-2024 *\/\n.elementor-widget-text-editor.elementor-drop-cap-view-stacked .elementor-drop-cap{background-color:#69727d;color:#fff}.elementor-widget-text-editor.elementor-drop-cap-view-framed .elementor-drop-cap{color:#69727d;border:3px solid;background-color:transparent}.elementor-widget-text-editor:not(.elementor-drop-cap-view-default) .elementor-drop-cap{margin-top:8px}.elementor-widget-text-editor:not(.elementor-drop-cap-view-default) .elementor-drop-cap-letter{width:1em;height:1em}.elementor-widget-text-editor .elementor-drop-cap{float:left;text-align:center;line-height:1;font-size:50px}.elementor-widget-text-editor .elementor-drop-cap-letter{display:inline-block}<\/style>\t\t\t\t<h1>V\u00fdro\u010dn\u00ed zpr\u00e1va o poskytov\u00e1n\u00ed informac\u00ed podle z\u00e1kona \u010d. 106\/1999 Sb.<\/h1><p>Ve smyslu ustanoven\u00ed \u00a7 18 odst. 1 z\u00e1kona \u010d. 106\/1999 Sb., o svobodn\u00e9m p\u0159\u00edstupu k informac\u00edm, ve zn\u011bn\u00ed pozd\u011bj\u0161\u00edch p\u0159edpis\u016f, a v souladu s usnesen\u00edm vl\u00e1dy \u010d. 875\/2000 ze dne 6. z\u00e1\u0159\u00ed 2000 o Metodick\u00e9m pokynu ke sjednocen\u00ed postupu org\u00e1n\u016f ve\u0159ejn\u00e9 spr\u00e1vy p\u0159i zaji\u0161t\u011bn\u00ed pr\u00e1va fyzick\u00fdch a pr\u00e1vnick\u00fdch osob za poskytnut\u00ed informac\u00ed podle z\u00e1kona \u010d. 106\/1999 Sb., o svobodn\u00e9m p\u0159\u00edstupu k informac\u00edm, zve\u0159ej\u0148uje Evropsk\u00e1 obchodn\u00ed akademie v\u00fdro\u010dn\u00ed zpr\u00e1vu za p\u0159edch\u00e1zej\u00edc\u00ed kalend\u00e1\u0159n\u00ed rok o sv\u00e9 \u010dinnosti v oblasti poskytov\u00e1n\u00ed informac\u00ed.<\/p><ul><li>\u00a7 18 odst. 1 p\u00edsm. a) po\u010det podan\u00fdch \u017e\u00e1dost\u00ed o informace: 0<\/li><li>\u00a7 18 odst. 1 p\u00edsm. b) po\u010det podan\u00fdch odvol\u00e1n\u00ed proti rozhodnut\u00ed: 0<\/li><li>\u00a7 18 odst. 1 p\u00edsm. c) opis podstatn\u00fdch \u010d\u00e1st\u00ed ka\u017ed\u00e9ho rozsudku soudu: 0<\/li><li>\u00a7 18 odst. 1 p\u00edsm. d) v\u00fdsledky \u0159\u00edzen\u00ed o sankc\u00edch za nedodr\u017eov\u00e1n\u00ed tohoto z\u00e1kona bez uv\u00e1d\u011bn\u00ed osobn\u00edch \u00fadaj\u016f: \u0159\u00edzen\u00ed o sankc\u00edch nebyla vedena<\/li><li>\u00a7 18 odst. 1 p\u00edsm. e) dal\u0161\u00ed informace vztahuj\u00edc\u00ed se k uplat\u0148ov\u00e1n\u00ed tohoto z\u00e1kona: jsou uvedeny n\u00ed\u017ee v textu<\/li><\/ul><p>Zve\u0159ej\u0148ov\u00e1n\u00ed informac\u00ed o \u010dinnosti Evropsk\u00e9 obchodn\u00ed akademii bylo prov\u00e1d\u011bno zejm\u00e9na prost\u0159ednictv\u00edm webov\u00e9 str\u00e1nky Evropsk\u00e9 obchodn\u00ed akademie (www.oadc.cz), p\u0159\u00edp. sd\u011blovac\u00edch prost\u0159edk\u016f. Krom\u011b v\u00fd\u0161e uveden\u00e9ho Evropsk\u00e1 obchodn\u00ed akademie bezprost\u0159edn\u011b zodpov\u00edd\u00e1 mno\u017estv\u00ed telefonn\u00edch a e-mailov\u00fdch dotaz\u016f, na kter\u00e9 se informa\u010dn\u00ed povinnost podle citovan\u00e9ho z\u00e1kona \u010d. 106\/1999 Sb. nevztahuje.<\/p><p>Odpov\u011b\u010f na \u017e\u00e1dost o informace dle z\u00e1kona \u010d. 106\/1999 Sb. ze dne 11.2.2026 <a href=\"https:\/\/drive.google.com\/file\/d\/1UG3cgMV21BZbAQ_zVkNj5D5cGznbVlqk\/view?usp=sharing\" target=\"_blank\" rel=\"noopener\">zde<\/a>.<\/p>\t\t\t\t\t\t<\/div>\n\t\t\t\t<\/div>\n\t\t\t\t\t<\/div>\n\t\t<\/div>\n\t\t\t\t\t<\/div>\n\t\t<\/section>\n\t\t\t\t<\/div>\n\t\t","protected":false},"excerpt":{"rendered":"<p>Poskytov\u00e1n\u00ed informac\u00ed V\u00fdro\u010dn\u00ed zpr\u00e1va o poskytov\u00e1n\u00ed informac\u00ed podle z\u00e1kona \u010d. 106\/1999 Sb. Ve smyslu ustanoven\u00ed \u00a7 18 odst. 1 z\u00e1kona \u010d. 106\/1999 Sb., o svobodn\u00e9m p\u0159\u00edstupu k informac\u00edm, ve zn\u011bn\u00ed pozd\u011bj\u0161\u00edch p\u0159edpis\u016f, a v souladu s usnesen\u00edm vl\u00e1dy \u010d. 875\/2000 ze dne 6. z\u00e1\u0159\u00ed 2000 o Metodick\u00e9m pokynu ke sjednocen\u00ed postupu org\u00e1n\u016f ve\u0159ejn\u00e9 spr\u00e1vy p\u0159i [&hellip;]<\/p>\n","protected":false},"author":1,"featured_media":0,"parent":0,"menu_order":0,"comment_status":"closed","ping_status":"closed","template":"template-parts\/template-homepage.php","meta":{"footnotes":""},"yoast_head":"<!-- This site is optimized with the Yoast SEO plugin v22.1 - https:\/\/yoast.com\/wordpress\/plugins\/seo\/ -->\n<title>Poskytov\u00e1n\u00ed informac\u00ed - Evropsk\u00e1 obchodn\u00ed akademie<\/title>\n<meta name=\"robots\" content=\"index, follow, max-snippet:-1, max-image-preview:large, max-video-preview:-1\" \/>\n<link rel=\"canonical\" href=\"https:\/\/www.oadc.cz\/index.php\/poskytovani-informaci\/\" \/>\n<meta property=\"og:locale\" content=\"cs_CZ\" \/>\n<meta property=\"og:type\" content=\"article\" \/>\n<meta property=\"og:title\" content=\"Poskytov\u00e1n\u00ed informac\u00ed - Evropsk\u00e1 obchodn\u00ed akademie\" \/>\n<meta property=\"og:description\" content=\"Poskytov\u00e1n\u00ed informac\u00ed V\u00fdro\u010dn\u00ed zpr\u00e1va o poskytov\u00e1n\u00ed informac\u00ed podle z\u00e1kona \u010d. 106\/1999 Sb. Ve smyslu ustanoven\u00ed \u00a7 18 odst. 1 z\u00e1kona \u010d. 106\/1999 Sb., o svobodn\u00e9m p\u0159\u00edstupu k informac\u00edm, ve zn\u011bn\u00ed pozd\u011bj\u0161\u00edch p\u0159edpis\u016f, a v souladu s usnesen\u00edm vl\u00e1dy \u010d. 875\/2000 ze dne 6. z\u00e1\u0159\u00ed 2000 o Metodick\u00e9m pokynu ke sjednocen\u00ed postupu org\u00e1n\u016f ve\u0159ejn\u00e9 spr\u00e1vy p\u0159i [&hellip;]\" \/>\n<meta property=\"og:url\" content=\"https:\/\/www.oadc.cz\/index.php\/poskytovani-informaci\/\" \/>\n<meta property=\"og:site_name\" content=\"Evropsk\u00e1 obchodn\u00ed akademie\" \/>\n<meta property=\"article:publisher\" content=\"https:\/\/www.facebook.com\/eoadc\" \/>\n<meta property=\"article:modified_time\" content=\"2026-02-19T16:40:13+00:00\" \/>\n<meta name=\"twitter:card\" content=\"summary_large_image\" \/>\n<meta name=\"twitter:label1\" content=\"Odhadovan\u00e1 doba \u010dten\u00ed\" \/>\n\t<meta name=\"twitter:data1\" content=\"2 minuty\" \/>\n<script type=\"application\/ld+json\" class=\"yoast-schema-graph\">{\"@context\":\"https:\/\/schema.org\",\"@graph\":[{\"@type\":\"WebPage\",\"@id\":\"https:\/\/www.oadc.cz\/index.php\/poskytovani-informaci\/\",\"url\":\"https:\/\/www.oadc.cz\/index.php\/poskytovani-informaci\/\",\"name\":\"Poskytov\u00e1n\u00ed informac\u00ed - Evropsk\u00e1 obchodn\u00ed akademie\",\"isPartOf\":{\"@id\":\"https:\/\/www.oadc.cz\/#website\"},\"datePublished\":\"2020-12-03T12:34:10+00:00\",\"dateModified\":\"2026-02-19T16:40:13+00:00\",\"breadcrumb\":{\"@id\":\"https:\/\/www.oadc.cz\/index.php\/poskytovani-informaci\/#breadcrumb\"},\"inLanguage\":\"cs\",\"potentialAction\":[{\"@type\":\"ReadAction\",\"target\":[\"https:\/\/www.oadc.cz\/index.php\/poskytovani-informaci\/\"]}]},{\"@type\":\"BreadcrumbList\",\"@id\":\"https:\/\/www.oadc.cz\/index.php\/poskytovani-informaci\/#breadcrumb\",\"itemListElement\":[{\"@type\":\"ListItem\",\"position\":1,\"name\":\"Dom\u016f\",\"item\":\"https:\/\/www.oadc.cz\/\"},{\"@type\":\"ListItem\",\"position\":2,\"name\":\"Poskytov\u00e1n\u00ed informac\u00ed\"}]},{\"@type\":\"WebSite\",\"@id\":\"https:\/\/www.oadc.cz\/#website\",\"url\":\"https:\/\/www.oadc.cz\/\",\"name\":\"Evropsk\u00e1 obchodn\u00ed akademie\",\"description\":\"st\u0159edn\u00ed odborn\u00e1 \u0161kola v D\u011b\u010d\u00edn\u011b\",\"publisher\":{\"@id\":\"https:\/\/www.oadc.cz\/#organization\"},\"potentialAction\":[{\"@type\":\"SearchAction\",\"target\":{\"@type\":\"EntryPoint\",\"urlTemplate\":\"https:\/\/www.oadc.cz\/?s={search_term_string}\"},\"query-input\":\"required name=search_term_string\"}],\"inLanguage\":\"cs\"},{\"@type\":\"Organization\",\"@id\":\"https:\/\/www.oadc.cz\/#organization\",\"name\":\"Evropsk\u00e1 Obchodn\u00ed Akademie\",\"url\":\"https:\/\/www.oadc.cz\/\",\"logo\":{\"@type\":\"ImageObject\",\"inLanguage\":\"cs\",\"@id\":\"https:\/\/www.oadc.cz\/#\/schema\/logo\/image\/\",\"url\":\"https:\/\/www.oadc.cz\/wp-content\/uploads\/2020\/12\/EOA-logo_upr.png\",\"contentUrl\":\"https:\/\/www.oadc.cz\/wp-content\/uploads\/2020\/12\/EOA-logo_upr.png\",\"width\":850,\"height\":632,\"caption\":\"Evropsk\u00e1 Obchodn\u00ed Akademie\"},\"image\":{\"@id\":\"https:\/\/www.oadc.cz\/#\/schema\/logo\/image\/\"},\"sameAs\":[\"https:\/\/www.facebook.com\/eoadc\",\"https:\/\/www.instagram.com\/eoa.dc\/\"]}]}<\/script>\n<!-- \/ Yoast SEO plugin. -->","yoast_head_json":{"title":"Poskytov\u00e1n\u00ed informac\u00ed - Evropsk\u00e1 obchodn\u00ed akademie","robots":{"index":"index","follow":"follow","max-snippet":"max-snippet:-1","max-image-preview":"max-image-preview:large","max-video-preview":"max-video-preview:-1"},"canonical":"https:\/\/www.oadc.cz\/index.php\/poskytovani-informaci\/","og_locale":"cs_CZ","og_type":"article","og_title":"Poskytov\u00e1n\u00ed informac\u00ed - Evropsk\u00e1 obchodn\u00ed akademie","og_description":"Poskytov\u00e1n\u00ed informac\u00ed V\u00fdro\u010dn\u00ed zpr\u00e1va o poskytov\u00e1n\u00ed informac\u00ed podle z\u00e1kona \u010d. 106\/1999 Sb. Ve smyslu ustanoven\u00ed \u00a7 18 odst. 1 z\u00e1kona \u010d. 106\/1999 Sb., o svobodn\u00e9m p\u0159\u00edstupu k informac\u00edm, ve zn\u011bn\u00ed pozd\u011bj\u0161\u00edch p\u0159edpis\u016f, a v souladu s usnesen\u00edm vl\u00e1dy \u010d. 875\/2000 ze dne 6. z\u00e1\u0159\u00ed 2000 o Metodick\u00e9m pokynu ke sjednocen\u00ed postupu org\u00e1n\u016f ve\u0159ejn\u00e9 spr\u00e1vy p\u0159i [&hellip;]","og_url":"https:\/\/www.oadc.cz\/index.php\/poskytovani-informaci\/","og_site_name":"Evropsk\u00e1 obchodn\u00ed akademie","article_publisher":"https:\/\/www.facebook.com\/eoadc","article_modified_time":"2026-02-19T16:40:13+00:00","twitter_card":"summary_large_image","twitter_misc":{"Odhadovan\u00e1 doba \u010dten\u00ed":"2 minuty"},"schema":{"@context":"https:\/\/schema.org","@graph":[{"@type":"WebPage","@id":"https:\/\/www.oadc.cz\/index.php\/poskytovani-informaci\/","url":"https:\/\/www.oadc.cz\/index.php\/poskytovani-informaci\/","name":"Poskytov\u00e1n\u00ed informac\u00ed - Evropsk\u00e1 obchodn\u00ed akademie","isPartOf":{"@id":"https:\/\/www.oadc.cz\/#website"},"datePublished":"2020-12-03T12:34:10+00:00","dateModified":"2026-02-19T16:40:13+00:00","breadcrumb":{"@id":"https:\/\/www.oadc.cz\/index.php\/poskytovani-informaci\/#breadcrumb"},"inLanguage":"cs","potentialAction":[{"@type":"ReadAction","target":["https:\/\/www.oadc.cz\/index.php\/poskytovani-informaci\/"]}]},{"@type":"BreadcrumbList","@id":"https:\/\/www.oadc.cz\/index.php\/poskytovani-informaci\/#breadcrumb","itemListElement":[{"@type":"ListItem","position":1,"name":"Dom\u016f","item":"https:\/\/www.oadc.cz\/"},{"@type":"ListItem","position":2,"name":"Poskytov\u00e1n\u00ed informac\u00ed"}]},{"@type":"WebSite","@id":"https:\/\/www.oadc.cz\/#website","url":"https:\/\/www.oadc.cz\/","name":"Evropsk\u00e1 obchodn\u00ed akademie","description":"st\u0159edn\u00ed odborn\u00e1 \u0161kola v D\u011b\u010d\u00edn\u011b","publisher":{"@id":"https:\/\/www.oadc.cz\/#organization"},"potentialAction":[{"@type":"SearchAction","target":{"@type":"EntryPoint","urlTemplate":"https:\/\/www.oadc.cz\/?s={search_term_string}"},"query-input":"required name=search_term_string"}],"inLanguage":"cs"},{"@type":"Organization","@id":"https:\/\/www.oadc.cz\/#organization","name":"Evropsk\u00e1 Obchodn\u00ed Akademie","url":"https:\/\/www.oadc.cz\/","logo":{"@type":"ImageObject","inLanguage":"cs","@id":"https:\/\/www.oadc.cz\/#\/schema\/logo\/image\/","url":"https:\/\/www.oadc.cz\/wp-content\/uploads\/2020\/12\/EOA-logo_upr.png","contentUrl":"https:\/\/www.oadc.cz\/wp-content\/uploads\/2020\/12\/EOA-logo_upr.png","width":850,"height":632,"caption":"Evropsk\u00e1 Obchodn\u00ed Akademie"},"image":{"@id":"https:\/\/www.oadc.cz\/#\/schema\/logo\/image\/"},"sameAs":["https:\/\/www.facebook.com\/eoadc","https:\/\/www.instagram.com\/eoa.dc\/"]}]}},"_links":{"self":[{"href":"https:\/\/www.oadc.cz\/index.php\/wp-json\/wp\/v2\/pages\/276"}],"collection":[{"href":"https:\/\/www.oadc.cz\/index.php\/wp-json\/wp\/v2\/pages"}],"about":[{"href":"https:\/\/www.oadc.cz\/index.php\/wp-json\/wp\/v2\/types\/page"}],"author":[{"embeddable":true,"href":"https:\/\/www.oadc.cz\/index.php\/wp-json\/wp\/v2\/users\/1"}],"replies":[{"embeddable":true,"href":"https:\/\/www.oadc.cz\/index.php\/wp-json\/wp\/v2\/comments?post=276"}],"version-history":[{"count":13,"href":"https:\/\/www.oadc.cz\/index.php\/wp-json\/wp\/v2\/pages\/276\/revisions"}],"predecessor-version":[{"id":10671,"href":"https:\/\/www.oadc.cz\/index.php\/wp-json\/wp\/v2\/pages\/276\/revisions\/10671"}],"wp:attachment":[{"href":"https:\/\/www.oadc.cz\/index.php\/wp-json\/wp\/v2\/media?parent=276"}],"curies":[{"name":"wp","href":"https:\/\/api.w.org\/{rel}","templated":true}]}}