{"id":241,"date":"2020-12-03T13:20:48","date_gmt":"2020-12-03T12:20:48","guid":{"rendered":"http:\/\/oadc.dchosting.cz\/?page_id=241"},"modified":"2026-01-14T23:09:30","modified_gmt":"2026-01-14T22:09:30","slug":"maturity","status":"publish","type":"page","link":"https:\/\/www.oadc.cz\/index.php\/maturity\/","title":{"rendered":"Maturity"},"content":{"rendered":"\t\t<div data-elementor-type=\"wp-page\" data-elementor-id=\"241\" class=\"elementor elementor-241\" data-elementor-post-type=\"page\">\n\t\t\t\t\t\t<section class=\"elementor-section elementor-top-section elementor-element elementor-element-df34088 elementor-section-content-middle elementor-section-boxed elementor-section-height-default elementor-section-height-default\" data-id=\"df34088\" data-element_type=\"section\">\n\t\t\t\t\t\t<div class=\"elementor-container elementor-column-gap-no\">\n\t\t\t\t\t<div class=\"elementor-column elementor-col-100 elementor-top-column elementor-element elementor-element-004a21f\" data-id=\"004a21f\" data-element_type=\"column\">\n\t\t\t<div class=\"elementor-widget-wrap elementor-element-populated\">\n\t\t\t\t\t\t<div class=\"elementor-element elementor-element-615f49f elementor-widget elementor-widget-heading\" data-id=\"615f49f\" data-element_type=\"widget\" data-widget_type=\"heading.default\">\n\t\t\t\t<div class=\"elementor-widget-container\">\n\t\t\t<style>\/*! elementor - v3.19.0 - 26-02-2024 *\/\n.elementor-heading-title{padding:0;margin:0;line-height:1}.elementor-widget-heading .elementor-heading-title[class*=elementor-size-]>a{color:inherit;font-size:inherit;line-height:inherit}.elementor-widget-heading .elementor-heading-title.elementor-size-small{font-size:15px}.elementor-widget-heading .elementor-heading-title.elementor-size-medium{font-size:19px}.elementor-widget-heading .elementor-heading-title.elementor-size-large{font-size:29px}.elementor-widget-heading .elementor-heading-title.elementor-size-xl{font-size:39px}.elementor-widget-heading .elementor-heading-title.elementor-size-xxl{font-size:59px}<\/style><h4 class=\"elementor-heading-title elementor-size-default\">Aktuality k maturit\u00e1m<\/h4>\t\t<\/div>\n\t\t\t\t<\/div>\n\t\t\t\t<div class=\"elementor-element elementor-element-9ae3aa9 elementor-posts--align-left elementor-grid-3 elementor-grid-tablet-2 elementor-grid-mobile-1 elementor-posts--thumbnail-top elementor-widget elementor-widget-posts\" data-id=\"9ae3aa9\" data-element_type=\"widget\" data-settings=\"{&quot;classic_columns&quot;:&quot;3&quot;,&quot;classic_columns_tablet&quot;:&quot;2&quot;,&quot;classic_columns_mobile&quot;:&quot;1&quot;,&quot;classic_row_gap&quot;:{&quot;unit&quot;:&quot;px&quot;,&quot;size&quot;:35,&quot;sizes&quot;:[]},&quot;classic_row_gap_tablet&quot;:{&quot;unit&quot;:&quot;px&quot;,&quot;size&quot;:&quot;&quot;,&quot;sizes&quot;:[]},&quot;classic_row_gap_mobile&quot;:{&quot;unit&quot;:&quot;px&quot;,&quot;size&quot;:&quot;&quot;,&quot;sizes&quot;:[]}}\" data-widget_type=\"posts.classic\">\n\t\t\t\t<div class=\"elementor-widget-container\">\n\t\t\t<link rel=\"stylesheet\" href=\"https:\/\/www.oadc.cz\/wp-content\/plugins\/elementor-pro\/assets\/css\/widget-posts.min.css\">\t\t<div class=\"elementor-posts-container elementor-posts elementor-posts--skin-classic elementor-grid\">\n\t\t\t\t<article class=\"elementor-post elementor-grid-item post-10140 post type-post status-publish format-standard has-post-thumbnail hentry category-informace-k-maturitam\">\n\t\t\t\t<a class=\"elementor-post__thumbnail__link\" href=\"https:\/\/www.oadc.cz\/index.php\/2025\/08\/20\/terminy-podzimnich-mz\/\" tabindex=\"-1\" >\n\t\t\t<div class=\"elementor-post__thumbnail\"><img decoding=\"async\" width=\"300\" height=\"121\" src=\"https:\/\/www.oadc.cz\/wp-content\/uploads\/2023\/09\/maturita-300x121.jpg\" class=\"attachment-medium size-medium wp-image-6753\" alt=\"\" srcset=\"https:\/\/www.oadc.cz\/wp-content\/uploads\/2023\/09\/maturita-300x121.jpg 300w, https:\/\/www.oadc.cz\/wp-content\/uploads\/2023\/09\/maturita.jpg 480w\" sizes=\"(max-width: 300px) 100vw, 300px\" \/><\/div>\n\t\t<\/a>\n\t\t\t\t<div class=\"elementor-post__text\">\n\t\t\t\t<h3 class=\"elementor-post__title\">\n\t\t\t<a href=\"https:\/\/www.oadc.cz\/index.php\/2025\/08\/20\/terminy-podzimnich-mz\/\" >\n\t\t\t\tTerm\u00edny podzimn\u00edch MZ\t\t\t<\/a>\n\t\t<\/h3>\n\t\t\t\t<div class=\"elementor-post__meta-data\">\n\t\t\t\t\t<span class=\"elementor-post-date\">\n\t\t\t20 srpna, 2025\t\t<\/span>\n\t\t\t\t<span class=\"elementor-post-avatar\">\n\t\t\t\u017d\u00e1dn\u00e9 koment\u00e1\u0159e\t\t<\/span>\n\t\t\t\t<\/div>\n\t\t\t\t<div class=\"elementor-post__excerpt\">\n\t\t\t\t\t<\/div>\n\t\t\n\t\t<a class=\"elementor-post__read-more\" href=\"https:\/\/www.oadc.cz\/index.php\/2025\/08\/20\/terminy-podzimnich-mz\/\" aria-label=\"Read more about Term\u00edny podzimn\u00edch MZ\" tabindex=\"-1\" >\n\t\t\t\u010c\u00edst v\u00edce\u00bb\t\t<\/a>\n\n\t\t\t\t<\/div>\n\t\t\t\t<\/article>\n\t\t\t\t<article class=\"elementor-post elementor-grid-item post-10116 post type-post status-publish format-standard has-post-thumbnail hentry category-informace-k-maturitam\">\n\t\t\t\t<a class=\"elementor-post__thumbnail__link\" href=\"https:\/\/www.oadc.cz\/index.php\/2025\/07\/10\/vypisy-z-prihlasek-maturita-podzim-2025\/\" tabindex=\"-1\" >\n\t\t\t<div class=\"elementor-post__thumbnail\"><img fetchpriority=\"high\" decoding=\"async\" width=\"300\" height=\"181\" src=\"https:\/\/www.oadc.cz\/wp-content\/uploads\/2021\/08\/stazeny-soubor-300x181.jpg\" class=\"attachment-medium size-medium wp-image-2753\" alt=\"\" srcset=\"https:\/\/www.oadc.cz\/wp-content\/uploads\/2021\/08\/stazeny-soubor-300x181.jpg 300w, https:\/\/www.oadc.cz\/wp-content\/uploads\/2021\/08\/stazeny-soubor.jpg 464w\" sizes=\"(max-width: 300px) 100vw, 300px\" \/><\/div>\n\t\t<\/a>\n\t\t\t\t<div class=\"elementor-post__text\">\n\t\t\t\t<h3 class=\"elementor-post__title\">\n\t\t\t<a href=\"https:\/\/www.oadc.cz\/index.php\/2025\/07\/10\/vypisy-z-prihlasek-maturita-podzim-2025\/\" >\n\t\t\t\tV\u00fdpisy z p\u0159ihl\u00e1\u0161ek\u00a0 &#8211; maturita podzim 2025\t\t\t<\/a>\n\t\t<\/h3>\n\t\t\t\t<div class=\"elementor-post__meta-data\">\n\t\t\t\t\t<span class=\"elementor-post-date\">\n\t\t\t10 \u010dervence, 2025\t\t<\/span>\n\t\t\t\t<span class=\"elementor-post-avatar\">\n\t\t\t\u017d\u00e1dn\u00e9 koment\u00e1\u0159e\t\t<\/span>\n\t\t\t\t<\/div>\n\t\t\t\t<div class=\"elementor-post__excerpt\">\n\t\t\t<p>V\u00fdpisy z p\u0159ihl\u00e1\u0161ek jsou p\u0159ipraveny k p\u0159evzet\u00ed v knihovn\u011b \u0161koly. P\u0159evzet\u00ed je mo\u017en\u00e9 pouze osobn\u011b a proti podpisu. HS<\/p>\n\t\t<\/div>\n\t\t\n\t\t<a class=\"elementor-post__read-more\" href=\"https:\/\/www.oadc.cz\/index.php\/2025\/07\/10\/vypisy-z-prihlasek-maturita-podzim-2025\/\" aria-label=\"Read more about V\u00fdpisy z p\u0159ihl\u00e1\u0161ek\u00a0 &#8211; maturita podzim 2025\" tabindex=\"-1\" >\n\t\t\t\u010c\u00edst v\u00edce\u00bb\t\t<\/a>\n\n\t\t\t\t<\/div>\n\t\t\t\t<\/article>\n\t\t\t\t<article class=\"elementor-post elementor-grid-item post-6754 post type-post status-publish format-standard has-post-thumbnail hentry category-informace-k-maturitam\">\n\t\t\t\t<a class=\"elementor-post__thumbnail__link\" href=\"https:\/\/www.oadc.cz\/index.php\/2023\/09\/15\/informace-pro-maturanty-v-podzimnim-terminu\/\" tabindex=\"-1\" >\n\t\t\t<div class=\"elementor-post__thumbnail\"><img decoding=\"async\" width=\"300\" height=\"121\" src=\"https:\/\/www.oadc.cz\/wp-content\/uploads\/2023\/09\/maturita-300x121.jpg\" class=\"attachment-medium size-medium wp-image-6753\" alt=\"\" srcset=\"https:\/\/www.oadc.cz\/wp-content\/uploads\/2023\/09\/maturita-300x121.jpg 300w, https:\/\/www.oadc.cz\/wp-content\/uploads\/2023\/09\/maturita.jpg 480w\" sizes=\"(max-width: 300px) 100vw, 300px\" \/><\/div>\n\t\t<\/a>\n\t\t\t\t<div class=\"elementor-post__text\">\n\t\t\t\t<h3 class=\"elementor-post__title\">\n\t\t\t<a href=\"https:\/\/www.oadc.cz\/index.php\/2023\/09\/15\/informace-pro-maturanty-v-podzimnim-terminu\/\" >\n\t\t\t\tInformace pro maturanty v podzimn\u00edm term\u00ednu\t\t\t<\/a>\n\t\t<\/h3>\n\t\t\t\t<div class=\"elementor-post__meta-data\">\n\t\t\t\t\t<span class=\"elementor-post-date\">\n\t\t\t15 z\u00e1\u0159\u00ed, 2023\t\t<\/span>\n\t\t\t\t<span class=\"elementor-post-avatar\">\n\t\t\t\u017d\u00e1dn\u00e9 koment\u00e1\u0159e\t\t<\/span>\n\t\t\t\t<\/div>\n\t\t\t\t<div class=\"elementor-post__excerpt\">\n\t\t\t<p>Maturitn\u00ed vysv\u011bd\u010den\u00ed je mo\u017eno p\u0159evz\u00edt (pouze osobn\u011b) od pond\u011bl\u00ed 18.9. od 10 hodin v knihovn\u011b \u0161koly.<\/p>\n\t\t<\/div>\n\t\t\n\t\t<a class=\"elementor-post__read-more\" href=\"https:\/\/www.oadc.cz\/index.php\/2023\/09\/15\/informace-pro-maturanty-v-podzimnim-terminu\/\" aria-label=\"Read more about Informace pro maturanty v podzimn\u00edm term\u00ednu\" tabindex=\"-1\" >\n\t\t\t\u010c\u00edst v\u00edce\u00bb\t\t<\/a>\n\n\t\t\t\t<\/div>\n\t\t\t\t<\/article>\n\t\t\t\t<\/div>\n\t\t\n\t\t\t\t<\/div>\n\t\t\t\t<\/div>\n\t\t\t\t<div class=\"elementor-element elementor-element-1f5c21f elementor-widget elementor-widget-heading\" data-id=\"1f5c21f\" data-element_type=\"widget\" data-widget_type=\"heading.default\">\n\t\t\t\t<div class=\"elementor-widget-container\">\n\t\t\t<h4 class=\"elementor-heading-title elementor-size-default\">Maturitn\u00ed okruhy a organizace zkou\u0161ky<\/h4>\t\t<\/div>\n\t\t\t\t<\/div>\n\t\t\t\t<div class=\"elementor-element elementor-element-e8de9e0 elementor-widget elementor-widget-text-editor\" data-id=\"e8de9e0\" data-element_type=\"widget\" data-widget_type=\"text-editor.default\">\n\t\t\t\t<div class=\"elementor-widget-container\">\n\t\t\t<style>\/*! elementor - v3.19.0 - 26-02-2024 *\/\n.elementor-widget-text-editor.elementor-drop-cap-view-stacked .elementor-drop-cap{background-color:#69727d;color:#fff}.elementor-widget-text-editor.elementor-drop-cap-view-framed .elementor-drop-cap{color:#69727d;border:3px solid;background-color:transparent}.elementor-widget-text-editor:not(.elementor-drop-cap-view-default) .elementor-drop-cap{margin-top:8px}.elementor-widget-text-editor:not(.elementor-drop-cap-view-default) .elementor-drop-cap-letter{width:1em;height:1em}.elementor-widget-text-editor .elementor-drop-cap{float:left;text-align:center;line-height:1;font-size:50px}.elementor-widget-text-editor .elementor-drop-cap-letter{display:inline-block}<\/style>\t\t\t\t<table><tbody><tr><td valign=\"top\"><p><span style=\"color: var( --e-global-color-text ); font-family: var( --e-global-typography-text-font-family ), Sans-serif; font-weight: var( --e-global-typography-text-font-weight ); letter-spacing: 0px;\">P\u0159ehled o skladb\u011b maturitn\u00ed zkou\u0161ky\u00a0<\/span><a style=\"font-family: var( --e-global-typography-text-font-family ), Sans-serif; font-weight: var( --e-global-typography-text-font-weight ); background-color: #ffffff; letter-spacing: 0px;\" href=\"https:\/\/drive.google.com\/file\/d\/1Moh-JZFoD_nS7JMVog2-Mf0_g4ObiD1r\/view?usp=sharing\" target=\"_blank\" rel=\"noopener\">zde<\/a><span style=\"color: var( --e-global-color-text ); font-family: var( --e-global-typography-text-font-family ), Sans-serif; font-weight: var( --e-global-typography-text-font-weight ); letter-spacing: 0px;\">.<\/span><\/p><p>Povolen\u00e9 pom\u016fcky k maturitn\u00ed zkou\u0161ce <a href=\"https:\/\/drive.google.com\/file\/d\/1176Qiph8V74QU3Q_obK4QGFJS2nE0jZQ\/view?usp=sharing\" target=\"_blank\" rel=\"noopener\">zde<\/a>.<\/p><p>Term\u00edny maturitn\u00ed zkou\u0161ky <a href=\"https:\/\/drive.google.com\/file\/d\/1i5QQ-MRNMbSUGsNR_uN_1BORDcA77aUP\/view?usp=sharing\" target=\"_blank\" rel=\"noopener\">zde<\/a>.<\/p><h4>T\u00e9mata pro maturitn\u00ed zkou\u0161ky<\/h4><ul><li>Maturitn\u00ed t\u00e9mata pro ekonomiku\u00a0<a href=\"https:\/\/drive.google.com\/file\/d\/12thWXRsXrmOimWaizfUfLdckI85LaXAe\/view?usp=sharing\" target=\"_blank\" rel=\"noopener\">zde<\/a>.<\/li><li>Maturitn\u00ed t\u00e9mata pro \u00fa\u010detnictv\u00ed <a href=\"https:\/\/drive.google.com\/file\/d\/1BqoPkBMhNeUVaVxjWbDD-6uddlJy2tiR\/view?usp=sharing\" target=\"_blank\" rel=\"noopener\">zde<\/a>.<\/li><li>\u0160koln\u00ed seznam liter\u00e1rn\u00edch d\u011bl\u00a0<a href=\"https:\/\/drive.google.com\/file\/d\/1aPBOkHK_pt8TUXIva2EttiOcNhNExpY0\/view?usp=sharing\" target=\"_blank\" rel=\"noopener\">zde<\/a>.<\/li><li>Sm\u011brnice pro vypracov\u00e1n\u00ed projektov\u00e9ho \u0159\u00edzen\u00ed\u00a0<a href=\"https:\/\/drive.google.com\/file\/d\/15G8V32DW5o-Cg2_siOqV4lIKMC1GBnxZ\/view?usp=sharing\" target=\"_blank\" rel=\"noopener\">zde<\/a><a href=\"https:\/\/drive.google.com\/file\/d\/11ec1kGNhc-12DsIcnUleIQa6GapZ8Gf_\/view?usp=sharing\">.<\/a><\/li><li>Maturitn\u00ed t\u00e9mata pro francouzsk\u00fd jazyk <a href=\"https:\/\/drive.google.com\/file\/d\/1eaJFfdS9rzUpS2suU0mFTT-wuzPCb3Yb\/view?usp=sharing\" target=\"_blank\" rel=\"noopener\">zde<\/a>.<\/li><li>Maturitn\u00ed t\u00e9mata pro n\u011bmeck\u00fd jazyk\u00a0<a href=\"https:\/\/drive.google.com\/file\/d\/1VKDId0AdzgKyjt1339B0tPUzcW3cN6aP\/view?usp=sharing\" target=\"_blank\" rel=\"noopener\">zde<\/a>.<\/li><li>Maturitn\u00ed t\u00e9mata pro rusk\u00fd jazyk\u00a0<a href=\"https:\/\/drive.google.com\/file\/d\/1j8EzHs-EnwYXh1zRlatnWSLUy8l5eBT_\/view?usp=sharing\" target=\"_blank\" rel=\"noopener\">zde<\/a>.<\/li><li>Maturitn\u00ed t\u00e9mata pro anglick\u00fd jazyk <a href=\"https:\/\/drive.google.com\/file\/d\/1TObTylwXUWMSgA2UbD1AFLsegRe1DBml\/view?usp=sharing\" target=\"_blank\" rel=\"noopener\">zde<\/a>.<\/li><li>Mo\u017enost nahrazen\u00ed maturitn\u00ed zkou\u0161ky z AJ <a href=\"https:\/\/drive.google.com\/file\/d\/19BptekhZr6G6gNb658tXQCCiTnkMyLqD\/view?usp=sharing\">zde<\/a>.\u00a0<\/li><\/ul><h4>Maturitn\u00ed t\u00e9mata z nepovinn\u00fdch p\u0159edm\u011bt\u016f:<\/h4><ul><li><a href=\"https:\/\/drive.google.com\/file\/d\/1rWCZfyrfJ40x0J4CatdvhgXXovwu0hn8\/view?usp=sharing\" target=\"_blank\" rel=\"noopener\"><span style=\"color: #333333;\">Evropsk\u00e1 integrace v AJ<\/span><\/a><\/li><li><a href=\"https:\/\/drive.google.com\/file\/d\/1b-27BxKRNyX75G3f3s11ezVc0IdRc8hj\/view?usp=sharing\" target=\"_blank\" rel=\"noopener\"><span style=\"color: #333333;\">P\u00edsemn\u00e1 a elektronick\u00e1 komunikace<\/span><\/a><\/li><li><a href=\"https:\/\/drive.google.com\/file\/d\/1HkqbvzHCcc5fpS8okKkxsmkQL9BCUSfJ\/view?usp=sharing\" target=\"_blank\" rel=\"noopener\"><span style=\"color: #333333;\">Pr\u00e1vo<\/span><\/a><\/li><\/ul><h4>Krit\u00e9ria hodnocen\u00ed profilov\u00e9 maturitn\u00ed zkou\u0161ky<\/h4><ul><li style=\"list-style-type: none;\"><ul><li>Hodnocen\u00ed p\u00edsemn\u00e9 pr\u00e1ce ciz\u00ed jazyky\u00a0<a href=\"https:\/\/drive.google.com\/file\/d\/1yf8FUdiyQ90afyPFAAGqpFZ6PeARSzCo\/view?usp=sharing\" target=\"_blank\" rel=\"noopener\">zde<\/a>.<\/li><li>Hodnocen\u00ed p\u00edsemn\u00e9 pr\u00e1ce ciz\u00ed jazyky, p\u0159\u00edloha <a href=\"https:\/\/drive.google.com\/file\/d\/1l6R2VWF7ui3NFrWARRmKr29GxIHZC39g\/view?usp=sharing\" target=\"_blank\" rel=\"noopener\">zde<\/a>.<\/li><li>Hodnocen\u00ed p\u00edsemn\u00e9 pr\u00e1ce \u010cJL <a href=\"https:\/\/drive.google.com\/file\/d\/1hXs5ZCO1GVr5KT7sfqQZ0xC7VfSHijpg\/view?usp=sharing\" target=\"_blank\" rel=\"noopener\">zde<\/a>.<\/li><li>Hodnocen\u00ed projektov\u00e9 \u0159\u00edzen\u00ed <a href=\"https:\/\/drive.google.com\/file\/d\/1HEcvbgZgTa4xxDpPikuGouymBaPoeLnj\/view?usp=sharing\" target=\"_blank\" rel=\"noopener\">zde<\/a>.<\/li><li>Hodnocen\u00ed \u00fastn\u00ed maturitn\u00ed zkou\u0161ky \u010cJ <a href=\"https:\/\/drive.google.com\/file\/d\/1d1Z7UQUBQ2T5Ywa7J6yRNXnb5XXp2iL6\/view?usp=sharing\" target=\"_blank\" rel=\"noopener\">zde<\/a>.<\/li><li>Hodnocen\u00ed \u00fastn\u00ed maturitn\u00ed zkou\u0161ky EKO <a href=\"https:\/\/drive.google.com\/file\/d\/1yMihSy1h5xY5ZhCDd8_jaxcpljVinP3A\/view?usp=sharing\" target=\"_blank\" rel=\"noopener\">zde<\/a>.<\/li><li>Hodnocen\u00ed \u00fastn\u00ed maturitn\u00ed zkou\u0161ky UCE <a href=\"https:\/\/drive.google.com\/file\/d\/1nTgte4zyhrxkgUOKIPa7BynrzJKCtEN7\/view?usp=sharing\" target=\"_blank\" rel=\"noopener\">zde<\/a>.<\/li><li>Hodnocen\u00ed \u00fastn\u00ed maturitn\u00ed zkou\u0161ky CJ <a href=\"https:\/\/drive.google.com\/file\/d\/1Zk5ZBulcA2bMbUy6bvUc8YW7kUg_9bPN\/view?usp=sharing\" target=\"_blank\" rel=\"noopener\">zde<\/a>.<\/li><li>Hodnocen\u00ed \u00fastn\u00ed maturitn\u00ed zkou\u0161ky EIA <a href=\"https:\/\/drive.google.com\/file\/d\/1TFOe1oJtKiW9feFgQIN8FcyNWlzVk5Yt\/view?usp=sharing\" target=\"_blank\" rel=\"noopener\">zde<\/a>.<\/li><li>Hodnocen\u00ed \u00fastn\u00ed maturitn\u00ed zkou\u0161ky PEK <a href=\"https:\/\/drive.google.com\/file\/d\/1tyQhD8rqIT9mnPOqF0R2tSwdyYV39viG\/view?usp=sharing\" target=\"_blank\" rel=\"noopener\">zde<\/a>.<\/li><li>Hodnocen\u00ed \u00fastn\u00ed maturitn\u00ed zkou\u0161ky PRA <a href=\"https:\/\/drive.google.com\/file\/d\/1zRVXJc8rAjgy0_gRu90uzmVr5MzcG6s6\/view?usp=sharing\" target=\"_blank\" rel=\"noopener\">zde<\/a>.<\/li><li>\u00daprava krit\u00e9ri\u00ed pro hodnocen\u00ed p\u00edsemn\u00fdch prac\u00ed a \u00fastn\u00edch zkou\u0161ek profilov\u00e9 \u010d\u00e1sti MZ u \u017e\u00e1k\u016f s PUP pro kon\u00e1n\u00ed MZ <a href=\"https:\/\/drive.google.com\/file\/d\/1ddj0Hd--J275xPrMOu0mruorE-FnVZKt\/view?usp=sharing\" target=\"_blank\" rel=\"noopener\">zde<\/a>.<\/li><\/ul><\/li><\/ul><p><!-- ############## \t<\/p>\n<li>\u00daprava krit\u00e9ri\u00ed hodnocen\u00ed pro \u017e\u00e1ky s PUP <a href=\"https:\/\/docs.google.com\/document\/d\/1q5dbm2ZtmgjMbDJOC-jwSpTfrJ4ljLsq\/edit?usp=share_link&amp;ouid=100679917862775048649&amp;rtpof=true&amp;sd=true\" target=\"_blank\" rel=\"noopener\">zde<\/a>.<\/li>\n<p> ##############--><\/p><h4>Ur\u010den\u00ed vedouc\u00edho a oponenta maturitn\u00ed pr\u00e1ce z PRR<\/h4><p>Ur\u010deni vedouc\u00edho a oponenta maturitn\u00ed s obhajobou p\u0159ed maturitn\u00ed komis\u00ed <a href=\"https:\/\/drive.google.com\/file\/d\/1Asc_XTU87RQQn9Ou7vk8aKvys7EPbhAg\/view?usp=sharing\">zde<\/a>.<\/p><\/td><\/tr><\/tbody><\/table>\t\t\t\t\t\t<\/div>\n\t\t\t\t<\/div>\n\t\t\t\t<div class=\"elementor-element elementor-element-23a7345 elementor-widget elementor-widget-text-editor\" data-id=\"23a7345\" data-element_type=\"widget\" data-widget_type=\"text-editor.default\">\n\t\t\t\t<div class=\"elementor-widget-container\">\n\t\t\t\t\t\t\t\t\t\t\t\t\t<\/div>\n\t\t\t\t<\/div>\n\t\t\t\t\t<\/div>\n\t\t<\/div>\n\t\t\t\t\t<\/div>\n\t\t<\/section>\n\t\t\t\t<\/div>\n\t\t","protected":false},"excerpt":{"rendered":"<p>Aktuality k maturit\u00e1m Maturitn\u00ed okruhy a organizace zkou\u0161ky P\u0159ehled o skladb\u011b maturitn\u00ed zkou\u0161ky\u00a0zde. Povolen\u00e9 pom\u016fcky k maturitn\u00ed zkou\u0161ce zde. Term\u00edny maturitn\u00ed zkou\u0161ky zde. T\u00e9mata pro maturitn\u00ed zkou\u0161ky Maturitn\u00ed t\u00e9mata pro ekonomiku\u00a0zde. Maturitn\u00ed t\u00e9mata pro \u00fa\u010detnictv\u00ed zde. \u0160koln\u00ed seznam liter\u00e1rn\u00edch d\u011bl\u00a0zde. Sm\u011brnice pro vypracov\u00e1n\u00ed projektov\u00e9ho \u0159\u00edzen\u00ed\u00a0zde. Maturitn\u00ed t\u00e9mata pro francouzsk\u00fd jazyk zde. Maturitn\u00ed t\u00e9mata pro n\u011bmeck\u00fd [&hellip;]<\/p>\n","protected":false},"author":1,"featured_media":0,"parent":0,"menu_order":0,"comment_status":"closed","ping_status":"closed","template":"template-parts\/template-homepage.php","meta":{"footnotes":""},"yoast_head":"<!-- This site is optimized with the Yoast SEO plugin v22.1 - https:\/\/yoast.com\/wordpress\/plugins\/seo\/ -->\n<title>Maturity - Evropsk\u00e1 obchodn\u00ed akademie<\/title>\n<meta name=\"robots\" content=\"index, follow, max-snippet:-1, max-image-preview:large, max-video-preview:-1\" \/>\n<link rel=\"canonical\" href=\"https:\/\/www.oadc.cz\/index.php\/maturity\/\" \/>\n<meta property=\"og:locale\" content=\"cs_CZ\" \/>\n<meta property=\"og:type\" content=\"article\" \/>\n<meta property=\"og:title\" content=\"Maturity - Evropsk\u00e1 obchodn\u00ed akademie\" \/>\n<meta property=\"og:description\" content=\"Aktuality k maturit\u00e1m Maturitn\u00ed okruhy a organizace zkou\u0161ky P\u0159ehled o skladb\u011b maturitn\u00ed zkou\u0161ky\u00a0zde. Povolen\u00e9 pom\u016fcky k maturitn\u00ed zkou\u0161ce zde. Term\u00edny maturitn\u00ed zkou\u0161ky zde. T\u00e9mata pro maturitn\u00ed zkou\u0161ky Maturitn\u00ed t\u00e9mata pro ekonomiku\u00a0zde. Maturitn\u00ed t\u00e9mata pro \u00fa\u010detnictv\u00ed zde. \u0160koln\u00ed seznam liter\u00e1rn\u00edch d\u011bl\u00a0zde. Sm\u011brnice pro vypracov\u00e1n\u00ed projektov\u00e9ho \u0159\u00edzen\u00ed\u00a0zde. Maturitn\u00ed t\u00e9mata pro francouzsk\u00fd jazyk zde. Maturitn\u00ed t\u00e9mata pro n\u011bmeck\u00fd [&hellip;]\" \/>\n<meta property=\"og:url\" content=\"https:\/\/www.oadc.cz\/index.php\/maturity\/\" \/>\n<meta property=\"og:site_name\" content=\"Evropsk\u00e1 obchodn\u00ed akademie\" \/>\n<meta property=\"article:publisher\" content=\"https:\/\/www.facebook.com\/eoadc\" \/>\n<meta property=\"article:modified_time\" content=\"2026-01-14T22:09:30+00:00\" \/>\n<meta name=\"twitter:card\" content=\"summary_large_image\" \/>\n<meta name=\"twitter:label1\" content=\"Odhadovan\u00e1 doba \u010dten\u00ed\" \/>\n\t<meta name=\"twitter:data1\" content=\"2 minuty\" \/>\n<script type=\"application\/ld+json\" class=\"yoast-schema-graph\">{\"@context\":\"https:\/\/schema.org\",\"@graph\":[{\"@type\":\"WebPage\",\"@id\":\"https:\/\/www.oadc.cz\/index.php\/maturity\/\",\"url\":\"https:\/\/www.oadc.cz\/index.php\/maturity\/\",\"name\":\"Maturity - Evropsk\u00e1 obchodn\u00ed akademie\",\"isPartOf\":{\"@id\":\"https:\/\/www.oadc.cz\/#website\"},\"datePublished\":\"2020-12-03T12:20:48+00:00\",\"dateModified\":\"2026-01-14T22:09:30+00:00\",\"breadcrumb\":{\"@id\":\"https:\/\/www.oadc.cz\/index.php\/maturity\/#breadcrumb\"},\"inLanguage\":\"cs\",\"potentialAction\":[{\"@type\":\"ReadAction\",\"target\":[\"https:\/\/www.oadc.cz\/index.php\/maturity\/\"]}]},{\"@type\":\"BreadcrumbList\",\"@id\":\"https:\/\/www.oadc.cz\/index.php\/maturity\/#breadcrumb\",\"itemListElement\":[{\"@type\":\"ListItem\",\"position\":1,\"name\":\"Dom\u016f\",\"item\":\"https:\/\/www.oadc.cz\/\"},{\"@type\":\"ListItem\",\"position\":2,\"name\":\"Maturity\"}]},{\"@type\":\"WebSite\",\"@id\":\"https:\/\/www.oadc.cz\/#website\",\"url\":\"https:\/\/www.oadc.cz\/\",\"name\":\"Evropsk\u00e1 obchodn\u00ed akademie\",\"description\":\"st\u0159edn\u00ed odborn\u00e1 \u0161kola v D\u011b\u010d\u00edn\u011b\",\"publisher\":{\"@id\":\"https:\/\/www.oadc.cz\/#organization\"},\"potentialAction\":[{\"@type\":\"SearchAction\",\"target\":{\"@type\":\"EntryPoint\",\"urlTemplate\":\"https:\/\/www.oadc.cz\/?s={search_term_string}\"},\"query-input\":\"required name=search_term_string\"}],\"inLanguage\":\"cs\"},{\"@type\":\"Organization\",\"@id\":\"https:\/\/www.oadc.cz\/#organization\",\"name\":\"Evropsk\u00e1 Obchodn\u00ed Akademie\",\"url\":\"https:\/\/www.oadc.cz\/\",\"logo\":{\"@type\":\"ImageObject\",\"inLanguage\":\"cs\",\"@id\":\"https:\/\/www.oadc.cz\/#\/schema\/logo\/image\/\",\"url\":\"https:\/\/www.oadc.cz\/wp-content\/uploads\/2020\/12\/EOA-logo_upr.png\",\"contentUrl\":\"https:\/\/www.oadc.cz\/wp-content\/uploads\/2020\/12\/EOA-logo_upr.png\",\"width\":850,\"height\":632,\"caption\":\"Evropsk\u00e1 Obchodn\u00ed Akademie\"},\"image\":{\"@id\":\"https:\/\/www.oadc.cz\/#\/schema\/logo\/image\/\"},\"sameAs\":[\"https:\/\/www.facebook.com\/eoadc\",\"https:\/\/www.instagram.com\/eoa.dc\/\"]}]}<\/script>\n<!-- \/ Yoast SEO plugin. -->","yoast_head_json":{"title":"Maturity - Evropsk\u00e1 obchodn\u00ed akademie","robots":{"index":"index","follow":"follow","max-snippet":"max-snippet:-1","max-image-preview":"max-image-preview:large","max-video-preview":"max-video-preview:-1"},"canonical":"https:\/\/www.oadc.cz\/index.php\/maturity\/","og_locale":"cs_CZ","og_type":"article","og_title":"Maturity - Evropsk\u00e1 obchodn\u00ed akademie","og_description":"Aktuality k maturit\u00e1m Maturitn\u00ed okruhy a organizace zkou\u0161ky P\u0159ehled o skladb\u011b maturitn\u00ed zkou\u0161ky\u00a0zde. Povolen\u00e9 pom\u016fcky k maturitn\u00ed zkou\u0161ce zde. Term\u00edny maturitn\u00ed zkou\u0161ky zde. T\u00e9mata pro maturitn\u00ed zkou\u0161ky Maturitn\u00ed t\u00e9mata pro ekonomiku\u00a0zde. Maturitn\u00ed t\u00e9mata pro \u00fa\u010detnictv\u00ed zde. \u0160koln\u00ed seznam liter\u00e1rn\u00edch d\u011bl\u00a0zde. Sm\u011brnice pro vypracov\u00e1n\u00ed projektov\u00e9ho \u0159\u00edzen\u00ed\u00a0zde. Maturitn\u00ed t\u00e9mata pro francouzsk\u00fd jazyk zde. Maturitn\u00ed t\u00e9mata pro n\u011bmeck\u00fd [&hellip;]","og_url":"https:\/\/www.oadc.cz\/index.php\/maturity\/","og_site_name":"Evropsk\u00e1 obchodn\u00ed akademie","article_publisher":"https:\/\/www.facebook.com\/eoadc","article_modified_time":"2026-01-14T22:09:30+00:00","twitter_card":"summary_large_image","twitter_misc":{"Odhadovan\u00e1 doba \u010dten\u00ed":"2 minuty"},"schema":{"@context":"https:\/\/schema.org","@graph":[{"@type":"WebPage","@id":"https:\/\/www.oadc.cz\/index.php\/maturity\/","url":"https:\/\/www.oadc.cz\/index.php\/maturity\/","name":"Maturity - Evropsk\u00e1 obchodn\u00ed akademie","isPartOf":{"@id":"https:\/\/www.oadc.cz\/#website"},"datePublished":"2020-12-03T12:20:48+00:00","dateModified":"2026-01-14T22:09:30+00:00","breadcrumb":{"@id":"https:\/\/www.oadc.cz\/index.php\/maturity\/#breadcrumb"},"inLanguage":"cs","potentialAction":[{"@type":"ReadAction","target":["https:\/\/www.oadc.cz\/index.php\/maturity\/"]}]},{"@type":"BreadcrumbList","@id":"https:\/\/www.oadc.cz\/index.php\/maturity\/#breadcrumb","itemListElement":[{"@type":"ListItem","position":1,"name":"Dom\u016f","item":"https:\/\/www.oadc.cz\/"},{"@type":"ListItem","position":2,"name":"Maturity"}]},{"@type":"WebSite","@id":"https:\/\/www.oadc.cz\/#website","url":"https:\/\/www.oadc.cz\/","name":"Evropsk\u00e1 obchodn\u00ed akademie","description":"st\u0159edn\u00ed odborn\u00e1 \u0161kola v D\u011b\u010d\u00edn\u011b","publisher":{"@id":"https:\/\/www.oadc.cz\/#organization"},"potentialAction":[{"@type":"SearchAction","target":{"@type":"EntryPoint","urlTemplate":"https:\/\/www.oadc.cz\/?s={search_term_string}"},"query-input":"required name=search_term_string"}],"inLanguage":"cs"},{"@type":"Organization","@id":"https:\/\/www.oadc.cz\/#organization","name":"Evropsk\u00e1 Obchodn\u00ed Akademie","url":"https:\/\/www.oadc.cz\/","logo":{"@type":"ImageObject","inLanguage":"cs","@id":"https:\/\/www.oadc.cz\/#\/schema\/logo\/image\/","url":"https:\/\/www.oadc.cz\/wp-content\/uploads\/2020\/12\/EOA-logo_upr.png","contentUrl":"https:\/\/www.oadc.cz\/wp-content\/uploads\/2020\/12\/EOA-logo_upr.png","width":850,"height":632,"caption":"Evropsk\u00e1 Obchodn\u00ed Akademie"},"image":{"@id":"https:\/\/www.oadc.cz\/#\/schema\/logo\/image\/"},"sameAs":["https:\/\/www.facebook.com\/eoadc","https:\/\/www.instagram.com\/eoa.dc\/"]}]}},"_links":{"self":[{"href":"https:\/\/www.oadc.cz\/index.php\/wp-json\/wp\/v2\/pages\/241"}],"collection":[{"href":"https:\/\/www.oadc.cz\/index.php\/wp-json\/wp\/v2\/pages"}],"about":[{"href":"https:\/\/www.oadc.cz\/index.php\/wp-json\/wp\/v2\/types\/page"}],"author":[{"embeddable":true,"href":"https:\/\/www.oadc.cz\/index.php\/wp-json\/wp\/v2\/users\/1"}],"replies":[{"embeddable":true,"href":"https:\/\/www.oadc.cz\/index.php\/wp-json\/wp\/v2\/comments?post=241"}],"version-history":[{"count":382,"href":"https:\/\/www.oadc.cz\/index.php\/wp-json\/wp\/v2\/pages\/241\/revisions"}],"predecessor-version":[{"id":10508,"href":"https:\/\/www.oadc.cz\/index.php\/wp-json\/wp\/v2\/pages\/241\/revisions\/10508"}],"wp:attachment":[{"href":"https:\/\/www.oadc.cz\/index.php\/wp-json\/wp\/v2\/media?parent=241"}],"curies":[{"name":"wp","href":"https:\/\/api.w.org\/{rel}","templated":true}]}}