{"id":24,"date":"2020-11-18T11:36:14","date_gmt":"2020-11-18T10:36:14","guid":{"rendered":"http:\/\/oadc.dchosting.cz\/?page_id=24"},"modified":"2025-11-13T11:38:46","modified_gmt":"2025-11-13T10:38:46","slug":"kontakty","status":"publish","type":"page","link":"https:\/\/www.oadc.cz\/index.php\/kontakty\/","title":{"rendered":"Kontakty"},"content":{"rendered":"\t\t<div data-elementor-type=\"wp-page\" data-elementor-id=\"24\" class=\"elementor elementor-24\" data-elementor-post-type=\"page\">\n\t\t\t\t\t\t<section class=\"elementor-section elementor-top-section elementor-element elementor-element-0d7996f elementor-section-content-middle elementor-section-boxed elementor-section-height-default elementor-section-height-default\" data-id=\"0d7996f\" data-element_type=\"section\">\n\t\t\t\t\t\t<div class=\"elementor-container elementor-column-gap-no\">\n\t\t\t\t\t<div class=\"elementor-column elementor-col-100 elementor-top-column elementor-element elementor-element-2a01e22\" data-id=\"2a01e22\" data-element_type=\"column\">\n\t\t\t<div class=\"elementor-widget-wrap elementor-element-populated\">\n\t\t\t\t\t\t<div class=\"elementor-element elementor-element-dd709df elementor-widget elementor-widget-heading\" data-id=\"dd709df\" data-element_type=\"widget\" data-widget_type=\"heading.default\">\n\t\t\t\t<div class=\"elementor-widget-container\">\n\t\t\t<style>\/*! elementor - v3.19.0 - 26-02-2024 *\/\n.elementor-heading-title{padding:0;margin:0;line-height:1}.elementor-widget-heading .elementor-heading-title[class*=elementor-size-]>a{color:inherit;font-size:inherit;line-height:inherit}.elementor-widget-heading .elementor-heading-title.elementor-size-small{font-size:15px}.elementor-widget-heading .elementor-heading-title.elementor-size-medium{font-size:19px}.elementor-widget-heading .elementor-heading-title.elementor-size-large{font-size:29px}.elementor-widget-heading .elementor-heading-title.elementor-size-xl{font-size:39px}.elementor-widget-heading .elementor-heading-title.elementor-size-xxl{font-size:59px}<\/style><h4 class=\"elementor-heading-title elementor-size-default\">Kontakty<\/h4>\t\t<\/div>\n\t\t\t\t<\/div>\n\t\t\t\t\t<\/div>\n\t\t<\/div>\n\t\t\t\t\t<\/div>\n\t\t<\/section>\n\t\t\t\t<section class=\"elementor-section elementor-top-section elementor-element elementor-element-dda49a6 elementor-section-boxed elementor-section-height-default elementor-section-height-default\" data-id=\"dda49a6\" data-element_type=\"section\">\n\t\t\t\t\t\t<div class=\"elementor-container elementor-column-gap-default\">\n\t\t\t\t\t<div class=\"elementor-column elementor-col-50 elementor-top-column elementor-element elementor-element-2fd1ceb\" data-id=\"2fd1ceb\" data-element_type=\"column\">\n\t\t\t<div class=\"elementor-widget-wrap elementor-element-populated\">\n\t\t\t\t\t\t<div class=\"elementor-element elementor-element-933009d elementor-widget elementor-widget-text-editor\" data-id=\"933009d\" data-element_type=\"widget\" data-widget_type=\"text-editor.default\">\n\t\t\t\t<div class=\"elementor-widget-container\">\n\t\t\t<style>\/*! elementor - v3.19.0 - 26-02-2024 *\/\n.elementor-widget-text-editor.elementor-drop-cap-view-stacked .elementor-drop-cap{background-color:#69727d;color:#fff}.elementor-widget-text-editor.elementor-drop-cap-view-framed .elementor-drop-cap{color:#69727d;border:3px solid;background-color:transparent}.elementor-widget-text-editor:not(.elementor-drop-cap-view-default) .elementor-drop-cap{margin-top:8px}.elementor-widget-text-editor:not(.elementor-drop-cap-view-default) .elementor-drop-cap-letter{width:1em;height:1em}.elementor-widget-text-editor .elementor-drop-cap{float:left;text-align:center;line-height:1;font-size:50px}.elementor-widget-text-editor .elementor-drop-cap-letter{display:inline-block}<\/style>\t\t\t\t<p><strong>N\u00e1zev \u0161koly:<\/strong><\/p><p>Evropsk\u00e1 obchodn\u00ed akademie, D\u011b\u010d\u00edn I, Komensk\u00e9ho n\u00e1m\u011bst\u00ed 2, p\u0159\u00edsp\u011bvkov\u00e1 organizace<\/p><p><strong>Adresa: <\/strong>Komensk\u00e9ho n\u00e1m\u011bst\u00ed 2, 406 81 D\u011b\u010d\u00edn 1<br \/><strong>E-mail:<\/strong> skola@oadc.cz<br \/><strong>Telefon:<\/strong> 412 516 127<br \/><strong>Mobil:<\/strong> 734 313 310<br \/><strong>Informace k p\u0159ij\u00edmac\u00edmu \u0159\u00edzen\u00ed, opisy vysv\u011bd\u010den\u00ed:<\/strong> 775 475 073<br \/><strong>I\u010cO \u0161koly:<\/strong>\u00a047274611<br \/><strong>ID datov\u00e9 schr\u00e1nky:<\/strong> 2ezt49p<br \/><strong>Podatelna:<\/strong> 8 &#8211; 12 hodin.<\/p>\t\t\t\t\t\t<\/div>\n\t\t\t\t<\/div>\n\t\t\t\t<div class=\"elementor-element elementor-element-9c706cb elementor-widget elementor-widget-google_maps\" data-id=\"9c706cb\" data-element_type=\"widget\" data-widget_type=\"google_maps.default\">\n\t\t\t\t<div class=\"elementor-widget-container\">\n\t\t\t<style>\/*! elementor - v3.19.0 - 26-02-2024 *\/\n.elementor-widget-google_maps .elementor-widget-container{overflow:hidden}.elementor-widget-google_maps .elementor-custom-embed{line-height:0}.elementor-widget-google_maps iframe{height:300px}<\/style>\t\t<div class=\"elementor-custom-embed\">\n\t\t\t<iframe loading=\"lazy\"\n\t\t\t\t\tsrc=\"https:\/\/maps.google.com\/maps?q=Komensk%C3%A9ho%20n%C3%A1m%C4%9Bst%C3%AD%202%2C%20D%C4%9B%C4%8D%C3%ADn&#038;t=m&#038;z=14&#038;output=embed&#038;iwloc=near\"\n\t\t\t\t\ttitle=\"Komensk\u00e9ho n\u00e1m\u011bst\u00ed 2, D\u011b\u010d\u00edn\"\n\t\t\t\t\taria-label=\"Komensk\u00e9ho n\u00e1m\u011bst\u00ed 2, D\u011b\u010d\u00edn\"\n\t\t\t><\/iframe>\n\t\t<\/div>\n\t\t\t\t<\/div>\n\t\t\t\t<\/div>\n\t\t\t\t\t<\/div>\n\t\t<\/div>\n\t\t\t\t<div class=\"elementor-column elementor-col-50 elementor-top-column elementor-element elementor-element-e09effc\" data-id=\"e09effc\" data-element_type=\"column\">\n\t\t\t<div class=\"elementor-widget-wrap elementor-element-populated\">\n\t\t\t\t\t\t<div class=\"elementor-element elementor-element-c257554 elementor-widget elementor-widget-text-editor\" data-id=\"c257554\" data-element_type=\"widget\" data-widget_type=\"text-editor.default\">\n\t\t\t\t<div class=\"elementor-widget-container\">\n\t\t\t\t\t\t\t<p><strong>Veden\u00ed \u0161koly<\/strong><\/p><p><strong>\u0158editel<\/strong><br \/>Mgr. Pavel Tomka<br \/>reditel@oadc.cz<br \/><strong>Mobil:<\/strong> 774 032 600<\/p><p><strong>Statut\u00e1rn\u00ed z\u00e1stupce \u0159editele a z\u00e1stupce \u0159editele pro v\u00fdchovu a vzd\u011bl\u00e1v\u00e1n\u00ed<\/strong><br \/>Mgr. Helena Syslov\u00e1<br \/>hsyslova@oadc.cz<br \/><strong>Mobil: <\/strong>774 032 602<\/p><p><strong>Z\u00e1stupce \u0159editele pro ekonomickou, person\u00e1ln\u00ed\u00a0 a projektovou \u010dinnost<\/strong><br \/><span style=\"font-weight: 400;\">Ing. Jitka St\u00fdblov\u00e1<\/span><span style=\"font-weight: 400;\"><br \/><\/span><span style=\"font-weight: 400;\">jstyblova@oadc.cz<\/span><span style=\"font-weight: 400;\"><br \/><\/span><b>Mobil:\u00a0<\/b><span style=\"font-weight: 400;\">775 475\u00a0071<\/span><\/p><p><strong>\u0160koln\u00ed poradensk\u00e9 pracovi\u0161t\u011b<\/strong><\/p><p><strong>\u0160koln\u00ed metodik prevence<br \/><\/strong>Mgr. Zde\u0148ka Novotn\u00e1<br \/>znovotna@oadc.cz<\/p><p><strong>V\u00fdchovn\u00fd poradce<\/strong><br \/>Mgr. Mark\u00e9ta Rajchlov\u00e1 Koutsk\u00e1<br \/>mrajchlovakoutska@oadc.cz<\/p><p><strong>Pov\u011b\u0159enec GDPR<\/strong><br \/>Mgr. Lenka Holubcov\u00e1<br \/>lholubcova@gymnaziumdc.cz<\/p><p><strong>Profil zadavatele<\/strong><br \/>Profil \u0161koly na\u00a0<a href=\"https:\/\/tenderarena.cz\/dodavatel\/seznam-profilu-zadavatelu\/detail\/Z0001439\">TenderArena<\/a><\/p>\t\t\t\t\t\t<\/div>\n\t\t\t\t<\/div>\n\t\t\t\t\t<\/div>\n\t\t<\/div>\n\t\t\t\t\t<\/div>\n\t\t<\/section>\n\t\t\t\t<section class=\"elementor-section elementor-top-section elementor-element elementor-element-3686b02 elementor-section-boxed elementor-section-height-default elementor-section-height-default\" data-id=\"3686b02\" data-element_type=\"section\">\n\t\t\t\t\t\t<div class=\"elementor-container elementor-column-gap-default\">\n\t\t\t\t\t<div class=\"elementor-column elementor-col-100 elementor-top-column elementor-element elementor-element-180e8fd\" data-id=\"180e8fd\" data-element_type=\"column\">\n\t\t\t<div class=\"elementor-widget-wrap elementor-element-populated\">\n\t\t\t\t\t\t<div class=\"elementor-element elementor-element-846913e elementor-widget elementor-widget-heading\" data-id=\"846913e\" data-element_type=\"widget\" data-widget_type=\"heading.default\">\n\t\t\t\t<div class=\"elementor-widget-container\">\n\t\t\t<h4 class=\"elementor-heading-title elementor-size-default\">Pedagogick\u00fd sbor<\/h4>\t\t<\/div>\n\t\t\t\t<\/div>\n\t\t\t\t<section class=\"elementor-section elementor-inner-section elementor-element elementor-element-4462634 elementor-section-boxed elementor-section-height-default elementor-section-height-default\" data-id=\"4462634\" data-element_type=\"section\">\n\t\t\t\t\t\t<div class=\"elementor-container elementor-column-gap-default\">\n\t\t\t\t\t<div class=\"elementor-column elementor-col-50 elementor-inner-column elementor-element elementor-element-60c4b91\" data-id=\"60c4b91\" data-element_type=\"column\">\n\t\t\t<div class=\"elementor-widget-wrap elementor-element-populated\">\n\t\t\t\t\t\t<div class=\"elementor-element elementor-element-787a8ea elementor-widget elementor-widget-text-editor\" data-id=\"787a8ea\" data-element_type=\"widget\" data-widget_type=\"text-editor.default\">\n\t\t\t\t<div class=\"elementor-widget-container\">\n\t\t\t\t\t\t\t<p><strong>T\u0159\u00eddn\u00ed u\u010ditel\u00e9<\/strong><\/p><p><span style=\"font-weight: 400;\">1.A<\/span><span style=\"font-weight: 400;\"><br \/><\/span><span style=\"font-weight: 400;\">Mgr. Tom\u00e1\u0161 Ba\u017eant<\/span><span style=\"font-weight: 400;\"><br \/><\/span><span style=\"font-weight: 400;\">tbazant@oadc.cz<\/span><\/p><p><span style=\"font-weight: 400;\">1.E<\/span><span style=\"font-weight: 400;\"><br \/><\/span><span style=\"font-weight: 400;\">Ing. Silvie Spolkov\u00e1<\/span><span style=\"font-weight: 400;\"><br \/><\/span><span style=\"font-weight: 400;\">sspolkova@oadc.cz<\/span><\/p><p><span style=\"font-weight: 400;\">1.DS<\/span><span style=\"font-weight: 400;\"><br \/><\/span><span style=\"font-weight: 400;\">Bc. Dominika Malcov\u00e1<\/span><span style=\"font-weight: 400;\"><br \/><\/span><span style=\"font-weight: 400;\">dmalcova@oadc.cz<\/span><\/p><p><span style=\"font-weight: 400;\">2.A<\/span><span style=\"font-weight: 400;\"><br \/><\/span><span style=\"font-weight: 400;\">Mgr. Martina Tu\u010dkov\u00e1<\/span><span style=\"font-weight: 400;\"><br \/><\/span><span style=\"font-weight: 400;\">mtuckova@oadc.cz<\/span><\/p><p><span style=\"font-weight: 400;\">2.E<\/span><span style=\"font-weight: 400;\"><br \/><\/span><span style=\"font-weight: 400;\">Mgr. Liana Cihelkov\u00e1<\/span><span style=\"font-weight: 400;\"><br \/><\/span><span style=\"font-weight: 400;\">lcihelkova@oadc.cz<\/span><\/p><p><span style=\"font-weight: 400;\">2.DS<\/span><span style=\"font-weight: 400;\"><br \/><\/span><span style=\"font-weight: 400;\">Ing. Jan \u0158ada<\/span><span style=\"font-weight: 400;\"><br \/><\/span><span style=\"font-weight: 400;\">jrada@oadc.cz<\/span><\/p><p><span style=\"font-weight: 400;\">3.A<\/span><span style=\"font-weight: 400;\"><br \/><\/span><span style=\"font-weight: 400;\">Ing. \u017daneta Nov\u00e1kov\u00e1<\/span><span style=\"font-weight: 400;\"><br \/><\/span><span style=\"font-weight: 400;\">znovakova@oadc.cz<\/span><\/p><p><span style=\"font-weight: 400;\">3.D<\/span><span style=\"font-weight: 400;\"><br \/><\/span><span style=\"font-weight: 400;\">Mgr. Zbyn\u011bk Ksandr<\/span><span style=\"font-weight: 400;\"><br \/><\/span><span style=\"font-weight: 400;\">zksandr@oadc.cz<\/span><\/p><p><span style=\"font-weight: 400;\">3.E<\/span><span style=\"font-weight: 400;\"><br \/><\/span><span style=\"font-weight: 400;\">Mgr. Veronika Hole\u010dkov\u00e1<\/span><span style=\"font-weight: 400;\"><br \/><\/span><span style=\"font-weight: 400;\">vholeckova@oadc.cz<\/span><\/p><p><span style=\"font-weight: 400;\">3.S<\/span><span style=\"font-weight: 400;\"><br \/><\/span><span style=\"font-weight: 400;\">Mgr., Bc. Lucie L\u017e\u00ed\u010da\u0159ov\u00e1<\/span><span style=\"font-weight: 400;\"><br \/><\/span><span style=\"font-weight: 400;\">llzicarova@oadc.cz<\/span><\/p><p><span style=\"font-weight: 400;\">4.A<\/span><span style=\"font-weight: 400;\"><br \/><\/span><span style=\"font-weight: 400;\">Mgr. Jitka Hlou\u0161kov\u00e1<\/span><span style=\"font-weight: 400;\"><br \/><\/span><span style=\"font-weight: 400;\">jhlouskova@oadc.cz<\/span><\/p><p><span style=\"font-weight: 400;\">4.D<\/span><span style=\"font-weight: 400;\"><br \/><\/span><span style=\"font-weight: 400;\">Mgr. V\u011bra Duspivov\u00e1<\/span><span style=\"font-weight: 400;\"><br \/><\/span><span style=\"font-weight: 400;\">vduspivova@oadc.cz<\/span><\/p><p><span style=\"font-weight: 400;\">4.E<\/span><span style=\"font-weight: 400;\"><br \/><\/span><span style=\"font-weight: 400;\">Ing. Alena Tom\u00e1\u0161kov\u00e1 V\u00e1bererov\u00e1<br \/>atomaskovavabererova@oadc.cz<\/span><\/p><p><span style=\"font-weight: 400;\">4.S<\/span><span style=\"font-weight: 400;\"><br \/><\/span><span style=\"font-weight: 400;\">Ing. Bohuslava Varadinov\u00e1<\/span><span style=\"font-weight: 400;\"><br \/><\/span><span style=\"font-weight: 400;\">bvaradinova@oadc.cz<\/span><\/p>\t\t\t\t\t\t<\/div>\n\t\t\t\t<\/div>\n\t\t\t\t\t<\/div>\n\t\t<\/div>\n\t\t\t\t<div class=\"elementor-column elementor-col-50 elementor-inner-column elementor-element elementor-element-ab00a20\" data-id=\"ab00a20\" data-element_type=\"column\">\n\t\t\t<div class=\"elementor-widget-wrap elementor-element-populated\">\n\t\t\t\t\t\t<div class=\"elementor-element elementor-element-ef13936 elementor-widget elementor-widget-text-editor\" data-id=\"ef13936\" data-element_type=\"widget\" data-widget_type=\"text-editor.default\">\n\t\t\t\t<div class=\"elementor-widget-container\">\n\t\t\t\t\t\t\t<p><strong>Ostatn\u00ed u\u010ditel\u00e9<\/strong><\/p><p><span style=\"font-weight: 400;\">Bc. Zuzana\u00a0Be\u010dkov\u00e1<br \/>zbeckova@oadc.cz<\/span><\/p><p>Denisa \u010cern\u00e1<br \/>dcerna@oadc.cz<\/p><p><span style=\"letter-spacing: 0px;\">Bc. Krist\u00fdna Dvo\u0159\u00e1kov\u00e1<br \/><\/span><span style=\"font-weight: 400;\">kdvorakova@oadc.cz<\/span><\/p><p>Ing. Martina Fenclov\u00e1<br \/>mfenclova@oadc.cz<\/p><p>Ing., Bc. Marek Havl\u00edk<br \/>mhavlik@oadc.cz<\/p><p><span style=\"letter-spacing: 0px;\">Ing. Jan Horais<br \/><\/span><span style=\"letter-spacing: 0px;\">jhorais@oadc.cz<\/span><\/p><p><span style=\"letter-spacing: 0px;\">Mgr. Drahom\u00edra Kuncov\u00e1<br \/><\/span><span style=\"letter-spacing: 0px;\">dkuncova@oadc.cz<\/span><\/p><p><span style=\"letter-spacing: 0px;\">Ing. Martin Macek<br \/><\/span><span style=\"letter-spacing: 0px;\">mmacek@oadc.cz<\/span><\/p><p><span style=\"letter-spacing: 0px;\">Ing. Jan Mejst\u0159\u00edk<br \/><\/span><span style=\"letter-spacing: 0px;\">jmejstrik@oadc.cz<\/span><\/p><p><span style=\"letter-spacing: 0px;\">Ing. Radek Mi\u0161kovsk\u00fd<br \/><\/span><span style=\"letter-spacing: 0px;\">rmiskovsky@oadc.cz<\/span><\/p><p><span style=\"font-weight: 400;\">Mgr. Renata N\u011bme\u010dkov\u00e1<\/span><span style=\"font-weight: 400;\"><br \/><\/span><span style=\"font-weight: 400;\">rnemeckova@oadc.cz<\/span><\/p><p>Mgr. Jakub Nov\u00e1k<br \/>jnovak@oadc.cz<\/p><p>Mgr. Zde\u0148ka Novotn\u00e1<br \/>znovotna@oadc.cz<\/p><p>Mgr. Mark\u00e9ta Rajchlov\u00e1 Koutsk\u00e1<br \/>mrajchlovakoutska@oadc.cz<\/p><p>Bc. Robin\u00a0 Rosick\u00fd<br \/>rrosicky@oadc.cz<\/p><p>Ing. \u0160\u00e1rka \u0160ebestov\u00e1<br \/>ssebestova@oadc.cz<\/p><p>Mgr. Petr \u0160t\u00e1cha<br \/>pstacha@oadc.cz<\/p><p>Johana \u0160troblov\u00e1<br \/>jstroblova@oadc.cz<\/p><p>Mgr. So\u0148a \u0160tulcov\u00e1<br \/>sstulcova@oadc.cz<\/p><p><span style=\"font-weight: 400;\">Bc. Ond\u0159ej Vilack\u00fd<\/span><span style=\"font-weight: 400;\"><br \/><\/span><span style=\"font-weight: 400;\">ovilacky@oadc.cz<\/span><\/p>\t\t\t\t\t\t<\/div>\n\t\t\t\t<\/div>\n\t\t\t\t\t<\/div>\n\t\t<\/div>\n\t\t\t\t\t<\/div>\n\t\t<\/section>\n\t\t\t\t\t<\/div>\n\t\t<\/div>\n\t\t\t\t\t<\/div>\n\t\t<\/section>\n\t\t\t\t<section class=\"elementor-section elementor-top-section elementor-element elementor-element-8d6179e elementor-section-boxed elementor-section-height-default elementor-section-height-default\" data-id=\"8d6179e\" data-element_type=\"section\">\n\t\t\t\t\t\t<div class=\"elementor-container elementor-column-gap-default\">\n\t\t\t\t\t<div class=\"elementor-column elementor-col-100 elementor-top-column elementor-element elementor-element-12975ab\" data-id=\"12975ab\" data-element_type=\"column\">\n\t\t\t<div class=\"elementor-widget-wrap elementor-element-populated\">\n\t\t\t\t\t\t<div class=\"elementor-element elementor-element-ddd70f9 elementor-widget elementor-widget-heading\" data-id=\"ddd70f9\" data-element_type=\"widget\" data-widget_type=\"heading.default\">\n\t\t\t\t<div class=\"elementor-widget-container\">\n\t\t\t<h4 class=\"elementor-heading-title elementor-size-default\">Konzulta\u010dn\u00ed hodiny<\/h4>\t\t<\/div>\n\t\t\t\t<\/div>\n\t\t\t\t<div class=\"elementor-element elementor-element-04ace89 elementor-widget elementor-widget-text-editor\" data-id=\"04ace89\" data-element_type=\"widget\" data-widget_type=\"text-editor.default\">\n\t\t\t\t<div class=\"elementor-widget-container\">\n\t\t\t\t\t\t\t<a href=\"https:\/\/www.oadc.cz\/wp-content\/uploads\/2025\/10\/Konzultacni-hodiny-2025-2026.pdf\" class=\"pdfemb-viewer\" style=\"\" data-width=\"max\" data-height=\"max\" data-toolbar=\"bottom\" data-toolbar-fixed=\"off\">Konzulta\u010dn\u00ed hodiny 2025-2026<\/a><p>\u00a0<\/p><p>Kompletn\u00ed dokument ke sta\u017een\u00ed <a href=\"https:\/\/www.oadc.cz\/wp-content\/uploads\/2025\/10\/Konzultacni-hodiny-2025-2026.pdf\" target=\"_blank\" rel=\"noopener\">zde<\/a>.<\/p>\t\t\t\t\t\t<\/div>\n\t\t\t\t<\/div>\n\t\t\t\t\t<\/div>\n\t\t<\/div>\n\t\t\t\t\t<\/div>\n\t\t<\/section>\n\t\t\t\t<\/div>\n\t\t","protected":false},"excerpt":{"rendered":"<p>Kontakty N\u00e1zev \u0161koly: Evropsk\u00e1 obchodn\u00ed akademie, D\u011b\u010d\u00edn I, Komensk\u00e9ho n\u00e1m\u011bst\u00ed 2, p\u0159\u00edsp\u011bvkov\u00e1 organizace Adresa: Komensk\u00e9ho n\u00e1m\u011bst\u00ed 2, 406 81 D\u011b\u010d\u00edn 1E-mail: skola@oadc.czTelefon: 412 516 127Mobil: 734 313 310Informace k p\u0159ij\u00edmac\u00edmu \u0159\u00edzen\u00ed, opisy vysv\u011bd\u010den\u00ed: 775 475 073I\u010cO \u0161koly:\u00a047274611ID datov\u00e9 schr\u00e1nky: 2ezt49pPodatelna: 8 &#8211; 12 hodin. Veden\u00ed \u0161koly \u0158editelMgr. Pavel Tomkareditel@oadc.czMobil: 774 032 600 Statut\u00e1rn\u00ed z\u00e1stupce \u0159editele [&hellip;]<\/p>\n","protected":false},"author":1,"featured_media":0,"parent":0,"menu_order":0,"comment_status":"closed","ping_status":"closed","template":"template-parts\/template-homepage.php","meta":{"footnotes":""},"yoast_head":"<!-- This site is optimized with the Yoast SEO plugin v22.1 - https:\/\/yoast.com\/wordpress\/plugins\/seo\/ -->\n<title>Kontakty - Evropsk\u00e1 obchodn\u00ed akademie<\/title>\n<meta name=\"robots\" content=\"index, follow, max-snippet:-1, max-image-preview:large, max-video-preview:-1\" \/>\n<link rel=\"canonical\" href=\"https:\/\/www.oadc.cz\/index.php\/kontakty\/\" \/>\n<meta property=\"og:locale\" content=\"cs_CZ\" \/>\n<meta property=\"og:type\" content=\"article\" \/>\n<meta property=\"og:title\" content=\"Kontakty - Evropsk\u00e1 obchodn\u00ed akademie\" \/>\n<meta property=\"og:description\" content=\"Kontakty N\u00e1zev \u0161koly: Evropsk\u00e1 obchodn\u00ed akademie, D\u011b\u010d\u00edn I, Komensk\u00e9ho n\u00e1m\u011bst\u00ed 2, p\u0159\u00edsp\u011bvkov\u00e1 organizace Adresa: Komensk\u00e9ho n\u00e1m\u011bst\u00ed 2, 406 81 D\u011b\u010d\u00edn 1E-mail: skola@oadc.czTelefon: 412 516 127Mobil: 734 313 310Informace k p\u0159ij\u00edmac\u00edmu \u0159\u00edzen\u00ed, opisy vysv\u011bd\u010den\u00ed: 775 475 073I\u010cO \u0161koly:\u00a047274611ID datov\u00e9 schr\u00e1nky: 2ezt49pPodatelna: 8 &#8211; 12 hodin. Veden\u00ed \u0161koly \u0158editelMgr. Pavel Tomkareditel@oadc.czMobil: 774 032 600 Statut\u00e1rn\u00ed z\u00e1stupce \u0159editele [&hellip;]\" \/>\n<meta property=\"og:url\" content=\"https:\/\/www.oadc.cz\/index.php\/kontakty\/\" \/>\n<meta property=\"og:site_name\" content=\"Evropsk\u00e1 obchodn\u00ed akademie\" \/>\n<meta property=\"article:publisher\" content=\"https:\/\/www.facebook.com\/eoadc\" \/>\n<meta property=\"article:modified_time\" content=\"2025-11-13T10:38:46+00:00\" \/>\n<meta name=\"twitter:card\" content=\"summary_large_image\" \/>\n<meta name=\"twitter:label1\" content=\"Odhadovan\u00e1 doba \u010dten\u00ed\" \/>\n\t<meta name=\"twitter:data1\" content=\"2 minuty\" \/>\n<script type=\"application\/ld+json\" class=\"yoast-schema-graph\">{\"@context\":\"https:\/\/schema.org\",\"@graph\":[{\"@type\":\"WebPage\",\"@id\":\"https:\/\/www.oadc.cz\/index.php\/kontakty\/\",\"url\":\"https:\/\/www.oadc.cz\/index.php\/kontakty\/\",\"name\":\"Kontakty - Evropsk\u00e1 obchodn\u00ed akademie\",\"isPartOf\":{\"@id\":\"https:\/\/www.oadc.cz\/#website\"},\"datePublished\":\"2020-11-18T10:36:14+00:00\",\"dateModified\":\"2025-11-13T10:38:46+00:00\",\"breadcrumb\":{\"@id\":\"https:\/\/www.oadc.cz\/index.php\/kontakty\/#breadcrumb\"},\"inLanguage\":\"cs\",\"potentialAction\":[{\"@type\":\"ReadAction\",\"target\":[\"https:\/\/www.oadc.cz\/index.php\/kontakty\/\"]}]},{\"@type\":\"BreadcrumbList\",\"@id\":\"https:\/\/www.oadc.cz\/index.php\/kontakty\/#breadcrumb\",\"itemListElement\":[{\"@type\":\"ListItem\",\"position\":1,\"name\":\"Dom\u016f\",\"item\":\"https:\/\/www.oadc.cz\/\"},{\"@type\":\"ListItem\",\"position\":2,\"name\":\"Kontakty\"}]},{\"@type\":\"WebSite\",\"@id\":\"https:\/\/www.oadc.cz\/#website\",\"url\":\"https:\/\/www.oadc.cz\/\",\"name\":\"Evropsk\u00e1 obchodn\u00ed akademie\",\"description\":\"st\u0159edn\u00ed odborn\u00e1 \u0161kola v D\u011b\u010d\u00edn\u011b\",\"publisher\":{\"@id\":\"https:\/\/www.oadc.cz\/#organization\"},\"potentialAction\":[{\"@type\":\"SearchAction\",\"target\":{\"@type\":\"EntryPoint\",\"urlTemplate\":\"https:\/\/www.oadc.cz\/?s={search_term_string}\"},\"query-input\":\"required name=search_term_string\"}],\"inLanguage\":\"cs\"},{\"@type\":\"Organization\",\"@id\":\"https:\/\/www.oadc.cz\/#organization\",\"name\":\"Evropsk\u00e1 Obchodn\u00ed Akademie\",\"url\":\"https:\/\/www.oadc.cz\/\",\"logo\":{\"@type\":\"ImageObject\",\"inLanguage\":\"cs\",\"@id\":\"https:\/\/www.oadc.cz\/#\/schema\/logo\/image\/\",\"url\":\"https:\/\/www.oadc.cz\/wp-content\/uploads\/2020\/12\/EOA-logo_upr.png\",\"contentUrl\":\"https:\/\/www.oadc.cz\/wp-content\/uploads\/2020\/12\/EOA-logo_upr.png\",\"width\":850,\"height\":632,\"caption\":\"Evropsk\u00e1 Obchodn\u00ed Akademie\"},\"image\":{\"@id\":\"https:\/\/www.oadc.cz\/#\/schema\/logo\/image\/\"},\"sameAs\":[\"https:\/\/www.facebook.com\/eoadc\",\"https:\/\/www.instagram.com\/eoa.dc\/\"]}]}<\/script>\n<!-- \/ Yoast SEO plugin. -->","yoast_head_json":{"title":"Kontakty - Evropsk\u00e1 obchodn\u00ed akademie","robots":{"index":"index","follow":"follow","max-snippet":"max-snippet:-1","max-image-preview":"max-image-preview:large","max-video-preview":"max-video-preview:-1"},"canonical":"https:\/\/www.oadc.cz\/index.php\/kontakty\/","og_locale":"cs_CZ","og_type":"article","og_title":"Kontakty - Evropsk\u00e1 obchodn\u00ed akademie","og_description":"Kontakty N\u00e1zev \u0161koly: Evropsk\u00e1 obchodn\u00ed akademie, D\u011b\u010d\u00edn I, Komensk\u00e9ho n\u00e1m\u011bst\u00ed 2, p\u0159\u00edsp\u011bvkov\u00e1 organizace Adresa: Komensk\u00e9ho n\u00e1m\u011bst\u00ed 2, 406 81 D\u011b\u010d\u00edn 1E-mail: skola@oadc.czTelefon: 412 516 127Mobil: 734 313 310Informace k p\u0159ij\u00edmac\u00edmu \u0159\u00edzen\u00ed, opisy vysv\u011bd\u010den\u00ed: 775 475 073I\u010cO \u0161koly:\u00a047274611ID datov\u00e9 schr\u00e1nky: 2ezt49pPodatelna: 8 &#8211; 12 hodin. Veden\u00ed \u0161koly \u0158editelMgr. Pavel Tomkareditel@oadc.czMobil: 774 032 600 Statut\u00e1rn\u00ed z\u00e1stupce \u0159editele [&hellip;]","og_url":"https:\/\/www.oadc.cz\/index.php\/kontakty\/","og_site_name":"Evropsk\u00e1 obchodn\u00ed akademie","article_publisher":"https:\/\/www.facebook.com\/eoadc","article_modified_time":"2025-11-13T10:38:46+00:00","twitter_card":"summary_large_image","twitter_misc":{"Odhadovan\u00e1 doba \u010dten\u00ed":"2 minuty"},"schema":{"@context":"https:\/\/schema.org","@graph":[{"@type":"WebPage","@id":"https:\/\/www.oadc.cz\/index.php\/kontakty\/","url":"https:\/\/www.oadc.cz\/index.php\/kontakty\/","name":"Kontakty - Evropsk\u00e1 obchodn\u00ed akademie","isPartOf":{"@id":"https:\/\/www.oadc.cz\/#website"},"datePublished":"2020-11-18T10:36:14+00:00","dateModified":"2025-11-13T10:38:46+00:00","breadcrumb":{"@id":"https:\/\/www.oadc.cz\/index.php\/kontakty\/#breadcrumb"},"inLanguage":"cs","potentialAction":[{"@type":"ReadAction","target":["https:\/\/www.oadc.cz\/index.php\/kontakty\/"]}]},{"@type":"BreadcrumbList","@id":"https:\/\/www.oadc.cz\/index.php\/kontakty\/#breadcrumb","itemListElement":[{"@type":"ListItem","position":1,"name":"Dom\u016f","item":"https:\/\/www.oadc.cz\/"},{"@type":"ListItem","position":2,"name":"Kontakty"}]},{"@type":"WebSite","@id":"https:\/\/www.oadc.cz\/#website","url":"https:\/\/www.oadc.cz\/","name":"Evropsk\u00e1 obchodn\u00ed akademie","description":"st\u0159edn\u00ed odborn\u00e1 \u0161kola v D\u011b\u010d\u00edn\u011b","publisher":{"@id":"https:\/\/www.oadc.cz\/#organization"},"potentialAction":[{"@type":"SearchAction","target":{"@type":"EntryPoint","urlTemplate":"https:\/\/www.oadc.cz\/?s={search_term_string}"},"query-input":"required name=search_term_string"}],"inLanguage":"cs"},{"@type":"Organization","@id":"https:\/\/www.oadc.cz\/#organization","name":"Evropsk\u00e1 Obchodn\u00ed Akademie","url":"https:\/\/www.oadc.cz\/","logo":{"@type":"ImageObject","inLanguage":"cs","@id":"https:\/\/www.oadc.cz\/#\/schema\/logo\/image\/","url":"https:\/\/www.oadc.cz\/wp-content\/uploads\/2020\/12\/EOA-logo_upr.png","contentUrl":"https:\/\/www.oadc.cz\/wp-content\/uploads\/2020\/12\/EOA-logo_upr.png","width":850,"height":632,"caption":"Evropsk\u00e1 Obchodn\u00ed Akademie"},"image":{"@id":"https:\/\/www.oadc.cz\/#\/schema\/logo\/image\/"},"sameAs":["https:\/\/www.facebook.com\/eoadc","https:\/\/www.instagram.com\/eoa.dc\/"]}]}},"_links":{"self":[{"href":"https:\/\/www.oadc.cz\/index.php\/wp-json\/wp\/v2\/pages\/24"}],"collection":[{"href":"https:\/\/www.oadc.cz\/index.php\/wp-json\/wp\/v2\/pages"}],"about":[{"href":"https:\/\/www.oadc.cz\/index.php\/wp-json\/wp\/v2\/types\/page"}],"author":[{"embeddable":true,"href":"https:\/\/www.oadc.cz\/index.php\/wp-json\/wp\/v2\/users\/1"}],"replies":[{"embeddable":true,"href":"https:\/\/www.oadc.cz\/index.php\/wp-json\/wp\/v2\/comments?post=24"}],"version-history":[{"count":199,"href":"https:\/\/www.oadc.cz\/index.php\/wp-json\/wp\/v2\/pages\/24\/revisions"}],"predecessor-version":[{"id":10347,"href":"https:\/\/www.oadc.cz\/index.php\/wp-json\/wp\/v2\/pages\/24\/revisions\/10347"}],"wp:attachment":[{"href":"https:\/\/www.oadc.cz\/index.php\/wp-json\/wp\/v2\/media?parent=24"}],"curies":[{"name":"wp","href":"https:\/\/api.w.org\/{rel}","templated":true}]}}