{"id":238,"date":"2020-12-03T13:20:48","date_gmt":"2020-12-03T12:20:48","guid":{"rendered":"http:\/\/oadc.dchosting.cz\/?page_id=238"},"modified":"2026-01-07T21:04:29","modified_gmt":"2026-01-07T20:04:29","slug":"vychovne-poradentsvi","status":"publish","type":"page","link":"https:\/\/www.oadc.cz\/index.php\/vychovne-poradentsvi\/","title":{"rendered":"Poradensk\u00e9 slu\u017eby ve \u0161kole"},"content":{"rendered":"\t\t<div data-elementor-type=\"wp-page\" data-elementor-id=\"238\" class=\"elementor elementor-238\" data-elementor-post-type=\"page\">\n\t\t\t\t\t\t<section class=\"elementor-section elementor-top-section elementor-element elementor-element-ea01a58 elementor-section-boxed elementor-section-height-default elementor-section-height-default\" data-id=\"ea01a58\" data-element_type=\"section\">\n\t\t\t\t\t\t<div class=\"elementor-container elementor-column-gap-default\">\n\t\t\t\t\t<div class=\"elementor-column elementor-col-100 elementor-top-column elementor-element elementor-element-3135757\" data-id=\"3135757\" data-element_type=\"column\">\n\t\t\t<div class=\"elementor-widget-wrap\">\n\t\t\t\t\t\t\t<\/div>\n\t\t<\/div>\n\t\t\t\t\t<\/div>\n\t\t<\/section>\n\t\t\t\t<section class=\"elementor-section elementor-top-section elementor-element elementor-element-33e1aa7 elementor-section-content-middle elementor-section-boxed elementor-section-height-default elementor-section-height-default\" data-id=\"33e1aa7\" data-element_type=\"section\">\n\t\t\t\t\t\t<div class=\"elementor-container elementor-column-gap-no\">\n\t\t\t\t\t<div class=\"elementor-column elementor-col-100 elementor-top-column elementor-element elementor-element-b5a4bf7\" data-id=\"b5a4bf7\" data-element_type=\"column\">\n\t\t\t<div class=\"elementor-widget-wrap elementor-element-populated\">\n\t\t\t\t\t\t<div class=\"elementor-element elementor-element-1f880b3 elementor-widget elementor-widget-heading\" data-id=\"1f880b3\" data-element_type=\"widget\" data-widget_type=\"heading.default\">\n\t\t\t\t<div class=\"elementor-widget-container\">\n\t\t\t<style>\/*! elementor - v3.19.0 - 26-02-2024 *\/\n.elementor-heading-title{padding:0;margin:0;line-height:1}.elementor-widget-heading .elementor-heading-title[class*=elementor-size-]>a{color:inherit;font-size:inherit;line-height:inherit}.elementor-widget-heading .elementor-heading-title.elementor-size-small{font-size:15px}.elementor-widget-heading .elementor-heading-title.elementor-size-medium{font-size:19px}.elementor-widget-heading .elementor-heading-title.elementor-size-large{font-size:29px}.elementor-widget-heading .elementor-heading-title.elementor-size-xl{font-size:39px}.elementor-widget-heading .elementor-heading-title.elementor-size-xxl{font-size:59px}<\/style><h4 class=\"elementor-heading-title elementor-size-default\">Poradensk\u00e9 slu\u017eby ve \u0161kole<\/h4>\t\t<\/div>\n\t\t\t\t<\/div>\n\t\t\t\t<div class=\"elementor-element elementor-element-1c56622 elementor-widget elementor-widget-text-editor\" data-id=\"1c56622\" data-element_type=\"widget\" data-widget_type=\"text-editor.default\">\n\t\t\t\t<div class=\"elementor-widget-container\">\n\t\t\t<style>\/*! elementor - v3.19.0 - 26-02-2024 *\/\n.elementor-widget-text-editor.elementor-drop-cap-view-stacked .elementor-drop-cap{background-color:#69727d;color:#fff}.elementor-widget-text-editor.elementor-drop-cap-view-framed .elementor-drop-cap{color:#69727d;border:3px solid;background-color:transparent}.elementor-widget-text-editor:not(.elementor-drop-cap-view-default) .elementor-drop-cap{margin-top:8px}.elementor-widget-text-editor:not(.elementor-drop-cap-view-default) .elementor-drop-cap-letter{width:1em;height:1em}.elementor-widget-text-editor .elementor-drop-cap{float:left;text-align:center;line-height:1;font-size:50px}.elementor-widget-text-editor .elementor-drop-cap-letter{display:inline-block}<\/style>\t\t\t\t<h3 style=\"text-align: left;\"><span style=\"font-weight: 400; color: #271d68;\">\u0161koln\u00ed rok 2025\/2026<\/span><\/h3><p><span style=\"font-weight: 400;\">Evropsk\u00e1 obchodn\u00ed akademie D\u011b\u010d\u00edn m\u00e1 z\u0159\u00edzen\u00e9 \u0161koln\u00ed poradensk\u00e9 pracovi\u0161t\u011b (\u0160PP) za \u00fa\u010delem kvalitn\u00edho vzd\u011bl\u00e1v\u00e1n\u00ed \u017e\u00e1k\u016f a vytv\u00e1\u0159en\u00ed p\u0159\u00e1telsk\u00e9 atmosf\u00e9ry. \u0160PP poskytuje bezplatn\u00e9 poradensk\u00e9 slu\u017eby \u017e\u00e1k\u016fm, z\u00e1konn\u00fdm z\u00e1stupc\u016fm \u017e\u00e1k\u016f, pedagogick\u00fdm pracovn\u00edk\u016fm \u0161koly.\u00a0<\/span><\/p><p><span style=\"font-weight: 400;\">C\u00edlem \u0160PP je podporovat \u017e\u00e1ky ve vzd\u011bl\u00e1v\u00e1n\u00ed, osobn\u00edm rozvoji, p\u0159i zvl\u00e1d\u00e1n\u00ed n\u00e1ro\u010dn\u00fdch \u017eivotn\u00edch situac\u00ed a \u0159e\u0161en\u00ed probl\u00e9m\u016f, kter\u00e9 mohou ohrozit jejich \u0161koln\u00ed \u00fasp\u011b\u0161nost \u010di du\u0161evn\u00ed zdrav\u00ed.<\/span><\/p><p><span style=\"font-weight: 400;\">Obsah poradensk\u00fdch slu\u017eeb je v souladu s platnou legislativou a s vyhl\u00e1\u0161kou \u010d. 197\/2016 Sb., kterou se m\u011bn\u00ed vyhl\u00e1\u0161ka \u010d. 72\/2005 Sb. o poskytov\u00e1n\u00ed poradensk\u00fdch slu\u017eeb ve \u0161kol\u00e1ch a \u0161kolsk\u00fdch poradensk\u00fdch za\u0159\u00edzen\u00edch.\u00a0<\/span><\/p><p><span style=\"font-weight: 400;\">Poradensk\u00e9 slu\u017eby ve \u0161kole jsou zaji\u0161\u0165ov\u00e1ny v\u00fdchovn\u00fdm poradcem, kari\u00e9rov\u00fdm poradcem, \u0161koln\u00edm metodikem prevence a veden\u00edm \u0161koly. Z\u00e1kladem \u00fasp\u011b\u0161n\u00e9ho p\u016fsoben\u00ed \u0160PP je zejm\u00e9na spolupr\u00e1ce v\u00fdchovn\u00e9ho poradce a \u0161koln\u00edho metodika prevence, spolupr\u00e1ce s\u00a0veden\u00edm \u0161koly, s\u00a0t\u0159\u00eddn\u00edmi u\u010diteli a se v\u0161emi vyu\u010duj\u00edc\u00edmi.\u00a0<\/span><\/p><p><span style=\"font-weight: 400;\">Poradensk\u00e9 slu\u017eby jsou poskytov\u00e1ny bezplatn\u011b na \u017e\u00e1dost \u017e\u00e1k\u016f, jejich z\u00e1konn\u00fdch z\u00e1stupc\u016f a pedagog\u016f. Podm\u00ednkou poskytnut\u00ed poradensk\u00e9 slu\u017eby je p\u00edsemn\u00fd souhlas \u017e\u00e1kova z\u00e1konn\u00e9ho z\u00e1stupce nebo zletil\u00e9ho \u017e\u00e1ka. Souhlasu nen\u00ed t\u0159eba v p\u0159\u00edpadech, kdy je ohro\u017eeno du\u0161evn\u00ed nebo t\u011blesn\u00e9 zdrav\u00ed \u017e\u00e1ka nebo osob v jeho okol\u00ed.\u00a0<\/span><\/p><h4><span style=\"color: #271d68;\"><b>\u010clenov\u00e9 \u0161koln\u00edho poradensk\u00e9ho pracovi\u0161t\u011b:<\/b><\/span><\/h4><p><span style=\"color: #000000;\"><b>Mgr. Mark\u00e9ta Rajchlov\u00e1 Koutsk\u00e1<\/b><\/span><\/p><p><span style=\"font-weight: 400;\">vedouc\u00ed \u0161koln\u00edho poradensk\u00e9ho pracovi\u0161t\u011b<\/span><\/p><p><span style=\"font-weight: 400;\">v\u00fdchovn\u00fd poradce<\/span><\/p><p><span style=\"font-weight: 400;\">kari\u00e9rov\u00fd poradce<\/span><\/p><p><span style=\"font-weight: 400;\">kontakt: <\/span><a href=\"mailto:mrajchlovakoutska@oadc.cz\"><span style=\"font-weight: 400;\">mrajchlovakoutska@oadc.cz<\/span><\/a><\/p><p><span style=\"font-weight: 400;\">Konzultace dle domluvy.<\/span><\/p><ul><li style=\"font-weight: 400;\" aria-level=\"1\"><span style=\"font-weight: 400;\">v\u00fdchovn\u00e9 poradenstv\u00ed u \u017e\u00e1k\u016f v p\u00e9\u010di odborn\u00fdch instituc\u00ed\u00a0<\/span><\/li><li style=\"font-weight: 400;\" aria-level=\"1\"><span style=\"font-weight: 400;\">komunikace s odborn\u00fdmi institucemi\u00a0<\/span><\/li><li style=\"font-weight: 400;\" aria-level=\"1\"><span style=\"font-weight: 400;\">agenda \u017e\u00e1k\u016f za\u0159azen\u00fdch do PO 1.-5. (IVP, PLPP)\u00a0<\/span><\/li><li style=\"font-weight: 400;\" aria-level=\"1\"><span style=\"font-weight: 400;\">metodick\u00e1 podpora pedagog\u016f v oblasti pr\u00e1ce se \u017e\u00e1ky se speci\u00e1ln\u00edmi vzd\u011bl\u00e1vac\u00edmi pot\u0159ebami\u00a0<\/span><\/li><li style=\"font-weight: 400;\" aria-level=\"1\"><span style=\"font-weight: 400;\">vyhodnocen\u00ed PO \u017e\u00e1k\u016f pro \u0160PZ\u00a0<\/span><\/li><li style=\"font-weight: 400;\" aria-level=\"1\"><span style=\"font-weight: 400;\">\u0159e\u0161en\u00ed probl\u00e9mov\u00e9ho chov\u00e1n\u00ed \u017e\u00e1k\u016f\u00a0<\/span><\/li><li style=\"font-weight: 400;\" aria-level=\"1\"><span style=\"font-weight: 400;\">v\u00fdchovn\u00e9 komise ve spolupr\u00e1ci s \u0160MP a veden\u00edm \u0161koly<\/span><\/li><li style=\"font-weight: 400;\" aria-level=\"1\"><span style=\"font-weight: 400;\">kari\u00e9rov\u00e9 poradenstv\u00ed \u017e\u00e1k\u016fm a z\u00e1konn\u00fdm z\u00e1stupc\u016fm\u00a0<\/span><\/li><li style=\"font-weight: 400;\" aria-level=\"1\"><span style=\"font-weight: 400;\">pomoc p\u0159i volb\u011b dal\u0161\u00edho vzd\u011bl\u00e1v\u00e1n\u00ed &#8211; informace o p\u0159ij\u00edmac\u00edm \u0159\u00edzen\u00ed na vysok\u00e9 \u0161koly<\/span><\/li><\/ul><p><span style=\"color: #000000;\"><b>Mgr. Zde\u0148ka Novotn\u00e1<\/b><\/span><\/p><p><span style=\"font-weight: 400;\">\u0161koln\u00ed metodik prevence<\/span><\/p><p><span style=\"font-weight: 400;\">kontakt: <\/span><a href=\"mailto:znovotna@oadc.cz\"><span style=\"font-weight: 400;\">znovotna@oadc.cz<\/span><\/a><\/p><p><span style=\"font-weight: 400;\">Konzultace dle domluvy.<\/span><\/p><ul><li style=\"font-weight: 400;\" aria-level=\"1\"><span style=\"font-weight: 400;\">poradenstv\u00ed v oblasti rizikov\u00e9ho chov\u00e1n\u00ed\u00a0<\/span><\/li><li style=\"font-weight: 400;\" aria-level=\"1\"><span style=\"font-weight: 400;\">strategick\u00e9 dokumenty \u0161koly v oblasti prevence rizikov\u00e9ho chov\u00e1n\u00ed\u00a0<\/span><\/li><li style=\"font-weight: 400;\" aria-level=\"1\"><span style=\"font-weight: 400;\">koordinace preventivn\u00edch aktivit na \u0161kole\u00a0<\/span><\/li><li style=\"font-weight: 400;\" aria-level=\"1\"><span style=\"font-weight: 400;\">projekty a preventivn\u00ed aktivity v oblasti rizikov\u00e9ho chov\u00e1n\u00ed\u00a0<\/span><\/li><li style=\"font-weight: 400;\" aria-level=\"1\"><span style=\"font-weight: 400;\">v\u00fdchovn\u00e9 komise ve spolupr\u00e1ci s VP a veden\u00edm \u0161koly<\/span><\/li><\/ul><h4><span style=\"color: #271d68;\"><b>Hlavn\u00ed c\u00edle \u0160PP:\u00a0<\/b><\/span><\/h4><p><span style=\"font-weight: 400;\">Vzd\u011bl\u00e1v\u00e1n\u00ed \u017e\u00e1k\u016f se specifick\u00fdmi vzd\u011bl\u00e1vac\u00edmi pot\u0159ebami.<\/span><\/p><p><span style=\"font-weight: 400;\">P\u00e9\u010de o \u017e\u00e1ky nadan\u00e9, \u017e\u00e1ky s neprosp\u011bchem a \u017e\u00e1ky s odli\u0161n\u00fdm mate\u0159sk\u00fdm jazykem.\u00a0<\/span><\/p><p><span style=\"font-weight: 400;\">Probl\u00e9my se \u0161koln\u00ed doch\u00e1zkou \u2013 neomluven\u00e1 a vysok\u00e1 omluven\u00e1 absence.\u00a0<\/span><\/p><p><span style=\"font-weight: 400;\">Prevence rizikov\u00e9ho chov\u00e1n\u00ed \u017e\u00e1k\u016f.\u00a0<\/span><\/p><p><span style=\"font-weight: 400;\">Kari\u00e9rov\u00e9 poradenstv\u00ed \u2013 profesn\u00ed orientace \u017e\u00e1k\u016f.\u00a0<\/span><\/p><h4><span style=\"color: #271d68;\"><b>Metody pr\u00e1ce \u0160PP:<\/b><\/span><\/h4><ul><li style=\"font-weight: 400;\" aria-level=\"1\"><span style=\"font-weight: 400;\">individu\u00e1ln\u00ed a skupinov\u00e9 konzultace<\/span><\/li><li style=\"font-weight: 400;\" aria-level=\"1\"><span style=\"font-weight: 400;\">krizov\u00e1 intervence<\/span><\/li><li style=\"font-weight: 400;\" aria-level=\"1\"><span style=\"font-weight: 400;\">depist\u00e1\u017ee a diagnostika pot\u0159eb<\/span><\/li><li style=\"font-weight: 400;\" aria-level=\"1\"><span style=\"font-weight: 400;\">veden\u00ed p\u0159\u00edpadov\u00fdch sch\u016fzek<\/span><\/li><li style=\"font-weight: 400;\" aria-level=\"1\"><span style=\"font-weight: 400;\">vytv\u00e1\u0159en\u00ed podp\u016frn\u00fdch opat\u0159en\u00ed (nap\u0159. IVP)<\/span><\/li><li style=\"font-weight: 400;\" aria-level=\"1\"><span style=\"font-weight: 400;\">t\u0159\u00eddnick\u00e9 hodiny, peer programy, preventivn\u00ed akce<\/span><\/li><\/ul><h4><span style=\"color: #271d68;\"><b>Spolupr\u00e1ce:<\/b><\/span><\/h4><p><b>Intern\u00ed:<\/b><span style=\"font-weight: 400;\"> veden\u00ed \u0161koly, t\u0159\u00eddn\u00ed u\u010ditel\u00e9, u\u010ditel\u00e9, nepedagogi\u010dt\u00ed pracovn\u00edci<\/span><span style=\"font-weight: 400;\"><br \/><\/span><b>Extern\u00ed:<\/b><span style=\"font-weight: 400;\"> PPP, SPC, OSPOD, Policie \u010cR, l\u00e9ka\u0159i, neziskov\u00e9 organizace, preventivn\u00ed programy<\/span><\/p><h4><span style=\"color: #271d68;\"><b>Priority \u0161koln\u00edho roku 2025\/2026:\u00a0<\/b><\/span><\/h4><p><span style=\"font-weight: 400;\">Identifikace a podpora nadan\u00fdch \u017e\u00e1k\u016f, rozvoj jejich individu\u00e1ln\u00edho potenci\u00e1lu v r\u016fzn\u00fdch oblastech.\u00a0<\/span><\/p><p><span style=\"font-weight: 400;\">V\u010dasn\u00e1 identifikace a podpora \u017e\u00e1k\u016f ohro\u017een\u00fdch \u0161koln\u00edm ne\u00fasp\u011bchem, jejich v\u010dasn\u00e1 diagnostika a individu\u00e1ln\u00ed podpora.\u00a0<\/span><\/p><p><span style=\"font-weight: 400;\">V\u010dasn\u00e1 identifikace \u017e\u00e1k\u016f s problematickou \u0161koln\u00ed doch\u00e1zkou a spolupr\u00e1ce se z\u00e1konn\u00fdmi z\u00e1stupci, p\u0159\u00edpadn\u011b dal\u0161\u00edmi institucemi.<\/span><\/p><p><span style=\"font-weight: 400;\">Prevence z\u00e1\u0161kol\u00e1ctv\u00ed.\u00a0<\/span><\/p><p><span style=\"font-weight: 400;\">Utv\u00e1\u0159en\u00ed a udr\u017eov\u00e1n\u00ed pozitivn\u00edch vztah\u016f mezi \u017e\u00e1ky, vytv\u00e1\u0159en\u00ed klimatu d\u016fv\u011bry a spolupr\u00e1ce mezi \u017e\u00e1ky i \u017e\u00e1ky a u\u010diteli.\u00a0<\/span><\/p><p><span style=\"font-weight: 400;\">V leto\u0161n\u00edm \u0161koln\u00edm roce prob\u011bhne p\u0159\u00edprava na vyu\u017eit\u00ed pravideln\u00fdch t\u0159\u00eddnick\u00fdch hodin.\u00a0<\/span><\/p><p><span style=\"font-weight: 400;\">Informace o \u010dinnosti \u0160PP na spole\u010dn\u00fdch porad\u00e1ch pedagogick\u00fdch pracovn\u00edk\u016f a na webov\u00fdch str\u00e1nk\u00e1ch \u0161koly.<\/span><\/p>\t\t\t\t\t\t<\/div>\n\t\t\t\t<\/div>\n\t\t\t\t\t<\/div>\n\t\t<\/div>\n\t\t\t\t\t<\/div>\n\t\t<\/section>\n\t\t\t\t<\/div>\n\t\t","protected":false},"excerpt":{"rendered":"<p>Poradensk\u00e9 slu\u017eby ve \u0161kole \u0161koln\u00ed rok 2025\/2026 Evropsk\u00e1 obchodn\u00ed akademie D\u011b\u010d\u00edn m\u00e1 z\u0159\u00edzen\u00e9 \u0161koln\u00ed poradensk\u00e9 pracovi\u0161t\u011b (\u0160PP) za \u00fa\u010delem kvalitn\u00edho vzd\u011bl\u00e1v\u00e1n\u00ed \u017e\u00e1k\u016f a vytv\u00e1\u0159en\u00ed p\u0159\u00e1telsk\u00e9 atmosf\u00e9ry. \u0160PP poskytuje bezplatn\u00e9 poradensk\u00e9 slu\u017eby \u017e\u00e1k\u016fm, z\u00e1konn\u00fdm z\u00e1stupc\u016fm \u017e\u00e1k\u016f, pedagogick\u00fdm pracovn\u00edk\u016fm \u0161koly.\u00a0 C\u00edlem \u0160PP je podporovat \u017e\u00e1ky ve vzd\u011bl\u00e1v\u00e1n\u00ed, osobn\u00edm rozvoji, p\u0159i zvl\u00e1d\u00e1n\u00ed n\u00e1ro\u010dn\u00fdch \u017eivotn\u00edch situac\u00ed a \u0159e\u0161en\u00ed probl\u00e9m\u016f, [&hellip;]<\/p>\n","protected":false},"author":1,"featured_media":0,"parent":0,"menu_order":0,"comment_status":"closed","ping_status":"closed","template":"template-parts\/template-homepage.php","meta":{"footnotes":""},"yoast_head":"<!-- This site is optimized with the Yoast SEO plugin v22.1 - https:\/\/yoast.com\/wordpress\/plugins\/seo\/ -->\n<title>Poradensk\u00e9 slu\u017eby ve \u0161kole - Evropsk\u00e1 obchodn\u00ed akademie<\/title>\n<meta name=\"robots\" content=\"index, follow, max-snippet:-1, max-image-preview:large, max-video-preview:-1\" \/>\n<link rel=\"canonical\" href=\"https:\/\/www.oadc.cz\/index.php\/vychovne-poradentsvi\/\" \/>\n<meta property=\"og:locale\" content=\"cs_CZ\" \/>\n<meta property=\"og:type\" content=\"article\" \/>\n<meta property=\"og:title\" content=\"Poradensk\u00e9 slu\u017eby ve \u0161kole - Evropsk\u00e1 obchodn\u00ed akademie\" \/>\n<meta property=\"og:description\" content=\"Poradensk\u00e9 slu\u017eby ve \u0161kole \u0161koln\u00ed rok 2025\/2026 Evropsk\u00e1 obchodn\u00ed akademie D\u011b\u010d\u00edn m\u00e1 z\u0159\u00edzen\u00e9 \u0161koln\u00ed poradensk\u00e9 pracovi\u0161t\u011b (\u0160PP) za \u00fa\u010delem kvalitn\u00edho vzd\u011bl\u00e1v\u00e1n\u00ed \u017e\u00e1k\u016f a vytv\u00e1\u0159en\u00ed p\u0159\u00e1telsk\u00e9 atmosf\u00e9ry. \u0160PP poskytuje bezplatn\u00e9 poradensk\u00e9 slu\u017eby \u017e\u00e1k\u016fm, z\u00e1konn\u00fdm z\u00e1stupc\u016fm \u017e\u00e1k\u016f, pedagogick\u00fdm pracovn\u00edk\u016fm \u0161koly.\u00a0 C\u00edlem \u0160PP je podporovat \u017e\u00e1ky ve vzd\u011bl\u00e1v\u00e1n\u00ed, osobn\u00edm rozvoji, p\u0159i zvl\u00e1d\u00e1n\u00ed n\u00e1ro\u010dn\u00fdch \u017eivotn\u00edch situac\u00ed a \u0159e\u0161en\u00ed probl\u00e9m\u016f, [&hellip;]\" \/>\n<meta property=\"og:url\" content=\"https:\/\/www.oadc.cz\/index.php\/vychovne-poradentsvi\/\" \/>\n<meta property=\"og:site_name\" content=\"Evropsk\u00e1 obchodn\u00ed akademie\" \/>\n<meta property=\"article:publisher\" content=\"https:\/\/www.facebook.com\/eoadc\" \/>\n<meta property=\"article:modified_time\" content=\"2026-01-07T20:04:29+00:00\" \/>\n<meta name=\"twitter:card\" content=\"summary_large_image\" \/>\n<meta name=\"twitter:label1\" content=\"Odhadovan\u00e1 doba \u010dten\u00ed\" \/>\n\t<meta name=\"twitter:data1\" content=\"3 minuty\" \/>\n<script type=\"application\/ld+json\" class=\"yoast-schema-graph\">{\"@context\":\"https:\/\/schema.org\",\"@graph\":[{\"@type\":\"WebPage\",\"@id\":\"https:\/\/www.oadc.cz\/index.php\/vychovne-poradentsvi\/\",\"url\":\"https:\/\/www.oadc.cz\/index.php\/vychovne-poradentsvi\/\",\"name\":\"Poradensk\u00e9 slu\u017eby ve \u0161kole - Evropsk\u00e1 obchodn\u00ed akademie\",\"isPartOf\":{\"@id\":\"https:\/\/www.oadc.cz\/#website\"},\"datePublished\":\"2020-12-03T12:20:48+00:00\",\"dateModified\":\"2026-01-07T20:04:29+00:00\",\"breadcrumb\":{\"@id\":\"https:\/\/www.oadc.cz\/index.php\/vychovne-poradentsvi\/#breadcrumb\"},\"inLanguage\":\"cs\",\"potentialAction\":[{\"@type\":\"ReadAction\",\"target\":[\"https:\/\/www.oadc.cz\/index.php\/vychovne-poradentsvi\/\"]}]},{\"@type\":\"BreadcrumbList\",\"@id\":\"https:\/\/www.oadc.cz\/index.php\/vychovne-poradentsvi\/#breadcrumb\",\"itemListElement\":[{\"@type\":\"ListItem\",\"position\":1,\"name\":\"Dom\u016f\",\"item\":\"https:\/\/www.oadc.cz\/\"},{\"@type\":\"ListItem\",\"position\":2,\"name\":\"Poradensk\u00e9 slu\u017eby ve \u0161kole\"}]},{\"@type\":\"WebSite\",\"@id\":\"https:\/\/www.oadc.cz\/#website\",\"url\":\"https:\/\/www.oadc.cz\/\",\"name\":\"Evropsk\u00e1 obchodn\u00ed akademie\",\"description\":\"st\u0159edn\u00ed odborn\u00e1 \u0161kola v D\u011b\u010d\u00edn\u011b\",\"publisher\":{\"@id\":\"https:\/\/www.oadc.cz\/#organization\"},\"potentialAction\":[{\"@type\":\"SearchAction\",\"target\":{\"@type\":\"EntryPoint\",\"urlTemplate\":\"https:\/\/www.oadc.cz\/?s={search_term_string}\"},\"query-input\":\"required name=search_term_string\"}],\"inLanguage\":\"cs\"},{\"@type\":\"Organization\",\"@id\":\"https:\/\/www.oadc.cz\/#organization\",\"name\":\"Evropsk\u00e1 Obchodn\u00ed Akademie\",\"url\":\"https:\/\/www.oadc.cz\/\",\"logo\":{\"@type\":\"ImageObject\",\"inLanguage\":\"cs\",\"@id\":\"https:\/\/www.oadc.cz\/#\/schema\/logo\/image\/\",\"url\":\"https:\/\/www.oadc.cz\/wp-content\/uploads\/2020\/12\/EOA-logo_upr.png\",\"contentUrl\":\"https:\/\/www.oadc.cz\/wp-content\/uploads\/2020\/12\/EOA-logo_upr.png\",\"width\":850,\"height\":632,\"caption\":\"Evropsk\u00e1 Obchodn\u00ed Akademie\"},\"image\":{\"@id\":\"https:\/\/www.oadc.cz\/#\/schema\/logo\/image\/\"},\"sameAs\":[\"https:\/\/www.facebook.com\/eoadc\",\"https:\/\/www.instagram.com\/eoa.dc\/\"]}]}<\/script>\n<!-- \/ Yoast SEO plugin. -->","yoast_head_json":{"title":"Poradensk\u00e9 slu\u017eby ve \u0161kole - Evropsk\u00e1 obchodn\u00ed akademie","robots":{"index":"index","follow":"follow","max-snippet":"max-snippet:-1","max-image-preview":"max-image-preview:large","max-video-preview":"max-video-preview:-1"},"canonical":"https:\/\/www.oadc.cz\/index.php\/vychovne-poradentsvi\/","og_locale":"cs_CZ","og_type":"article","og_title":"Poradensk\u00e9 slu\u017eby ve \u0161kole - Evropsk\u00e1 obchodn\u00ed akademie","og_description":"Poradensk\u00e9 slu\u017eby ve \u0161kole \u0161koln\u00ed rok 2025\/2026 Evropsk\u00e1 obchodn\u00ed akademie D\u011b\u010d\u00edn m\u00e1 z\u0159\u00edzen\u00e9 \u0161koln\u00ed poradensk\u00e9 pracovi\u0161t\u011b (\u0160PP) za \u00fa\u010delem kvalitn\u00edho vzd\u011bl\u00e1v\u00e1n\u00ed \u017e\u00e1k\u016f a vytv\u00e1\u0159en\u00ed p\u0159\u00e1telsk\u00e9 atmosf\u00e9ry. \u0160PP poskytuje bezplatn\u00e9 poradensk\u00e9 slu\u017eby \u017e\u00e1k\u016fm, z\u00e1konn\u00fdm z\u00e1stupc\u016fm \u017e\u00e1k\u016f, pedagogick\u00fdm pracovn\u00edk\u016fm \u0161koly.\u00a0 C\u00edlem \u0160PP je podporovat \u017e\u00e1ky ve vzd\u011bl\u00e1v\u00e1n\u00ed, osobn\u00edm rozvoji, p\u0159i zvl\u00e1d\u00e1n\u00ed n\u00e1ro\u010dn\u00fdch \u017eivotn\u00edch situac\u00ed a \u0159e\u0161en\u00ed probl\u00e9m\u016f, [&hellip;]","og_url":"https:\/\/www.oadc.cz\/index.php\/vychovne-poradentsvi\/","og_site_name":"Evropsk\u00e1 obchodn\u00ed akademie","article_publisher":"https:\/\/www.facebook.com\/eoadc","article_modified_time":"2026-01-07T20:04:29+00:00","twitter_card":"summary_large_image","twitter_misc":{"Odhadovan\u00e1 doba \u010dten\u00ed":"3 minuty"},"schema":{"@context":"https:\/\/schema.org","@graph":[{"@type":"WebPage","@id":"https:\/\/www.oadc.cz\/index.php\/vychovne-poradentsvi\/","url":"https:\/\/www.oadc.cz\/index.php\/vychovne-poradentsvi\/","name":"Poradensk\u00e9 slu\u017eby ve \u0161kole - Evropsk\u00e1 obchodn\u00ed akademie","isPartOf":{"@id":"https:\/\/www.oadc.cz\/#website"},"datePublished":"2020-12-03T12:20:48+00:00","dateModified":"2026-01-07T20:04:29+00:00","breadcrumb":{"@id":"https:\/\/www.oadc.cz\/index.php\/vychovne-poradentsvi\/#breadcrumb"},"inLanguage":"cs","potentialAction":[{"@type":"ReadAction","target":["https:\/\/www.oadc.cz\/index.php\/vychovne-poradentsvi\/"]}]},{"@type":"BreadcrumbList","@id":"https:\/\/www.oadc.cz\/index.php\/vychovne-poradentsvi\/#breadcrumb","itemListElement":[{"@type":"ListItem","position":1,"name":"Dom\u016f","item":"https:\/\/www.oadc.cz\/"},{"@type":"ListItem","position":2,"name":"Poradensk\u00e9 slu\u017eby ve \u0161kole"}]},{"@type":"WebSite","@id":"https:\/\/www.oadc.cz\/#website","url":"https:\/\/www.oadc.cz\/","name":"Evropsk\u00e1 obchodn\u00ed akademie","description":"st\u0159edn\u00ed odborn\u00e1 \u0161kola v D\u011b\u010d\u00edn\u011b","publisher":{"@id":"https:\/\/www.oadc.cz\/#organization"},"potentialAction":[{"@type":"SearchAction","target":{"@type":"EntryPoint","urlTemplate":"https:\/\/www.oadc.cz\/?s={search_term_string}"},"query-input":"required name=search_term_string"}],"inLanguage":"cs"},{"@type":"Organization","@id":"https:\/\/www.oadc.cz\/#organization","name":"Evropsk\u00e1 Obchodn\u00ed Akademie","url":"https:\/\/www.oadc.cz\/","logo":{"@type":"ImageObject","inLanguage":"cs","@id":"https:\/\/www.oadc.cz\/#\/schema\/logo\/image\/","url":"https:\/\/www.oadc.cz\/wp-content\/uploads\/2020\/12\/EOA-logo_upr.png","contentUrl":"https:\/\/www.oadc.cz\/wp-content\/uploads\/2020\/12\/EOA-logo_upr.png","width":850,"height":632,"caption":"Evropsk\u00e1 Obchodn\u00ed Akademie"},"image":{"@id":"https:\/\/www.oadc.cz\/#\/schema\/logo\/image\/"},"sameAs":["https:\/\/www.facebook.com\/eoadc","https:\/\/www.instagram.com\/eoa.dc\/"]}]}},"_links":{"self":[{"href":"https:\/\/www.oadc.cz\/index.php\/wp-json\/wp\/v2\/pages\/238"}],"collection":[{"href":"https:\/\/www.oadc.cz\/index.php\/wp-json\/wp\/v2\/pages"}],"about":[{"href":"https:\/\/www.oadc.cz\/index.php\/wp-json\/wp\/v2\/types\/page"}],"author":[{"embeddable":true,"href":"https:\/\/www.oadc.cz\/index.php\/wp-json\/wp\/v2\/users\/1"}],"replies":[{"embeddable":true,"href":"https:\/\/www.oadc.cz\/index.php\/wp-json\/wp\/v2\/comments?post=238"}],"version-history":[{"count":23,"href":"https:\/\/www.oadc.cz\/index.php\/wp-json\/wp\/v2\/pages\/238\/revisions"}],"predecessor-version":[{"id":10504,"href":"https:\/\/www.oadc.cz\/index.php\/wp-json\/wp\/v2\/pages\/238\/revisions\/10504"}],"wp:attachment":[{"href":"https:\/\/www.oadc.cz\/index.php\/wp-json\/wp\/v2\/media?parent=238"}],"curies":[{"name":"wp","href":"https:\/\/api.w.org\/{rel}","templated":true}]}}