{"id":237,"date":"2020-12-03T13:20:48","date_gmt":"2020-12-03T12:20:48","guid":{"rendered":"http:\/\/oadc.dchosting.cz\/?page_id=237"},"modified":"2024-09-02T12:41:29","modified_gmt":"2024-09-02T11:41:29","slug":"sraz","status":"publish","type":"page","link":"https:\/\/www.oadc.cz\/index.php\/sraz\/","title":{"rendered":"SRa\u017d"},"content":{"rendered":"\t\t<div data-elementor-type=\"wp-page\" data-elementor-id=\"237\" class=\"elementor elementor-237\" data-elementor-post-type=\"page\">\n\t\t\t\t\t\t<section class=\"elementor-section elementor-top-section elementor-element elementor-element-a8ebd33 elementor-section-content-middle elementor-section-boxed elementor-section-height-default elementor-section-height-default\" data-id=\"a8ebd33\" data-element_type=\"section\">\n\t\t\t\t\t\t<div class=\"elementor-container elementor-column-gap-no\">\n\t\t\t\t\t<div class=\"elementor-column elementor-col-100 elementor-top-column elementor-element elementor-element-b3db14d\" data-id=\"b3db14d\" data-element_type=\"column\">\n\t\t\t<div class=\"elementor-widget-wrap elementor-element-populated\">\n\t\t\t\t\t\t<div class=\"elementor-element elementor-element-1069281 elementor-widget elementor-widget-heading\" data-id=\"1069281\" data-element_type=\"widget\" data-widget_type=\"heading.default\">\n\t\t\t\t<div class=\"elementor-widget-container\">\n\t\t\t<style>\/*! elementor - v3.19.0 - 26-02-2024 *\/\n.elementor-heading-title{padding:0;margin:0;line-height:1}.elementor-widget-heading .elementor-heading-title[class*=elementor-size-]>a{color:inherit;font-size:inherit;line-height:inherit}.elementor-widget-heading .elementor-heading-title.elementor-size-small{font-size:15px}.elementor-widget-heading .elementor-heading-title.elementor-size-medium{font-size:19px}.elementor-widget-heading .elementor-heading-title.elementor-size-large{font-size:29px}.elementor-widget-heading .elementor-heading-title.elementor-size-xl{font-size:39px}.elementor-widget-heading .elementor-heading-title.elementor-size-xxl{font-size:59px}<\/style><h4 class=\"elementor-heading-title elementor-size-default\">Sdru\u017een\u00ed rodi\u010d\u016f a \u017e\u00e1k\u016f<\/h4>\t\t<\/div>\n\t\t\t\t<\/div>\n\t\t\t\t<div class=\"elementor-element elementor-element-29b5411 elementor-widget elementor-widget-heading\" data-id=\"29b5411\" data-element_type=\"widget\" data-widget_type=\"heading.default\">\n\t\t\t\t<div class=\"elementor-widget-container\">\n\t\t\t<h5 class=\"elementor-heading-title elementor-size-default\">Sdru\u017een\u00ed rodi\u010d\u016f a \u017e\u00e1k\u016f\n\np\u0159i Evropsk\u00e9 obchodn\u00ed akademii, z.s.\n\n\/ d\u00e1le SRa\u017d \/\n\n<\/h5>\t\t<\/div>\n\t\t\t\t<\/div>\n\t\t\t\t<div class=\"elementor-element elementor-element-25a82a3 elementor-widget elementor-widget-text-editor\" data-id=\"25a82a3\" data-element_type=\"widget\" data-widget_type=\"text-editor.default\">\n\t\t\t\t<div class=\"elementor-widget-container\">\n\t\t\t<style>\/*! elementor - v3.19.0 - 26-02-2024 *\/\n.elementor-widget-text-editor.elementor-drop-cap-view-stacked .elementor-drop-cap{background-color:#69727d;color:#fff}.elementor-widget-text-editor.elementor-drop-cap-view-framed .elementor-drop-cap{color:#69727d;border:3px solid;background-color:transparent}.elementor-widget-text-editor:not(.elementor-drop-cap-view-default) .elementor-drop-cap{margin-top:8px}.elementor-widget-text-editor:not(.elementor-drop-cap-view-default) .elementor-drop-cap-letter{width:1em;height:1em}.elementor-widget-text-editor .elementor-drop-cap{float:left;text-align:center;line-height:1;font-size:50px}.elementor-widget-text-editor .elementor-drop-cap-letter{display:inline-block}<\/style>\t\t\t\t<div>\u00a0<\/div><div><p>Sdru\u017een\u00ed rodi\u010d\u016f a \u017e\u00e1k\u016f\u00a0\u00a0p\u0159i Evropsk\u00e9 obchodn\u00ed akademii, z.s.<\/p><\/div><div><p>Komensk\u00e9ho n\u00e1m. 520\/2<br \/>406 81 D\u011b\u010d\u00edn I<br \/>I\u010cO : 46717251<\/p><\/div><div><p>\u010c\u00edslo \u00fa\u010dtu Sdru\u017een\u00ed rodi\u010d\u016f a \u017e\u00e1k\u016f :<br \/>0920116399\/0800<br \/>Mgr. Zde\u0148ka Novotn\u00e1<br \/>p\u0159edsedkyn\u011b \u00a0SRa\u017d<\/p><\/div><div><p>P\u0159i \u00a0Evropsk\u00e9 obchodn\u00ed akademii p\u016fsob\u00ed \u00a0zapsan\u00fd spolek z\u00e1stupc\u016f rodi\u010d\u016f a \u017e\u00e1k\u016f \/ SRa\u017d\/ . Sdru\u017een\u00ed m\u00e1 15 \u010dlen\u016f (z\u00e1stupc\u016f rodi\u010d\u016f a \u017e\u00e1k\u016f jednotliv\u00fdch t\u0159\u00edd), p\u0159edsedkyn\u00ed je Mgr. Zde\u0148ka Novotn\u00e1. Tito z\u00e1stupci se sch\u00e1zej\u00ed minim\u00e1ln\u011b 2x ro\u010dn\u011b. Zab\u00fdvaj\u00ed se chodem \u0161koly, shroma\u017e\u010fuj\u00ed p\u0159ipom\u00ednky jednotliv\u00fdch rodi\u010d\u016f a \u017e\u00e1k\u016f a pom\u00e1haj\u00ed p\u0159i zaji\u0161t\u011bn\u00ed r\u016fzn\u00fdch akc\u00ed.<\/p><\/div><div><p>Sdru\u017een\u00ed vyb\u00edr\u00e1 ro\u010dn\u00ed p\u0159\u00edsp\u011bvek 500 K\u010d na \u017e\u00e1ka, druh\u00fd sourozenec plat\u00ed \u010d\u00e1stku polovi\u010dn\u00ed tedy 250 K\u010d. O vyu\u017eit\u00ed tohoto p\u0159\u00edsp\u011bvku se rozhoduje hlasov\u00e1n\u00edm. Pravideln\u011b jsou z n\u011bj hrazeny vstupenky na p\u0159edplatn\u00e9 do divadla, doprava na ly\u017ea\u0159sk\u00fd kurz, doprava na environment\u00e1ln\u00ed kurz, \u017e\u00e1kovsk\u00e9 sout\u011b\u017ee, akademie, dal\u0161\u00ed akce \u0161koly. D\u00e1le pak jsou p\u0159\u00edsp\u011bvky vyu\u017eity na sportovn\u00ed a audiovizu\u00e1ln\u00ed vybaven\u00ed pro \u017e\u00e1ky, na vstupy p\u0159i zahrani\u010dn\u00edch z\u00e1jezdech, odm\u011bny na \u0161koln\u00ed sout\u011b\u017ee, olympi\u00e1dy a sportovn\u00ed akce, zdravotn\u00ed p\u0159edn\u00e1\u0161ky, kurzy 1. pomoci pro \u017e\u00e1ky, p\u0159\u00edsp\u011bvek na st\u00e1tn\u00ed zkou\u0161ky v psan\u00ed na po\u010d\u00edta\u010di, p\u0159\u00edsp\u011bvky na \u0161koln\u00ed projekty realizovan\u00e9 \u017e\u00e1ky, doprava \u00a0na krajsk\u00e1 kola sout\u011b\u017e\u00ed sportovn\u00edch, ekonomick\u00fdch, \u00fa\u010detn\u00edch \u010di jazykov\u00fdch.<\/p><\/div><div><p>N\u00e1m\u011bty a p\u0159ipom\u00ednky pro SRa\u017d je mo\u017eno zas\u00edlat na emailovou adresu \u0161koly skola@oadc.cz.<\/p><\/div>\t\t\t\t\t\t<\/div>\n\t\t\t\t<\/div>\n\t\t\t\t\t<\/div>\n\t\t<\/div>\n\t\t\t\t\t<\/div>\n\t\t<\/section>\n\t\t\t\t<\/div>\n\t\t","protected":false},"excerpt":{"rendered":"<p>Sdru\u017een\u00ed rodi\u010d\u016f a \u017e\u00e1k\u016f Sdru\u017een\u00ed rodi\u010d\u016f a \u017e\u00e1k\u016f p\u0159i Evropsk\u00e9 obchodn\u00ed akademii, z.s. \/ d\u00e1le SRa\u017d \/ \u00a0 Sdru\u017een\u00ed rodi\u010d\u016f a \u017e\u00e1k\u016f\u00a0\u00a0p\u0159i Evropsk\u00e9 obchodn\u00ed akademii, z.s. Komensk\u00e9ho n\u00e1m. 520\/2406 81 D\u011b\u010d\u00edn II\u010cO : 46717251 \u010c\u00edslo \u00fa\u010dtu Sdru\u017een\u00ed rodi\u010d\u016f a \u017e\u00e1k\u016f :0920116399\/0800Mgr. Zde\u0148ka Novotn\u00e1p\u0159edsedkyn\u011b \u00a0SRa\u017d P\u0159i \u00a0Evropsk\u00e9 obchodn\u00ed akademii p\u016fsob\u00ed \u00a0zapsan\u00fd spolek z\u00e1stupc\u016f rodi\u010d\u016f a \u017e\u00e1k\u016f [&hellip;]<\/p>\n","protected":false},"author":1,"featured_media":0,"parent":0,"menu_order":0,"comment_status":"closed","ping_status":"closed","template":"template-parts\/template-homepage.php","meta":{"footnotes":""},"yoast_head":"<!-- This site is optimized with the Yoast SEO plugin v22.1 - https:\/\/yoast.com\/wordpress\/plugins\/seo\/ -->\n<title>SRa\u017d - Evropsk\u00e1 obchodn\u00ed akademie<\/title>\n<meta name=\"robots\" content=\"index, follow, max-snippet:-1, max-image-preview:large, max-video-preview:-1\" \/>\n<link rel=\"canonical\" href=\"https:\/\/www.oadc.cz\/index.php\/sraz\/\" \/>\n<meta property=\"og:locale\" content=\"cs_CZ\" \/>\n<meta property=\"og:type\" content=\"article\" \/>\n<meta property=\"og:title\" content=\"SRa\u017d - Evropsk\u00e1 obchodn\u00ed akademie\" \/>\n<meta property=\"og:description\" content=\"Sdru\u017een\u00ed rodi\u010d\u016f a \u017e\u00e1k\u016f Sdru\u017een\u00ed rodi\u010d\u016f a \u017e\u00e1k\u016f p\u0159i Evropsk\u00e9 obchodn\u00ed akademii, z.s. \/ d\u00e1le SRa\u017d \/ \u00a0 Sdru\u017een\u00ed rodi\u010d\u016f a \u017e\u00e1k\u016f\u00a0\u00a0p\u0159i Evropsk\u00e9 obchodn\u00ed akademii, z.s. Komensk\u00e9ho n\u00e1m. 520\/2406 81 D\u011b\u010d\u00edn II\u010cO : 46717251 \u010c\u00edslo \u00fa\u010dtu Sdru\u017een\u00ed rodi\u010d\u016f a \u017e\u00e1k\u016f :0920116399\/0800Mgr. Zde\u0148ka Novotn\u00e1p\u0159edsedkyn\u011b \u00a0SRa\u017d P\u0159i \u00a0Evropsk\u00e9 obchodn\u00ed akademii p\u016fsob\u00ed \u00a0zapsan\u00fd spolek z\u00e1stupc\u016f rodi\u010d\u016f a \u017e\u00e1k\u016f [&hellip;]\" \/>\n<meta property=\"og:url\" content=\"https:\/\/www.oadc.cz\/index.php\/sraz\/\" \/>\n<meta property=\"og:site_name\" content=\"Evropsk\u00e1 obchodn\u00ed akademie\" \/>\n<meta property=\"article:publisher\" content=\"https:\/\/www.facebook.com\/eoadc\" \/>\n<meta property=\"article:modified_time\" content=\"2024-09-02T11:41:29+00:00\" \/>\n<meta name=\"twitter:card\" content=\"summary_large_image\" \/>\n<meta name=\"twitter:label1\" content=\"Odhadovan\u00e1 doba \u010dten\u00ed\" \/>\n\t<meta name=\"twitter:data1\" content=\"2 minuty\" \/>\n<script type=\"application\/ld+json\" class=\"yoast-schema-graph\">{\"@context\":\"https:\/\/schema.org\",\"@graph\":[{\"@type\":\"WebPage\",\"@id\":\"https:\/\/www.oadc.cz\/index.php\/sraz\/\",\"url\":\"https:\/\/www.oadc.cz\/index.php\/sraz\/\",\"name\":\"SRa\u017d - Evropsk\u00e1 obchodn\u00ed akademie\",\"isPartOf\":{\"@id\":\"https:\/\/www.oadc.cz\/#website\"},\"datePublished\":\"2020-12-03T12:20:48+00:00\",\"dateModified\":\"2024-09-02T11:41:29+00:00\",\"breadcrumb\":{\"@id\":\"https:\/\/www.oadc.cz\/index.php\/sraz\/#breadcrumb\"},\"inLanguage\":\"cs\",\"potentialAction\":[{\"@type\":\"ReadAction\",\"target\":[\"https:\/\/www.oadc.cz\/index.php\/sraz\/\"]}]},{\"@type\":\"BreadcrumbList\",\"@id\":\"https:\/\/www.oadc.cz\/index.php\/sraz\/#breadcrumb\",\"itemListElement\":[{\"@type\":\"ListItem\",\"position\":1,\"name\":\"Dom\u016f\",\"item\":\"https:\/\/www.oadc.cz\/\"},{\"@type\":\"ListItem\",\"position\":2,\"name\":\"SRa\u017d\"}]},{\"@type\":\"WebSite\",\"@id\":\"https:\/\/www.oadc.cz\/#website\",\"url\":\"https:\/\/www.oadc.cz\/\",\"name\":\"Evropsk\u00e1 obchodn\u00ed akademie\",\"description\":\"st\u0159edn\u00ed odborn\u00e1 \u0161kola v D\u011b\u010d\u00edn\u011b\",\"publisher\":{\"@id\":\"https:\/\/www.oadc.cz\/#organization\"},\"potentialAction\":[{\"@type\":\"SearchAction\",\"target\":{\"@type\":\"EntryPoint\",\"urlTemplate\":\"https:\/\/www.oadc.cz\/?s={search_term_string}\"},\"query-input\":\"required name=search_term_string\"}],\"inLanguage\":\"cs\"},{\"@type\":\"Organization\",\"@id\":\"https:\/\/www.oadc.cz\/#organization\",\"name\":\"Evropsk\u00e1 Obchodn\u00ed Akademie\",\"url\":\"https:\/\/www.oadc.cz\/\",\"logo\":{\"@type\":\"ImageObject\",\"inLanguage\":\"cs\",\"@id\":\"https:\/\/www.oadc.cz\/#\/schema\/logo\/image\/\",\"url\":\"https:\/\/www.oadc.cz\/wp-content\/uploads\/2020\/12\/EOA-logo_upr.png\",\"contentUrl\":\"https:\/\/www.oadc.cz\/wp-content\/uploads\/2020\/12\/EOA-logo_upr.png\",\"width\":850,\"height\":632,\"caption\":\"Evropsk\u00e1 Obchodn\u00ed Akademie\"},\"image\":{\"@id\":\"https:\/\/www.oadc.cz\/#\/schema\/logo\/image\/\"},\"sameAs\":[\"https:\/\/www.facebook.com\/eoadc\",\"https:\/\/www.instagram.com\/eoa.dc\/\"]}]}<\/script>\n<!-- \/ Yoast SEO plugin. -->","yoast_head_json":{"title":"SRa\u017d - Evropsk\u00e1 obchodn\u00ed akademie","robots":{"index":"index","follow":"follow","max-snippet":"max-snippet:-1","max-image-preview":"max-image-preview:large","max-video-preview":"max-video-preview:-1"},"canonical":"https:\/\/www.oadc.cz\/index.php\/sraz\/","og_locale":"cs_CZ","og_type":"article","og_title":"SRa\u017d - Evropsk\u00e1 obchodn\u00ed akademie","og_description":"Sdru\u017een\u00ed rodi\u010d\u016f a \u017e\u00e1k\u016f Sdru\u017een\u00ed rodi\u010d\u016f a \u017e\u00e1k\u016f p\u0159i Evropsk\u00e9 obchodn\u00ed akademii, z.s. \/ d\u00e1le SRa\u017d \/ \u00a0 Sdru\u017een\u00ed rodi\u010d\u016f a \u017e\u00e1k\u016f\u00a0\u00a0p\u0159i Evropsk\u00e9 obchodn\u00ed akademii, z.s. Komensk\u00e9ho n\u00e1m. 520\/2406 81 D\u011b\u010d\u00edn II\u010cO : 46717251 \u010c\u00edslo \u00fa\u010dtu Sdru\u017een\u00ed rodi\u010d\u016f a \u017e\u00e1k\u016f :0920116399\/0800Mgr. Zde\u0148ka Novotn\u00e1p\u0159edsedkyn\u011b \u00a0SRa\u017d P\u0159i \u00a0Evropsk\u00e9 obchodn\u00ed akademii p\u016fsob\u00ed \u00a0zapsan\u00fd spolek z\u00e1stupc\u016f rodi\u010d\u016f a \u017e\u00e1k\u016f [&hellip;]","og_url":"https:\/\/www.oadc.cz\/index.php\/sraz\/","og_site_name":"Evropsk\u00e1 obchodn\u00ed akademie","article_publisher":"https:\/\/www.facebook.com\/eoadc","article_modified_time":"2024-09-02T11:41:29+00:00","twitter_card":"summary_large_image","twitter_misc":{"Odhadovan\u00e1 doba \u010dten\u00ed":"2 minuty"},"schema":{"@context":"https:\/\/schema.org","@graph":[{"@type":"WebPage","@id":"https:\/\/www.oadc.cz\/index.php\/sraz\/","url":"https:\/\/www.oadc.cz\/index.php\/sraz\/","name":"SRa\u017d - Evropsk\u00e1 obchodn\u00ed akademie","isPartOf":{"@id":"https:\/\/www.oadc.cz\/#website"},"datePublished":"2020-12-03T12:20:48+00:00","dateModified":"2024-09-02T11:41:29+00:00","breadcrumb":{"@id":"https:\/\/www.oadc.cz\/index.php\/sraz\/#breadcrumb"},"inLanguage":"cs","potentialAction":[{"@type":"ReadAction","target":["https:\/\/www.oadc.cz\/index.php\/sraz\/"]}]},{"@type":"BreadcrumbList","@id":"https:\/\/www.oadc.cz\/index.php\/sraz\/#breadcrumb","itemListElement":[{"@type":"ListItem","position":1,"name":"Dom\u016f","item":"https:\/\/www.oadc.cz\/"},{"@type":"ListItem","position":2,"name":"SRa\u017d"}]},{"@type":"WebSite","@id":"https:\/\/www.oadc.cz\/#website","url":"https:\/\/www.oadc.cz\/","name":"Evropsk\u00e1 obchodn\u00ed akademie","description":"st\u0159edn\u00ed odborn\u00e1 \u0161kola v D\u011b\u010d\u00edn\u011b","publisher":{"@id":"https:\/\/www.oadc.cz\/#organization"},"potentialAction":[{"@type":"SearchAction","target":{"@type":"EntryPoint","urlTemplate":"https:\/\/www.oadc.cz\/?s={search_term_string}"},"query-input":"required name=search_term_string"}],"inLanguage":"cs"},{"@type":"Organization","@id":"https:\/\/www.oadc.cz\/#organization","name":"Evropsk\u00e1 Obchodn\u00ed Akademie","url":"https:\/\/www.oadc.cz\/","logo":{"@type":"ImageObject","inLanguage":"cs","@id":"https:\/\/www.oadc.cz\/#\/schema\/logo\/image\/","url":"https:\/\/www.oadc.cz\/wp-content\/uploads\/2020\/12\/EOA-logo_upr.png","contentUrl":"https:\/\/www.oadc.cz\/wp-content\/uploads\/2020\/12\/EOA-logo_upr.png","width":850,"height":632,"caption":"Evropsk\u00e1 Obchodn\u00ed Akademie"},"image":{"@id":"https:\/\/www.oadc.cz\/#\/schema\/logo\/image\/"},"sameAs":["https:\/\/www.facebook.com\/eoadc","https:\/\/www.instagram.com\/eoa.dc\/"]}]}},"_links":{"self":[{"href":"https:\/\/www.oadc.cz\/index.php\/wp-json\/wp\/v2\/pages\/237"}],"collection":[{"href":"https:\/\/www.oadc.cz\/index.php\/wp-json\/wp\/v2\/pages"}],"about":[{"href":"https:\/\/www.oadc.cz\/index.php\/wp-json\/wp\/v2\/types\/page"}],"author":[{"embeddable":true,"href":"https:\/\/www.oadc.cz\/index.php\/wp-json\/wp\/v2\/users\/1"}],"replies":[{"embeddable":true,"href":"https:\/\/www.oadc.cz\/index.php\/wp-json\/wp\/v2\/comments?post=237"}],"version-history":[{"count":34,"href":"https:\/\/www.oadc.cz\/index.php\/wp-json\/wp\/v2\/pages\/237\/revisions"}],"predecessor-version":[{"id":8661,"href":"https:\/\/www.oadc.cz\/index.php\/wp-json\/wp\/v2\/pages\/237\/revisions\/8661"}],"wp:attachment":[{"href":"https:\/\/www.oadc.cz\/index.php\/wp-json\/wp\/v2\/media?parent=237"}],"curies":[{"name":"wp","href":"https:\/\/api.w.org\/{rel}","templated":true}]}}