{"id":2132,"date":"2021-03-10T15:52:43","date_gmt":"2021-03-10T14:52:43","guid":{"rendered":"https:\/\/www.oadc.cz\/?page_id=2132"},"modified":"2021-03-10T15:56:18","modified_gmt":"2021-03-10T14:56:18","slug":"karolina-maskova","status":"publish","type":"page","link":"https:\/\/www.oadc.cz\/index.php\/absolventi\/karolina-maskova\/","title":{"rendered":"Karol\u00edna Ma\u0161kov\u00e1"},"content":{"rendered":"\t\t<div data-elementor-type=\"wp-page\" data-elementor-id=\"2132\" class=\"elementor elementor-2132\" data-elementor-post-type=\"page\">\n\t\t\t\t\t\t<section class=\"elementor-section elementor-top-section elementor-element elementor-element-2ea4cc5 elementor-section-content-middle elementor-section-boxed elementor-section-height-default elementor-section-height-default\" data-id=\"2ea4cc5\" data-element_type=\"section\">\n\t\t\t\t\t\t<div class=\"elementor-container elementor-column-gap-no\">\n\t\t\t\t\t<div class=\"elementor-column elementor-col-100 elementor-top-column elementor-element elementor-element-665ab73\" data-id=\"665ab73\" data-element_type=\"column\">\n\t\t\t<div class=\"elementor-widget-wrap elementor-element-populated\">\n\t\t\t\t\t\t<div class=\"elementor-element elementor-element-f256e77 elementor-widget elementor-widget-heading\" data-id=\"f256e77\" data-element_type=\"widget\" data-widget_type=\"heading.default\">\n\t\t\t\t<div class=\"elementor-widget-container\">\n\t\t\t<style>\/*! elementor - v3.19.0 - 26-02-2024 *\/\n.elementor-heading-title{padding:0;margin:0;line-height:1}.elementor-widget-heading .elementor-heading-title[class*=elementor-size-]>a{color:inherit;font-size:inherit;line-height:inherit}.elementor-widget-heading .elementor-heading-title.elementor-size-small{font-size:15px}.elementor-widget-heading .elementor-heading-title.elementor-size-medium{font-size:19px}.elementor-widget-heading .elementor-heading-title.elementor-size-large{font-size:29px}.elementor-widget-heading .elementor-heading-title.elementor-size-xl{font-size:39px}.elementor-widget-heading .elementor-heading-title.elementor-size-xxl{font-size:59px}<\/style><h4 class=\"elementor-heading-title elementor-size-default\">Karol\u00edna Ma\u0161kov\u00e1<\/h4>\t\t<\/div>\n\t\t\t\t<\/div>\n\t\t\t\t<div class=\"elementor-element elementor-element-1cf2cf1 elementor-widget elementor-widget-text-editor\" data-id=\"1cf2cf1\" data-element_type=\"widget\" data-widget_type=\"text-editor.default\">\n\t\t\t\t<div class=\"elementor-widget-container\">\n\t\t\t<style>\/*! elementor - v3.19.0 - 26-02-2024 *\/\n.elementor-widget-text-editor.elementor-drop-cap-view-stacked .elementor-drop-cap{background-color:#69727d;color:#fff}.elementor-widget-text-editor.elementor-drop-cap-view-framed .elementor-drop-cap{color:#69727d;border:3px solid;background-color:transparent}.elementor-widget-text-editor:not(.elementor-drop-cap-view-default) .elementor-drop-cap{margin-top:8px}.elementor-widget-text-editor:not(.elementor-drop-cap-view-default) .elementor-drop-cap-letter{width:1em;height:1em}.elementor-widget-text-editor .elementor-drop-cap{float:left;text-align:center;line-height:1;font-size:50px}.elementor-widget-text-editor .elementor-drop-cap-letter{display:inline-block}<\/style>\t\t\t\t<p><strong>Vedouc\u00ed Copywriting, obsahov\u00e9 strategie, soci\u00e1ln\u00ed s\u00edt\u011b<\/strong><\/p>\t\t\t\t\t\t<\/div>\n\t\t\t\t<\/div>\n\t\t\t\t<div class=\"elementor-element elementor-element-3d00e7a elementor-widget elementor-widget-text-editor\" data-id=\"3d00e7a\" data-element_type=\"widget\" data-widget_type=\"text-editor.default\">\n\t\t\t\t<div class=\"elementor-widget-container\">\n\t\t\t\t\t\t\t<p><span style=\"font-weight: 400;\">Ahoj v\u0161ichni. Jmenuju se K\u00e1ja a na obchodce jsem maturovala v roce 2017. Kdy\u017e jsem se na obchodku hl\u00e1sila, v\u016fbec jsem netu\u0161ila, jak se mi bude zam\u011b\u0159en\u00ed EHA jednou hodit. Po \u0161kole jsem nev\u011bd\u011bla po\u0159\u00e1dn\u011b kam d\u00e1l, tak jsem si sbalila bat\u016f\u017eek, cestovala a zdokonalovala si jazykov\u00e9 schopnosti nejen na cest\u00e1ch, ale i v jazykovce v Teplic\u00edch.\u00a0<\/span><\/p><p><span style=\"font-weight: 400;\">B\u011bhem odborn\u00e9ho l\u00e1m\u00e1n\u00ed jazyka jsem za\u010dala sp\u0159\u00e1dat pl\u00e1ny a zji\u0161\u0165ovat informace o vlastn\u00edm podnik\u00e1n\u00ed. Pro radost jsem si za\u010dala doma vyp\u00e9kat a zjistila, \u017ee to nen\u00ed \u00fapln\u011b marn\u00e9. M\u011b asi ten m\u016fj maturitn\u00ed projekt ovlivnil v\u00edc, ne\u017e jsem \u010dekala. \ud83d\ude42 No a o rok pozd\u011bji jsem si otev\u0159ela malou sladkou d\u00edlnu v D\u011b\u010d\u00edn\u011b s n\u00e1zvem Kejk\u00e1rna. Co v\u00e1m budu pov\u00eddat, byl to mazec. M\u011bla jsem to \u0161t\u011bst\u00ed a objevila skulinku na trhu. D\u011blat osv\u011btu o j\u00eddle a kvalitn\u00edch surovin\u00e1ch bylo velice obohacuj\u00edc\u00ed a setkala jsem se s mnoha fajn lidmi v oboru. Kejk\u00e1rnu jsem byla nucena s osobn\u00edch d\u016fvod\u016f pov\u011bsit na h\u0159eb\u00ed\u010dek, ale kdo v\u00ed, co bude v budoucnu. \ud83d\ude42\u00a0<\/span><\/p><p><span style=\"font-weight: 400;\">Po zav\u0159en\u00ed v\u00fdrobny jsem si dala pauzu od v\u0161eho a nakonec m\u011b to zaneslo nov\u00fdm sm\u011brem. Moment\u00e1ln\u011b jsem st\u00e1le \u010d\u00e1ste\u010dn\u011b osoba podnikaj\u00edc\u00ed. V\u011bnuji se copywritingu, obsahov\u00fdm strategi\u00edm a kouzlen\u00ed na soci\u00e1ln\u00edch s\u00edt\u00edch. Vyva\u017euji to \u00favazkem v Dobrovolnick\u00e9m centru v \u00dast\u00ed nad Labem, kde pracuji na mezin\u00e1rodn\u00edch projektech EU, kter\u00e9 se zab\u00fdvaj\u00ed aktivizac\u00ed mlad\u00fdch lid\u00ed i vzd\u011bl\u00e1v\u00e1n\u00ed ve\u0159ejnosti v oblasti smart care.\u00a0 Nelen\u00edm a sna\u017e\u00edm se neust\u00e1le rozv\u00edjet. M\u00fdm velk\u00fdm kon\u00ed\u010dkem je posledn\u00edch p\u00e1r let francouz\u0161tina, kterou jsem po st\u0159edn\u00ed opr\u00e1\u0161ila a douf\u00e1m, \u017ee m\u011b t\u0159eba posune zase o kousek d\u00e1l. \ud83d\ude42<\/span><\/p><p>\u00a0<\/p>\t\t\t\t\t\t<\/div>\n\t\t\t\t<\/div>\n\t\t\t\t<div class=\"elementor-element elementor-element-9cc2997 elementor-widget elementor-widget-gallery\" data-id=\"9cc2997\" data-element_type=\"widget\" data-settings=\"{&quot;lazyload&quot;:&quot;yes&quot;,&quot;gallery_layout&quot;:&quot;grid&quot;,&quot;columns&quot;:4,&quot;columns_tablet&quot;:2,&quot;columns_mobile&quot;:1,&quot;gap&quot;:{&quot;unit&quot;:&quot;px&quot;,&quot;size&quot;:10,&quot;sizes&quot;:[]},&quot;gap_tablet&quot;:{&quot;unit&quot;:&quot;px&quot;,&quot;size&quot;:10,&quot;sizes&quot;:[]},&quot;gap_mobile&quot;:{&quot;unit&quot;:&quot;px&quot;,&quot;size&quot;:10,&quot;sizes&quot;:[]},&quot;link_to&quot;:&quot;file&quot;,&quot;aspect_ratio&quot;:&quot;3:2&quot;,&quot;overlay_background&quot;:&quot;yes&quot;,&quot;content_hover_animation&quot;:&quot;fade-in&quot;}\" data-widget_type=\"gallery.default\">\n\t\t\t\t<div class=\"elementor-widget-container\">\n\t\t\t<style>\/*! elementor-pro - v3.19.0 - 26-02-2024 *\/\n.elementor-gallery__container{min-height:1px}.elementor-gallery-item{position:relative;overflow:hidden;display:block;text-decoration:none;border:solid var(--image-border-width) var(--image-border-color);border-radius:var(--image-border-radius)}.elementor-gallery-item__content,.elementor-gallery-item__overlay{height:100%;width:100%;position:absolute;top:0;left:0}.elementor-gallery-item__overlay{mix-blend-mode:var(--overlay-mix-blend-mode);transition-duration:var(--overlay-transition-duration);transition-property:mix-blend-mode,transform,opacity,background-color}.elementor-gallery-item__image.e-gallery-image{transition-duration:var(--image-transition-duration);transition-property:filter,transform}.elementor-gallery-item__content{display:flex;flex-direction:column;justify-content:var(--content-justify-content,center);align-items:center;text-align:var(--content-text-align);padding:var(--content-padding)}.elementor-gallery-item__content>div{transition-duration:var(--content-transition-duration)}.elementor-gallery-item__content.elementor-gallery--sequenced-animation>div:nth-child(2){transition-delay:calc(var(--content-transition-delay) \/ 3)}.elementor-gallery-item__content.elementor-gallery--sequenced-animation>div:nth-child(3){transition-delay:calc(var(--content-transition-delay) \/ 3 * 2)}.elementor-gallery-item__content.elementor-gallery--sequenced-animation>div:nth-child(4){transition-delay:calc(var(--content-transition-delay) \/ 3 * 3)}.elementor-gallery-item__description{color:var(--description-text-color,#fff);width:100%}.elementor-gallery-item__title{color:var(--title-text-color,#fff);font-weight:700;width:100%}.elementor-gallery__titles-container{display:flex;flex-wrap:wrap;justify-content:var(--titles-container-justify-content,center);margin-bottom:20px}.elementor-gallery__titles-container:not(.e--pointer-framed) .elementor-item:after,.elementor-gallery__titles-container:not(.e--pointer-framed) .elementor-item:before{background-color:var(--galleries-pointer-bg-color-hover)}.elementor-gallery__titles-container:not(.e--pointer-framed) .elementor-item.elementor-item-active:after,.elementor-gallery__titles-container:not(.e--pointer-framed) .elementor-item.elementor-item-active:before{background-color:var(--galleries-pointer-bg-color-active)}.elementor-gallery__titles-container.e--pointer-framed .elementor-item:before{border-color:var(--galleries-pointer-bg-color-hover);border-width:var(--galleries-pointer-border-width)}.elementor-gallery__titles-container.e--pointer-framed .elementor-item:after{border-color:var(--galleries-pointer-bg-color-hover)}.elementor-gallery__titles-container.e--pointer-framed .elementor-item.elementor-item-active:after,.elementor-gallery__titles-container.e--pointer-framed .elementor-item.elementor-item-active:before{border-color:var(--galleries-pointer-bg-color-active)}.elementor-gallery__titles-container.e--pointer-framed.e--animation-draw .elementor-item:before{border-left-width:var(--galleries-pointer-border-width);border-bottom-width:var(--galleries-pointer-border-width);border-right-width:0;border-top-width:0}.elementor-gallery__titles-container.e--pointer-framed.e--animation-draw .elementor-item:after{border-left-width:0;border-bottom-width:0;border-right-width:var(--galleries-pointer-border-width);border-top-width:var(--galleries-pointer-border-width)}.elementor-gallery__titles-container.e--pointer-framed.e--animation-corners .elementor-item:before{border-left-width:var(--galleries-pointer-border-width);border-bottom-width:0;border-right-width:0;border-top-width:var(--galleries-pointer-border-width)}.elementor-gallery__titles-container.e--pointer-framed.e--animation-corners .elementor-item:after{border-left-width:0;border-bottom-width:var(--galleries-pointer-border-width);border-right-width:var(--galleries-pointer-border-width);border-top-width:0}.elementor-gallery__titles-container .e--pointer-double-line .elementor-item:after,.elementor-gallery__titles-container .e--pointer-double-line .elementor-item:before,.elementor-gallery__titles-container .e--pointer-overline .elementor-item:before,.elementor-gallery__titles-container .e--pointer-underline .elementor-item:after{height:var(--galleries-pointer-border-width)}.elementor-gallery-title{--space-between:10px;cursor:pointer;color:#6d7882;font-weight:500;position:relative;padding:7px 14px;transition:all .3s}.elementor-gallery-title--active{color:#495157}.elementor-gallery-title:not(:last-child){margin-right:var(--space-between)}.elementor-gallery-item__title+.elementor-gallery-item__description{margin-top:var(--description-margin-top)}.e-gallery-item.elementor-gallery-item{transition-property:all}.e-gallery-item.elementor-animated-content .elementor-animated-item--enter-from-bottom,.e-gallery-item.elementor-animated-content .elementor-animated-item--enter-from-left,.e-gallery-item.elementor-animated-content .elementor-animated-item--enter-from-right,.e-gallery-item.elementor-animated-content .elementor-animated-item--enter-from-top,.e-gallery-item:focus .elementor-gallery__item-overlay-bg,.e-gallery-item:focus .elementor-gallery__item-overlay-content,.e-gallery-item:focus .elementor-gallery__item-overlay-content__description,.e-gallery-item:focus .elementor-gallery__item-overlay-content__title,.e-gallery-item:hover .elementor-gallery__item-overlay-bg,.e-gallery-item:hover .elementor-gallery__item-overlay-content,.e-gallery-item:hover .elementor-gallery__item-overlay-content__description,.e-gallery-item:hover .elementor-gallery__item-overlay-content__title{opacity:1}a.elementor-item.elementor-gallery-title{color:var(--galleries-title-color-normal)}a.elementor-item.elementor-gallery-title.elementor-item-active,a.elementor-item.elementor-gallery-title.highlighted,a.elementor-item.elementor-gallery-title:focus,a.elementor-item.elementor-gallery-title:hover{color:var(--galleries-title-color-hover)}a.elementor-item.elementor-gallery-title.elementor-item-active{color:var(--gallery-title-color-active)}.e-con-inner>.elementor-widget-gallery,.e-con>.elementor-widget-gallery{width:var(--container-widget-width);--flex-grow:var(--container-widget-flex-grow)}<\/style>\t\t<div class=\"elementor-gallery__container\">\n\t\t\t\t\t\t\t<a class=\"e-gallery-item elementor-gallery-item elementor-animated-content\" href=\"https:\/\/www.oadc.cz\/wp-content\/uploads\/2021\/03\/Karolina-Maskova.jpg\" data-elementor-open-lightbox=\"yes\" data-elementor-lightbox-slideshow=\"9cc2997\" data-elementor-lightbox-title=\"Karol\u00edna Ma\u0161kov\u00e1\" data-e-action-hash=\"#elementor-action%3Aaction%3Dlightbox%26settings%3DeyJpZCI6MjEzNCwidXJsIjoiaHR0cHM6XC9cL3d3dy5vYWRjLmN6XC93cC1jb250ZW50XC91cGxvYWRzXC8yMDIxXC8wM1wvS2Fyb2xpbmEtTWFza292YS5qcGciLCJzbGlkZXNob3ciOiI5Y2MyOTk3In0%3D\">\n\t\t\t\t\t<div class=\"e-gallery-image elementor-gallery-item__image\" data-thumbnail=\"https:\/\/www.oadc.cz\/wp-content\/uploads\/2021\/03\/Karolina-Maskova-300x300.jpg\" data-width=\"300\" data-height=\"300\" aria-label=\"\" role=\"img\" ><\/div>\n\t\t\t\t\t\t\t\t\t\t\t<div class=\"elementor-gallery-item__overlay\"><\/div>\n\t\t\t\t\t\t\t\t\t\t\t\t\t\t<\/a>\n\t\t\t\t\t<\/div>\n\t\t\t<\/div>\n\t\t\t\t<\/div>\n\t\t\t\t\t<\/div>\n\t\t<\/div>\n\t\t\t\t\t<\/div>\n\t\t<\/section>\n\t\t\t\t<\/div>\n\t\t","protected":false},"excerpt":{"rendered":"<p>Karol\u00edna Ma\u0161kov\u00e1 Vedouc\u00ed Copywriting, obsahov\u00e9 strategie, soci\u00e1ln\u00ed s\u00edt\u011b Ahoj v\u0161ichni. Jmenuju se K\u00e1ja a na obchodce jsem maturovala v roce 2017. Kdy\u017e jsem se na obchodku hl\u00e1sila, v\u016fbec jsem netu\u0161ila, jak se mi bude zam\u011b\u0159en\u00ed EHA jednou hodit. Po \u0161kole jsem nev\u011bd\u011bla po\u0159\u00e1dn\u011b kam d\u00e1l, tak jsem si sbalila bat\u016f\u017eek, cestovala a zdokonalovala si jazykov\u00e9 [&hellip;]<\/p>\n","protected":false},"author":2,"featured_media":0,"parent":574,"menu_order":0,"comment_status":"closed","ping_status":"closed","template":"template-parts\/template-homepage.php","meta":{"footnotes":""},"yoast_head":"<!-- This site is optimized with the Yoast SEO plugin v22.1 - https:\/\/yoast.com\/wordpress\/plugins\/seo\/ -->\n<title>Karol\u00edna Ma\u0161kov\u00e1 - Evropsk\u00e1 obchodn\u00ed akademie<\/title>\n<meta name=\"robots\" content=\"index, follow, max-snippet:-1, max-image-preview:large, max-video-preview:-1\" \/>\n<link rel=\"canonical\" href=\"https:\/\/www.oadc.cz\/index.php\/absolventi\/karolina-maskova\/\" \/>\n<meta property=\"og:locale\" content=\"cs_CZ\" \/>\n<meta property=\"og:type\" content=\"article\" \/>\n<meta property=\"og:title\" content=\"Karol\u00edna Ma\u0161kov\u00e1 - Evropsk\u00e1 obchodn\u00ed akademie\" \/>\n<meta property=\"og:description\" content=\"Karol\u00edna Ma\u0161kov\u00e1 Vedouc\u00ed Copywriting, obsahov\u00e9 strategie, soci\u00e1ln\u00ed s\u00edt\u011b Ahoj v\u0161ichni. Jmenuju se K\u00e1ja a na obchodce jsem maturovala v roce 2017. Kdy\u017e jsem se na obchodku hl\u00e1sila, v\u016fbec jsem netu\u0161ila, jak se mi bude zam\u011b\u0159en\u00ed EHA jednou hodit. Po \u0161kole jsem nev\u011bd\u011bla po\u0159\u00e1dn\u011b kam d\u00e1l, tak jsem si sbalila bat\u016f\u017eek, cestovala a zdokonalovala si jazykov\u00e9 [&hellip;]\" \/>\n<meta property=\"og:url\" content=\"https:\/\/www.oadc.cz\/index.php\/absolventi\/karolina-maskova\/\" \/>\n<meta property=\"og:site_name\" content=\"Evropsk\u00e1 obchodn\u00ed akademie\" \/>\n<meta property=\"article:publisher\" content=\"https:\/\/www.facebook.com\/eoadc\" \/>\n<meta property=\"article:modified_time\" content=\"2021-03-10T14:56:18+00:00\" \/>\n<meta name=\"twitter:card\" content=\"summary_large_image\" \/>\n<meta name=\"twitter:label1\" content=\"Odhadovan\u00e1 doba \u010dten\u00ed\" \/>\n\t<meta name=\"twitter:data1\" content=\"2 minuty\" \/>\n<script type=\"application\/ld+json\" class=\"yoast-schema-graph\">{\"@context\":\"https:\/\/schema.org\",\"@graph\":[{\"@type\":\"WebPage\",\"@id\":\"https:\/\/www.oadc.cz\/index.php\/absolventi\/karolina-maskova\/\",\"url\":\"https:\/\/www.oadc.cz\/index.php\/absolventi\/karolina-maskova\/\",\"name\":\"Karol\u00edna Ma\u0161kov\u00e1 - Evropsk\u00e1 obchodn\u00ed akademie\",\"isPartOf\":{\"@id\":\"https:\/\/www.oadc.cz\/#website\"},\"datePublished\":\"2021-03-10T14:52:43+00:00\",\"dateModified\":\"2021-03-10T14:56:18+00:00\",\"breadcrumb\":{\"@id\":\"https:\/\/www.oadc.cz\/index.php\/absolventi\/karolina-maskova\/#breadcrumb\"},\"inLanguage\":\"cs\",\"potentialAction\":[{\"@type\":\"ReadAction\",\"target\":[\"https:\/\/www.oadc.cz\/index.php\/absolventi\/karolina-maskova\/\"]}]},{\"@type\":\"BreadcrumbList\",\"@id\":\"https:\/\/www.oadc.cz\/index.php\/absolventi\/karolina-maskova\/#breadcrumb\",\"itemListElement\":[{\"@type\":\"ListItem\",\"position\":1,\"name\":\"Dom\u016f\",\"item\":\"https:\/\/www.oadc.cz\/\"},{\"@type\":\"ListItem\",\"position\":2,\"name\":\"Absolventi\",\"item\":\"https:\/\/www.oadc.cz\/index.php\/absolventi\/\"},{\"@type\":\"ListItem\",\"position\":3,\"name\":\"Karol\u00edna Ma\u0161kov\u00e1\"}]},{\"@type\":\"WebSite\",\"@id\":\"https:\/\/www.oadc.cz\/#website\",\"url\":\"https:\/\/www.oadc.cz\/\",\"name\":\"Evropsk\u00e1 obchodn\u00ed akademie\",\"description\":\"st\u0159edn\u00ed odborn\u00e1 \u0161kola v D\u011b\u010d\u00edn\u011b\",\"publisher\":{\"@id\":\"https:\/\/www.oadc.cz\/#organization\"},\"potentialAction\":[{\"@type\":\"SearchAction\",\"target\":{\"@type\":\"EntryPoint\",\"urlTemplate\":\"https:\/\/www.oadc.cz\/?s={search_term_string}\"},\"query-input\":\"required name=search_term_string\"}],\"inLanguage\":\"cs\"},{\"@type\":\"Organization\",\"@id\":\"https:\/\/www.oadc.cz\/#organization\",\"name\":\"Evropsk\u00e1 Obchodn\u00ed Akademie\",\"url\":\"https:\/\/www.oadc.cz\/\",\"logo\":{\"@type\":\"ImageObject\",\"inLanguage\":\"cs\",\"@id\":\"https:\/\/www.oadc.cz\/#\/schema\/logo\/image\/\",\"url\":\"https:\/\/www.oadc.cz\/wp-content\/uploads\/2020\/12\/EOA-logo_upr.png\",\"contentUrl\":\"https:\/\/www.oadc.cz\/wp-content\/uploads\/2020\/12\/EOA-logo_upr.png\",\"width\":850,\"height\":632,\"caption\":\"Evropsk\u00e1 Obchodn\u00ed Akademie\"},\"image\":{\"@id\":\"https:\/\/www.oadc.cz\/#\/schema\/logo\/image\/\"},\"sameAs\":[\"https:\/\/www.facebook.com\/eoadc\",\"https:\/\/www.instagram.com\/eoa.dc\/\"]}]}<\/script>\n<!-- \/ Yoast SEO plugin. -->","yoast_head_json":{"title":"Karol\u00edna Ma\u0161kov\u00e1 - Evropsk\u00e1 obchodn\u00ed akademie","robots":{"index":"index","follow":"follow","max-snippet":"max-snippet:-1","max-image-preview":"max-image-preview:large","max-video-preview":"max-video-preview:-1"},"canonical":"https:\/\/www.oadc.cz\/index.php\/absolventi\/karolina-maskova\/","og_locale":"cs_CZ","og_type":"article","og_title":"Karol\u00edna Ma\u0161kov\u00e1 - Evropsk\u00e1 obchodn\u00ed akademie","og_description":"Karol\u00edna Ma\u0161kov\u00e1 Vedouc\u00ed Copywriting, obsahov\u00e9 strategie, soci\u00e1ln\u00ed s\u00edt\u011b Ahoj v\u0161ichni. Jmenuju se K\u00e1ja a na obchodce jsem maturovala v roce 2017. Kdy\u017e jsem se na obchodku hl\u00e1sila, v\u016fbec jsem netu\u0161ila, jak se mi bude zam\u011b\u0159en\u00ed EHA jednou hodit. Po \u0161kole jsem nev\u011bd\u011bla po\u0159\u00e1dn\u011b kam d\u00e1l, tak jsem si sbalila bat\u016f\u017eek, cestovala a zdokonalovala si jazykov\u00e9 [&hellip;]","og_url":"https:\/\/www.oadc.cz\/index.php\/absolventi\/karolina-maskova\/","og_site_name":"Evropsk\u00e1 obchodn\u00ed akademie","article_publisher":"https:\/\/www.facebook.com\/eoadc","article_modified_time":"2021-03-10T14:56:18+00:00","twitter_card":"summary_large_image","twitter_misc":{"Odhadovan\u00e1 doba \u010dten\u00ed":"2 minuty"},"schema":{"@context":"https:\/\/schema.org","@graph":[{"@type":"WebPage","@id":"https:\/\/www.oadc.cz\/index.php\/absolventi\/karolina-maskova\/","url":"https:\/\/www.oadc.cz\/index.php\/absolventi\/karolina-maskova\/","name":"Karol\u00edna Ma\u0161kov\u00e1 - Evropsk\u00e1 obchodn\u00ed akademie","isPartOf":{"@id":"https:\/\/www.oadc.cz\/#website"},"datePublished":"2021-03-10T14:52:43+00:00","dateModified":"2021-03-10T14:56:18+00:00","breadcrumb":{"@id":"https:\/\/www.oadc.cz\/index.php\/absolventi\/karolina-maskova\/#breadcrumb"},"inLanguage":"cs","potentialAction":[{"@type":"ReadAction","target":["https:\/\/www.oadc.cz\/index.php\/absolventi\/karolina-maskova\/"]}]},{"@type":"BreadcrumbList","@id":"https:\/\/www.oadc.cz\/index.php\/absolventi\/karolina-maskova\/#breadcrumb","itemListElement":[{"@type":"ListItem","position":1,"name":"Dom\u016f","item":"https:\/\/www.oadc.cz\/"},{"@type":"ListItem","position":2,"name":"Absolventi","item":"https:\/\/www.oadc.cz\/index.php\/absolventi\/"},{"@type":"ListItem","position":3,"name":"Karol\u00edna Ma\u0161kov\u00e1"}]},{"@type":"WebSite","@id":"https:\/\/www.oadc.cz\/#website","url":"https:\/\/www.oadc.cz\/","name":"Evropsk\u00e1 obchodn\u00ed akademie","description":"st\u0159edn\u00ed odborn\u00e1 \u0161kola v D\u011b\u010d\u00edn\u011b","publisher":{"@id":"https:\/\/www.oadc.cz\/#organization"},"potentialAction":[{"@type":"SearchAction","target":{"@type":"EntryPoint","urlTemplate":"https:\/\/www.oadc.cz\/?s={search_term_string}"},"query-input":"required name=search_term_string"}],"inLanguage":"cs"},{"@type":"Organization","@id":"https:\/\/www.oadc.cz\/#organization","name":"Evropsk\u00e1 Obchodn\u00ed Akademie","url":"https:\/\/www.oadc.cz\/","logo":{"@type":"ImageObject","inLanguage":"cs","@id":"https:\/\/www.oadc.cz\/#\/schema\/logo\/image\/","url":"https:\/\/www.oadc.cz\/wp-content\/uploads\/2020\/12\/EOA-logo_upr.png","contentUrl":"https:\/\/www.oadc.cz\/wp-content\/uploads\/2020\/12\/EOA-logo_upr.png","width":850,"height":632,"caption":"Evropsk\u00e1 Obchodn\u00ed Akademie"},"image":{"@id":"https:\/\/www.oadc.cz\/#\/schema\/logo\/image\/"},"sameAs":["https:\/\/www.facebook.com\/eoadc","https:\/\/www.instagram.com\/eoa.dc\/"]}]}},"_links":{"self":[{"href":"https:\/\/www.oadc.cz\/index.php\/wp-json\/wp\/v2\/pages\/2132"}],"collection":[{"href":"https:\/\/www.oadc.cz\/index.php\/wp-json\/wp\/v2\/pages"}],"about":[{"href":"https:\/\/www.oadc.cz\/index.php\/wp-json\/wp\/v2\/types\/page"}],"author":[{"embeddable":true,"href":"https:\/\/www.oadc.cz\/index.php\/wp-json\/wp\/v2\/users\/2"}],"replies":[{"embeddable":true,"href":"https:\/\/www.oadc.cz\/index.php\/wp-json\/wp\/v2\/comments?post=2132"}],"version-history":[{"count":4,"href":"https:\/\/www.oadc.cz\/index.php\/wp-json\/wp\/v2\/pages\/2132\/revisions"}],"predecessor-version":[{"id":2137,"href":"https:\/\/www.oadc.cz\/index.php\/wp-json\/wp\/v2\/pages\/2132\/revisions\/2137"}],"up":[{"embeddable":true,"href":"https:\/\/www.oadc.cz\/index.php\/wp-json\/wp\/v2\/pages\/574"}],"wp:attachment":[{"href":"https:\/\/www.oadc.cz\/index.php\/wp-json\/wp\/v2\/media?parent=2132"}],"curies":[{"name":"wp","href":"https:\/\/api.w.org\/{rel}","templated":true}]}}