{"id":10123,"date":"2025-08-05T16:49:07","date_gmt":"2025-08-05T15:49:07","guid":{"rendered":"https:\/\/www.oadc.cz\/?page_id=10123"},"modified":"2025-08-05T16:51:40","modified_gmt":"2025-08-05T15:51:40","slug":"eduroam-2","status":"publish","type":"page","link":"https:\/\/www.oadc.cz\/index.php\/eduroam-2\/","title":{"rendered":"Eduroam"},"content":{"rendered":"\t\t<div data-elementor-type=\"wp-page\" data-elementor-id=\"10123\" class=\"elementor elementor-10123\" data-elementor-post-type=\"page\">\n\t\t\t\t<div class=\"elementor-element elementor-element-f67a3f3 e-flex e-con-boxed e-con e-parent\" data-id=\"f67a3f3\" data-element_type=\"container\" data-settings=\"{&quot;content_width&quot;:&quot;boxed&quot;}\" data-core-v316-plus=\"true\">\n\t\t\t\t\t<div class=\"e-con-inner\">\n\t\t\t\t<div class=\"elementor-element elementor-element-fc0b5d6 elementor-widget elementor-widget-heading\" data-id=\"fc0b5d6\" data-element_type=\"widget\" data-widget_type=\"heading.default\">\n\t\t\t\t<div class=\"elementor-widget-container\">\n\t\t\t<style>\/*! elementor - v3.19.0 - 26-02-2024 *\/\n.elementor-heading-title{padding:0;margin:0;line-height:1}.elementor-widget-heading .elementor-heading-title[class*=elementor-size-]>a{color:inherit;font-size:inherit;line-height:inherit}.elementor-widget-heading .elementor-heading-title.elementor-size-small{font-size:15px}.elementor-widget-heading .elementor-heading-title.elementor-size-medium{font-size:19px}.elementor-widget-heading .elementor-heading-title.elementor-size-large{font-size:29px}.elementor-widget-heading .elementor-heading-title.elementor-size-xl{font-size:39px}.elementor-widget-heading .elementor-heading-title.elementor-size-xxl{font-size:59px}<\/style><h2 class=\"elementor-heading-title elementor-size-default\">Na\u0161e \u0161kola je p\u0159ipojena k eduroamu<\/h2>\t\t<\/div>\n\t\t\t\t<\/div>\n\t\t\t\t\t<\/div>\n\t\t\t\t<\/div>\n\t\t<div class=\"elementor-element elementor-element-47113e5 e-flex e-con-boxed e-con e-parent\" data-id=\"47113e5\" data-element_type=\"container\" data-settings=\"{&quot;content_width&quot;:&quot;boxed&quot;}\" data-core-v316-plus=\"true\">\n\t\t\t\t\t<div class=\"e-con-inner\">\n\t\t\t\t<div class=\"elementor-element elementor-element-25d9864 elementor-widget elementor-widget-image\" data-id=\"25d9864\" data-element_type=\"widget\" data-widget_type=\"image.default\">\n\t\t\t\t<div class=\"elementor-widget-container\">\n\t\t\t<style>\/*! elementor - v3.19.0 - 26-02-2024 *\/\n.elementor-widget-image{text-align:center}.elementor-widget-image a{display:inline-block}.elementor-widget-image a img[src$=\".svg\"]{width:48px}.elementor-widget-image img{vertical-align:middle;display:inline-block}<\/style>\t\t\t\t\t\t\t\t\t\t<img fetchpriority=\"high\" decoding=\"async\" width=\"500\" height=\"216\" src=\"https:\/\/www.oadc.cz\/wp-content\/uploads\/2025\/08\/eduroam.jpg\" class=\"attachment-large size-large wp-image-10122\" alt=\"eduroam logo\" srcset=\"https:\/\/www.oadc.cz\/wp-content\/uploads\/2025\/08\/eduroam.jpg 500w, https:\/\/www.oadc.cz\/wp-content\/uploads\/2025\/08\/eduroam-300x130.jpg 300w\" sizes=\"(max-width: 500px) 100vw, 500px\" \/>\t\t\t\t\t\t\t\t\t\t\t\t\t<\/div>\n\t\t\t\t<\/div>\n\t\t\t\t<div class=\"elementor-element elementor-element-470d4bc elementor-widget elementor-widget-text-editor\" data-id=\"470d4bc\" data-element_type=\"widget\" data-widget_type=\"text-editor.default\">\n\t\t\t\t<div class=\"elementor-widget-container\">\n\t\t\t<style>\/*! elementor - v3.19.0 - 26-02-2024 *\/\n.elementor-widget-text-editor.elementor-drop-cap-view-stacked .elementor-drop-cap{background-color:#69727d;color:#fff}.elementor-widget-text-editor.elementor-drop-cap-view-framed .elementor-drop-cap{color:#69727d;border:3px solid;background-color:transparent}.elementor-widget-text-editor:not(.elementor-drop-cap-view-default) .elementor-drop-cap{margin-top:8px}.elementor-widget-text-editor:not(.elementor-drop-cap-view-default) .elementor-drop-cap-letter{width:1em;height:1em}.elementor-widget-text-editor .elementor-drop-cap{float:left;text-align:center;line-height:1;font-size:50px}.elementor-widget-text-editor .elementor-drop-cap-letter{display:inline-block}<\/style>\t\t\t\t<p>Na\u0161e \u0161kola je p\u0159ipojena k\u00a0s\u00edti eduroam. Ve \u0161kole je vys\u00edl\u00e1no essid eduroam, ov\u011b\u0159ov\u00e1n\u00ed je prov\u00e1d\u011bno protokolem 802.1x.<br \/>N\u00e1vod, jak si nastavit po\u010d\u00edta\u010d pro pr\u00e1ci s 802.1x, naleznete na str\u00e1nce\u00a0<a href=\"https:\/\/www.eduroam.cz\/\" target=\"_blank\" rel=\"noopener noreferrer\">eduroam.cz<\/a>. Pro \u00fasp\u011b\u0161n\u00e9 ov\u011b\u0159en\u00ed a\u00a0n\u00e1sledn\u00fd p\u0159\u00edstup k\u00a0internetu pot\u0159ebujete zn\u00e1t u\u017eivatelsk\u00e9 jm\u00e9no a\u00a0heslo. Tyto \u00fadaje z\u00edsk\u00e1te na sv\u00e9 domovsk\u00e9 organizaci.<br \/><br \/><\/p><p>Our school is connected to the eduroam network. The essid eduroam is broadcasted here. Authentication is based on the 802.1x protocol.<br \/>You need valid user credentials for successful login to the eduroam network. You should obtain these credentials as well as documentation for client device configuration and user support at your home institution.<\/p>\t\t\t\t\t\t<\/div>\n\t\t\t\t<\/div>\n\t\t\t\t\t<\/div>\n\t\t\t\t<\/div>\n\t\t\t\t<\/div>\n\t\t","protected":false},"excerpt":{"rendered":"<p>Na\u0161e \u0161kola je p\u0159ipojena k eduroamu Na\u0161e \u0161kola je p\u0159ipojena k\u00a0s\u00edti eduroam. Ve \u0161kole je vys\u00edl\u00e1no essid eduroam, ov\u011b\u0159ov\u00e1n\u00ed je prov\u00e1d\u011bno protokolem 802.1x.N\u00e1vod, jak si nastavit po\u010d\u00edta\u010d pro pr\u00e1ci s 802.1x, naleznete na str\u00e1nce\u00a0eduroam.cz. Pro \u00fasp\u011b\u0161n\u00e9 ov\u011b\u0159en\u00ed a\u00a0n\u00e1sledn\u00fd p\u0159\u00edstup k\u00a0internetu pot\u0159ebujete zn\u00e1t u\u017eivatelsk\u00e9 jm\u00e9no a\u00a0heslo. Tyto \u00fadaje z\u00edsk\u00e1te na sv\u00e9 domovsk\u00e9 organizaci. Our school is [&hellip;]<\/p>\n","protected":false},"author":2,"featured_media":0,"parent":0,"menu_order":0,"comment_status":"closed","ping_status":"closed","template":"template-parts\/template-homepage.php","meta":{"footnotes":""},"yoast_head":"<!-- This site is optimized with the Yoast SEO plugin v22.1 - https:\/\/yoast.com\/wordpress\/plugins\/seo\/ -->\n<title>Eduroam - Evropsk\u00e1 obchodn\u00ed akademie<\/title>\n<meta name=\"robots\" content=\"index, follow, max-snippet:-1, max-image-preview:large, max-video-preview:-1\" \/>\n<link rel=\"canonical\" href=\"https:\/\/www.oadc.cz\/index.php\/eduroam-2\/\" \/>\n<meta property=\"og:locale\" content=\"cs_CZ\" \/>\n<meta property=\"og:type\" content=\"article\" \/>\n<meta property=\"og:title\" content=\"Eduroam - Evropsk\u00e1 obchodn\u00ed akademie\" \/>\n<meta property=\"og:description\" content=\"Na\u0161e \u0161kola je p\u0159ipojena k eduroamu Na\u0161e \u0161kola je p\u0159ipojena k\u00a0s\u00edti eduroam. Ve \u0161kole je vys\u00edl\u00e1no essid eduroam, ov\u011b\u0159ov\u00e1n\u00ed je prov\u00e1d\u011bno protokolem 802.1x.N\u00e1vod, jak si nastavit po\u010d\u00edta\u010d pro pr\u00e1ci s 802.1x, naleznete na str\u00e1nce\u00a0eduroam.cz. Pro \u00fasp\u011b\u0161n\u00e9 ov\u011b\u0159en\u00ed a\u00a0n\u00e1sledn\u00fd p\u0159\u00edstup k\u00a0internetu pot\u0159ebujete zn\u00e1t u\u017eivatelsk\u00e9 jm\u00e9no a\u00a0heslo. Tyto \u00fadaje z\u00edsk\u00e1te na sv\u00e9 domovsk\u00e9 organizaci. Our school is [&hellip;]\" \/>\n<meta property=\"og:url\" content=\"https:\/\/www.oadc.cz\/index.php\/eduroam-2\/\" \/>\n<meta property=\"og:site_name\" content=\"Evropsk\u00e1 obchodn\u00ed akademie\" \/>\n<meta property=\"article:publisher\" content=\"https:\/\/www.facebook.com\/eoadc\" \/>\n<meta property=\"article:modified_time\" content=\"2025-08-05T15:51:40+00:00\" \/>\n<meta property=\"og:image\" content=\"https:\/\/www.oadc.cz\/wp-content\/uploads\/2025\/08\/eduroam.jpg\" \/>\n<meta name=\"twitter:card\" content=\"summary_large_image\" \/>\n<meta name=\"twitter:label1\" content=\"Odhadovan\u00e1 doba \u010dten\u00ed\" \/>\n\t<meta name=\"twitter:data1\" content=\"1 minuta\" \/>\n<script type=\"application\/ld+json\" class=\"yoast-schema-graph\">{\"@context\":\"https:\/\/schema.org\",\"@graph\":[{\"@type\":\"WebPage\",\"@id\":\"https:\/\/www.oadc.cz\/index.php\/eduroam-2\/\",\"url\":\"https:\/\/www.oadc.cz\/index.php\/eduroam-2\/\",\"name\":\"Eduroam - Evropsk\u00e1 obchodn\u00ed akademie\",\"isPartOf\":{\"@id\":\"https:\/\/www.oadc.cz\/#website\"},\"datePublished\":\"2025-08-05T15:49:07+00:00\",\"dateModified\":\"2025-08-05T15:51:40+00:00\",\"breadcrumb\":{\"@id\":\"https:\/\/www.oadc.cz\/index.php\/eduroam-2\/#breadcrumb\"},\"inLanguage\":\"cs\",\"potentialAction\":[{\"@type\":\"ReadAction\",\"target\":[\"https:\/\/www.oadc.cz\/index.php\/eduroam-2\/\"]}]},{\"@type\":\"BreadcrumbList\",\"@id\":\"https:\/\/www.oadc.cz\/index.php\/eduroam-2\/#breadcrumb\",\"itemListElement\":[{\"@type\":\"ListItem\",\"position\":1,\"name\":\"Dom\u016f\",\"item\":\"https:\/\/www.oadc.cz\/\"},{\"@type\":\"ListItem\",\"position\":2,\"name\":\"Eduroam\"}]},{\"@type\":\"WebSite\",\"@id\":\"https:\/\/www.oadc.cz\/#website\",\"url\":\"https:\/\/www.oadc.cz\/\",\"name\":\"Evropsk\u00e1 obchodn\u00ed akademie\",\"description\":\"st\u0159edn\u00ed odborn\u00e1 \u0161kola v D\u011b\u010d\u00edn\u011b\",\"publisher\":{\"@id\":\"https:\/\/www.oadc.cz\/#organization\"},\"potentialAction\":[{\"@type\":\"SearchAction\",\"target\":{\"@type\":\"EntryPoint\",\"urlTemplate\":\"https:\/\/www.oadc.cz\/?s={search_term_string}\"},\"query-input\":\"required name=search_term_string\"}],\"inLanguage\":\"cs\"},{\"@type\":\"Organization\",\"@id\":\"https:\/\/www.oadc.cz\/#organization\",\"name\":\"Evropsk\u00e1 Obchodn\u00ed Akademie\",\"url\":\"https:\/\/www.oadc.cz\/\",\"logo\":{\"@type\":\"ImageObject\",\"inLanguage\":\"cs\",\"@id\":\"https:\/\/www.oadc.cz\/#\/schema\/logo\/image\/\",\"url\":\"https:\/\/www.oadc.cz\/wp-content\/uploads\/2020\/12\/EOA-logo_upr.png\",\"contentUrl\":\"https:\/\/www.oadc.cz\/wp-content\/uploads\/2020\/12\/EOA-logo_upr.png\",\"width\":850,\"height\":632,\"caption\":\"Evropsk\u00e1 Obchodn\u00ed Akademie\"},\"image\":{\"@id\":\"https:\/\/www.oadc.cz\/#\/schema\/logo\/image\/\"},\"sameAs\":[\"https:\/\/www.facebook.com\/eoadc\",\"https:\/\/www.instagram.com\/eoa.dc\/\"]}]}<\/script>\n<!-- \/ Yoast SEO plugin. -->","yoast_head_json":{"title":"Eduroam - Evropsk\u00e1 obchodn\u00ed akademie","robots":{"index":"index","follow":"follow","max-snippet":"max-snippet:-1","max-image-preview":"max-image-preview:large","max-video-preview":"max-video-preview:-1"},"canonical":"https:\/\/www.oadc.cz\/index.php\/eduroam-2\/","og_locale":"cs_CZ","og_type":"article","og_title":"Eduroam - Evropsk\u00e1 obchodn\u00ed akademie","og_description":"Na\u0161e \u0161kola je p\u0159ipojena k eduroamu Na\u0161e \u0161kola je p\u0159ipojena k\u00a0s\u00edti eduroam. Ve \u0161kole je vys\u00edl\u00e1no essid eduroam, ov\u011b\u0159ov\u00e1n\u00ed je prov\u00e1d\u011bno protokolem 802.1x.N\u00e1vod, jak si nastavit po\u010d\u00edta\u010d pro pr\u00e1ci s 802.1x, naleznete na str\u00e1nce\u00a0eduroam.cz. Pro \u00fasp\u011b\u0161n\u00e9 ov\u011b\u0159en\u00ed a\u00a0n\u00e1sledn\u00fd p\u0159\u00edstup k\u00a0internetu pot\u0159ebujete zn\u00e1t u\u017eivatelsk\u00e9 jm\u00e9no a\u00a0heslo. Tyto \u00fadaje z\u00edsk\u00e1te na sv\u00e9 domovsk\u00e9 organizaci. Our school is [&hellip;]","og_url":"https:\/\/www.oadc.cz\/index.php\/eduroam-2\/","og_site_name":"Evropsk\u00e1 obchodn\u00ed akademie","article_publisher":"https:\/\/www.facebook.com\/eoadc","article_modified_time":"2025-08-05T15:51:40+00:00","og_image":[{"url":"https:\/\/www.oadc.cz\/wp-content\/uploads\/2025\/08\/eduroam.jpg"}],"twitter_card":"summary_large_image","twitter_misc":{"Odhadovan\u00e1 doba \u010dten\u00ed":"1 minuta"},"schema":{"@context":"https:\/\/schema.org","@graph":[{"@type":"WebPage","@id":"https:\/\/www.oadc.cz\/index.php\/eduroam-2\/","url":"https:\/\/www.oadc.cz\/index.php\/eduroam-2\/","name":"Eduroam - Evropsk\u00e1 obchodn\u00ed akademie","isPartOf":{"@id":"https:\/\/www.oadc.cz\/#website"},"datePublished":"2025-08-05T15:49:07+00:00","dateModified":"2025-08-05T15:51:40+00:00","breadcrumb":{"@id":"https:\/\/www.oadc.cz\/index.php\/eduroam-2\/#breadcrumb"},"inLanguage":"cs","potentialAction":[{"@type":"ReadAction","target":["https:\/\/www.oadc.cz\/index.php\/eduroam-2\/"]}]},{"@type":"BreadcrumbList","@id":"https:\/\/www.oadc.cz\/index.php\/eduroam-2\/#breadcrumb","itemListElement":[{"@type":"ListItem","position":1,"name":"Dom\u016f","item":"https:\/\/www.oadc.cz\/"},{"@type":"ListItem","position":2,"name":"Eduroam"}]},{"@type":"WebSite","@id":"https:\/\/www.oadc.cz\/#website","url":"https:\/\/www.oadc.cz\/","name":"Evropsk\u00e1 obchodn\u00ed akademie","description":"st\u0159edn\u00ed odborn\u00e1 \u0161kola v D\u011b\u010d\u00edn\u011b","publisher":{"@id":"https:\/\/www.oadc.cz\/#organization"},"potentialAction":[{"@type":"SearchAction","target":{"@type":"EntryPoint","urlTemplate":"https:\/\/www.oadc.cz\/?s={search_term_string}"},"query-input":"required name=search_term_string"}],"inLanguage":"cs"},{"@type":"Organization","@id":"https:\/\/www.oadc.cz\/#organization","name":"Evropsk\u00e1 Obchodn\u00ed Akademie","url":"https:\/\/www.oadc.cz\/","logo":{"@type":"ImageObject","inLanguage":"cs","@id":"https:\/\/www.oadc.cz\/#\/schema\/logo\/image\/","url":"https:\/\/www.oadc.cz\/wp-content\/uploads\/2020\/12\/EOA-logo_upr.png","contentUrl":"https:\/\/www.oadc.cz\/wp-content\/uploads\/2020\/12\/EOA-logo_upr.png","width":850,"height":632,"caption":"Evropsk\u00e1 Obchodn\u00ed Akademie"},"image":{"@id":"https:\/\/www.oadc.cz\/#\/schema\/logo\/image\/"},"sameAs":["https:\/\/www.facebook.com\/eoadc","https:\/\/www.instagram.com\/eoa.dc\/"]}]}},"_links":{"self":[{"href":"https:\/\/www.oadc.cz\/index.php\/wp-json\/wp\/v2\/pages\/10123"}],"collection":[{"href":"https:\/\/www.oadc.cz\/index.php\/wp-json\/wp\/v2\/pages"}],"about":[{"href":"https:\/\/www.oadc.cz\/index.php\/wp-json\/wp\/v2\/types\/page"}],"author":[{"embeddable":true,"href":"https:\/\/www.oadc.cz\/index.php\/wp-json\/wp\/v2\/users\/2"}],"replies":[{"embeddable":true,"href":"https:\/\/www.oadc.cz\/index.php\/wp-json\/wp\/v2\/comments?post=10123"}],"version-history":[{"count":5,"href":"https:\/\/www.oadc.cz\/index.php\/wp-json\/wp\/v2\/pages\/10123\/revisions"}],"predecessor-version":[{"id":10128,"href":"https:\/\/www.oadc.cz\/index.php\/wp-json\/wp\/v2\/pages\/10123\/revisions\/10128"}],"wp:attachment":[{"href":"https:\/\/www.oadc.cz\/index.php\/wp-json\/wp\/v2\/media?parent=10123"}],"curies":[{"name":"wp","href":"https:\/\/api.w.org\/{rel}","templated":true}]}}