{"id":10065,"date":"2025-06-24T22:22:07","date_gmt":"2025-06-24T21:22:07","guid":{"rendered":"https:\/\/www.oadc.cz\/?page_id=10065"},"modified":"2025-06-26T21:56:42","modified_gmt":"2025-06-26T20:56:42","slug":"ucebnice","status":"publish","type":"page","link":"https:\/\/www.oadc.cz\/index.php\/ucebnice\/","title":{"rendered":"U\u010debnice"},"content":{"rendered":"\t\t<div data-elementor-type=\"wp-page\" data-elementor-id=\"10065\" class=\"elementor elementor-10065\" data-elementor-post-type=\"page\">\n\t\t\t\t\t\t<section class=\"elementor-section elementor-top-section elementor-element elementor-element-29840bf elementor-section-boxed elementor-section-height-default elementor-section-height-default\" data-id=\"29840bf\" data-element_type=\"section\">\n\t\t\t\t\t\t<div class=\"elementor-container elementor-column-gap-default\">\n\t\t\t\t\t<div class=\"elementor-column elementor-col-100 elementor-top-column elementor-element elementor-element-5bdaec7\" data-id=\"5bdaec7\" data-element_type=\"column\">\n\t\t\t<div class=\"elementor-widget-wrap elementor-element-populated\">\n\t\t\t\t\t\t<div class=\"elementor-element elementor-element-41cef6a elementor-widget elementor-widget-heading\" data-id=\"41cef6a\" data-element_type=\"widget\" data-widget_type=\"heading.default\">\n\t\t\t\t<div class=\"elementor-widget-container\">\n\t\t\t<style>\/*! elementor - v3.19.0 - 26-02-2024 *\/\n.elementor-heading-title{padding:0;margin:0;line-height:1}.elementor-widget-heading .elementor-heading-title[class*=elementor-size-]>a{color:inherit;font-size:inherit;line-height:inherit}.elementor-widget-heading .elementor-heading-title.elementor-size-small{font-size:15px}.elementor-widget-heading .elementor-heading-title.elementor-size-medium{font-size:19px}.elementor-widget-heading .elementor-heading-title.elementor-size-large{font-size:29px}.elementor-widget-heading .elementor-heading-title.elementor-size-xl{font-size:39px}.elementor-widget-heading .elementor-heading-title.elementor-size-xxl{font-size:59px}<\/style><h4 class=\"elementor-heading-title elementor-size-default\">Kompletn\u00ed seznam u\u010debnic<\/h4>\t\t<\/div>\n\t\t\t\t<\/div>\n\t\t\t\t<div class=\"elementor-element elementor-element-f349dfa elementor-widget elementor-widget-text-editor\" data-id=\"f349dfa\" data-element_type=\"widget\" data-widget_type=\"text-editor.default\">\n\t\t\t\t<div class=\"elementor-widget-container\">\n\t\t\t<style>\/*! elementor - v3.19.0 - 26-02-2024 *\/\n.elementor-widget-text-editor.elementor-drop-cap-view-stacked .elementor-drop-cap{background-color:#69727d;color:#fff}.elementor-widget-text-editor.elementor-drop-cap-view-framed .elementor-drop-cap{color:#69727d;border:3px solid;background-color:transparent}.elementor-widget-text-editor:not(.elementor-drop-cap-view-default) .elementor-drop-cap{margin-top:8px}.elementor-widget-text-editor:not(.elementor-drop-cap-view-default) .elementor-drop-cap-letter{width:1em;height:1em}.elementor-widget-text-editor .elementor-drop-cap{float:left;text-align:center;line-height:1;font-size:50px}.elementor-widget-text-editor .elementor-drop-cap-letter{display:inline-block}<\/style>\t\t\t\t<p>Kompletn\u00ed seznam u\u010debnic <a href=\"https:\/\/docs.google.com\/document\/d\/1vjeXbGYVU7-1V7xSw_fX86XedP-0CGHp\/edit?usp=sharing&amp;ouid=100679917862775048649&amp;rtpof=true&amp;sd=true\" target=\"_blank\" rel=\"noopener\">zde<\/a>.<\/p>\t\t\t\t\t\t<\/div>\n\t\t\t\t<\/div>\n\t\t\t\t<div class=\"elementor-element elementor-element-bbe1d61 elementor-widget elementor-widget-heading\" data-id=\"bbe1d61\" data-element_type=\"widget\" data-widget_type=\"heading.default\">\n\t\t\t\t<div class=\"elementor-widget-container\">\n\t\t\t<h4 class=\"elementor-heading-title elementor-size-default\">U\u010debnice pro jednotliv\u00e9 ro\u010dn\u00edky<\/h4>\t\t<\/div>\n\t\t\t\t<\/div>\n\t\t\t\t<div class=\"elementor-element elementor-element-143cfbb elementor-widget elementor-widget-text-editor\" data-id=\"143cfbb\" data-element_type=\"widget\" data-widget_type=\"text-editor.default\">\n\t\t\t\t<div class=\"elementor-widget-container\">\n\t\t\t\t\t\t\t<p>U\u010debnice pro prvn\u00ed ro\u010dn\u00edk <a href=\"https:\/\/drive.google.com\/file\/d\/1GmACEhohgt7Wr-T4vLEJsVD52CeWU1EA\/view?usp=drive_link\" target=\"_blank\" rel=\"noopener\">zde<\/a>.<\/p><p>U\u010debnice pro druh\u00fd ro\u010dn\u00edk <a href=\"https:\/\/drive.google.com\/file\/d\/1kU9gQifw4Twfz6CffC4eNbmwkn3uXtB0\/view?usp=drive_link\" target=\"_blank\" rel=\"noopener\">zde<\/a>.<\/p><p>U\u010debnice pro t\u0159et\u00ed ro\u010dn\u00edk <a href=\"https:\/\/drive.google.com\/file\/d\/1fPHDxfbaOKdXW7tSn_t0PIOPEROi4HQK\/view?usp=drive_link\" target=\"_blank\" rel=\"noopener\">zde<\/a>.<\/p><p>U\u010debnice pro \u010dtvrt\u00fd ro\u010dn\u00edk <a href=\"https:\/\/drive.google.com\/file\/d\/1gZYboQj2KtQvfUuWahQPJKhdJJFDkKcr\/view?usp=drive_link\" target=\"_blank\" rel=\"noopener\">zde<\/a>.<\/p>\t\t\t\t\t\t<\/div>\n\t\t\t\t<\/div>\n\t\t\t\t<div class=\"elementor-element elementor-element-e7758ea elementor-widget elementor-widget-text-editor\" data-id=\"e7758ea\" data-element_type=\"widget\" data-widget_type=\"text-editor.default\">\n\t\t\t\t<div class=\"elementor-widget-container\">\n\t\t\t\t\t\t\t\t\t\t\t\t\t<\/div>\n\t\t\t\t<\/div>\n\t\t\t\t\t<\/div>\n\t\t<\/div>\n\t\t\t\t\t<\/div>\n\t\t<\/section>\n\t\t\t\t<\/div>\n\t\t","protected":false},"excerpt":{"rendered":"<p>Kompletn\u00ed seznam u\u010debnic Kompletn\u00ed seznam u\u010debnic zde. U\u010debnice pro jednotliv\u00e9 ro\u010dn\u00edky U\u010debnice pro prvn\u00ed ro\u010dn\u00edk zde. U\u010debnice pro druh\u00fd ro\u010dn\u00edk zde. U\u010debnice pro t\u0159et\u00ed ro\u010dn\u00edk zde. U\u010debnice pro \u010dtvrt\u00fd ro\u010dn\u00edk zde.<\/p>\n","protected":false},"author":2,"featured_media":0,"parent":0,"menu_order":0,"comment_status":"closed","ping_status":"closed","template":"template-parts\/template-homepage.php","meta":{"footnotes":""},"yoast_head":"<!-- This site is optimized with the Yoast SEO plugin v22.1 - https:\/\/yoast.com\/wordpress\/plugins\/seo\/ -->\n<title>U\u010debnice - Evropsk\u00e1 obchodn\u00ed akademie<\/title>\n<meta name=\"robots\" content=\"index, follow, max-snippet:-1, max-image-preview:large, max-video-preview:-1\" \/>\n<link rel=\"canonical\" href=\"https:\/\/www.oadc.cz\/index.php\/ucebnice\/\" \/>\n<meta property=\"og:locale\" content=\"cs_CZ\" \/>\n<meta property=\"og:type\" content=\"article\" \/>\n<meta property=\"og:title\" content=\"U\u010debnice - Evropsk\u00e1 obchodn\u00ed akademie\" \/>\n<meta property=\"og:description\" content=\"Kompletn\u00ed seznam u\u010debnic Kompletn\u00ed seznam u\u010debnic zde. U\u010debnice pro jednotliv\u00e9 ro\u010dn\u00edky U\u010debnice pro prvn\u00ed ro\u010dn\u00edk zde. U\u010debnice pro druh\u00fd ro\u010dn\u00edk zde. U\u010debnice pro t\u0159et\u00ed ro\u010dn\u00edk zde. U\u010debnice pro \u010dtvrt\u00fd ro\u010dn\u00edk zde.\" \/>\n<meta property=\"og:url\" content=\"https:\/\/www.oadc.cz\/index.php\/ucebnice\/\" \/>\n<meta property=\"og:site_name\" content=\"Evropsk\u00e1 obchodn\u00ed akademie\" \/>\n<meta property=\"article:publisher\" content=\"https:\/\/www.facebook.com\/eoadc\" \/>\n<meta property=\"article:modified_time\" content=\"2025-06-26T20:56:42+00:00\" \/>\n<meta name=\"twitter:card\" content=\"summary_large_image\" \/>\n<meta name=\"twitter:label1\" content=\"Odhadovan\u00e1 doba \u010dten\u00ed\" \/>\n\t<meta name=\"twitter:data1\" content=\"1 minuta\" \/>\n<script type=\"application\/ld+json\" class=\"yoast-schema-graph\">{\"@context\":\"https:\/\/schema.org\",\"@graph\":[{\"@type\":\"WebPage\",\"@id\":\"https:\/\/www.oadc.cz\/index.php\/ucebnice\/\",\"url\":\"https:\/\/www.oadc.cz\/index.php\/ucebnice\/\",\"name\":\"U\u010debnice - Evropsk\u00e1 obchodn\u00ed akademie\",\"isPartOf\":{\"@id\":\"https:\/\/www.oadc.cz\/#website\"},\"datePublished\":\"2025-06-24T21:22:07+00:00\",\"dateModified\":\"2025-06-26T20:56:42+00:00\",\"breadcrumb\":{\"@id\":\"https:\/\/www.oadc.cz\/index.php\/ucebnice\/#breadcrumb\"},\"inLanguage\":\"cs\",\"potentialAction\":[{\"@type\":\"ReadAction\",\"target\":[\"https:\/\/www.oadc.cz\/index.php\/ucebnice\/\"]}]},{\"@type\":\"BreadcrumbList\",\"@id\":\"https:\/\/www.oadc.cz\/index.php\/ucebnice\/#breadcrumb\",\"itemListElement\":[{\"@type\":\"ListItem\",\"position\":1,\"name\":\"Dom\u016f\",\"item\":\"https:\/\/www.oadc.cz\/\"},{\"@type\":\"ListItem\",\"position\":2,\"name\":\"U\u010debnice\"}]},{\"@type\":\"WebSite\",\"@id\":\"https:\/\/www.oadc.cz\/#website\",\"url\":\"https:\/\/www.oadc.cz\/\",\"name\":\"Evropsk\u00e1 obchodn\u00ed akademie\",\"description\":\"st\u0159edn\u00ed odborn\u00e1 \u0161kola v D\u011b\u010d\u00edn\u011b\",\"publisher\":{\"@id\":\"https:\/\/www.oadc.cz\/#organization\"},\"potentialAction\":[{\"@type\":\"SearchAction\",\"target\":{\"@type\":\"EntryPoint\",\"urlTemplate\":\"https:\/\/www.oadc.cz\/?s={search_term_string}\"},\"query-input\":\"required name=search_term_string\"}],\"inLanguage\":\"cs\"},{\"@type\":\"Organization\",\"@id\":\"https:\/\/www.oadc.cz\/#organization\",\"name\":\"Evropsk\u00e1 Obchodn\u00ed Akademie\",\"url\":\"https:\/\/www.oadc.cz\/\",\"logo\":{\"@type\":\"ImageObject\",\"inLanguage\":\"cs\",\"@id\":\"https:\/\/www.oadc.cz\/#\/schema\/logo\/image\/\",\"url\":\"https:\/\/www.oadc.cz\/wp-content\/uploads\/2020\/12\/EOA-logo_upr.png\",\"contentUrl\":\"https:\/\/www.oadc.cz\/wp-content\/uploads\/2020\/12\/EOA-logo_upr.png\",\"width\":850,\"height\":632,\"caption\":\"Evropsk\u00e1 Obchodn\u00ed Akademie\"},\"image\":{\"@id\":\"https:\/\/www.oadc.cz\/#\/schema\/logo\/image\/\"},\"sameAs\":[\"https:\/\/www.facebook.com\/eoadc\",\"https:\/\/www.instagram.com\/eoa.dc\/\"]}]}<\/script>\n<!-- \/ Yoast SEO plugin. -->","yoast_head_json":{"title":"U\u010debnice - Evropsk\u00e1 obchodn\u00ed akademie","robots":{"index":"index","follow":"follow","max-snippet":"max-snippet:-1","max-image-preview":"max-image-preview:large","max-video-preview":"max-video-preview:-1"},"canonical":"https:\/\/www.oadc.cz\/index.php\/ucebnice\/","og_locale":"cs_CZ","og_type":"article","og_title":"U\u010debnice - Evropsk\u00e1 obchodn\u00ed akademie","og_description":"Kompletn\u00ed seznam u\u010debnic Kompletn\u00ed seznam u\u010debnic zde. U\u010debnice pro jednotliv\u00e9 ro\u010dn\u00edky U\u010debnice pro prvn\u00ed ro\u010dn\u00edk zde. U\u010debnice pro druh\u00fd ro\u010dn\u00edk zde. U\u010debnice pro t\u0159et\u00ed ro\u010dn\u00edk zde. U\u010debnice pro \u010dtvrt\u00fd ro\u010dn\u00edk zde.","og_url":"https:\/\/www.oadc.cz\/index.php\/ucebnice\/","og_site_name":"Evropsk\u00e1 obchodn\u00ed akademie","article_publisher":"https:\/\/www.facebook.com\/eoadc","article_modified_time":"2025-06-26T20:56:42+00:00","twitter_card":"summary_large_image","twitter_misc":{"Odhadovan\u00e1 doba \u010dten\u00ed":"1 minuta"},"schema":{"@context":"https:\/\/schema.org","@graph":[{"@type":"WebPage","@id":"https:\/\/www.oadc.cz\/index.php\/ucebnice\/","url":"https:\/\/www.oadc.cz\/index.php\/ucebnice\/","name":"U\u010debnice - Evropsk\u00e1 obchodn\u00ed akademie","isPartOf":{"@id":"https:\/\/www.oadc.cz\/#website"},"datePublished":"2025-06-24T21:22:07+00:00","dateModified":"2025-06-26T20:56:42+00:00","breadcrumb":{"@id":"https:\/\/www.oadc.cz\/index.php\/ucebnice\/#breadcrumb"},"inLanguage":"cs","potentialAction":[{"@type":"ReadAction","target":["https:\/\/www.oadc.cz\/index.php\/ucebnice\/"]}]},{"@type":"BreadcrumbList","@id":"https:\/\/www.oadc.cz\/index.php\/ucebnice\/#breadcrumb","itemListElement":[{"@type":"ListItem","position":1,"name":"Dom\u016f","item":"https:\/\/www.oadc.cz\/"},{"@type":"ListItem","position":2,"name":"U\u010debnice"}]},{"@type":"WebSite","@id":"https:\/\/www.oadc.cz\/#website","url":"https:\/\/www.oadc.cz\/","name":"Evropsk\u00e1 obchodn\u00ed akademie","description":"st\u0159edn\u00ed odborn\u00e1 \u0161kola v D\u011b\u010d\u00edn\u011b","publisher":{"@id":"https:\/\/www.oadc.cz\/#organization"},"potentialAction":[{"@type":"SearchAction","target":{"@type":"EntryPoint","urlTemplate":"https:\/\/www.oadc.cz\/?s={search_term_string}"},"query-input":"required name=search_term_string"}],"inLanguage":"cs"},{"@type":"Organization","@id":"https:\/\/www.oadc.cz\/#organization","name":"Evropsk\u00e1 Obchodn\u00ed Akademie","url":"https:\/\/www.oadc.cz\/","logo":{"@type":"ImageObject","inLanguage":"cs","@id":"https:\/\/www.oadc.cz\/#\/schema\/logo\/image\/","url":"https:\/\/www.oadc.cz\/wp-content\/uploads\/2020\/12\/EOA-logo_upr.png","contentUrl":"https:\/\/www.oadc.cz\/wp-content\/uploads\/2020\/12\/EOA-logo_upr.png","width":850,"height":632,"caption":"Evropsk\u00e1 Obchodn\u00ed Akademie"},"image":{"@id":"https:\/\/www.oadc.cz\/#\/schema\/logo\/image\/"},"sameAs":["https:\/\/www.facebook.com\/eoadc","https:\/\/www.instagram.com\/eoa.dc\/"]}]}},"_links":{"self":[{"href":"https:\/\/www.oadc.cz\/index.php\/wp-json\/wp\/v2\/pages\/10065"}],"collection":[{"href":"https:\/\/www.oadc.cz\/index.php\/wp-json\/wp\/v2\/pages"}],"about":[{"href":"https:\/\/www.oadc.cz\/index.php\/wp-json\/wp\/v2\/types\/page"}],"author":[{"embeddable":true,"href":"https:\/\/www.oadc.cz\/index.php\/wp-json\/wp\/v2\/users\/2"}],"replies":[{"embeddable":true,"href":"https:\/\/www.oadc.cz\/index.php\/wp-json\/wp\/v2\/comments?post=10065"}],"version-history":[{"count":8,"href":"https:\/\/www.oadc.cz\/index.php\/wp-json\/wp\/v2\/pages\/10065\/revisions"}],"predecessor-version":[{"id":10074,"href":"https:\/\/www.oadc.cz\/index.php\/wp-json\/wp\/v2\/pages\/10065\/revisions\/10074"}],"wp:attachment":[{"href":"https:\/\/www.oadc.cz\/index.php\/wp-json\/wp\/v2\/media?parent=10065"}],"curies":[{"name":"wp","href":"https:\/\/api.w.org\/{rel}","templated":true}]}}